{"id":5852,"date":"2021-08-20T00:02:31","date_gmt":"2021-08-19T22:02:31","guid":{"rendered":"https:\/\/digitalhistory.unite.it\/barocco\/"},"modified":"2021-11-23T15:27:39","modified_gmt":"2021-11-23T14:27:39","slug":"barocco","status":"publish","type":"page","link":"https:\/\/digitalhistory.unite.it\/en\/testi\/barocco\/","title":{"rendered":"Francesco Benigno, &#8220;L&#8217;invenzione del barocco: una premessa storiografica&#8221;"},"content":{"rendered":"<h1>Francesco Benigno, &#8220;L&#8217;invenzione del barocco: una premessa storiografica&#8221; <\/h1>\n<div class=\"testo\">\n<p style=\"text-align: justify\">Nella prefazione alla seconda edizione (del 1972) della sua opera del 1957 <em>Baroque et classique<\/em> Victor Tapi\u00e9 racconta di come da studente, negli anni venti, fosse andato a Praga per la sua <em>th\u00e9se<\/em> su Enrico IV e i paesi cechi, una frequentazione con quelle terre da cui deriver\u00e0 poi nel 1936 il libro su <em>La politique \u00e9trangere francaise et le debut de la guerre de Trente ans<\/em>: &lt;&lt;Era certamente un&#8217;occasione, negli anni Venti, andare a Praga, giovane e ignorante e immergersi senza preparazione alcuna nel meraviglioso scenario delle chiese e dei palazzi barocchi, in una societ\u00e0 in cui il termine &#8220;barocco&#8221; carico di riprovazione in francese, assumeva un senso concreto, si applicava a un&#8217;arte e pi\u00f9 ancora a una civilt\u00e0. Testimoniava d&#8217;una esperienza umana prolungata e spesso drammatica&gt;&gt;.<\/p>\n<p style=\"text-align: justify\">In realt\u00e0, come altrove ricorda lo stesso Tapi\u00e9, nel corso del XIX secolo gli storici nazionalisti cechi avevano insegnato che dopo Weissen-Berg (1620) la nazione era stata privata dei suoi diritti politici, della sua lingua e della sua religione a profitto degli Asburgo, per cui i monumenti innalzati nel corso del Seicento erano considerati alla stregua di resti di un&#8217;impresa nemica. Solo nel 1915 Arne Novak inizier\u00e0 una rivalutazione scrivendo <em>Praga barocca<\/em>, un testo cui far\u00e0 eco nel 1918 la <em>Roma barocca<\/em> di Antonio Mu\u00f1oz.<\/p>\n<p style=\"text-align: justify\">Da quella esperienza lo storico francese, essenzialmente storico politico, ma nipote di Celestine Bougl\u00e9 e come tutti nella Francia tra le due guerre,&nbsp; attratto dalla possibilit\u00e0 di ancorare la storia politica e intellettuale alle dinamiche sociali ed economiche, aveva elaborato l&#8217;idea di una connessione tra l&#8217;affermazione del sistema <em>seigneurial e<\/em>&nbsp;l&#8217;espansione dell&#8217;arte della controriforma. Questa idea, di fare del barocco la temperie culturale di un&#8217;epoca, era venuta a Tapi\u00e9 in opposizione a una tradizione per lo pi\u00f9 tedesca che tendeva a fare del barocco lo stile della controriforma militante (ma che era stata ripresa a suo modo in Francia da Marcel Raymond) e ad una tutta francese che tendeva ad espungerlo dal <em>Grand Si\u00e8cle<\/em>, un secolo vocato e votato al classicismo: &lt;&lt;All&#8217;inizio del nostro secolo, di barocco, di arte barocca e ancor pi\u00f9 di barocchismo, in Francia quasi non si parlava&gt;&gt;. Si trattava poi anche di rifiutare la tendenza a naturalizzare il barocco considerandolo un universale, alla Eugenio d&#8217;Ors, una tendenza riscontrabile in molte epoche e in molti paesi, una categoria dello spirito, un&#8217;esuberanza non importa di quale stile o di quale tempo.<\/p>\n<p style=\"text-align: justify\">Per Tapi\u00e9 il barocco va posto sullo stesso piano del classicismo e anzi esso ne costituisce come l&#8217;opposizione, l&#8217;altra met\u00e0, contemporanea e non derivata: essi costituiscono e illustrano due tipi di societ\u00e0 e due modi di vita, sorti dallo stesso fondo comune rinascimentale. Da una parte una societ\u00e0 borghese, urbana, razionalista ai cui gusti ben si conf\u00e0 il classicismo, dall&#8217;altra una societ\u00e0 aristocratica e contadina, che ama l&#8217;immaginazione, la fantasia, la gratuit\u00e0 della decorazione e un&#8217;arte pi\u00f9 affettiva che razionale: &lt;&lt;Ainsi le baroque, avec son alliance avec le monde rural, n&#8217;a point \u00e9t\u00e9 l&#8217;expression d&#8217;une survivance, ni seulement l&#8217;instrument d&#8217;une propagande autoritarie&gt;&gt; ma \u00e8 invece la testimonianza di una societ\u00e0 viva ed originale. Il tentativo di Tapi\u00e9 \u00e8 quello di trarre dalla riflessione degli storici che andava iniziando sul <em>siglo sombre<\/em> elementi per analizzare senza restarne abbagliati la grandezza del <em>Grand Si\u00e8cle<\/em>: &lt;&lt; Senza dubbio le qualit\u00e0 tradizionali dello spirito francese, il bisogno di chiarezza e logica mal si conciliavano con l&#8217;irrazionalit\u00e0 e l&#8217;eccesso del barocco; tuttavia la Francia del XVII secolo, nello splendore delle sue feste di corte l&#8217;aveva accolto e a questo titolo essa offriva un doppio volto classico e&nbsp; barocco&gt;&gt;.<\/p>\n<p style=\"text-align: justify\">Se per Tapi\u00e9 il problema era quello di connettere la storia intellettuale con la storia sociale e di ritrovare per questa via una pi\u00f9 realistica descrizione del seicento francese, per Benedetto Croce si trattava di fermare la tendenza alla rivalutazione del barocco, iniziata tra gli studiosi tedeschi degli anni Venti che, nella temperie della repubblica di Weimar, apparivano attratti dalla cultura barocca: in particolare nella Postilla alla <em>Storia dell&#8217;et\u00e0 barocca<\/em> Croce riassumeva cos\u00ec la sua ferma intenzione: &lt;&lt; In questo libro il concetto di barocco \u00e8 ricondotto dal significato positivo che \u00e8 venuto prendendo negli ultimi decenni al significato negativo che ebbe in origine e ritenne per quasi due secoli&gt;&gt;. Sono pagine famose queste, quelle del peggior Croce che scrive con quella sferzante ironia e apparente ferrea logica: &lt;&lt;le et\u00e0 della storia spirituale sono contrassegnate dagli ideali che propongono o coltivano; e in che mai sarebbe consistito l&#8217;ideale barocco dell&#8217;et\u00e0 barocca? La risposta, si sa, \u00e8 che il barocco \u00e8 una sorta di brutto artistico, e come tale, non \u00e8 niente di artistico, ma anzi al contrario, qualcosa di diverso dall&#8217;arte, di cui ha mentito l&#8217;aspetto e il nome e nel cui luogo si \u00e8 introdotto o si \u00e8 sostituito (.) il barocco, come ogni forma di brutto artistico, ha il suo fondamento in un bisogno pratico (.) la richiesta e godimento di cosa che diletta. (.) Essa consiste nel sostituire la verit\u00e0 poetica, e l&#8217;incanto che da essa si diffonde, con l&#8217;effetto dell&#8217;inaspettato e dello stupefacente, che eccita, incuriosisce, sbalordisce e diletta. E ancora: Non \u00e8 necessario. sfondare l&#8217;uscio aperto e dimostrare che il barocco \u00e8 questo giuoco e questa corsa allo stupore. Per tale sua natura (diversamente da altre forme di brutto che talvolta scuotono, eccitano e turbano) riesce in ultimo freddo non ostante il suo valore e la sua agitazione superficiale e lascia un senso di vuoto, nonostante la folla delle immagini e della combinazioni di immagini che mette in opera&gt;&gt;. Come nella vita degli individui si fanno gli errori &lt;&lt;cattive tendenze che solo attuandosi liberano veramente di se l&#8217;animo e rimangono perci\u00f2 ricordevoli e ammonitrici; cosi nella vita dei popoli e del genere umano&gt;&gt;. In breve &lt;&lt; si dica pure arte barocca ma non si perda mai la coscienza che a rigor di termini quel che \u00e8 veramente arte non \u00e8 mai barocco e quel che \u00e8 barocco non \u00e8 arte&gt;&gt;.<\/p>\n<p style=\"text-align: justify\">Se in Italia all&#8217;indomani della seconda guerra mondiale Giuliano Briganti (su <em>Paragone<\/em>, la rivista di Longhi, nel 1950) finiva per rifiutare l&#8217;uso del termine barocco come indeterminato (&lt;&lt;strana parola, cos\u00ec piacevole a pronunciarsi, cos\u00ec misteriosamente allusiva, cos\u00ec apparentemente definitoria. Quando in un testo di storia dell&#8217;arte si legge il termine &#8220;barocco&#8221; non si sa ormai a cosa precisamente si voglia alludere; e dalla confusione s&#8217;ingenerano equivoci a non finire&gt;&gt;) il problema posto da Croce non trovava, non poteva trovare risposta. Perch\u00e9 Croce aveva connesso a suo modo il barocco al tema della decadenza, decadenza come mancanza di entusiasmo morale di un&#8217;Italia stanca che si riposava, non proprio morta, questo no, ma malata: &lt;&lt;quella decadenza fu decadenza di entusiasmo morale e dei congiunti ardimenti e ricerche e contrasti e ansie e gioie e dolori e indefessa operosit\u00e0&gt;&gt;. Bisogner\u00e0 attendere quindi che la storiografia riveda la nozione di decadenza e il suo ruolo nella storia italiana (il che non avverr\u00e0 presto se si pensa al ruolo che quel concetto riveste ancora nella <em>Storia d&#8217;Italia<\/em> Einaudi) ed \u00e8 interessante che il principale stimolo in questa direzione venga da uno storico spagnolo, lo storico di un paese per cui il Seicento \u00e8 l&#8217;epoca della incombente <em>declinaci\u00f3n<\/em>. Mi riferisco naturalmente al Maravall della <em>Cultura del barocco<\/em>, uscito da Ariel a Barcellona nel 1975 e tradotto in italiano da Il Mulino con introduzione di Andrea Battistini solo nel 1985. Scritto nella fase finale dell&#8217;epoca franchista, esso appare come il tentativo di restituire alla cultura spagnola del <em>siglo de oro<\/em> una dimensione schiettamente europea. Fare insomma del periodo in cui la Spagna ha esercitato la maggiore influenza sulla vita europea una pari dignit\u00e0 rispetto ai fratelli maggiori, il Rinascimento e l&#8217;Illuminismo. Per compiere questo percorso,&nbsp;Maravall fa tesoro della riflessione degli storici degli anni 50 e 60 sulla &#8220;Crisi del Seicento&#8221; proponendo una visione generale della cultura barocca come cultura della crisi. Contrapponendosi a una tradizione spagnola che cerca nel barocco la quintessenza della nazione spagnola (una tradizione che risale alla generazione del 98 e ad Ortega y Gasset) Maravall sostiene che il barocco come epoca di interessanti contrasti e forse spesso di cattivo gusto (individualismo e tradizionalismo, autorit\u00e0 inquisitoria e moti di libert\u00e0, mistica e sensualismo, teologia e superstizione, guerra e traffici, geometria e capriccio) non \u00e8 il risultato di influenze plurisecolari che configurano il carattere di un paese, ma non \u00e8 nemmeno il risultato delle influenze che da un paese, ipoteticamente dotato di tali caratteristiche, si diffondono agli altri con i quali aveva stretti rapporti. La cultura barocca sorge non per ragioni di influenza e di carattere ma da una situazione storica: &lt;&lt;vale a dire quella segnata da una spettacolare e complessa frattura di una societ\u00e0 all&#8217;interno della quale si svilupparono forze che spinsero al cambiamento e si trovarono in contrasto con altre pi\u00f9 potenti il cui obiettivo era la propria conservazione&gt;&gt; (.) la crisi sociale e (con alcuni intervalli di ripresa) la crisi economica contribuirono a creare il clima psicologico da cui sorse il Barocco e del quale si aliment\u00f2 per poi svilupparsi nei pi\u00f9 svariati campi della cultura. Rispetto a quella che considera una versione amena, l&#8217;idea di Tapi\u00e9 che &lt;&lt;il Barocco si diffuse nelle campagne perch\u00e9 al contadino impoverito e forse affamato si offriva la magnificenza dei palazzi e delle chiese&gt;&gt;, Maravall pensa al barocco come a una cultura urbana volta a intervenire sulla nuova dimensione di massa della vita pubblica. Egli intende il barocco come la cultura caratteristica dei regimi autoritari del Seicento, una cultura legata perci\u00f2 essenzialmente agli interessi dello Stato e del principe. In un clima psicologico dominato dalla crisi economica e da pericolose alterazioni sociali, il barocco gli appare come uno strumento operativo; in sintesi: &lt;&lt;in sintesi l&#8217;insieme di mezzi culturali, di natura assai varia, uniti e articolati per operare convenientemente sugli uomini, intesi singolarmente e in gruppi, nell&#8217;epoca in cui si sono fissati i limiti, al fine di guidarli e di tenerli integrati al sistema sociale&gt;&gt;. In breve, il barocco \u00e8 la cultura di un processo di modernizzazione costruito contraddittoriamente col fine di preservare le strutture ereditate.<\/p>\n<p style=\"text-align: justify\">Sulla stessa linea di Maravall si muove in Italia Rosario Villari che, nell&#8217;introduzione alla silloge dedicata all&#8217;uomo barocco sottolinea come ormai, a partire dagli anni 60, il termine si sia distaccato dalla originaria connotazione artistico-letteraria e abbia finito per connotare una cultura e perfino aree come la storia politica (cita il testo di Henry M\u00e9choulan, <em>Lo stato barocco<\/em>): malgrado la sua indeterminatezza, o forse proprio per questo, malgrado le &lt;&lt;iniziali condizioni proibitive ed equivoche&gt;&gt; il termine barocco si \u00e8 affermato come il pi\u00f9 adatto per indicare un&#8217;epoca di conflittualit\u00e0, segnata da &lt;&lt;lo scontro ideale, politico e religioso, la continuit\u00e0 e ampiezza della guerra, la crescita dell&#8217;antagonismo sociale, la rivoluzione, le puntigliose questioni di precedenza. la frequenza del duello&gt;&gt;. Conflittualit\u00e0 alimentata dalle contraddizioni di un&#8217;et\u00e0 in cui convivono e si oppongono conservatorismo e ricerca del nuovo; tradizionalismo e ribellione; amore per la verit\u00e0 e culto della dissimulazione; saggezza e follia; sensualit\u00e0 e misticismo; superstizione e razionalit\u00e0; austerit\u00e0 e&nbsp; consumismo; affermazione del diritto naturale ed esaltazione del potere assoluto. Per Villari &lt;&lt;a lungo la cultura storica di fronte alla difficolt\u00e0 di penetrare il mistero di questa contraddizione strutturale e interiore e suggestionata dalla potenza dell&#8217;immagine negativa che l&#8217;et\u00e0 barocca ha trasmesso di se stessa, delle sue tensioni e dei suoi mali, ha dato per scontato per quel periodo, una sorta di offuscamento della capacit\u00e0 di contribuire con ampi movimenti di idee e con un impegno collettivo al progresso della civilt\u00e0. Contraddizione e&nbsp; conflittualit\u00e0 sono state a lungo considerate il segno dell&#8217;ingorgo e della stasi delle forze propulsive&gt;&gt;. E ancora: &lt;&lt;E&#8217; tipica, per esempio, ed \u00e8 stata dominante, l&#8217;idea di uno Stato che progredisce per esclusiva volont\u00e0 del sovrano di fronte ad una societ\u00e0 che protesta e morde il freno senza riuscire n\u00e9 ad adeguarsi al dinamismo centralizzatore della monarchia n\u00e9 a scuotersi dalle spalle il giogo dell&#8217;oppressione. Sullo sfondo alcune personalit\u00e0 eccezionali sono state considerate piuttosto come anticipatrici che come autentiche espressioni del loro tempo: Bruno, Galilei, Bodin, Cartesio, Harvey, Sarpi, Spinoza. &gt;&gt;.<\/p>\n<p style=\"text-align: justify\">In questa operazione, tuttavia, Villari ha come ripreso solo una parte dell&#8217;intuizione di Maravall, tralasciando il tentativo da questi condotto di abbozzare, come si poteva fare trent&#8217;anni fa, le linee di una lettura del barocco come prima manifestazione di una cultura che si pone il problema del controllo dei comportamenti di massa, una lettura del barocco come cultura propagandistica e manipolativa ad uso del controllo sociale. Come ha ricordato Battistini nell&#8217;introduzione, &lt;&lt;si rintracciano nel Seicento i segni della modernit\u00e0, dal kitsch ai mass media, dalle tecniche di persuasione occulta all&#8217;alienazione dalla vita cittadina, dall&#8217;emergere di una civilt\u00e0 delle immagini ad una prima esplorazione di una psicologia delle folle, quest&#8217;ultima con l&#8217;introspezione neostoica dei grandi moralisti&gt;&gt;.<\/p>\n<p style=\"text-align: justify\">Oggi per\u00f2 il problema \u00e8 quello di riempire di contenuti questa intuizione di Battistini: scoprire come e perch\u00e9 il Barocco, o se si vuole il classicismo barocco, parli al nostro tempo pi\u00f9 e meglio del Classicismo classico. Come e perch\u00e9 esso incarni l&#8217;inquietudine della modernit\u00e0.<\/p>\n<\/div>\n<p><\/p>\n","protected":false},"excerpt":{"rendered":"<p>Francesco Benigno, &#8220;L&#8217;invenzione del barocco: una premessa storiografica&#8221; Nella prefazione alla seconda edizione (del 1972) della sua opera del 1957 Baroque et classique Victor Tapi\u00e9 racconta di come da studente, negli anni venti, fosse andato a Praga per la sua th\u00e9se su Enrico IV e&hellip;<\/p>\n","protected":false},"author":1,"featured_media":0,"parent":5807,"menu_order":0,"comment_status":"closed","ping_status":"closed","template":"","meta":{"footnotes":""},"class_list":["post-5852","page","type-page","status-publish","hentry"],"_links":{"self":[{"href":"https:\/\/digitalhistory.unite.it\/en\/wp-json\/wp\/v2\/pages\/5852","targetHints":{"allow":["GET"]}}],"collection":[{"href":"https:\/\/digitalhistory.unite.it\/en\/wp-json\/wp\/v2\/pages"}],"about":[{"href":"https:\/\/digitalhistory.unite.it\/en\/wp-json\/wp\/v2\/types\/page"}],"author":[{"embeddable":true,"href":"https:\/\/digitalhistory.unite.it\/en\/wp-json\/wp\/v2\/users\/1"}],"replies":[{"embeddable":true,"href":"https:\/\/digitalhistory.unite.it\/en\/wp-json\/wp\/v2\/comments?post=5852"}],"version-history":[{"count":3,"href":"https:\/\/digitalhistory.unite.it\/en\/wp-json\/wp\/v2\/pages\/5852\/revisions"}],"predecessor-version":[{"id":11143,"href":"https:\/\/digitalhistory.unite.it\/en\/wp-json\/wp\/v2\/pages\/5852\/revisions\/11143"}],"up":[{"embeddable":true,"href":"https:\/\/digitalhistory.unite.it\/en\/wp-json\/wp\/v2\/pages\/5807"}],"wp:attachment":[{"href":"https:\/\/digitalhistory.unite.it\/en\/wp-json\/wp\/v2\/media?parent=5852"}],"curies":[{"name":"wp","href":"https:\/\/api.w.org\/{rel}","templated":true}]}}