{"id":5857,"date":"2021-08-20T00:02:31","date_gmt":"2021-08-19T22:02:31","guid":{"rendered":"https:\/\/digitalhistory.unite.it\/sara-cavatorti\/"},"modified":"2021-11-23T15:26:24","modified_gmt":"2021-11-23T14:26:24","slug":"sara-cavatorti","status":"publish","type":"page","link":"https:\/\/digitalhistory.unite.it\/en\/racconta-il-tuo-barocco\/sara-cavatorti\/","title":{"rendered":"Sara Cavatorti, &#8220;Il predicatore disse ch&#8217;in Spagna vi erano molti crucifissi fatti in questo modo&#8221;. Influssi spagnoli e memorie tedesche nell&#8217;opera degli scultori francescani del XVII secolo: frate Angelo da Mesoraca e la cappella Vici a Montesanto di Todi"},"content":{"rendered":"<h1>Sara Cavatorti, &#8220;Il predicatore disse ch&#8217;in Spagna vi erano molti crucifissi fatti in questo modo&#8221;. Influssi spagnoli e memorie tedesche nell&#8217;opera degli scultori francescani del XVII secolo: frate Angelo da Mesoraca e la cappella Vici a Montesanto di Todi <\/h1>\n<div class=\"testo\">\n<p style=\"text-align: justify\" class=\"Nessunaspaziatura\"><img loading=\"lazy\" decoding=\"async\" src=\"https:\/\/digitalhistory.unite.it\/wp-content\/uploads\/2021\/08\/1_252x294.jpg\" width=\"252\" height=\"294\" alt=\"Cavatorti 1\" align=\"left\">Nella terra di san Francesco, il primo vero promotore del culto del Cristo sofferente, il noto <em>Crocifisso<\/em> ligneo della chiesa di San Damiano, realizzato da frate Innocenzo da Petralia Soprana (Palermo) nel 1636, apparve un&#8217;immagine problematica da sottoporre al giudizio del Sant&#8217;Uffizio. Stessa sorte sub\u00ec due anni dopo la scultura, anch&#8217;essa opera del frate siciliano, della cappella della famiglia Mosca in San Giovanni Battista a Pesaro in riferimento alla quale l&#8217;inquisitore di Rimini, frate Agostino da Correggio, invi\u00f2 a Roma una relazione datata 27 marzo 1638 ricca di interviste, testimonianze e documenti tra cui un disegno dell&#8217;intaglio realizzato dallo stesso Innocenzo. Da queste fonti emergono anche i riferimenti culturali entro cui collocare l&#8217;attivit\u00e0 dello scultore francescano ma anche quella di altri numerosi suoi colleghi come il conterraneo frate Umile, frate Diego da Careri (Reggio Calabria) e frate Angelo da Pietrafitta (Cosenza). Accomunati dalle origini meridionali e, dunque, da una certa familiarit\u00e0 con i moduli espressivi e drammatici della statuaria iberica esemplati nel <em>Crocifisso<\/em> del <em>retablo<\/em> della Mejorada a Olmedo di Alonso Berruguete (1523-1526) oppure nelle patetiche e iperrealiste visioni di Cristo di Gregorio Fern\u00e1ndez, Juan Mart\u00ednez Monta\u00f1\u00e9s e Pedro de Mena, questi scultori francescani, sulla falsariga delle <em>Revelationes<\/em> di Santa Brigida di Svezia (1302-1373), coniarono un&#8217;iconografia fortemente cruenta che fece sospettare, al di l\u00e0 degli episodi di fanatismo religioso, per questioni di ortodossia. Nella lettera dell&#8217;inquisitore si legge infatti che nella sacra immagine appaiono, oltre le cinque piaghe, altre numerose e strane ferite &#8220;che gettano sangue in abbondanza&#8221; tra cui &#8220;anco sotto l&#8217;ombelico un&#8217;altra squarciatura, et nelle ginocchia, nelle braccia, nelle mani, e nelle gambe, molte lividure et legature&#8221; ma un&#8217;attenuante sembra essere fornita dal fatto che &#8220;il predicatore [durante la prima ostensione del manufatto] disse ch&#8217;in Spagna vi erano molti crucifissi fatti in questo modo&#8221; (A. Cifres, <em>Fra Innocenzo da Petralia, reo dell&#8217;Inquisizione: fra critica d&#8217;arte e censura teologica<\/em>, in &#8220;Frate Francesco&#8221;, LXXIX, 2013, 1, pp. 97-137, <em>speciatim<\/em> pp. 111-112).<\/p>\n<p style=\"text-align: justify\" class=\"Nessunaspaziatura\"><img loading=\"lazy\" decoding=\"async\" src=\"https:\/\/digitalhistory.unite.it\/wp-content\/uploads\/2021\/08\/2_251x239.jpg\" width=\"251\" height=\"239\" alt=\"Cavatorti 2\" align=\"left\">Nella cifra stilistica di questi <em>Crocifissi<\/em> \u00e8 possibile tuttavia rintracciare anche altre ascendenze. Sicuramente un riferimento all&#8217;attivit\u00e0 di Antonello Gagini e alla sua bottega &#8211; si veda ad esempio il <em>Cristo<\/em> della chiesa di San Francesco a Ciminna (Palermo) eseguito in mistura su un modello di Antonello da Leonardo da Ventimiglia nel 1521 &#8211; ma anche forti richiami alla produzione scultorea delle numerose maestranze tedesche sparse in tutta la Penisola che nel corso del XV secolo riuscirono a far apprezzare il proprio linguaggio crudo e realistico, soprattutto negli ambienti francescani dell&#8217;Italia centrale. La produzione di frate Innocenzo, in termini di fortuna e diffusione geografica, sembra infatti rievocare quella di un intagliatore tedesco noto con il nome di Giovanni Teutonico, attivo tra Umbria, Marche, Abruzzo e Lazio durante tutta la seconda met\u00e0 del Quattrocento (E. Lunghi, <em>La Passione degli Umbri: crocifissi di legno in Valle Umbra tra Medioevo e Rinascimento<\/em>, Foligno 2000, pp. 147-171; A. Marchi, <em>Il caso &#8220;Johannes Teutonichus&#8221;. Lo stato degli studi e raccolta dei materiali<\/em>, in <em>Nuovi contributi alla cultura lignea marchigiana, atti della giornata di studio, Matelica 20 novembre 1999<\/em>, a cura di M. Giannatiempo L\u00f3pez &#8211; A. Iacobini, Sant&#8217;Angelo in Vado 2002, pp. 73-87; C. Sapori in <em>Arte e territorio: interventi di restauro<\/em>, 4, a cura di A. Ciccarelli, Terni 2009, pp. 439-448, cat. 31).<\/p>\n<p style=\"text-align: justify\" class=\"Nessunaspaziatura\"><img loading=\"lazy\" decoding=\"async\" src=\"https:\/\/digitalhistory.unite.it\/wp-content\/uploads\/2021\/08\/3_251x265.jpg\" width=\"251\" height=\"265\" alt=\"Cavatorti 3\" align=\"left\">La resa anatomica esile e stirata degli arti, la prominenza delle costole e dello sterno, l&#8217;articolazione della barba in ampie volute spiraliformi e dei capelli in abbondanti ciocche arrotolate, la fisiognomica drammaticamente realistica e l&#8217;utilizzo di espedienti tecnici volti ad esaltare il patetismo dell&#8217;immagine, come l&#8217;utilizzo di cordini di canapa per sottolineare il reticolo venoso, sono spie di un&#8217;attenta osservazione da parte del frate delle opere del maestro tedesco che inevitabilmente dovette ammirare nel corso della sua itinerante carriera religiosa (Assisi, Gubbio, Loreto, Pesaro, Cagli, Ascoli Piceno, Roma, cfr. G.M. Fachechi, <em>Frate Innocenzo da Petralia Soprana, scultore siciliano itinerante fra Roma, Umbria e Marche<\/em>, in <em>L&#8217;arte del legno tra Umbria e Marche dal manierismo al rococ\u00f2<\/em>, atti del convegno, Foligno 2-3 giugno 2000, a cura di C. Galassi, Perugia 2001, pp. 135-142). \u00c8 possibile anche che lo stesso Innocenzo abbia rimaneggiato alcuni di questi intagli come potrebbe dimostrare il <em>Crocifisso<\/em> della chiesa di San Martino a Trevi il cui asciutto modellato \u00e8 stato arricchito, mediante stucco policromo, con corposi fiotti di sangue zampillanti da tumefatte e livide ferite che appaiono in numero superiore rispetto alle ortodosse cinque piaghe, proprio come in toni di polemica veniva notato per il <em>Cristo<\/em> pesarese sopra menzionato.<\/p>\n<p style=\"text-align: justify\" class=\"Nessunaspaziatura\"><img loading=\"lazy\" decoding=\"async\" src=\"https:\/\/digitalhistory.unite.it\/wp-content\/uploads\/2021\/08\/4_226x343.jpg\" width=\"226\" height=\"343\" alt=\"Cavatorti 4\" align=\"left\">Tuttavia frate Innocenzo non \u00e8 una figura isolata nel panorama della scultura lignea del Barocco umbro: un altro intagliatore di origini meridionali, menzionato dalle fonti e portato all&#8217;attenzione da Domenico Neri nel suo fondamentale studio sugli scultori francescani del XVII secolo (D. Neri, <em>Scultori francescani del Seicento in Italia<\/em>, Pistoia 1952, p. 189), \u00e8 frate Angelo da Mesoraca (Crotone), che merita di essere riabilitato non solo perch\u00e9 si conservano sue opere a Todi e Massa Martana, a mia conoscenza, ancora prive di attribuzione, ma in quanto testimonia ancora di pi\u00f9 l&#8217;esistenza di un rapporto ravvicinato e privilegiato tra l&#8217;operato dei frati intagliatori e la lezione di Giovanni Teutonico. Nella chiesa tuderte di Santa Maria Assunta presso il convento francescano di Montesanto fin dal 1482 era conservato un <em>Crocifisso<\/em> ligneo di maestro Giovanni che dall&#8217;altare maggiore venne spostato nella cappella della nobile famiglia Vici &#8220;ma poi sopra venti lustri decorsi, ritrovandosi in questa Provincia un tal F. Angelo da Mensuraca Laico molto esemplare, e perfettissimo Religioso, mandatovi dal Superior Generale per fare un Crocifisso di legno nella Chiesa del nostro Convento di S. Pietro di Massa [&#8230;] si port\u00f2 in questo Convento di Monte Santo, dove [&#8230;] determin\u00f2 col consiglio de&#8217; Superiori, col merito anzi della S. Ubbidienza di fare ancor quivi un Crocifisso [&#8230;] colle sue nuove statue pur di legno di Maria, e Giovanni&#8221; (Antonio da Orvieto, <em>Cronologia della provincia serafica riformata dell&#8217;Umbria, o d&#8217;Assisi<\/em>, Perugia 1717, p. 261) che \u00e8 quello ancora oggi presente nell&#8217;edificio sacro, racchiuso entro un ricco ed elegante altare barocco decorato a partire dal 1612 con stucchi di Cristoforo e Gregorio Grimani, affreschi di Cesare Sermei e due tele di Andrea Polinori e Pietro Paolo Sensini, in sostituzione dell&#8217;altro pi\u00f9 antico oggi conservato nel locale museo comunale.<\/p>\n<p style=\"text-align: justify\" class=\"Nessunaspaziatura\">Il cronista Antonio da Orvieto ci tramanda anche la realizzazione nel 1710 da parte di frate Angelo di un <em>Crocifisso<\/em> per l&#8217;altare maggiore della chiesa di San Pietro a Massa Martana (Ivi, p. 366). Non \u00e8 possibile rintracciare questa opera nella sua collocazione originaria nella stessa localit\u00e0 umbra, ma nella chiesa di San Felice si conserva un intaglio iconograficamente e stilisticamente affine a quello di Todi che permette di delineare un primo piccolo <em>corpus<\/em> di opere del maestro calabrese da cui partire per indagare la sua attivit\u00e0 scultorea.<\/p>\n<p>Didascalie:<\/p>\n<p>1. Giovanni Teutonico, <em>Crocifisso<\/em>, part., gi\u00e0 Spello, San Girolamo.<\/p>\n<p>2. Frate Innocenzo da Petralia Soprana, <em>Crocifisso<\/em>, part., Assisi, San Damiano.<\/p>\n<p>3. Giovanni Teutonico, <em>Crocifisso<\/em>, part., Foligno, Santa Lucia.<\/p>\n<p>4. Altare Vici, Todi, Santa Maria Assunta presso il convento di Montesanto.<\/p>\n<\/div>\n<p><\/p>\n","protected":false},"excerpt":{"rendered":"<p>Sara Cavatorti, &#8220;Il predicatore disse ch&#8217;in Spagna vi erano molti crucifissi fatti in questo modo&#8221;. Influssi spagnoli e memorie tedesche nell&#8217;opera degli scultori francescani del XVII secolo: frate Angelo da Mesoraca e la cappella Vici a Montesanto di Todi Nella terra di san Francesco, il&hellip;<\/p>\n","protected":false},"author":1,"featured_media":0,"parent":5808,"menu_order":0,"comment_status":"closed","ping_status":"closed","template":"","meta":{"footnotes":""},"class_list":["post-5857","page","type-page","status-publish","hentry"],"_links":{"self":[{"href":"https:\/\/digitalhistory.unite.it\/en\/wp-json\/wp\/v2\/pages\/5857","targetHints":{"allow":["GET"]}}],"collection":[{"href":"https:\/\/digitalhistory.unite.it\/en\/wp-json\/wp\/v2\/pages"}],"about":[{"href":"https:\/\/digitalhistory.unite.it\/en\/wp-json\/wp\/v2\/types\/page"}],"author":[{"embeddable":true,"href":"https:\/\/digitalhistory.unite.it\/en\/wp-json\/wp\/v2\/users\/1"}],"replies":[{"embeddable":true,"href":"https:\/\/digitalhistory.unite.it\/en\/wp-json\/wp\/v2\/comments?post=5857"}],"version-history":[{"count":3,"href":"https:\/\/digitalhistory.unite.it\/en\/wp-json\/wp\/v2\/pages\/5857\/revisions"}],"predecessor-version":[{"id":10348,"href":"https:\/\/digitalhistory.unite.it\/en\/wp-json\/wp\/v2\/pages\/5857\/revisions\/10348"}],"up":[{"embeddable":true,"href":"https:\/\/digitalhistory.unite.it\/en\/wp-json\/wp\/v2\/pages\/5808"}],"wp:attachment":[{"href":"https:\/\/digitalhistory.unite.it\/en\/wp-json\/wp\/v2\/media?parent=5857"}],"curies":[{"name":"wp","href":"https:\/\/api.w.org\/{rel}","templated":true}]}}