{"id":5866,"date":"2021-08-20T00:02:33","date_gmt":"2021-08-19T22:02:33","guid":{"rendered":"https:\/\/digitalhistory.unite.it\/carlos-gonzalez-reyes\/"},"modified":"2021-11-23T15:26:23","modified_gmt":"2021-11-23T14:26:23","slug":"carlos-gonzalez-reyes","status":"publish","type":"page","link":"https:\/\/digitalhistory.unite.it\/en\/racconta-il-tuo-barocco\/carlos-gonzalez-reyes\/","title":{"rendered":"Carlos Gonz\u00e1lez Reyes, La natura morta dal maestro di Llerena"},"content":{"rendered":"<h1>Carlos Gonz\u00e1lez Reyes, La natura morta dal maestro di Llerena <\/h1>\n<div class=\"testo\">\n<p style=\"text-align: justify\"><img loading=\"lazy\" decoding=\"async\" src=\"https:\/\/digitalhistory.unite.it\/wp-content\/uploads\/2021\/08\/clip_image002_561x378.jpg\" width=\"561\" height=\"378\" alt=\"Carlos\"><\/p>\n<p>\u00a9 MNAC &#8211; Museu Nacional d&#8217;Art de Catalunya. Barcelona.<\/p>\n<p>Fot\u00f2grafs: Calveras\/M\u00e9rida\/Sagrist\u00e0<\/p>\n<p><em>Natura morta amb fruita i cadernera<\/em>.<\/p>\n<p>Olio su tela<\/p>\n<p>40 x 57 cm<\/p>\n<p>005671-000<\/p>\n<p style=\"text-align: justify\">&nbsp;<\/p>\n<p style=\"text-align: justify\">Una delle opere che simboleggiano la mia personale immagine del Barocco \u00e8 la composizione <em>Natura morta con frutta e cardellino<\/em> (c. 1639-1640) di Juan de Zurbar\u00e1n (Llerena 1620 &#8211; Siviglia 1664).<\/p>\n<p style=\"text-align: justify\">Alcuni anni fa, camminando con i miei amici per il Museu Nacional d&#8217;Art de Catalunya (MNAC), ho scoperto questo dipinto accattivante: da allora mi \u00e8 servito da fonte di ispirazione e mi ha portato a voler approfondire la figura e l&#8217;opera del suo autore.<\/p>\n<p style=\"text-align: justify\">Da un p\u00f2 di tempo a questa parte, insieme a una mia collega, sto svolgendo delle ricerche sulla figura di Juan de Zurbar\u00e1n, pittore del primo quarto del XVII secolo e figlio del geniale artista Francisco de Zurbar\u00e1n (1598-1664).<\/p>\n<p style=\"text-align: justify\">Il nostro obiettivo \u00e8 ricostruirne la biografia grazie a nuova documentazione e anche analizzarne la figura attraverso la voce di tre personaggi che hanno influenzato in modo decisivo la sua carriera: uno dei suoi mecenati, un apprendista della bottega di Siviglia in cui crebbe come pittore, nonch\u00e9 suo padre. Formatosi sotto l&#8217;influenza di quest&#8217;ultimo nel suo laboratorio sivigliano, Juan ha partecipato con lui alla realizzazione della magnifica opera <em>Natura morta con brocca e bicchieri<\/em> e ad altre importanti composizioni: tali collaborazioni fecero s\u00ec che la critica le considerasse come espressioni delle indicazioni paterne e tenesse l&#8217;artista sempre all&#8217;ombra del genitore.<\/p>\n<p style=\"text-align: justify\">In <em>Natura morta con frutta e cardellino<\/em>, un grappolo d&#8217;uva appare su un piatto assieme a pesche, mele cotogne e a un melograno. La luce che bagna l&#8217;opera sottolinea l&#8217;ossidazione dei frutti e le sue imperfezioni, sotto un breve e pastoso tratto: una composizione di linguaggio caravaggesco con un ottimo gioco di chiaroscuri che assegna a Juan la chiarezza scultorea di suo padre (Banderas Ruiz, 2002).<\/p>\n<p style=\"text-align: justify\">Nonostante il suo lavoro riveli influenze che testimoniano chiaramente come il giovane <span>Zurbar\u00e1n<\/span>&nbsp;abbia fatto proprio il linguaggio paterno, nelle sue composizioni artistiche egli ha mostrato un proprio gusto sensuale e profano, simbolo di un&#8217;arte civile elegante e raffinata (Banderas Ruiz, 2002). Nel suo lavoro \u00e8 possibile ravvisare influenze della maniera napoletana, lombarda e olandese per la sua attenzione e il suo gusto per i dettagli secondari. Un&#8217;altra opera che rivela tale tendenza \u00e8 <em>Cesto di mele, melecotogne e melograni<\/em> che appartiene invece al periodo in cui il giovane Zurbar\u00e1n oper\u00f2 come artista autonomo.<\/p>\n<p style=\"text-align: justify\">Dopo essersi sposato con la figlia di un ricco mercante, Juan de <span>Zurbar\u00e1n&nbsp;<\/span> mor\u00ec a Siviglia nel 1640 al culmine della sua carriera; rimase s\u00ec all&#8217;ombra di suo padre, ma divenne al contempo uno dei pi\u00f9 importanti autori di nature morte del Seicento spagnolo e uno dei pi\u00f9 autorevoli rappresentanti di questo genere del <em>Siglo de Oro<\/em> (<span>De Antonio S\u00e1enz, 1995<\/span>), ancora non ben studiato nella sua fase di artista maturo e autonomo. Oggetto, quest&#8217;ultimo, della nostra ricerca grazie a l&#8217;impressione che ci ha fatto anni fa una delle sue opere pi\u00f9 sublimi: la <em>Natura morta con frutta e cardellino<\/em>.<\/p>\n<\/div>\n<p><\/p>\n","protected":false},"excerpt":{"rendered":"<p>Carlos Gonz\u00e1lez Reyes, La natura morta dal maestro di Llerena \u00a9 MNAC &#8211; Museu Nacional d&#8217;Art de Catalunya. Barcelona. Fot\u00f2grafs: Calveras\/M\u00e9rida\/Sagrist\u00e0 Natura morta amb fruita i cadernera. Olio su tela 40 x 57 cm 005671-000 &nbsp; Una delle opere che simboleggiano la mia personale immagine&hellip;<\/p>\n","protected":false},"author":1,"featured_media":0,"parent":5808,"menu_order":0,"comment_status":"closed","ping_status":"closed","template":"","meta":{"footnotes":""},"class_list":["post-5866","page","type-page","status-publish","hentry"],"_links":{"self":[{"href":"https:\/\/digitalhistory.unite.it\/en\/wp-json\/wp\/v2\/pages\/5866","targetHints":{"allow":["GET"]}}],"collection":[{"href":"https:\/\/digitalhistory.unite.it\/en\/wp-json\/wp\/v2\/pages"}],"about":[{"href":"https:\/\/digitalhistory.unite.it\/en\/wp-json\/wp\/v2\/types\/page"}],"author":[{"embeddable":true,"href":"https:\/\/digitalhistory.unite.it\/en\/wp-json\/wp\/v2\/users\/1"}],"replies":[{"embeddable":true,"href":"https:\/\/digitalhistory.unite.it\/en\/wp-json\/wp\/v2\/comments?post=5866"}],"version-history":[{"count":3,"href":"https:\/\/digitalhistory.unite.it\/en\/wp-json\/wp\/v2\/pages\/5866\/revisions"}],"predecessor-version":[{"id":10329,"href":"https:\/\/digitalhistory.unite.it\/en\/wp-json\/wp\/v2\/pages\/5866\/revisions\/10329"}],"up":[{"embeddable":true,"href":"https:\/\/digitalhistory.unite.it\/en\/wp-json\/wp\/v2\/pages\/5808"}],"wp:attachment":[{"href":"https:\/\/digitalhistory.unite.it\/en\/wp-json\/wp\/v2\/media?parent=5866"}],"curies":[{"name":"wp","href":"https:\/\/api.w.org\/{rel}","templated":true}]}}