{"id":5869,"date":"2021-08-20T00:02:33","date_gmt":"2021-08-19T22:02:33","guid":{"rendered":"https:\/\/digitalhistory.unite.it\/carolina-gutierrez-neira\/"},"modified":"2021-11-23T15:27:42","modified_gmt":"2021-11-23T14:27:42","slug":"carolina-gutierrez-neira","status":"publish","type":"page","link":"https:\/\/digitalhistory.unite.it\/en\/carolina-gutierrez-neira\/","title":{"rendered":"Carolina Guti\u00e9rrez-Neira, The pigments on Diego Vel\u00e1zquez paintings"},"content":{"rendered":"<h1>Carolina Guti\u00e9rrez-Neira, The pigments on Diego Vel\u00e1zquez paintings <\/h1>\n<div class=\"testo\">\n<p style=\"text-align: justify\">Diego Rodr\u00edguez de Silva y Vel\u00e1zquez (Seville 1599-Madrid 1660) is one of the greatest painters of all times. His life and artistic production are extensively documented. He began his career as an artist in Seville when in 1618 he was accepted as a professional painter, thus starting what is known as the first period of the artist. The second period begins in 1621 when he moved to Madrid where he obtained a position as a civil servant at the court of King Philip IV. In 1629, following Rubens&#8217; advice, he visited Italy, where he stayed for more than one year (third period). He returned to Madrid at the beginning of 1631 and a few years later he visited Italy for a second time (1649-1651), commissioned by King Philip IV of Spain to collect pieces of art for the decoration of some rooms of the Royal Alcazar of Madrid, the royal residence.<\/p>\n<p style=\"text-align: justify\"><img loading=\"lazy\" decoding=\"async\" src=\"https:\/\/digitalhistory.unite.it\/wp-content\/uploads\/2021\/08\/figure1__fileminimizer__500x424.jpg\" width=\"500\" height=\"424\" alt=\"Carolina Guti\u00e9rrez-Neira\"><\/p>\n<p style=\"text-align: justify\">Fig. 1. The painting Philip IV (Felipe IV) by Vel\u00e1zquez (1623). Prado Museum, Madrid, Spain. Reflected light microphotograph of the cross section analyzed. (1) Black of the hat on the bluish grey of the bottom. (2) Light brown of the leg of the table. (3) Flesh colour of the right hand on the costume. Scale bar length is 250 \u00b5m.<\/p>\n<p style=\"text-align: justify\">Regarding the analytical study, Raman spectroscopy is a versatile, rapid, simple to use, non-destructive and non-invasive technique used routinely in archaeometry for the identification of pigments in historical objects such as manuscripts, paintings, ceramics, papyri and more. The technique was used successfully in the identification of azurite, hematite, carbon black, vermilion, white lead, calcium carbonate and goethite pigments on Diego Velazquez paints.<br \/>\n<img loading=\"lazy\" decoding=\"async\" src=\"https:\/\/digitalhistory.unite.it\/wp-content\/uploads\/2021\/08\/figure2__fileminimizer__494x190.jpg\" width=\"494\" height=\"190\" alt=\"Carolina Guti\u00e9rrez-Neira2\"><\/p>\n<p style=\"text-align: justify\">Fig. 2. Micro-Raman spectrum of yellow pigment on the black mantle of King Baltasar in Adoration of the Magi (Adoraci\u00f3n de los Magos) painting, identified as goethite. At the right side a micrograph showing the exact location where this compound was found.<\/p>\n<p style=\"text-align: justify\">The analytical evidences demonstrated that Diego Vel\u00e1zquez employed the same set of pigments throughout the course of his career and that the artist&#8217;s palette was limited to a reduced set of pigments, which the artist blended to reproduce the entire chromatic spectrum and then he applied them with simplicity showing his mastery of pictorial technique. This is what made Vel\u00e1zquez an exceptional artist &#8211; he was able to &#8220;paint a lot with little&#8221;.<br \/>\nThe set of pigments used by Vel\u00e1zquez seems to be similar to those employed by other European artists during the 17th century. However, Vel\u00e1zquez used fewer pigments than other painters of the epoch; for example, green pigments as verdigris or malachite were used by Murillo, Zurbar\u00e1n, Caravaggio or Coello, while Vel\u00e1zquez employed a mixture of azurite and yellow pigments. Artists of the time differ also because of their pictorial technique; for instance, Tiziano&#8217;s paints exhibit various thin layers and an extensive number of pigments to produce a certain colour while Vel\u00e1zquez&#8217;s painting is characterized by its simplicity.<\/p>\n<p style=\"text-align: justify\"><strong>More information:<\/strong><br \/>\nGuti\u00e9rrez-Neira et al. &#8220;Identification of pigments in Diego Vel\u00e1zquez paintings by Raman microscopy,&#8221; Vibrat. Spec. 69, 13-20 (2013).<\/p>\n<\/div>\n","protected":false},"excerpt":{"rendered":"<p>Carolina Guti\u00e9rrez-Neira, The pigments on Diego Vel\u00e1zquez paintings Diego Rodr\u00edguez de Silva y Vel\u00e1zquez (Seville 1599-Madrid 1660) is one of the greatest painters of all times. His life and artistic production are extensively documented. He began his career as an artist in Seville when in&hellip;<\/p>\n","protected":false},"author":1,"featured_media":0,"parent":0,"menu_order":0,"comment_status":"closed","ping_status":"closed","template":"","meta":{"footnotes":""},"class_list":["post-5869","page","type-page","status-publish","hentry"],"_links":{"self":[{"href":"https:\/\/digitalhistory.unite.it\/en\/wp-json\/wp\/v2\/pages\/5869","targetHints":{"allow":["GET"]}}],"collection":[{"href":"https:\/\/digitalhistory.unite.it\/en\/wp-json\/wp\/v2\/pages"}],"about":[{"href":"https:\/\/digitalhistory.unite.it\/en\/wp-json\/wp\/v2\/types\/page"}],"author":[{"embeddable":true,"href":"https:\/\/digitalhistory.unite.it\/en\/wp-json\/wp\/v2\/users\/1"}],"replies":[{"embeddable":true,"href":"https:\/\/digitalhistory.unite.it\/en\/wp-json\/wp\/v2\/comments?post=5869"}],"version-history":[{"count":4,"href":"https:\/\/digitalhistory.unite.it\/en\/wp-json\/wp\/v2\/pages\/5869\/revisions"}],"predecessor-version":[{"id":11158,"href":"https:\/\/digitalhistory.unite.it\/en\/wp-json\/wp\/v2\/pages\/5869\/revisions\/11158"}],"wp:attachment":[{"href":"https:\/\/digitalhistory.unite.it\/en\/wp-json\/wp\/v2\/media?parent=5869"}],"curies":[{"name":"wp","href":"https:\/\/api.w.org\/{rel}","templated":true}]}}