{"id":5870,"date":"2021-08-20T00:02:34","date_gmt":"2021-08-19T22:02:34","guid":{"rendered":"https:\/\/digitalhistory.unite.it\/silvia-manzi\/"},"modified":"2021-11-23T15:26:25","modified_gmt":"2021-11-23T14:26:25","slug":"silvia-manzi","status":"publish","type":"page","link":"https:\/\/digitalhistory.unite.it\/en\/racconta-il-tuo-barocco\/silvia-manzi\/","title":{"rendered":"Silvia Manzi, Postmoderni e nostalgici: il t\u00f2pos del giardino barocco"},"content":{"rendered":"<h1>Silvia Manzi, Postmoderni e nostalgici: il t\u00f2pos del giardino barocco <\/h1>\n<div class=\"testo\">\n<p style=\"text-align: justify\">L&#8217;eredit\u00e0 \u00e8 testimonianza e stimolo culturale per il presente.<\/p>\n<p style=\"text-align: justify\"><img loading=\"lazy\" decoding=\"async\" src=\"https:\/\/digitalhistory.unite.it\/wp-content\/uploads\/2021\/08\/villa_garzoni_4_251x188.jpg\" width=\"251\" height=\"188\" alt=\"Manzi\" align=\"left\">Eredit\u00e0 del gusto barocco \u00e8 il giardino di Villa Garzoni, a Collodi, frazione di Pescia (Pistoia). Quasi un luogo della fantasia, in cui l&#8217;immaginazione si perde tra siepi di bosso, grotte, trionfi d&#8217;acqua, scalinate, statue, foreste di bamb\u00f9, serre con i pavoni&#8230; (per una descrizione approfondita della villa e del giardino si rimanda al sito ufficiale della villa e dello storico giardino: http:\/\/www.pinocchio.it\/giardinogarzoni\/).<\/p>\n<p style=\"text-align: justify\">L&#8217;arte \u00e8 attraversata dal flusso vitale della natura, a sua volta percorsa dal virtuosismo dell&#8217;arte (indicativo dell&#8217;intreccio \u00e8 la fontana).<\/p>\n<p style=\"text-align: justify\">Le rappresentazioni rinascimentali della natura &#8211; limitate e misurate &#8211; si dilatano in innumerevoli prospettive e giochi visivi; fioriscono, pulsano nei loro riflessi lussureggianti. \u00c8 l&#8217;effimero, lo spettacolo che si perde e si consuma (Giulio Ferroni, <em>Storia della Letteratura Italiana. Dal Cinquecento al Settecento<\/em>, Milano, Einaudi, 1991, pp. 252-256).<\/p>\n<p style=\"text-align: justify\">Il contatto tra uomo e natura non passa solo attraverso la regola e la geometria: \u00e8 ormai sensazione epidermica.<\/p>\n<p style=\"text-align: justify\">Il <em>locus amoenus<\/em>, in cui si impongono labirintiche strutture, si trasforma in <em>hortus conclusus<\/em> dove il percorso da lineare si fa ingannevole. Cos\u00ec accade nel Giardino di Aminta, nella Gerusalemme del Tasso.<\/p>\n<p style=\"text-align: justify\">Uno studio approfondito del groviglio di elementi pu\u00f2 forse essere una sfida all&#8217;anonimato e all&#8217;opacit\u00e0 dei &#8220;non-luoghi&#8221; dell&#8217;oggi. Luoghi privi di identit\u00e0, avulsi da rapporti con la tradizione, con la storia e quindi candidati necessariamente a non essere eredit\u00e0 per il futuro.<\/p>\n<p style=\"text-align: justify\">Il giardino Garzoni pu\u00f2 rappresentare allora un ideale punto di riferimento significante, dove la forma &#8211; saussurianamente (Ferdinand de Saussure, <em>Cours de linguistique g\u00e9n\u00e9rale<\/em>, a cura di Charles Bally, Albert Riedlinger e Albert Sechehaye, Losanna-Parigi, Payot, 1916. Trad. it. in Tullio De Mauro (a cura di), <em>Corso di linguistica generale<\/em>, Roma-Bari, Laterza [1967], 2009) &#8211; \u00e8 gi\u00e0 significato; un modello a cui guardare in alternativa ai numerosi &nbsp;luoghi dell&#8217;oggi &#8211; parchi a tema, ma anche aeroporti, autogrill, centri commerciali, stazioni &#8211; che condividono, come Marc Aug\u00e9 insegna (Marc Aug\u00e8, <em>Nonluoghi. Introduzione a una antropologia della surmodernit\u00e0<\/em> , Milano, El\u00e8uthera, 2009), la caratteristica dell&#8217;anonimato, della riproduzione in serie.<\/p>\n<p style=\"text-align: justify\">Il confronto e il recupero dei <em>sema<\/em> potrebbe forse condurre a una riflessione amara: l&#8217;attrazione per il Barocco dell&#8217;uomo post-moderno, che vive in ambienti anonimi, \u00e8 spia dell&#8217;incapacit\u00e0 di creare, suscitare meraviglia?<\/p>\n<\/div>\n<p><\/p>\n","protected":false},"excerpt":{"rendered":"<p>Silvia Manzi, Postmoderni e nostalgici: il t\u00f2pos del giardino barocco L&#8217;eredit\u00e0 \u00e8 testimonianza e stimolo culturale per il presente. Eredit\u00e0 del gusto barocco \u00e8 il giardino di Villa Garzoni, a Collodi, frazione di Pescia (Pistoia). Quasi un luogo della fantasia, in cui l&#8217;immaginazione si perde&hellip;<\/p>\n","protected":false},"author":1,"featured_media":0,"parent":5808,"menu_order":0,"comment_status":"closed","ping_status":"closed","template":"","meta":{"footnotes":""},"class_list":["post-5870","page","type-page","status-publish","hentry"],"_links":{"self":[{"href":"https:\/\/digitalhistory.unite.it\/en\/wp-json\/wp\/v2\/pages\/5870","targetHints":{"allow":["GET"]}}],"collection":[{"href":"https:\/\/digitalhistory.unite.it\/en\/wp-json\/wp\/v2\/pages"}],"about":[{"href":"https:\/\/digitalhistory.unite.it\/en\/wp-json\/wp\/v2\/types\/page"}],"author":[{"embeddable":true,"href":"https:\/\/digitalhistory.unite.it\/en\/wp-json\/wp\/v2\/users\/1"}],"replies":[{"embeddable":true,"href":"https:\/\/digitalhistory.unite.it\/en\/wp-json\/wp\/v2\/comments?post=5870"}],"version-history":[{"count":3,"href":"https:\/\/digitalhistory.unite.it\/en\/wp-json\/wp\/v2\/pages\/5870\/revisions"}],"predecessor-version":[{"id":10351,"href":"https:\/\/digitalhistory.unite.it\/en\/wp-json\/wp\/v2\/pages\/5870\/revisions\/10351"}],"up":[{"embeddable":true,"href":"https:\/\/digitalhistory.unite.it\/en\/wp-json\/wp\/v2\/pages\/5808"}],"wp:attachment":[{"href":"https:\/\/digitalhistory.unite.it\/en\/wp-json\/wp\/v2\/media?parent=5870"}],"curies":[{"name":"wp","href":"https:\/\/api.w.org\/{rel}","templated":true}]}}