{"id":5871,"date":"2021-08-20T00:02:34","date_gmt":"2021-08-19T22:02:34","guid":{"rendered":"https:\/\/digitalhistory.unite.it\/manuel-matassa\/"},"modified":"2021-11-23T15:26:24","modified_gmt":"2021-11-23T14:26:24","slug":"manuel-matassa","status":"publish","type":"page","link":"https:\/\/digitalhistory.unite.it\/en\/racconta-il-tuo-barocco\/manuel-matassa\/","title":{"rendered":"Manuel Matassa, Il Barocco leccese e la Basilica di Santa Croce"},"content":{"rendered":"<h1>Manuel Matassa, Il Barocco leccese e la Basilica di Santa Croce <\/h1>\n<div class=\"testo\">\n<p style=\"text-align: justify\">Il termine &#8220;Barocco leccese&#8221; sta ad evidenziare una forma artistica e architettonica sviluppatasi tra la fine del XVI secolo e la prima met\u00e0 del XVIII secolo in modo particolare a Lecce e nel resto del Salento. Essa \u00e8 riconoscibile per le sue sgargianti decorazioni che caratterizzano i rivestimenti degli edifici. Lo stile si diffuse nel Salento dalla met\u00e0 del Seicento grazie all&#8217;opera di architetti locali come Giuseppe Zimbalo (1617-1710) e Giuseppe Cino (1644-1722). Essa si attest\u00f2 in tutta la provincia, favorita, oltre che dal contesto storico, anche dalla qualit\u00e0 della pietra locale impiegata; la pietra leccese, un calcare tenero e compatto dai toni caldi e dorati adatto alla lavorazione con lo scalpellino..<\/p>\n<p style=\"text-align: justify\">Questa corrente artistica, esplose nelle sue caratteristiche pi\u00f9 rilevanti tuttavia solo nella seconda met\u00e0 del XVII secolo e perdur\u00f2 per buona parte del XVIII. Un periodo di tempo lungo pi\u00f9 di un secolo nel corso del quale Lecce vive un periodo aureo sotto il profilo artistico, che le conferisce l&#8217;aspetto urbano e la veste architettonica che oggi si ammira nel suo quasi intatto centro storico. Una valentissima schiera di capomastri, scalpellini, scultori, intarsiatori, doratori, spesso non privi di autentiche capacit\u00e0 artistiche, coopera con gli architetti nel creare i caratteri stilistici di quel particolare Barocco che coinvolge anche le arti minori e l&#8217;intero arredo urbano. Gli elementi plastici, nell&#8217;accostare elementi vegetali, animali, mitologici e sacri, si rifanno a una tradizione medioevale, ora per\u00f2 pervasa da un quasi frenetico vitalismo. Le complesse decorazioni delle facciate delle chiese leccesi, composte da cornici, trabeazioni, cariatidi, trofei di frutta e fiori, restano uno scenografico apparato di superficie, che ammanta gli edifici senza modificarne a fondo le strutture.<\/p>\n<p style=\"text-align: justify\"><img loading=\"lazy\" decoding=\"async\" src=\"https:\/\/digitalhistory.unite.it\/wp-content\/uploads\/2021\/08\/basilica_di_santa_croce_1_343x343.jpg\" width=\"343\" height=\"343\" alt=\"Basilica di Santa Croce\" align=\"left\">La Basilica di S. Croce, nel luogo e nell&#8217;aspetto che possiamo ammirare oggi, risale al 1548, ma la sua storia, insieme all&#8217;annesso Convento dei Padri Celestini \u00e8 ben pi\u00f9 articolata e complessa e costituisce, insieme a quest&#8217;ultimo, la pi\u00f9 elevata manifestazione del Barocco leccese. La facciata \u00e8 composta da sei colonne a fusto liscio che sostengono la trabeazione e suddividono la struttura in cinque aree. Il portale maggiore, costruito nel 1606, presenta coppie di colonne corinzie ed espone le insegne di Filippo III di Spagna, di Maria d&#8217;Enghien e di Gualtieri VI di Brienne, mentre sulle porte laterali sono esposti gli stemmi della Puglia e della Congregazione dei Celestini. La trabeazione \u00e8 sormontata da una successione di telamoni raffiguranti figure grottesche o animali fantastici e allegorici che sorreggono la balaustra, ornata di tredici putti abbracciati ai simboli del potere temporale (la corona) e spirituale (la tiara). Il secondo elemento di maggior pregio dell&#8217;ordine superiore \u00e8 dominato dal grande e raffinato rosone barocco, di ispirazione romanica, tra i pi\u00f9 pregevoli, raffinati ed eleganti che la storia dell&#8217;arte moderna possa ricordare. Il rosone, turbinio di foglie d&#8217;acanto e cerchi decorati finemente, \u00e8 incorniciato da due colonne corinzie e affiancato da nicchie con le statue di San Benedetto e San Celestino, solo la sua presenza valorizza e esalta l&#8217;interno organismo architettonico, innalzandosi a simbolo del Barocco di Lecce. Profilato da foglie di alloro e bacche presenta tre ordini a bassorilievo, il rosone \u00e8 ben evidenziato da due colonne corinzie, che separano la zona centrale da quelle laterali in cui sono delle nicchie con le statue di san Benedetto e Papa Celestino V. Nel complesso, le trionfali decorazioni del frontale di Santa Croce sono l&#8217;interpretazione figurativa mai banale e scontata di elementi simbolici ben precisi come fiamme, leoni, pellicani, melograni, che si combinano in un disegno morbido e lieve capace di accostare senza sforzo immagini pagane e cristiane, alternate a fiori, festoni, animali, angeli, insegne, stemmi e le sfere con la croce.<\/p>\n<p style=\"text-align: justify\"><img loading=\"lazy\" decoding=\"async\" src=\"https:\/\/digitalhistory.unite.it\/wp-content\/uploads\/2021\/08\/800px-lecce_interno_chiesa_343x257.jpg\" width=\"343\" height=\"257\" alt=\"Matassa\" align=\"left\">L&#8217;assetto interno originario della chiesa oggi risulta poco visibile a causa della aggiunta delle cappelle, avvenuta nel Settecento. L&#8217;interno, a croce latina, era originariamente ripartito in cinque navate, due delle quali furono successivamente riassorbite in cappelle laterali aggiunte nel XVIII secolo. Le volte delle navate sono sorrette da due ordini di colonne, in tutto diciotto, le prime due sono addossate alla parete esterna, le ultime quattro binate delimitano il transetto e l&#8217;arco trionfale. Nel presbiterio, spogliato nel corso dei secoli del coro ligneo e dell&#8217;originario altare maggiore, si pu\u00f2 ammirare l&#8217;abside polilobata e costolonata. Le pareti absidali sono decorate dai dipinti dell&#8217;<em>Adorazione dei pastori<\/em>, dell&#8217;<em>Annunciazione<\/em>, della <em>Visita di Maria a sant&#8217;Elisabetta<\/em> e de <em>Il riposo nella fuga in Egitto<\/em>. Lungo le navate si aprono sette profonde cappelle per lato, al cui interno si trovano splendidi altari riccamente decorati. Complessivamente la chiesa accoglie sedici altari barocchi.<\/p>\n<p style=\"text-align: justify\">Il progressivo evolversi della concezione artistica attraverso le forme scultoree del Barocco indica un percorso artistico pi\u00f9 libero, dove si alternano una visione in superficie a una visione in profondit\u00e0, scolpita nella tenera pietra tufacea. Forme chiuse e forme aperte, dettagli e accostamenti simbolici che s&#8217;impongono alla vista, ora con chiarezza assoluta, ora con chiarezza impressionistica, cui si aggiunge un turbinio d&#8217;invenzione formale in cui molteplicit\u00e0 e unicit\u00e0 si alternano a un ritmo attrattivo. Guardando sia l&#8217;esterno sia l&#8217;interno della Basilica si percepisce qualcosa di fondamentale dell&#8217;architettura barocca pugliese: l&#8217;aspirazione alla scultura e alla pittura, dove al risolversi di una ferma e salda forma plastica si contrappone un&#8217;immagine mossa e fluttuante, inafferrabile, che cancella i limiti dei contorni per suscitare dentro di noi l&#8217;impressione dello sconfinato, dell&#8217;immenso, dell&#8217;infinito, dove si alternano influssi continui tra soggetti rappresentati e oggetti funzionali a esso. Tutto tende ad abbandonare la superficie di fondo cui appartengono per tramite della profondit\u00e0, esprimendo un dinamismo inquieto e forte, un&#8217;opposizione a ogni gesto veloce che ferma le immagini nello spazio. Ci si accorge, soffermandoci nei dettagli, che il mezzo principale che l&#8217;architettura e la scultura preferiscono seguire sono gli effetti di profondit\u00e0 spaziale attraverso l&#8217;uso dei primi piani. Figure portate avanti rispetto al fondo, vicine a chi guarda, in contrapposizione alla brusca riduzione prospettica degli elementi di fondo. Lo spazio acquista un&#8217;intrinseca mobilit\u00e0 in chi guarda, percependo la spazialit\u00e0 dell&#8217;architettura come forma di esistenza sua, propria, che dipende e che si \u00e8 creata da sola. \u00c8 l&#8217;inclinazione del pensiero barocco verso l&#8217;assoluto, la libert\u00e0, il racconto della forma aperta e strutturalmente irrazionale dove la composizione architettonica \u00e8 concepita conclusa in una realt\u00e0 in s\u00e9 definita, in cui tutti gli elementi sono concatenati richiamandosi l&#8217;un l&#8217;altro senza eccesso o difetto in un insieme unico, ma al tempo stesso incompiuto e sconnesso, spingendoci a immaginare che possono proseguire in ogni senso e sempre rinviano a qualcos&#8217;altro, oltre.<\/p>\n<\/div>\n<p><\/p>\n","protected":false},"excerpt":{"rendered":"<p>Manuel Matassa, Il Barocco leccese e la Basilica di Santa Croce Il termine &#8220;Barocco leccese&#8221; sta ad evidenziare una forma artistica e architettonica sviluppatasi tra la fine del XVI secolo e la prima met\u00e0 del XVIII secolo in modo particolare a Lecce e nel resto&hellip;<\/p>\n","protected":false},"author":1,"featured_media":0,"parent":5808,"menu_order":0,"comment_status":"closed","ping_status":"closed","template":"","meta":{"footnotes":""},"class_list":["post-5871","page","type-page","status-publish","hentry"],"_links":{"self":[{"href":"https:\/\/digitalhistory.unite.it\/en\/wp-json\/wp\/v2\/pages\/5871","targetHints":{"allow":["GET"]}}],"collection":[{"href":"https:\/\/digitalhistory.unite.it\/en\/wp-json\/wp\/v2\/pages"}],"about":[{"href":"https:\/\/digitalhistory.unite.it\/en\/wp-json\/wp\/v2\/types\/page"}],"author":[{"embeddable":true,"href":"https:\/\/digitalhistory.unite.it\/en\/wp-json\/wp\/v2\/users\/1"}],"replies":[{"embeddable":true,"href":"https:\/\/digitalhistory.unite.it\/en\/wp-json\/wp\/v2\/comments?post=5871"}],"version-history":[{"count":3,"href":"https:\/\/digitalhistory.unite.it\/en\/wp-json\/wp\/v2\/pages\/5871\/revisions"}],"predecessor-version":[{"id":10341,"href":"https:\/\/digitalhistory.unite.it\/en\/wp-json\/wp\/v2\/pages\/5871\/revisions\/10341"}],"up":[{"embeddable":true,"href":"https:\/\/digitalhistory.unite.it\/en\/wp-json\/wp\/v2\/pages\/5808"}],"wp:attachment":[{"href":"https:\/\/digitalhistory.unite.it\/en\/wp-json\/wp\/v2\/media?parent=5871"}],"curies":[{"name":"wp","href":"https:\/\/api.w.org\/{rel}","templated":true}]}}