{"id":5879,"date":"2021-08-20T00:02:35","date_gmt":"2021-08-19T22:02:35","guid":{"rendered":"https:\/\/digitalhistory.unite.it\/marco-ranica\/"},"modified":"2021-11-23T15:26:24","modified_gmt":"2021-11-23T14:26:24","slug":"marco-ranica","status":"publish","type":"page","link":"https:\/\/digitalhistory.unite.it\/en\/racconta-il-tuo-barocco\/marco-ranica\/","title":{"rendered":"Marco Ranica, l&#8217;Ossario della chiesa di San Bernardino alle Ossa"},"content":{"rendered":"<h1>Marco Ranica, l&#8217;Ossario della chiesa di San Bernardino alle Ossa <\/h1>\n<div class=\"testo\">\n<p style=\"text-align: justify\">Il luogo che ho deciso di proporre come simbolo del &#8220;mio Barocco&#8221; \u00e8 l&#8217;Ossario della chiesa di San Bernardino alle Ossa, una struttura fuori dai grandi giri turistici tipici di Milano, ma molto interessante da visitare.<\/p>\n<p style=\"text-align: justify\">Vorrei ripercorrere a grandi linee la storia di questo edificio.<\/p>\n<p style=\"text-align: justify\"><img loading=\"lazy\" decoding=\"async\" src=\"https:\/\/digitalhistory.unite.it\/wp-content\/uploads\/2021\/08\/img_4852_251x251.jpg\" width=\"251\" height=\"251\" alt=\"Ranica1\" align=\"left\">Nel 1127 a Milano, di fronte alla Basilica di Santo Stefano Maggiore, venne edificato un ospedale dedicato alla cura dei lebbrosi, con annesso un cimitero per accogliere le spoglie dei defunti di questa struttura. Ben presto il cimitero risult\u00f2 essere insufficiente per le esigenze dell&#8217;ospedale cos\u00ec, nel 1210, venne edificata una camera di sepoltura a cui nel 1269 fu aggiunta una cappella, dove avevano sede i Disciplini. I Disciplini o Disciplinati erano una confraternita dedicata al culto dei morti e all&#8217;espiazione dei peccati da raggiungersi attraverso l&#8217;autoflagellazione e la mortificazione della carne. Nel 1642 la cappella fu gravemente danneggiata dalla caduta del campanile dell&#8217;adiacente Basilica di Santo Stefano e nel 1679 inizi\u00f2 l&#8217;opera di restauro su progetto di Carlo Buzzi, un architetto della Fabbrica del Duomo. Egli si occup\u00f2 soprattutto della facciata e dell&#8217;Ossario dando ad esso la conformazione che ancora oggi ha. Infine dopo l&#8217;incendio che distrusse la Cappella nel 1712. I Disciplini decisero di finanziare la costruzione di una chiesa pi\u00f9 grande che inglobasse l&#8217;antica struttura trasformata in ambulacro. La Chiesa venne dedicata a San Bernardino da Siena.<\/p>\n<p style=\"text-align: justify\"><img loading=\"lazy\" decoding=\"async\" src=\"https:\/\/digitalhistory.unite.it\/wp-content\/uploads\/2021\/08\/img_4855_251x251.jpg\" width=\"251\" height=\"251\" alt=\"Ranica3\" align=\"left\">L&#8217;Ossario \u00e8 raggiungibile dall&#8217;ambulacro attraverso uno stretto corridoio e ha una pianta quadrata con le pareti quasi interamente ricoperte di teschi ed ossa provenienti dall&#8217;antico cimitero. Le ossa sono disposte nelle nicchie e sul cornicione, adornano i pilastri (ricoperti di marmo nero) e le porte, dando vita a decorazioni geometriche. Sulle pareti, dove non vi sono ossa, \u00e8 stesa un&#8217;uniforme tinta rossa. Sopra l&#8217;unico altare, in marmi pregiati e con gli emblemi della passione di Ges\u00f9 Cristo, fu collocata in un&#8217;apposita nicchia, una statua di Nostra Signora Dolorosa de Soledad (santa Maria Addolorata), vestita di un camice bianco, coperta da un mantello nero ricamato in oro, con le mani giunte e inginocchiata presso Ges\u00f9 morto. L&#8217;opera venne eseguita nella met\u00e0 del XVII secolo da Gerolamo Cattaneo, durante la dominazione spagnola e risente moltissimo dell&#8217;influsso del Barocco iberico. Alzando lo sguardo si scorge una volta affrescata nel 1695 da Sebastiano Ricci, intitolata <em>Trionfo di anime in un volo di angeli<\/em> (foto). Nei pennacchi della volta, \u00e8 rappresentata la gloria di quattro santi protettori, (Santa Maria Vergine, Sant&#8217;Ambrogio, San Sebastiano e san Bernardino da Siena). I colori utilizzati, molto luminosi, contrastano molto con le tinte fosche del resto della struttura.<\/p>\n<p>Ho scelto l&#8217;Ossario come luogo rappresentativo del Barocco per alcuni specifici elementi:<\/p>\n<p style=\"text-align: justify\">1- Nella struttura sono presenti forme, schemi e modelli equilibrati e geometrici tipici&nbsp; del classicismo. Nel contempo per\u00f2 questi entrano in profondo conflitto con le ossa usate a fini decorativi, creando quell&#8217;esplosione delle forme e quell&#8217;ossessiva ricerca del &#8220;nuovo&#8221; tipica dell&#8217;arte barocca e dell&#8217;esaltazione del bizzarro, della sperimentazione, della meraviglia e della teatralit\u00e0.<\/p>\n<p style=\"text-align: justify\">2- Le ossa sono la piena espressione di quel brutto e di quell&#8217;orrore che vengono utilizzati per generare un nuovo, paradossale tipo di bellezza maggiormente legata alla sordidezza della realt\u00e0 vissuta dal pubblico quotidianamente e legata all&#8217;esperienza della morte.<\/p>\n<p style=\"text-align: justify\"><img loading=\"lazy\" decoding=\"async\" src=\"https:\/\/digitalhistory.unite.it\/wp-content\/uploads\/2021\/08\/img_4853_251x251.jpg\" width=\"251\" height=\"251\" alt=\"Ranica2\" align=\"left\">3- Segnalo l&#8217;intento pedagogico\/catechetico tipico dell&#8217;arte della Controriforma. La disposizione geometrica delle ossa, oltre a concretizzare uno sforzo decorativo, rappresenta a mio avviso l&#8217;affermazione del principio del &#8220;libro vivente della natura&#8221; composto &#8220;in lingua matematica&#8221; e dello sforzo intellettuale di razionalizzare la realt\u00e0 e l&#8217;esperienza della morte. Per\u00f2 tale disposizione risulta essere forzata, innaturale e crea un paradosso teatralizzato e pedagogico: la verit\u00e0 della Fede, insegnata nel Catechismo e celebrata nei Sacramenti, \u00e8 superiore a qualsiasi conoscenza umana. Il fedele, a cui viene mostrato trionfalmente che cosa resta della sua vita terrena, deve alzare lo sguardo verso l&#8217;altare della Passione di Cristo e verso la statua di Maria Addolorata (non a caso estremamente realistica) e pi\u00f9 su ancora, verso l&#8217;affresco del <em>Trionfo delle anime<\/em>. Egli deve riconoscere con umilt\u00e0 la sua caducit\u00e0 e limitatezza, fino a dover accettare che le sue ossa (che essendo la parte pi\u00f9 interna del corpo diventano metafora della sua pi\u00f9 profonda intimit\u00e0) possano essere esposte ed utilizzate per decorare una parete. E&#8217; un invito alla riflessione sulla propria esistenza, al vigilare e a prepararsi ad una &#8220;buona morte&#8221;. La Gloria Celeste \u00e8 infinitamente pi\u00f9 grande, luminosa e vitale di qualsiasi barlume di notoriet\u00e0 a cui si pu\u00f2 sperare di giungere nel grande teatro chiamato vita (si notino i colori utilizzati nell&#8217;affresco della volta che contrastano grandemente con le pareti dell&#8217;Ossario ed il movimento della rappresentazione che contrasta con la staticit\u00e0 geometrica della struttura e metafisica delle ossa).<\/p>\n<p style=\"text-align: justify\">4- Nell&#8217;Ossario \u00e8 presente una catechesi dello spazio. Le pareti rappresentano la storia umana, la vita terrena \u00e8 caduca. In essa si inserisce l&#8217;azione salvifica di Dio attraverso la Passione e la Resurrezione (l&#8217;altare). Dall&#8217;altare si \u00e8 cos\u00ec indotti ad alzare lo sguardo alla Gloria che attende il fedele (l&#8217;affresco), raggiungibile attraverso la Via rappresentata dai quattro pennacchi che introducono la volta. In essi sono rappresentati: la Vergine (simbolo del fedele che si consegna totalmente nelle mani di Dio ed alla sua azione salvifica), San Sebastiano (il simbolo classico nell&#8217;iconografia del martirio e del fedele che sopporta con pazienza le vicissitudini della vita) e San Bernardino da Siena (\u00e8 un riferimento ai committenti dell&#8217;Ossario ed un&#8217;esaltazione delle pratiche devozionali che vengono proposti dalla confraternita dei Disciplinati e che garantiscono la Salvezza). Infine vi \u00e8 Sant&#8217;Ambrogio. Egli \u00e8 il simbolo dell&#8217;identit\u00e0 municipale e chiaro riferimento alla gerarchia ecclesiastica: il fedele pu\u00f2 sperare di raggiungere il Regno dei Cieli soltanto rimanendo in piena comunione nella Chiesa Cattolica Apostolica Romana e accettando il magistero dei vescovi e del papa.<\/p>\n<p style=\"text-align: justify\">Segnalati questi elementi ecco che si \u00e8 compreso, a mio avviso, il perch\u00e9 della scelta dell&#8217;Ossario di San Bernardino alle Ossa come luogo che mette bene in evidenza quelle che sono le caratteristiche del Barocco. Inoltre spero di aver presentato un&#8217;architettura poco conosciuta della citt\u00e0 di Milano ma sicuramente interessante.<\/p>\n<\/div>\n<p><\/p>\n","protected":false},"excerpt":{"rendered":"<p>Marco Ranica, l&#8217;Ossario della chiesa di San Bernardino alle Ossa Il luogo che ho deciso di proporre come simbolo del &#8220;mio Barocco&#8221; \u00e8 l&#8217;Ossario della chiesa di San Bernardino alle Ossa, una struttura fuori dai grandi giri turistici tipici di Milano, ma molto interessante da&hellip;<\/p>\n","protected":false},"author":1,"featured_media":0,"parent":5808,"menu_order":0,"comment_status":"closed","ping_status":"closed","template":"","meta":{"footnotes":""},"class_list":["post-5879","page","type-page","status-publish","hentry"],"_links":{"self":[{"href":"https:\/\/digitalhistory.unite.it\/en\/wp-json\/wp\/v2\/pages\/5879","targetHints":{"allow":["GET"]}}],"collection":[{"href":"https:\/\/digitalhistory.unite.it\/en\/wp-json\/wp\/v2\/pages"}],"about":[{"href":"https:\/\/digitalhistory.unite.it\/en\/wp-json\/wp\/v2\/types\/page"}],"author":[{"embeddable":true,"href":"https:\/\/digitalhistory.unite.it\/en\/wp-json\/wp\/v2\/users\/1"}],"replies":[{"embeddable":true,"href":"https:\/\/digitalhistory.unite.it\/en\/wp-json\/wp\/v2\/comments?post=5879"}],"version-history":[{"count":3,"href":"https:\/\/digitalhistory.unite.it\/en\/wp-json\/wp\/v2\/pages\/5879\/revisions"}],"predecessor-version":[{"id":10343,"href":"https:\/\/digitalhistory.unite.it\/en\/wp-json\/wp\/v2\/pages\/5879\/revisions\/10343"}],"up":[{"embeddable":true,"href":"https:\/\/digitalhistory.unite.it\/en\/wp-json\/wp\/v2\/pages\/5808"}],"wp:attachment":[{"href":"https:\/\/digitalhistory.unite.it\/en\/wp-json\/wp\/v2\/media?parent=5879"}],"curies":[{"name":"wp","href":"https:\/\/api.w.org\/{rel}","templated":true}]}}