{"id":5881,"date":"2021-08-20T00:02:35","date_gmt":"2021-08-19T22:02:35","guid":{"rendered":"https:\/\/digitalhistory.unite.it\/roberta-sassano\/"},"modified":"2021-11-23T15:26:24","modified_gmt":"2021-11-23T14:26:24","slug":"roberta-sassano","status":"publish","type":"page","link":"https:\/\/digitalhistory.unite.it\/en\/racconta-il-tuo-barocco\/roberta-sassano\/","title":{"rendered":"Roberta Sassano, Il Barocco a San Severo: il Santuario della Madonna del Soccorso"},"content":{"rendered":"<h1>Roberta Sassano, Il Barocco a San Severo: il Santuario della Madonna del Soccorso <\/h1>\n<div class=\"testo\">\n<p style=\"text-align: justify\">Il 30 luglio del 1627 un catastrofico terremoto rase completamente al suolo la citt\u00e0 di San Severo, situata nel cuore dell&#8217;Alto Tavoliere. La ricostruzione fu lenta, ma nel Settecento, San Severo rifior\u00ec in spirito barocco e vide sorgere sfarzose costruzioni, tra cui numerosi palazzi nobiliari e borghesi, i monumentali monasteri dei celestini, dei francescani e delle benedettine, e diverse chiese. Alta espressione del Barocco della Puglia Settentrionale \u00e8 soprattutto il centro storico della citt\u00e0, &nbsp;dichiarata Citt\u00e0 d&#8217;Arte dal 2006. Ricco di chiese, palazzi e cantine ipogee che si offrono al visitatore in tutta la loro bellezza: l&#8217;armonia delle linee, i volumi sapientemente orchestrati invadono lo spazio urbano dal forte impatto scenografico, tipicamente in stile barocco.<\/p>\n<p style=\"text-align: justify\">Manifesto del glorioso Settecento di Capitanata \u00e8 il prospetto della chiesa di San Lorenzo delle Benedettine, sommo poema di pietre curve che si riflettono dolcemente, tingendosi di continui trapassi chiaroscurali tra le seducenti increspature. Un&#8217;ammaliante pittura di pietre rare infesta anche gli scuri interni della chiesa della Piet\u00e0: un uso del marmo elegantemente intarsiato che raggiunge l&#8217;apice della bellezza nell&#8217;altare maggiore che agisce sui sentimenti dei fedeli attraverso il suo cromatismo caldo e suadente. Di ineguagliabile bellezza anche la Cattedrale, le chiese di San Nicola e dei Celestini.<\/p>\n<p style=\"text-align: justify\"><img loading=\"lazy\" decoding=\"async\" src=\"https:\/\/digitalhistory.unite.it\/wp-content\/uploads\/2021\/08\/773px-san_severo_santagostino_251x195.jpg\" width=\"251\" height=\"195\" alt=\"Sassano2\" align=\"left\">Tuttavia \u00e8 nel Santuario del Soccorso che il Barocco trova la giusta esaltazione, sia all&#8217;interno, che sulla facciata, scolpita dal maestro Francesco Cervone da San Severo e quindi soffermiamoci in particolar modo su quest&#8217;edificio. Dedicata in origine a San Pietro, la chiesa fu eretta nel XII secolo, e divenne sede dei Padri Agostiniani, che vi affiancarono un monastero attestato gi\u00e0 nel 1319. Tornati in citt\u00e0 nel 1514, dopo un periodo di allontanamento, i monaci potrebbero aver portato il culto della Madonna del Soccorso, che \u00e8 una Madonna Nera, statua d&#8217;incomparabile fattura bizantina, con tra le braccia un bambinello di eguali sembianze, dimostratasi nei secoli dispensiera di numerose grazie, tanto che Papa Pio IX, con una Bolla del 10 settembre 1857, la dichiar\u00f2 Patrona della Citt\u00e0 di San Severo. Ogni anno, la terza domenica di Maggio, la Patrona viene festeggiata e portata in processione, mentre giochi, luminarie, batterie, fuochi pirotecnici e bande musicali allietano l&#8217;incontro della Madonna con il suo popolo: l&#8217;incontro con la propria Protettrice non impedisce ai cittadini di vivere tre giorni di frenesia, soprattutto per lo sparo delle &#8220;batterie&#8221; e per l&#8217;assegnazione del relativo PALIO tra i rioni: centinaia di metri di spari posti ad ogni angolo del Giro Esterno, accesi al momento dell&#8217;arrivo della processione, con la spettacolarit\u00e0 di migliaia di giovani, con bandane e magliette, i quali precedono, correndo, gli spari veloci che li inseguono, fino al botto finale, che viene salutato da un applauso immenso, quasi catartico, di tutto il popolo. E&#8217; dunque abbastanza evidente come queste celebrazioni in onore della Madonna del Soccorso rientrino pienamente nel gusto tutto barocco per la spettacolarizzazione degli eventi, tipico appunto delle feste, delle processioni e del teatro secenteschi.<\/p>\n<p style=\"text-align: justify\"><img loading=\"lazy\" decoding=\"async\" src=\"https:\/\/digitalhistory.unite.it\/wp-content\/uploads\/2021\/08\/soccorso_interno_251x335.jpg\" width=\"251\" height=\"335\" alt=\"Sassano4\" align=\"left\">Completamente ristrutturata tra il&nbsp;1750&nbsp;e il&nbsp;1759, nel&nbsp;1780&nbsp;la chiesa fu &nbsp;inoltre arricchita dell&#8217;elegante facciata in pietra, opera di Pietro e Gregorio Palmieri. L&#8217;altare maggiore, opera del marmorario napoletano Vincenzo Palmieri, \u00e8 stato realizzato nel&nbsp;1765, mentre di poco successivi sono i due eleganti altari laterali, egualmente in marmo policromo, di&nbsp;san Michele, molto venerato anche nella vicina Monte Sant&#8217;Angelo, dove il culto micaelico raggiunge il suo acme, attirando da secoli pellegrini che visitano la Grotta omonima&nbsp;e&nbsp; di san Raffaele&nbsp;(quest&#8217;ultimo con statua lignea del&nbsp;1750, opera di Domenico Urbano). Lo slanciato campanile barocco, invece, \u00e8 frutto di stratificazioni sette-ottocentesche. Radicali lavori di ammodernamento dell&#8217;interno furono eseguiti, sotto la direzione di Severino del Giudice, nel&nbsp;1912. Il portale, suddiviso in due ordini e tripartito verticalmente, \u00e8 sormontato dallo&nbsp;stemma&nbsp;con l&#8217;immagine della Madonna con il Bambino. Nelle due nicchie dell&#8217;ordine superiore sono inserite le statue di Sant&#8217;Agostino e Sant&#8217;Isidoro Agricolo, realizzate entrambe dai fratelli Palmieri nel 1780. Nel 1957 la chiesa fu dichiarata ufficialmente Santuario mariano della diocesi di San Severo.<\/p>\n<\/div>\n<p><\/p>\n","protected":false},"excerpt":{"rendered":"<p>Roberta Sassano, Il Barocco a San Severo: il Santuario della Madonna del Soccorso Il 30 luglio del 1627 un catastrofico terremoto rase completamente al suolo la citt\u00e0 di San Severo, situata nel cuore dell&#8217;Alto Tavoliere. La ricostruzione fu lenta, ma nel Settecento, San Severo rifior\u00ec&hellip;<\/p>\n","protected":false},"author":1,"featured_media":0,"parent":5808,"menu_order":0,"comment_status":"closed","ping_status":"closed","template":"","meta":{"footnotes":""},"class_list":["post-5881","page","type-page","status-publish","hentry"],"_links":{"self":[{"href":"https:\/\/digitalhistory.unite.it\/en\/wp-json\/wp\/v2\/pages\/5881","targetHints":{"allow":["GET"]}}],"collection":[{"href":"https:\/\/digitalhistory.unite.it\/en\/wp-json\/wp\/v2\/pages"}],"about":[{"href":"https:\/\/digitalhistory.unite.it\/en\/wp-json\/wp\/v2\/types\/page"}],"author":[{"embeddable":true,"href":"https:\/\/digitalhistory.unite.it\/en\/wp-json\/wp\/v2\/users\/1"}],"replies":[{"embeddable":true,"href":"https:\/\/digitalhistory.unite.it\/en\/wp-json\/wp\/v2\/comments?post=5881"}],"version-history":[{"count":3,"href":"https:\/\/digitalhistory.unite.it\/en\/wp-json\/wp\/v2\/pages\/5881\/revisions"}],"predecessor-version":[{"id":10347,"href":"https:\/\/digitalhistory.unite.it\/en\/wp-json\/wp\/v2\/pages\/5881\/revisions\/10347"}],"up":[{"embeddable":true,"href":"https:\/\/digitalhistory.unite.it\/en\/wp-json\/wp\/v2\/pages\/5808"}],"wp:attachment":[{"href":"https:\/\/digitalhistory.unite.it\/en\/wp-json\/wp\/v2\/media?parent=5881"}],"curies":[{"name":"wp","href":"https:\/\/api.w.org\/{rel}","templated":true}]}}