{"id":5890,"date":"2021-08-20T00:02:36","date_gmt":"2021-08-19T22:02:36","guid":{"rendered":"https:\/\/digitalhistory.unite.it\/tell-your-baroque\/"},"modified":"2021-11-23T15:27:45","modified_gmt":"2021-11-23T14:27:45","slug":"tell-your-baroque","status":"publish","type":"page","link":"https:\/\/digitalhistory.unite.it\/en\/tell-your-baroque\/","title":{"rendered":"Tell your Baroque"},"content":{"rendered":"<h1>Tell your Baroque <\/h1>\n<div class=\"testo\">\n<p style=\"text-align: justify\">Contributions of the participants to the dissemination week of the ENBaCH project, organized in Teramo from 14th to 17th april 2014 (<a href=\"\/en\/tell-your-baroque\/dissemination-week\/\" title=\"Dissemination Week\">video<\/a>):<\/p>\n<p style=\"text-align: justify\"><a href=\"\/racconta-il-tuo-barocco\/stefano-boero\/\" title=\"Stefano Boero\">Stefano Boero,&nbsp;<em>S. Filippo Neri all&#8217;Aquila<\/em><\/a><a href=\"\/racconta-il-tuo-barocco\/sara-cavatorti\/\" title=\"Sara Cavatorti\"><\/a><\/p>\n<p style=\"text-align: justify\"><a href=\"\/racconta-il-tuo-barocco\/sara-cavatorti\/\" title=\"Sara Cavatorti\">Sara Cavatorti,&nbsp;<em>&#8220;Il predicatore disse ch&#8217;in Spagna vi erano molti crucifissi fatti in questo modo&#8221;. Influssi spagnoli e memorie tedesche nell&#8217;opera degli scultori francescani del XVII secolo: frate Angelo da Mesoraca e la cappella Vici a Montesanto di Todi<\/em><\/a><a href=\"\/racconta-il-tuo-barocco\/sara-di-paolantonio\/\" title=\"Sara Di Paolantonio\"><\/a><\/p>\n<p style=\"text-align: justify\"><a href=\"\/racconta-il-tuo-barocco\/sara-di-paolantonio\/\" title=\"Sara Di Paolantonio\">Sara di Paolantonio,&nbsp;<em>Gli altari barocchi della chiesa del SS. Salvatore a Leognano<\/em><\/a><a href=\"\/racconta-il-tuo-barocco\/inmaculada-donate-carretero\/\" title=\"Inmaculada Donate Carretero\"><\/a><\/p>\n<p style=\"text-align: justify\"><a href=\"\/racconta-il-tuo-barocco\/inmaculada-donate-carretero\/\" title=\"Inmaculada Donate Carretero\">Inmaculada Donate Carretero,&nbsp;<em>Villa il Gioiello: l&#8217;ultima residenza di Galileo Galilei<\/em><\/a><\/p>\n<p style=\"text-align: justify\"><a href=\"\/racconta-il-tuo-barocco\/francesca-ferrando\/\" title=\"Francesca Ferrando\">Francesca Ferrando,&nbsp;<em>&#8220;Auspice Deo&#8221;. L&#8217;essenza barocca dell&#8217;Albergo dei Poveri<\/em><\/a><\/p>\n<p style=\"text-align: justify\"><a href=\"\/racconta-il-tuo-barocco\/antonella-ferrante\/\" title=\"Antonella Ferrante\">Antonella Ferrante,&nbsp;<em>La mia prima esperienza con il Barocco<\/em><\/a><\/p>\n<p style=\"text-align: justify\"><a href=\"\/racconta-il-tuo-barocco\/flavia-gattiglia\/\" title=\"Flavia Gattiglia\">Flavia Gattiglia,&nbsp;<em>Il gusto del paradosso e del rovesciamento<\/em><\/a><\/p>\n<p style=\"text-align: justify\"><a href=\"\/racconta-il-tuo-barocco\/marco-giroldi\/\" title=\"Marco Giroldi\">Marco Giroldi,&nbsp;<em>Reggio Emilia e Sassuolo sulla strada del Barocco<\/em><\/a><\/p>\n<p style=\"text-align: justify\"><a href=\"\/racconta-il-tuo-barocco\/nuria-gonzalez-barrero\/\" title=\"Nuria Gonz\u00e1lez Barrero\">Nuria Gonz\u00e1lez Barrero,&nbsp;<em>El convento de las Salesas Reales de Madrid<\/em><\/a><\/p>\n<p style=\"text-align: justify\"><a href=\"\/racconta-il-tuo-barocco\/adoracion-gonzalez-perez\/\" title=\"Adoraci\u00f3n Gonz\u00e1lez P\u00e9rez\">Adoraci\u00f3n Gonz\u00e1lez P\u00e9rez,&nbsp;<em>Santiago Bonav\u00eda: pintor, ingeniero y arquitecto del sitio real de Aranjuez en el siglo XVII<\/em><\/a><\/p>\n<p style=\"text-align: justify\"><a href=\"\/racconta-il-tuo-barocco\/carlos-gonzalez-reyes\/\" title=\"Carlos Gonz\u00e1lez Reyes\">Carlos Gonz\u00e1lez Reyes,&nbsp;<em>La natura morta dal maestro di Llerena<\/em><\/a><\/p>\n<p style=\"text-align: justify\"><a href=\"\/racconta-il-tuo-barocco\/celia-gutierrez-baron\/\" title=\"Celia Guti\u00e9rrez Bar\u00f3n\">Celia Guti\u00e9rrez Bar\u00f3n,&nbsp;<em>La Cappella della Santissima Sindone<\/em><\/a><\/p>\n<p style=\"text-align: justify\"><a href=\"\/racconta-il-tuo-barocco\/lucia-gutierrez-gonzalez\/\" title=\"Luc\u00eda Guti\u00e9rrez Gonz\u00e1lez\">Luc\u00eda Guti\u00e9rrez Gonz\u00e1lez,&nbsp;<em>La restauraci\u00f3n escult\u00f3rica en el Barroco<\/em><\/a><\/p>\n<p style=\"text-align: justify\"><a href=\"\/racconta-il-tuo-barocco\/carolina-gutierrez-neira\/\" title=\"Carolina Guti\u00e9rrez-Neira\">Carolina Guti\u00e9rrez-Neira,&nbsp;<em>The pigments on Diego Vel\u00e1zquez paintings<\/em><\/a><\/p>\n<p style=\"text-align: justify\"><a href=\"\/racconta-il-tuo-barocco\/silvia-manzi\/\" title=\"Silvia Manzi\">Silvia Manzi,&nbsp;<em>Postmoderni e nostalgici: il t\u00f2pos del giardino barocco<\/em><\/a><\/p>\n<p style=\"text-align: justify\"><a href=\"\/racconta-il-tuo-barocco\/manuel-matassa\/\" title=\"Manuel Matassa\">Manuel Matassa,&nbsp;<em>Il Barocco leccese e la Basilica di Santa Croce<\/em><\/a><\/p>\n<p style=\"text-align: justify\"><a href=\"\/racconta-il-tuo-barocco\/maricruz-medina-sanchez\/\" title=\"Maricruz Medina S\u00e1nchez\">Maricruz Medina S\u00e1nchez,&nbsp;<em>La rejer\u00eda barroca. La reja de la Colegiata de San Isidro el Real (Madrid)<\/em><\/a><\/p>\n<p style=\"text-align: justify\"><a href=\"\/racconta-il-tuo-barocco\/giacomo-montanari\/\" title=\"Giacomo Montanari\">Giacomo Montanari<\/a><em><a href=\"\/racconta-il-tuo-barocco\/giacomo-montanari\/\" title=\"Giacomo Montanari\">, Il trionfo barocco del mercante genovese<\/a><br \/> <\/em><\/p>\n<p style=\"text-align: justify\"><a href=\"\/racconta-il-tuo-barocco\/giuseppina-palmenta\/\" title=\"Giuseppina Palmenta\">Giuseppina Palmenta,&nbsp;<em>La Cappella del Santissimo Sacramento nel Duomo di Reggio Calabria<\/em><\/a><\/p>\n<p style=\"text-align: justify\"><a href=\"\/racconta-il-tuo-barocco\/giorgia-pasquini\/\" title=\"Giorgia Pasquini\">Giorgia Pasquini,&nbsp;<em>Barossimoro<\/em><\/a><\/p>\n<p style=\"text-align: justify\"><a href=\"\/racconta-il-tuo-barocco\/alberto-perez-camarma\/\" title=\"Alberto P\u00e9rez Camarma\">Alberto P\u00e9rez Camarma,&nbsp;<em>El convento carmelita descalzo de San Pedro de Pastrana<\/em><\/a><\/p>\n<p style=\"text-align: justify\"><a href=\"\/racconta-il-tuo-barocco\/diego-pizzorno\/\" title=\"Diego Pizzorno\">Diego Pizzorno,&nbsp;<em>Gioco nuovo del Turco, del Todesco e del Venetiano<\/em><\/a><\/p>\n<p style=\"text-align: justify\"><a href=\"\/racconta-il-tuo-barocco\/lorenzo-principi\/\" title=\"Lorenzo Principi\">Lorenzo Principi,&nbsp;<em>Le occasioni di Prospero Bresciano in et\u00e0 barocca<\/em><\/a><\/p>\n<p style=\"text-align: justify\"><a href=\"\/racconta-il-tuo-barocco\/marco-ranica\/\" title=\"Marco Ranica\">Marco Ranica,&nbsp;<em>L&#8217;Ossario della chiesa di San Bernardino alle Ossa<\/em><\/a><\/p>\n<p style=\"text-align: justify\"><a href=\"\/racconta-il-tuo-barocco\/andrea-rosado-pos\/\" title=\"Andrea Rosado Pos\">Andrea Rosado Pos,&nbsp;<em>La pintura del Barroco &#8211; Diego Rodr\u00edguez de Silva y Vel\u00e1zquez<\/em><\/a><\/p>\n<p style=\"text-align: justify\"><a href=\"\/racconta-il-tuo-barocco\/roberta-sassano\/\" title=\"Roberta Sassano\">Roberta Sassano,&nbsp;<em>Il Barocco a San Severo: il Santuario della Madonna del Soccorso<\/em><\/a><\/p>\n<p style=\"text-align: justify\"><a href=\"\/racconta-il-tuo-barocco\/ida-triglia\/\" title=\"Ida Triglia\">Ida Triglia,&nbsp;<em>L&#8217;Esploratore turco di Marana: un filtro sul Seicento europeo<\/em><\/a><\/p>\n<p style=\"text-align: justify\"><a href=\"\/racconta-il-tuo-barocco\/maria-turegano\/\" title=\"Mar\u00eda Tur\u00e9gano\">Mar\u00eda Tur\u00e9gano,&nbsp;<em>L&#8217;opera di Vincenzo Carducci<\/em><\/a><\/p>\n<p style=\"text-align: justify\"><a href=\"\/racconta-il-tuo-barocco\/andrea-zappia\/\" title=\"Andrea Zappia\">Andrea Zappia,&nbsp;<em>La vita quotidiana degli schiavi musulmani a Genova nelle tavole di Cornelis De Wael (1647)<\/em><\/a><\/p>\n<\/p><\/div>\n<p><\/p>\n","protected":false},"excerpt":{"rendered":"<p>Tell your Baroque Contributions of the participants to the dissemination week of the ENBaCH project, organized in Teramo from 14th to 17th april 2014 (video): Stefano Boero,&nbsp;S. Filippo Neri all&#8217;Aquila Sara Cavatorti,&nbsp;&#8220;Il predicatore disse ch&#8217;in Spagna vi erano molti crucifissi fatti in questo modo&#8221;. Influssi&hellip;<\/p>\n","protected":false},"author":1,"featured_media":0,"parent":0,"menu_order":0,"comment_status":"closed","ping_status":"closed","template":"","meta":{"footnotes":""},"class_list":["post-5890","page","type-page","status-publish","hentry"],"_links":{"self":[{"href":"https:\/\/digitalhistory.unite.it\/en\/wp-json\/wp\/v2\/pages\/5890","targetHints":{"allow":["GET"]}}],"collection":[{"href":"https:\/\/digitalhistory.unite.it\/en\/wp-json\/wp\/v2\/pages"}],"about":[{"href":"https:\/\/digitalhistory.unite.it\/en\/wp-json\/wp\/v2\/types\/page"}],"author":[{"embeddable":true,"href":"https:\/\/digitalhistory.unite.it\/en\/wp-json\/wp\/v2\/users\/1"}],"replies":[{"embeddable":true,"href":"https:\/\/digitalhistory.unite.it\/en\/wp-json\/wp\/v2\/comments?post=5890"}],"version-history":[{"count":2,"href":"https:\/\/digitalhistory.unite.it\/en\/wp-json\/wp\/v2\/pages\/5890\/revisions"}],"predecessor-version":[{"id":11180,"href":"https:\/\/digitalhistory.unite.it\/en\/wp-json\/wp\/v2\/pages\/5890\/revisions\/11180"}],"wp:attachment":[{"href":"https:\/\/digitalhistory.unite.it\/en\/wp-json\/wp\/v2\/media?parent=5890"}],"curies":[{"name":"wp","href":"https:\/\/api.w.org\/{rel}","templated":true}]}}