{"id":6093,"date":"2021-08-19T22:02:59","date_gmt":"2021-08-19T20:02:59","guid":{"rendered":"https:\/\/digitalhistory.unite.it\/duomo-di-marsala\/"},"modified":"2021-11-23T15:26:26","modified_gmt":"2021-11-23T14:26:26","slug":"duomo-di-marsala","status":"publish","type":"page","link":"https:\/\/digitalhistory.unite.it\/en\/temi\/chiese\/duomo-di-marsala\/","title":{"rendered":"Il Duomo di Marsala"},"content":{"rendered":"<h1>Il Duomo di Marsala <\/h1>\n<div class=\"testo\">\n<p style=\"text-align: justify\"><img loading=\"lazy\" decoding=\"async\" src=\"https:\/\/digitalhistory.unite.it\/wp-content\/uploads\/2021\/08\/marsala_duomo._s.tommaso0-0-__fileminimizer__228x342.jpg\" width=\"228\" height=\"342\" alt=\"Duomo Marsala\" align=\"left\">Secondo la leggenda, una nave diretta in Inghilterra che portava alcune colonne corinzie destinate alla costruzione di un tempio in onore di Thomas Becket, dovette approdare nel porto di <a href=\"#\" class=\"tooltip yellow-tooltip\">Marsala<span>Marsala \u00e8 il comune pi\u00f9 popoloso della provincia di Trapani e il quinto pi\u00f9 popoloso dell&#8217;intera Sicilia. Sorge sulle rovine dell&#8217;antica citt\u00e0 punica di Lilibeo (da cui deriva l&#8217;appellattivo di Lilibetani per i suoi abitanti), ma deve il suo nome al periodo della dominazione araba: Mars-Allah vuol dire infatti &#8220;Porto di Allah&#8221;. \u00c8 celebre soprattuto per lo sbarco di Garibaldi e dei Mille avvenuto l&#8217;11 maggio 1860.<\/span><\/a> a causa del vento avverso. I cittadini, interpretando l&#8217;evento come un segno divino, decisero di impossessarsi di quelle colonne per innalzare una chiesa in onore del santo di Canterbury. Storicamente pi\u00f9 credibile pare invece l&#8217;ipotesi che vuole in Giovanna Plantageneta, moglie di Guglielmo II di Sicilia e figlia di Enrico II d&#8217;Inghilterra (il re che aveva fatto uccidere Becket), colei che promosse il culto del santo inglese sull&#8217;Isola e che ordin\u00f2 la costruzione della Chiesa Madre di Marsala.<\/p>\n<p style=\"text-align: justify\">Senz&#8217;altro iniziati nella seconda met\u00e0 del XII secolo, i lavori di costruzione vennero conclusi e ripresi pi\u00f9 volte nel corso dei secoli. L&#8217;edificio venne notevolmente ampliato tra XVI e XVII secolo, quando assunse la forma e la struttura che possiede ancora oggi. La cupola, crollata nel 1893, venne ricostruita e completata nel 1951.<\/p>\n<p style=\"text-align: justify\">Anche la facciata ha subito vari rimaneggiamenti e cambiamenti fino al XX secolo, mantenendo comunque il suo originario aspetto barocco. \u00c8 divisa in senso orizzontale in cinque settori: nel settore centrale domina il portale principale, delimitato da quattro colonne, mentre ai lati si ergono due portali in stile classico di minori dimensioni. Alle estremit\u00e0 rimangono due nicchie vuote, con cornici riccamente decorate. Nel secondo ordine, ai lati del finestrone centrale, si possono ammirare le bianche statue di San Giovanni Battista, San Tommaso, San Leone e San Gregorio Magno. I due campanili posti agli angoli sono entrambi sormontati da cupole.<\/p>\n<p style=\"text-align: justify\">L&#8217;interno \u00e8 a pianta basilicale, divisa in tre navate. Con il trascorrere dei secoli, il Duomo di Marsala ha raccolto, nelle sue cappelle e sui suoi altari, opere d&#8217;arte e sacre provenienti da chiese siciliane sconsacrate o andate distrutte. Spicca comunque la presenza delle opere di <a href=\"#\" class=\"tooltip yellow-tooltip\">Domenico Gagini<span>Domenico Gagini, o Gaggini (1420 ca.-1492) fu uno scultore svizzero, originario del Canton Ticino. Si stabil\u00ec a Palermo nel 1463, dove rimase fino alla morte e fond\u00f2 una fiorente bottega e una celebre dinastia di artisti siciliani. Tra i suoi figli, il pi\u00f9 talentuoso fu senz&#8217;altro Antonello (1478-1536).<\/span><\/a> e di suo figlio <a href=\"#\" class=\"tooltip yellow-tooltip\">Antonello<span>Antonello Gagini, o Gaggini (1478-1536) fu uno scultore e architetto palermitano del Rinascimento. Figlio di Domenico Gagini, oper\u00f2 soprattutto a Genova, in Calabria e in Sicilia.<\/span><\/a>, gli artisti che introdussero i nuovi temi rinascimentali nell&#8217;ambiente gotico-fiorito siciliano.<\/p>\n<p style=\"text-align: justify\"><a href=\"\/temi\/chiese\/chiese-barocche-di-sassari\/\" title=\"Chiese barocche di Sassari\">&lt;&lt;&lt;&#8212;chiesa precedente<\/a> &nbsp; <a href=\"\/temi\/chiese\/santantonio-abate-a-campobasso\/\" title=\"Sant'Antonio Abate a Campobasso\">chiesa seguente&#8212;&gt;&gt;&gt;<\/a><\/p>\n<\/div>\n<p><\/p>\n","protected":false},"excerpt":{"rendered":"<p>Il Duomo di Marsala Secondo la leggenda, una nave diretta in Inghilterra che portava alcune colonne corinzie destinate alla costruzione di un tempio in onore di Thomas Becket, dovette approdare nel porto di MarsalaMarsala \u00e8 il comune pi\u00f9 popoloso della provincia di Trapani e il&hellip;<\/p>\n","protected":false},"author":1,"featured_media":0,"parent":5816,"menu_order":0,"comment_status":"closed","ping_status":"closed","template":"","meta":{"footnotes":""},"class_list":["post-6093","page","type-page","status-publish","hentry"],"_links":{"self":[{"href":"https:\/\/digitalhistory.unite.it\/en\/wp-json\/wp\/v2\/pages\/6093","targetHints":{"allow":["GET"]}}],"collection":[{"href":"https:\/\/digitalhistory.unite.it\/en\/wp-json\/wp\/v2\/pages"}],"about":[{"href":"https:\/\/digitalhistory.unite.it\/en\/wp-json\/wp\/v2\/types\/page"}],"author":[{"embeddable":true,"href":"https:\/\/digitalhistory.unite.it\/en\/wp-json\/wp\/v2\/users\/1"}],"replies":[{"embeddable":true,"href":"https:\/\/digitalhistory.unite.it\/en\/wp-json\/wp\/v2\/comments?post=6093"}],"version-history":[{"count":3,"href":"https:\/\/digitalhistory.unite.it\/en\/wp-json\/wp\/v2\/pages\/6093\/revisions"}],"predecessor-version":[{"id":10363,"href":"https:\/\/digitalhistory.unite.it\/en\/wp-json\/wp\/v2\/pages\/6093\/revisions\/10363"}],"up":[{"embeddable":true,"href":"https:\/\/digitalhistory.unite.it\/en\/wp-json\/wp\/v2\/pages\/5816"}],"wp:attachment":[{"href":"https:\/\/digitalhistory.unite.it\/en\/wp-json\/wp\/v2\/media?parent=6093"}],"curies":[{"name":"wp","href":"https:\/\/api.w.org\/{rel}","templated":true}]}}