{"id":6095,"date":"2021-08-19T22:02:59","date_gmt":"2021-08-19T20:02:59","guid":{"rendered":"https:\/\/digitalhistory.unite.it\/cattedrale-mazara-del-vallo\/"},"modified":"2021-11-23T15:26:26","modified_gmt":"2021-11-23T14:26:26","slug":"cattedrale-mazara-del-vallo","status":"publish","type":"page","link":"https:\/\/digitalhistory.unite.it\/en\/temi\/chiese\/cattedrale-mazara-del-vallo\/","title":{"rendered":"La cattedrale del Santissimo Salvatore di Mazara del Vallo"},"content":{"rendered":"<h1>La cattedrale del Santissimo Salvatore di Mazara del Vallo <\/h1>\n<div class=\"testo\">\n<p style=\"text-align: justify\"><img loading=\"lazy\" decoding=\"async\" src=\"https:\/\/digitalhistory.unite.it\/wp-content\/uploads\/2021\/08\/mazara_d.v._piazza_s.vito.0030-0-__fileminimizer__227x340.jpg\" width=\"227\" height=\"340\" alt=\"Mazara del Vallo 2\" align=\"left\">Mazara del Vallo, comune della provincia di <a href=\"\/temi\/feste-e-rituali\/i-misteri\/trapani\/\" title=\"Trapani\">Trapani<\/a>, conserva molte preziose testimonianze della sua storia e dell&#8217;evoluzione dell&#8217;arte siciliana nel corso dei secoli. Piazza della Repubblica, in particolare, presenta uno spiccato aspetto barocco e comprende alcuni degli edifici di maggior interesse della citt\u00e0: la basilica cattedrale, il palazzo vescovile, il palazzo del Seminario e il Museo diocesano. Al centro della piazza domina la statua settecentesca di San Vito (foto), patrono di Mazara, realizzata da <a href=\"#\" class=\"tooltip yellow-tooltip\">Ignazio Marabitti<span>Ignazio Marabitti (1719-1797) \u00e8 stato uno scultore palermitano. Guid\u00f2 una fiorente bottega e lavor\u00f2 in molti centri della Sicilia, in particolare nel duomo di Siracusa e nel duomo di Monreale.<\/span><\/a>.<\/p>\n<p style=\"text-align: justify\">La cattedrale del Santissimo Salvatore \u00e8 sede della diocesi di Mazara del Vallo. Fu costruita nel 1093 per volere di Ruggero I d&#8217;Altavilla sul luogo dove in precedenza sorgeva una moschea. L&#8217;edificazione del tempio costituiva l&#8217;adempimento di un voto fatto per la battaglia vinta dai Normanni contro i Saraceni nel 1072. L&#8217;altorilievo posto sopra il portale rappresenta proprio il Gran Conte Ruggero trionfante, con il cavaliere e capitano Giovanni I Grifeo (protagonista assoluto della battaglia) alle sue spalle che lo protegge e guida il resto delle truppe.<\/p>\n<p style=\"text-align: justify\"><img loading=\"lazy\" decoding=\"async\" src=\"https:\/\/digitalhistory.unite.it\/wp-content\/uploads\/2021\/08\/cattedrale_mazara_del_vallo_226x301.jpg\" width=\"226\" height=\"301\" alt=\"Cattedrale Mazara del Vallo\" align=\"left\">L&#8217;aspetto barocco della cattedrale risale per\u00f2 alla seconda met\u00e0 del Seicento, e si deve all&#8217;opera del trapanese Pietro Castro: della struttura originale rimasero, e rimangono tuttora, solo le mura del transetto e l&#8217;abside. L&#8217;interno a pianta basilicale e a croce latina \u00e8 diviso in tre navate da due serie di colonne doriche, che sorreggono volte a crociera. Diverse opere d&#8217;arte vi sono conservate, tra cui: tre sarcofagi di epoca romana, un crocifisso ligneo&nbsp;<span>dipinto<\/span> del XIII secolo, un portale marmoreo del 1525 con le storie di Sant&#8217;Egidio (realizzato dallo scultore carrarese <a href=\"#\" class=\"tooltip yellow-tooltip\">Bartolomeo Berrettaro<span>Bartolomeo Berrettaro (o Berrettari) fu uno scultore di origine carrarese ma attivo in Sicilia nel primo quarto del XVI secolo. Mor\u00ec ad Alcamo nel 1524.<\/span><\/a>), il ciborio marmoreo e gli affreschi di Domenico Giambecchina. Sei statue di marmo (Ges\u00f9 sul monte Tabor, i profeti Mos\u00e8 ed Elia e i discepoli Pietro, Giacomo e Giovanni) compongono inoltre la <em>Trasfigurazione<\/em>, opera di <a href=\"#\" class=\"tooltip yellow-tooltip\">Antonello Gagini<span>Antonello Gagini, o Gaggini (1478-1536) fu uno scultore e architetto palermitano del Rinascimento. Figlio di Domenico Gagini, oper\u00f2 soprattutto a Genova, in Calabria e in Sicilia.<\/span><\/a>.<\/p>\n<p style=\"text-align: justify\">L&#8217;esterno \u00e8 dominato da un imponente campanile. Il portale, chiuso ai lati da colonne in marmo, \u00e8 sovrastato dal gi\u00e0 citato altorilievo, anch&#8217;esso in marmo, realizzato nel XVI secolo. Sopra di esso, \u00e8 ben visibile lo stemma dei <a href=\"\/territori\/percorsi-regionali\/calabria\/vibo-valentia\/borbone\/\" title=\"Borbone\">Borbone<\/a>, mentre la parte alta della facciata \u00e8 dominata da una pregevole finestra tondeggiante, riccamente decorata e sorretta da due angeli.<\/p>\n<p style=\"text-align: justify\"><a href=\"\/temi\/chiese\/santantonio-abate-a-campobasso\/\" title=\"Sant'Antonio Abate a Campobasso\">&lt;&lt;&lt;&#8212;chiesa precedente<\/a> &nbsp; <a href=\"\/temi\/chiese\/la-chiesa-di-san-giuseppe-a-milano\/\" title=\"La chiesa di San Giuseppe a Milano\">chiesa seguente&#8212;&gt;&gt;&gt;<\/a><\/p>\n<\/div>\n<p><\/p>\n","protected":false},"excerpt":{"rendered":"<p>La cattedrale del Santissimo Salvatore di Mazara del Vallo Mazara del Vallo, comune della provincia di Trapani, conserva molte preziose testimonianze della sua storia e dell&#8217;evoluzione dell&#8217;arte siciliana nel corso dei secoli. Piazza della Repubblica, in particolare, presenta uno spiccato aspetto barocco e comprende alcuni&hellip;<\/p>\n","protected":false},"author":1,"featured_media":0,"parent":5816,"menu_order":0,"comment_status":"closed","ping_status":"closed","template":"","meta":{"footnotes":""},"class_list":["post-6095","page","type-page","status-publish","hentry"],"_links":{"self":[{"href":"https:\/\/digitalhistory.unite.it\/en\/wp-json\/wp\/v2\/pages\/6095","targetHints":{"allow":["GET"]}}],"collection":[{"href":"https:\/\/digitalhistory.unite.it\/en\/wp-json\/wp\/v2\/pages"}],"about":[{"href":"https:\/\/digitalhistory.unite.it\/en\/wp-json\/wp\/v2\/types\/page"}],"author":[{"embeddable":true,"href":"https:\/\/digitalhistory.unite.it\/en\/wp-json\/wp\/v2\/users\/1"}],"replies":[{"embeddable":true,"href":"https:\/\/digitalhistory.unite.it\/en\/wp-json\/wp\/v2\/comments?post=6095"}],"version-history":[{"count":3,"href":"https:\/\/digitalhistory.unite.it\/en\/wp-json\/wp\/v2\/pages\/6095\/revisions"}],"predecessor-version":[{"id":10374,"href":"https:\/\/digitalhistory.unite.it\/en\/wp-json\/wp\/v2\/pages\/6095\/revisions\/10374"}],"up":[{"embeddable":true,"href":"https:\/\/digitalhistory.unite.it\/en\/wp-json\/wp\/v2\/pages\/5816"}],"wp:attachment":[{"href":"https:\/\/digitalhistory.unite.it\/en\/wp-json\/wp\/v2\/media?parent=6095"}],"curies":[{"name":"wp","href":"https:\/\/api.w.org\/{rel}","templated":true}]}}