{"id":6105,"date":"2021-08-19T22:02:59","date_gmt":"2021-08-19T20:02:59","guid":{"rendered":"https:\/\/digitalhistory.unite.it\/il-duomo-di-siracusa\/"},"modified":"2021-11-23T15:26:26","modified_gmt":"2021-11-23T14:26:26","slug":"il-duomo-di-siracusa","status":"publish","type":"page","link":"https:\/\/digitalhistory.unite.it\/en\/temi\/chiese\/il-duomo-di-siracusa\/","title":{"rendered":"Il Duomo di Siracusa"},"content":{"rendered":"<h1>Il Duomo di Siracusa <\/h1>\n<div class=\"testo\">\n<p style=\"text-align: justify\"><img loading=\"lazy\" decoding=\"async\" src=\"https:\/\/digitalhistory.unite.it\/wp-content\/uploads\/2021\/08\/siracusa_cattedrale0-0-__fileminimizer__250x167.jpg\" width=\"250\" height=\"167\" alt=\"Siracusa cattedrale\" align=\"left\">Il disastroso terremoto che nel 1693 distrusse&nbsp;<a href=\"\/territori\/percorsi-regionali\/guerra-di-santi\/prima-pagina\/siracusa\/\" title=\"Siracusa\">Siracusa<\/a>&nbsp;segn\u00f2 una svolta anche nella&nbsp;<a href=\"\/territori\/percorsi-regionali\/sicilia-sud-orientale\/siracusa\/la-lunga-storia-del-duomo-di-siracusa\/\" title=\"La lunga storia del Duomo di Siracusa\">storia del Duomo<\/a>&nbsp;cittadino. Lo spoglio e severo interno venne decorato, probabilmente dall&#8217;architetto&nbsp;<a href=\"#\" class=\"tooltip yellow-tooltip\">Pompeo Picherali<span>Architetto, pittore e incisore siracusano, Pompeo Picherali (1670-1743) ha lasciato la sua impronta in molti monumenti della sua citt\u00e0 natale, come le chiese dello Spirito Santo, di Santa Lucia e della Madonna del Carmelo.<\/span><\/a>, con numerosi stucchi, su un denso strato di intonaco. Se questi stucchi, tuttavia, sono stati in seguito rimossi per restituire al Duomo il suo precedente aspetto, altre modifiche introdotte nel corso dei secoli sono tuttora visibili. \u00c8 il caso del grande altare barocco costruito da&nbsp;<a href=\"#\" class=\"tooltip yellow-tooltip\">Giovanni Vermexio<span>Giovanni Vermexio \u00e8 stato il pi\u00f9 importante esponente di una famiglia di architetti di origine spagnola attivi a Siracusa. Mor\u00ec nel 1648.<\/span><\/a>&nbsp;nel 1659 su mandato del vescovo Capobianco, recuperando per la mensa un monolito della trabeazione dell&#8217;antico tempio dorico. Tra le colonne della fastosa edicola \u00e8 inserita una tela raffigurante la&nbsp;<em>Nativit\u00e0 di Maria<\/em>, mentre un elaborato fastigio dai contorni frastagliati e con una cornice circolare al centro \u00e8 posto sopra la trabeazione. Al di l\u00e0 di questa e di altre aggiunte, l&#8217;interno del Duomo di Siracusa si presenta tuttora con una semplice struttura a tre navate, segnata da robusti pilastri. Sui lati \u00e8 possibile notare le colonne doriche dell&#8217;antico tempio di Atena, inglobate nella parete. L&#8217;ambiente \u00e8 debolmente illuminato da finestre centinate nella parte superiore dei muri.<\/p>\n<p style=\"text-align: justify\">Ad introdurre le tre navate vi \u00e8 un atrio, nel quale si aprono tre portali. Il portale centrale \u00e8 inserito fra colonne tortili, con viticci attorno al fusto, di ispirazione pugliese. Nelle nicchie sulle pareti laterali sono inserite le sculture dei domenicani San Lodovico Bertrando e San Vincenzo Ferreri.<\/p>\n<p style=\"text-align: justify\"><img loading=\"lazy\" decoding=\"async\" src=\"https:\/\/digitalhistory.unite.it\/wp-content\/uploads\/2021\/08\/siracusa_cattedrale_010-0-__fileminimizer__227x340.jpg\" width=\"227\" height=\"340\" alt=\"Siracusa cattedrale2\" align=\"left\">Una volta usciti dall&#8217;atrio, l&#8217;esterno dell&#8217;edificio presenta una struttura realizzata in seguito al terremoto del 1693. La facciata barocca venne innalzata tra il 1728 e il 1754 su disegno dell&#8217;architetto&nbsp;<a href=\"\/temi\/feste-e-rituali\/i-misteri\/palermo\/\" title=\"Palermo\">palermitano<\/a>&nbsp;<a href=\"#\" class=\"tooltip yellow-tooltip\">Andrea Palma<span>Andrea Palma (1644-1730) fu un architetto e pittore nativo di Trapani. Fu attivo soprattutto a Palermo, dove mor\u00ec, ma lavor\u00f2 anche a Siracusa ed in particolare alla facciata del duomo.<\/span><\/a>, vincitore del concorso indetto per sostituire la precedente facciata normanna. Forti effetti chiaroscurali caratterizzano il complesso, grazie all&#8217;alternanza di aggetti e rientranze e all&#8217;uso dei fregi decorativi in rilievo. Contribuiscono a dare spessore alla facciata i due ordini sovrapposti di lisce colonne corinzie, che dividono verticalmente il prospetto. Le colonne sono staccate dalla parete, disposte a coppie e su piani sfalsati. Lo stemma del vescovo Tommaso Marini, che fece costruire il primo ordine, \u00e8 inserito in un&#8217;aquila reale (simbolo della potenza militare spagnola), sopra il portale d&#8217;ingresso. Il timpano curvilineo con cornice aggettante, posto al di sopra della trabeazione, si interrompe nella parte centrale per lasciare spazio ad una lapide commemorativa dell&#8217;opera del vescovo Testa, successore di Marini. Due ampie volute collegano l&#8217;ordine inferiore al superiore, costruito a met\u00e0 Settecento su un&#8217;area pi\u00f9 stretta. In esso dominano le statue calcaree della Madonna, nella nicchia centrale, e di Santa Lucia e San Marziano alle estremit\u00e0 laterali, tutte realizzate dallo scultore&nbsp;<a href=\"#\" class=\"tooltip yellow-tooltip\">Ignazio Marabitti<span>Ignazio Marabitti (1719-1797) \u00e8 stato uno scultore palermitano. Guid\u00f2 una fiorente bottega e lavor\u00f2 in molti centri della Sicilia, in particolare nel duomo di Siracusa e nel duomo di Monreale.<\/span><\/a>. Il timpano triangolare con cornici rientranti \u00e8 sormontato dalla croce, accentuando in questo modo la verticalit\u00e0 dell&#8217;edificio. Di Ignazio Marabitti sono anche le statue di San Pietro e San Paolo poste ai lati della gradinata d&#8217;accesso.<\/p>\n<p><a href=\"\/temi\/chiese\/il-duomo-di-catania\/\" title=\"Il Duomo di Catania\">&lt;&lt;&lt;&#8212;chiesa precedente<\/a> &nbsp; <a href=\"\/temi\/chiese\/la-basilica-di-san-sebastiano-ad-acireale\/\" title=\"La Basilica di San Sebastiano ad Acireale\">chiesa seguente&#8212;&gt;&gt;&gt;<\/a><\/p>\n<\/div>\n<p><\/p>\n","protected":false},"excerpt":{"rendered":"<p>Il Duomo di Siracusa Il disastroso terremoto che nel 1693 distrusse&nbsp;Siracusa&nbsp;segn\u00f2 una svolta anche nella&nbsp;storia del Duomo&nbsp;cittadino. Lo spoglio e severo interno venne decorato, probabilmente dall&#8217;architetto&nbsp;Pompeo PicheraliArchitetto, pittore e incisore siracusano, Pompeo Picherali (1670-1743) ha lasciato la sua impronta in molti monumenti della sua citt\u00e0&hellip;<\/p>\n","protected":false},"author":1,"featured_media":0,"parent":5816,"menu_order":0,"comment_status":"closed","ping_status":"closed","template":"","meta":{"footnotes":""},"class_list":["post-6105","page","type-page","status-publish","hentry"],"_links":{"self":[{"href":"https:\/\/digitalhistory.unite.it\/en\/wp-json\/wp\/v2\/pages\/6105","targetHints":{"allow":["GET"]}}],"collection":[{"href":"https:\/\/digitalhistory.unite.it\/en\/wp-json\/wp\/v2\/pages"}],"about":[{"href":"https:\/\/digitalhistory.unite.it\/en\/wp-json\/wp\/v2\/types\/page"}],"author":[{"embeddable":true,"href":"https:\/\/digitalhistory.unite.it\/en\/wp-json\/wp\/v2\/users\/1"}],"replies":[{"embeddable":true,"href":"https:\/\/digitalhistory.unite.it\/en\/wp-json\/wp\/v2\/comments?post=6105"}],"version-history":[{"count":2,"href":"https:\/\/digitalhistory.unite.it\/en\/wp-json\/wp\/v2\/pages\/6105\/revisions"}],"predecessor-version":[{"id":10365,"href":"https:\/\/digitalhistory.unite.it\/en\/wp-json\/wp\/v2\/pages\/6105\/revisions\/10365"}],"up":[{"embeddable":true,"href":"https:\/\/digitalhistory.unite.it\/en\/wp-json\/wp\/v2\/pages\/5816"}],"wp:attachment":[{"href":"https:\/\/digitalhistory.unite.it\/en\/wp-json\/wp\/v2\/media?parent=6105"}],"curies":[{"name":"wp","href":"https:\/\/api.w.org\/{rel}","templated":true}]}}