{"id":6283,"date":"2021-08-20T00:03:15","date_gmt":"2021-08-19T22:03:15","guid":{"rendered":"https:\/\/digitalhistory.unite.it\/napoli\/"},"modified":"2021-11-23T15:26:59","modified_gmt":"2021-11-23T14:26:59","slug":"napoli","status":"publish","type":"page","link":"https:\/\/digitalhistory.unite.it\/en\/territori\/percorsi-regionali\/il-barocco-in-provincia-de-laquila\/bugnara\/napoli\/","title":{"rendered":"Napoli"},"content":{"rendered":"<h1>Napoli <\/h1>\n<div class=\"testo\">\n<p style=\"text-align: justify\"><img loading=\"lazy\" decoding=\"async\" src=\"https:\/\/digitalhistory.unite.it\/wp-content\/uploads\/2021\/08\/napoli_250x159.jpg\" width=\"250\" height=\"159\" alt=\"Napoli\" align=\"left\">Napoli &#8211; capitale dell&#8217;omonimo Regno &#8211; fu una delle citt\u00e0 pi\u00f9 ricche e popolose dell&#8217;Europa barocca. Nel corso del Cinquecento essa sub\u00ec una profonda riorganizzazione urbanistica e vide raddoppiare la propria popolazione che, durante il secolo successivo, super\u00f2 i 300.000 abitanti, rendendo Napoli la seconda citt\u00e0 europea pi\u00f9 popolosa dopo Parigi. A Napoli risiedevano il vicer\u00e9 che governava per conto del lontano sovrano e tutti gli organismi preposti alla gestione amministrativa, finanziaria e giudiziaria del Regno. Il governo municipale era esercitato dalla Giunta (o Tribunale) di San Lorenzo (dal nome della chiesa in cui si riuniva), formato dai cosiddetti &#8220;eletti&#8221;: i rappresentanti delle cinque circoscrizioni in cui era diviso il patriziato napoletano, chiamate &#8220;piazze&#8221;, &#8220;sedili&#8221; o &#8220;seggi&#8221; (Capuana, Nido, Montagna, Porto e Portanova). A costoro si aggiungeva un &#8220;eletto&#8221; del popolo. Nel XVII secolo, Napoli venne scossa da eventi naturali (l&#8217;eruzione del Vesuvio del 1631), da rivolte (la cosiddetta rivolta di Masaniello nel 1647-48) e da tremende epidemie (la peste del 1656-57). Con l&#8217;estinzione degli Asburgo d&#8217;Austria, la citt\u00e0 pass\u00f2 per alcuni anni sotto il dominio austriaco, salvo poi rientrare, a partire dal 1734, nei possedimenti dei nuovi re di Spagna, i Borbone.<\/p>\n<\/div>\n<p><\/p>\n","protected":false},"excerpt":{"rendered":"<p>Napoli Napoli &#8211; capitale dell&#8217;omonimo Regno &#8211; fu una delle citt\u00e0 pi\u00f9 ricche e popolose dell&#8217;Europa barocca. Nel corso del Cinquecento essa sub\u00ec una profonda riorganizzazione urbanistica e vide raddoppiare la propria popolazione che, durante il secolo successivo, super\u00f2 i 300.000 abitanti, rendendo Napoli la&hellip;<\/p>\n","protected":false},"author":1,"featured_media":0,"parent":6030,"menu_order":0,"comment_status":"closed","ping_status":"closed","template":"","meta":{"footnotes":""},"class_list":["post-6283","page","type-page","status-publish","hentry"],"_links":{"self":[{"href":"https:\/\/digitalhistory.unite.it\/en\/wp-json\/wp\/v2\/pages\/6283","targetHints":{"allow":["GET"]}}],"collection":[{"href":"https:\/\/digitalhistory.unite.it\/en\/wp-json\/wp\/v2\/pages"}],"about":[{"href":"https:\/\/digitalhistory.unite.it\/en\/wp-json\/wp\/v2\/types\/page"}],"author":[{"embeddable":true,"href":"https:\/\/digitalhistory.unite.it\/en\/wp-json\/wp\/v2\/users\/1"}],"replies":[{"embeddable":true,"href":"https:\/\/digitalhistory.unite.it\/en\/wp-json\/wp\/v2\/comments?post=6283"}],"version-history":[{"count":3,"href":"https:\/\/digitalhistory.unite.it\/en\/wp-json\/wp\/v2\/pages\/6283\/revisions"}],"predecessor-version":[{"id":10718,"href":"https:\/\/digitalhistory.unite.it\/en\/wp-json\/wp\/v2\/pages\/6283\/revisions\/10718"}],"up":[{"embeddable":true,"href":"https:\/\/digitalhistory.unite.it\/en\/wp-json\/wp\/v2\/pages\/6030"}],"wp:attachment":[{"href":"https:\/\/digitalhistory.unite.it\/en\/wp-json\/wp\/v2\/media?parent=6283"}],"curies":[{"name":"wp","href":"https:\/\/api.w.org\/{rel}","templated":true}]}}