{"id":6288,"date":"2021-08-20T00:03:16","date_gmt":"2021-08-19T22:03:16","guid":{"rendered":"https:\/\/digitalhistory.unite.it\/corte\/"},"modified":"2021-11-23T15:27:08","modified_gmt":"2021-11-23T14:27:08","slug":"corte","status":"publish","type":"page","link":"https:\/\/digitalhistory.unite.it\/en\/territori\/percorsi-regionali\/le-plazas-mayores-spagnole-e-il-barocco\/la-plaza-mayor-di-madrid\/corte\/","title":{"rendered":"Corte"},"content":{"rendered":"<h1>Corte <\/h1>\n<div class=\"testo\">\n<p style=\"text-align: justify\"><img loading=\"lazy\" decoding=\"async\" src=\"https:\/\/digitalhistory.unite.it\/wp-content\/uploads\/2021\/08\/louis14-versailles1685__fileminimizer__342x182.jpg\" width=\"342\" height=\"182\" alt=\"Corte\" align=\"left\">Il termine &#8220;corte&#8221; indica la residenza del sovrano e, per estensione, della sua famiglia e del loro seguito, i cortigiani, ovvero di quelle persone che ricoprono, spesso in modo indistinto, incarichi domestici e di governo. Il caso pi\u00f9 noto di corte itinerante \u00e8 quello di Carlo V (1500-1558), che amava spostarsi nei suoi domini dando vita ad una corte itinerante, cosmopolita e poliglotta. In et\u00e0 moderna la corte precis\u00f2 la sua fisionomia rispetto al passato, formalizzando i requisiti di ammissione, le funzioni dei suoi attori e il suo cerimoniale. Le antiche funzioni domestiche si trasformarono in un sistema di cariche e dignit\u00e0 di governo. Centro della vita politica, la corte rappresentava uno spazio istituzionale e simbolico, ammantato da un&#8217;atmosfera di sacralit\u00e0 e deferenza, apice e metafora della rigida gerarchia delle societ\u00e0 d&#8217;antico regime. Un passaggio fondamentale per giungere ad una tale configurazione \u00e8 rappresentato dalla diffusione del cosiddetto &#8220;cerimoniale borgognone&#8221;: una particolare e fortunata versione dell&#8217;etichetta di corte, introdotto a met\u00e0 Cinquecento in quella spagnola e diffusosi in seguito nella maggior parte delle corti europee. In base alle sue prescrizioni, i nobili che risiedevano a corte avevano il privilegio di svolgere mansioni domestiche al servizio del re: lo aiutavano a lavarsi e a vestirsi, lo accompagnavano nelle cavalcate e a caccia, assistevano ai suoi pasti etc. Il tutto seguendo un rituale ed una gestualit\u00e0 pensati per esaltare la sacralit\u00e0 del corpo del sovrano.<\/p>\n<\/div>\n<p><\/p>\n","protected":false},"excerpt":{"rendered":"<p>Corte Il termine &#8220;corte&#8221; indica la residenza del sovrano e, per estensione, della sua famiglia e del loro seguito, i cortigiani, ovvero di quelle persone che ricoprono, spesso in modo indistinto, incarichi domestici e di governo. Il caso pi\u00f9 noto di corte itinerante \u00e8 quello&hellip;<\/p>\n","protected":false},"author":1,"featured_media":0,"parent":6011,"menu_order":0,"comment_status":"closed","ping_status":"closed","template":"","meta":{"footnotes":""},"class_list":["post-6288","page","type-page","status-publish","hentry"],"_links":{"self":[{"href":"https:\/\/digitalhistory.unite.it\/en\/wp-json\/wp\/v2\/pages\/6288","targetHints":{"allow":["GET"]}}],"collection":[{"href":"https:\/\/digitalhistory.unite.it\/en\/wp-json\/wp\/v2\/pages"}],"about":[{"href":"https:\/\/digitalhistory.unite.it\/en\/wp-json\/wp\/v2\/types\/page"}],"author":[{"embeddable":true,"href":"https:\/\/digitalhistory.unite.it\/en\/wp-json\/wp\/v2\/users\/1"}],"replies":[{"embeddable":true,"href":"https:\/\/digitalhistory.unite.it\/en\/wp-json\/wp\/v2\/comments?post=6288"}],"version-history":[{"count":3,"href":"https:\/\/digitalhistory.unite.it\/en\/wp-json\/wp\/v2\/pages\/6288\/revisions"}],"predecessor-version":[{"id":10809,"href":"https:\/\/digitalhistory.unite.it\/en\/wp-json\/wp\/v2\/pages\/6288\/revisions\/10809"}],"up":[{"embeddable":true,"href":"https:\/\/digitalhistory.unite.it\/en\/wp-json\/wp\/v2\/pages\/6011"}],"wp:attachment":[{"href":"https:\/\/digitalhistory.unite.it\/en\/wp-json\/wp\/v2\/media?parent=6288"}],"curies":[{"name":"wp","href":"https:\/\/api.w.org\/{rel}","templated":true}]}}