{"id":6301,"date":"2021-08-20T00:03:17","date_gmt":"2021-08-19T22:03:17","guid":{"rendered":"https:\/\/digitalhistory.unite.it\/guarnieri\/"},"modified":"2021-11-23T17:45:08","modified_gmt":"2021-11-23T16:45:08","slug":"guarnieri","status":"publish","type":"page","link":"https:\/\/digitalhistory.unite.it\/en\/who-we-are\/guarnieri\/","title":{"rendered":"Luigi Guarnieri Cal\u00f2 Carducci"},"content":{"rendered":"<h1>Luigi Guarnieri Cal\u00f2 Carducci <\/h1>\n<div class=\"testo\">\n<p style=\"text-align: justify\"><img loading=\"lazy\" decoding=\"async\" src=\"https:\/\/digitalhistory.unite.it\/wp-content\/uploads\/2021\/08\/foto_guarnieri_188x212.jpg\" width=\"188\" height=\"212\" alt=\"Guarnieri\" align=\"left\">Luigi Guarnieri Cal\u00f2 Carducci is researcher of History of Latin America at Political Sciences Faculty of Teramo, Italy. He took a research doctorate in History of Political Thought, Political Institutions and Political Philosopy at University &#8220;La Sapienza&#8221;, Rome. He teaches at the Degree and M.A. Course of Political Science in Teramo, and History of the Americas at the M.A. Course in International Relations at Luiss University &#8220;Guido Carli&#8221;, Rome. He is the author of several books, including <em>La questione indigena in Per\u00f9<\/em>, Roma, Bulzoni, 2010; <em>Idolatria e identit\u00e0 creola in Per\u00f9<\/em>, Roma, Viella, 2007; <em>Dizionario storico-biografico degli italiani in Ecuador e in Bolivia<\/em>, Bologna, Il Mulino, 2001; <em>Nuovo Mondo e ordine politico. La Compagnia di Ges\u00f9 in Per\u00f9 e l&#8217;attivit\u00e0 di Jos\u00e9 de Acosta<\/em>, Rimini, Il Cerchio, 1997.<\/p>\n<\/p><\/div>\n<p><\/p>\n","protected":false},"excerpt":{"rendered":"<p>Luigi Guarnieri Cal\u00f2 Carducci Luigi Guarnieri Cal\u00f2 Carducci is researcher of History of Latin America at Political Sciences Faculty of Teramo, Italy. He took a research doctorate in History of Political Thought, Political Institutions and Political Philosopy at University &#8220;La Sapienza&#8221;, Rome. He teaches at&hellip;<\/p>\n","protected":false},"author":1,"featured_media":0,"parent":5885,"menu_order":0,"comment_status":"closed","ping_status":"closed","template":"","meta":{"footnotes":""},"class_list":["post-6301","page","type-page","status-publish","hentry"],"_links":{"self":[{"href":"https:\/\/digitalhistory.unite.it\/en\/wp-json\/wp\/v2\/pages\/6301","targetHints":{"allow":["GET"]}}],"collection":[{"href":"https:\/\/digitalhistory.unite.it\/en\/wp-json\/wp\/v2\/pages"}],"about":[{"href":"https:\/\/digitalhistory.unite.it\/en\/wp-json\/wp\/v2\/types\/page"}],"author":[{"embeddable":true,"href":"https:\/\/digitalhistory.unite.it\/en\/wp-json\/wp\/v2\/users\/1"}],"replies":[{"embeddable":true,"href":"https:\/\/digitalhistory.unite.it\/en\/wp-json\/wp\/v2\/comments?post=6301"}],"version-history":[{"count":2,"href":"https:\/\/digitalhistory.unite.it\/en\/wp-json\/wp\/v2\/pages\/6301\/revisions"}],"predecessor-version":[{"id":11829,"href":"https:\/\/digitalhistory.unite.it\/en\/wp-json\/wp\/v2\/pages\/6301\/revisions\/11829"}],"up":[{"embeddable":true,"href":"https:\/\/digitalhistory.unite.it\/en\/wp-json\/wp\/v2\/pages\/5885"}],"wp:attachment":[{"href":"https:\/\/digitalhistory.unite.it\/en\/wp-json\/wp\/v2\/media?parent=6301"}],"curies":[{"name":"wp","href":"https:\/\/api.w.org\/{rel}","templated":true}]}}