{"id":6322,"date":"2021-08-20T00:03:17","date_gmt":"2021-08-19T22:03:17","guid":{"rendered":"https:\/\/digitalhistory.unite.it\/francisco-del-rincons-elevacion-de-la-cruz\/"},"modified":"2021-11-23T15:28:12","modified_gmt":"2021-11-23T14:28:12","slug":"francisco-del-rincons-elevacion-de-la-cruz","status":"publish","type":"page","link":"https:\/\/digitalhistory.unite.it\/en\/territories\/urban-routes\/museo-nacional-de-escultura-of-valladolid\/francisco-del-rincons-elevacion-de-la-cruz\/","title":{"rendered":"Francisco del Rinc\u00f3n&#8217;s &#8220;La Elevaci\u00f3n de la Cruz&#8221;"},"content":{"rendered":"<h1>Francisco del Rinc\u00f3n&#8217;s &#8220;La Elevaci\u00f3n de la Cruz&#8221; <\/h1>\n<div class=\"testo\">\n<p style=\"text-align: justify\">Mar\u00eda Bola\u00f1os Atienza, Director of the National Sculpture Museum of <a href=\"\/en\/territories\/urban-routes\/valladolid\/the-church-of-san-pablo\/valladolid\/\" title=\"Valladolid\">Valladolid<\/a>, shows us one of the most important works preserved in the permanent exhibition at the Museum.<\/p>\n<p style=\"text-align: justify\">The theatrical and spectacular size which characterises all the arts in the Baroque period is particularly evident during the <a href=\"\/en\/themes\/festivals\/the-holy-week-of-valladolid\/\" title=\"The Holy Week of Valladolid\">processions of Holy Week<\/a>, one of the characteristic components of Spanish religiosity. The representation of the main episodes of the Passion of Christ was staged through the <em>pasos<\/em>, taken in procession by the faithful. <a href=\"#\" class=\"tooltip yellow-tooltip\">Francisco del Rinc\u00f3n<span>Francisco del Rinc\u00f3n (1567-1608) was one of the first great masters of Spanish Baroque and the Castilian school of sculpture. A master or perhaps just a friend of Gregorio Fern\u00e1ndez&#8217;s, who introduced to the court of Philip III, he was also one of the first creators of processional pageants (<em>pasos<\/em>) used in the celebrations of Holy Week in the baroque period. Some of his major works are preserved in the <em>Museo Nacional de Escultura<\/em> of Valladolid.<\/span><\/a> was one of the first sculptors of wood to devote himself to the creation of <em>pasos<\/em>. In the <em>Elevaci\u00f3n de la Cruz<\/em> there are the two thieves waiting to be crucified with Jesus, while five figures raise the cross. There is also a certain mannerist component, evident for example in the unusual position of the two figures placed before the cross that pull the ropes, bent backwards looking for a point of equilibrium. This and other details give the whole a sense of vitality and realism. The <em>pasos<\/em> are the perfect symbol of that &#8220;art for the masses,&#8221; or art for the people, which is another essential element of culture and sensitivity of the Baroque.<\/p>\n<p style=\"text-align: justify\"><a href=\"\/en\/territories\/urban-routes\/museo-nacional-de-escultura-of-valladolid\/gregorio-fernandezs-saint-teresa-of-jesus\/\" title=\"Gregorio Fern\u00e1ndez's &quot;Saint Teresa of Jesus&quot;\">&lt;&lt;&lt;&#8212;previous page<\/a> &nbsp; <a href=\"\/en\/territories\/urban-routes\/museo-nacional-de-escultura-of-valladolid\/juan-de-roelass-alegoria-de-la-virgen-inmaculada\/\" title=\"Juan de Roelas's &quot;Alegor\u00eda de la Virgen Inmaculada&quot;\"> next page&#8212;&gt;&gt;&gt;<\/a><\/p>\n<\/p><\/div>\n<p><\/p>\n","protected":false},"excerpt":{"rendered":"<p>Francisco del Rinc\u00f3n&#8217;s &#8220;La Elevaci\u00f3n de la Cruz&#8221; Mar\u00eda Bola\u00f1os Atienza, Director of the National Sculpture Museum of Valladolid, shows us one of the most important works preserved in the permanent exhibition at the Museum. The theatrical and spectacular size which characterises all the arts&hellip;<\/p>\n","protected":false},"author":1,"featured_media":0,"parent":7126,"menu_order":0,"comment_status":"closed","ping_status":"closed","template":"","meta":{"footnotes":""},"class_list":["post-6322","page","type-page","status-publish","hentry"],"_links":{"self":[{"href":"https:\/\/digitalhistory.unite.it\/en\/wp-json\/wp\/v2\/pages\/6322","targetHints":{"allow":["GET"]}}],"collection":[{"href":"https:\/\/digitalhistory.unite.it\/en\/wp-json\/wp\/v2\/pages"}],"about":[{"href":"https:\/\/digitalhistory.unite.it\/en\/wp-json\/wp\/v2\/types\/page"}],"author":[{"embeddable":true,"href":"https:\/\/digitalhistory.unite.it\/en\/wp-json\/wp\/v2\/users\/1"}],"replies":[{"embeddable":true,"href":"https:\/\/digitalhistory.unite.it\/en\/wp-json\/wp\/v2\/comments?post=6322"}],"version-history":[{"count":2,"href":"https:\/\/digitalhistory.unite.it\/en\/wp-json\/wp\/v2\/pages\/6322\/revisions"}],"predecessor-version":[{"id":11496,"href":"https:\/\/digitalhistory.unite.it\/en\/wp-json\/wp\/v2\/pages\/6322\/revisions\/11496"}],"up":[{"embeddable":true,"href":"https:\/\/digitalhistory.unite.it\/en\/wp-json\/wp\/v2\/pages\/7126"}],"wp:attachment":[{"href":"https:\/\/digitalhistory.unite.it\/en\/wp-json\/wp\/v2\/media?parent=6322"}],"curies":[{"name":"wp","href":"https:\/\/api.w.org\/{rel}","templated":true}]}}