{"id":6323,"date":"2021-08-20T00:03:18","date_gmt":"2021-08-19T22:03:18","guid":{"rendered":"https:\/\/digitalhistory.unite.it\/juan-de-roelass-alegoria-de-la-virgen-inmaculada\/"},"modified":"2021-11-23T15:28:12","modified_gmt":"2021-11-23T14:28:12","slug":"juan-de-roelass-alegoria-de-la-virgen-inmaculada","status":"publish","type":"page","link":"https:\/\/digitalhistory.unite.it\/en\/territories\/urban-routes\/museo-nacional-de-escultura-of-valladolid\/juan-de-roelass-alegoria-de-la-virgen-inmaculada\/","title":{"rendered":"Juan de Roelas&#8217;s &#8220;Alegor\u00eda de la Virgen Inmaculada&#8221;"},"content":{"rendered":"<h1>Juan de Roelas&#8217;s &#8220;Alegor\u00eda de la Virgen Inmaculada&#8221; <\/h1>\n<div class=\"testo\">\n<p style=\"text-align: justify\">Mar\u00eda Bola\u00f1os Atienza, Director of the National Sculpture Museum of <a href=\"\/en\/territories\/urban-routes\/valladolid\/the-church-of-san-pablo\/valladolid\/\" title=\"Valladolid\">Valladolid<\/a>, shows us one of the most important works preserved in the permanent exhibition at the Museum.<\/p>\n<p style=\"text-align: justify\">In the period following the conclusion of the <a href=\"\/en\/territories\/urban-routes\/lecce\/piazza-santoronzo\/council-of-trent\/\" title=\"Council of Trent\">Council of Trent<\/a>, the theological debate intensfied about the figure of the Virgin Mary, and in particular about her Immaculate Conception, that is, at its birth without original sin. The debate was strongly felt in Spain and had social and political repercussions. The <em>Alegor\u00eda de la Virgen Inmaculada<\/em> by <a href=\"#\" class=\"tooltip yellow-tooltip\">Juan de Roelas<span>Juan de Roelas (1570-1625) was a painter of Flemish origin. He was active in Spain in Valladolid , Seville and Madrid. His art shows a clear influence of the Venetian school and Mannerism. He died in Olivares.<\/span><\/a>, painted in the style and model of Venetian art, depicts a large gathering that was held in <a href=\"\/en\/territories\/urban-routes\/museo-nacional-de-escultura-of-valladolid\/juan-de-roelass-alegoria-de-la-virgen-inmaculada\/seville\/\" title=\"Seville\">Seville<\/a> in 1615 in homage to the Immaculate Conception. The painter depicts the common people and the nobility, in the lower part of the painting itself, which all flocked to the event. At the center is the figure of the Madonna surrounded by saints, patriarchs and church fathers, while from on high divine light illuminates the entire scene.<\/p>\n<p style=\"text-align: justify\"><a href=\"\/en\/territories\/urban-routes\/museo-nacional-de-escultura-of-valladolid\/francisco-del-rincons-elevacion-de-la-cruz\/\" title=\"Francisco del Rinc\u00f3n's &quot;Elevaci\u00f3n de la Cruz&quot;\">&lt;&lt;&lt;&#8212;previous page<\/a> &nbsp; <a href=\"\/en\/territories\/urban-routes\/\" title=\"Urban routes\">back to index&#8212;&gt;&gt;&gt;<\/a><\/p>\n<\/div>\n","protected":false},"excerpt":{"rendered":"<p>Juan de Roelas&#8217;s &#8220;Alegor\u00eda de la Virgen Inmaculada&#8221; Mar\u00eda Bola\u00f1os Atienza, Director of the National Sculpture Museum of Valladolid, shows us one of the most important works preserved in the permanent exhibition at the Museum. In the period following the conclusion of the Council of&hellip;<\/p>\n","protected":false},"author":1,"featured_media":0,"parent":7126,"menu_order":0,"comment_status":"closed","ping_status":"closed","template":"","meta":{"footnotes":""},"class_list":["post-6323","page","type-page","status-publish","hentry"],"_links":{"self":[{"href":"https:\/\/digitalhistory.unite.it\/en\/wp-json\/wp\/v2\/pages\/6323","targetHints":{"allow":["GET"]}}],"collection":[{"href":"https:\/\/digitalhistory.unite.it\/en\/wp-json\/wp\/v2\/pages"}],"about":[{"href":"https:\/\/digitalhistory.unite.it\/en\/wp-json\/wp\/v2\/types\/page"}],"author":[{"embeddable":true,"href":"https:\/\/digitalhistory.unite.it\/en\/wp-json\/wp\/v2\/users\/1"}],"replies":[{"embeddable":true,"href":"https:\/\/digitalhistory.unite.it\/en\/wp-json\/wp\/v2\/comments?post=6323"}],"version-history":[{"count":2,"href":"https:\/\/digitalhistory.unite.it\/en\/wp-json\/wp\/v2\/pages\/6323\/revisions"}],"predecessor-version":[{"id":11499,"href":"https:\/\/digitalhistory.unite.it\/en\/wp-json\/wp\/v2\/pages\/6323\/revisions\/11499"}],"up":[{"embeddable":true,"href":"https:\/\/digitalhistory.unite.it\/en\/wp-json\/wp\/v2\/pages\/7126"}],"wp:attachment":[{"href":"https:\/\/digitalhistory.unite.it\/en\/wp-json\/wp\/v2\/media?parent=6323"}],"curies":[{"name":"wp","href":"https:\/\/api.w.org\/{rel}","templated":true}]}}