{"id":6338,"date":"2021-08-20T00:03:20","date_gmt":"2021-08-19T22:03:20","guid":{"rendered":"https:\/\/digitalhistory.unite.it\/piazza-marina-and-the-departure-of-the-viceroy\/"},"modified":"2021-11-23T15:28:11","modified_gmt":"2021-11-23T14:28:11","slug":"piazza-marina-and-the-departure-of-the-viceroy","status":"publish","type":"page","link":"https:\/\/digitalhistory.unite.it\/en\/territories\/urban-routes\/palermo-and-the-viceroys\/piazza-marina-and-the-departure-of-the-viceroy\/","title":{"rendered":"Piazza Marina and the departure of the viceroy"},"content":{"rendered":"<h1>Piazza Marina and the departure of the viceroy <\/h1>\n<div class=\"testo\">\n<p style=\"text-align: justify\"><img loading=\"lazy\" decoding=\"async\" src=\"https:\/\/digitalhistory.unite.it\/wp-content\/uploads\/2021\/08\/figura_46_226x305.jpg\" width=\"226\" height=\"305\" alt=\"Cavalieri 1\" align=\"left\">After the octagon, the path continues along the <a href=\"#\" class=\"tooltip yellow-tooltip\"><em>Cassaro<\/em><span>The road is the result of decades of hard work. It began on the opposite side of the city, where there are the Royal Palace and the Cathedral, in 1567. The work continued in stages, with a certain slowness, because it was to demolish most of the buildings that are located on the street towards the port. All was concluded only in the early eighties of the sixteenth century.<\/span><\/a> to <em>piazza Marina<\/em>, a large open space now occupied by the greenery of <em>Villa Garibaldi<\/em> but in the past used for all kinds of events. Today, for us, one of the many knightly tournaments that fascinate the people of Palermo is performed. From the nearby palace of Aiutamjcristo, from 1567 the seat of the Academy of the Knights &#8211; a school where gentlemen can learn martial arts but also good manners &#8211; the competitors advance. The extravagance of the clothes is due to the fact that not only the most talented and daring, but also the most elegant and imaginative are entitled to a prize. So <em>piazza Marina<\/em> is transformed into a colorful battlefield (figure 2).<\/p>\n<p style=\"text-align: justify\">The viceroy must reward not only \u00abquel Cavaliere, che romper\u00e0 pi\u00f9 lance, e far\u00e0 il meglio nell&#8217;incontrare\u00bb&#8221; that is the best rider from the athletic point of view, but also the one who \u00abprima di tutti comparir\u00e0 in campo\u00bb, the \u00abpi\u00f9 galante di persona e di cavallo\u00bb, the protagonist of the most spectacular battle, the \u00abcavaliere che porter\u00e0 nel cimiero pi\u00f9 bella e nuova invenzione\u00bb (figure 1), the most elegant and curious feat. In this way, the party becomes an authentically political occasion: the people are fascinated by the splendor of the entertainment, the noble knights can win prizes in the competition which will allow them to eliminate dissent in other contexts. That night many will return home satisfied.<\/p>\n<p style=\"text-align: justify\"><img loading=\"lazy\" decoding=\"async\" src=\"https:\/\/digitalhistory.unite.it\/wp-content\/uploads\/2021\/08\/figura_47_227x317.jpg\" width=\"227\" height=\"317\" alt=\"Giostra cavalleresca\" align=\"left\">\u00abOltre il lustro di quest&#8217;armi, entra in gran parte la bellezza del Cimiero, che spogliando di pretiose penne i pi\u00f9 singolari augelli, hor del Pavone, dello Struzzo del Cigno, ed altri; anzi togliendo al mare le perle, i coralli, ne forma una grande, e maestosa Cresta, e spesso al costume pi\u00f9 moderno nel quale \u00e8 cresciuta la pompa, e la ricchezza, s&#8217;intrecciano in varie, e dilettose maniere d&#8217;inventioni, che s&#8217;alzano in certe quasi dissi capricciose, e superbe machine, che si drizzano, e sollevano in aria\u00bb (V. Auria, <em>La giostra. Discorso historico del dottor D. Vincenzo Auria Palermitano sopra l&#8217;Origine della Giostra in varie parti dell&#8217;Europa, e della sua Introduttione, ed uso antico, e moderno nella Felice, e Fedelissima Citt\u00e0 di Palermo, Reggia di Sicilia, fino a quest&#8217;Anno presente MDCLXXXX<\/em>, Palermo, 1690).<\/p>\n<p style=\"text-align: justify\"><em>Piazza Marina<\/em> is just off the pier. It is here that the viceroy landed, and it is from there that often he will depart from <a href=\"\/en\/territories\/international-routes\/genoa\/a-rich-and-powerful-community\/palermo\/\" title=\"Palermo\">Palermo<\/a>, in the early dawn, often without any ceremony. But the workers are already working to build new equipment made of wood, plaster and papier mache to celebrate the new viceroy whose ship is already approaching the coast.<\/p>\n<p><a href=\"\/en\/territories\/urban-routes\/palermo-and-the-viceroys\/porta-nuova-the-palace-of-the-normans-and-the-quattro-canti\/\" title=\"Porta Nuova, the Palace of the Normans and the Quattro Canti\"> &lt;&lt;&lt;&#8212;previous page<\/a> &nbsp; <a href=\"\/en\/territories\/urban-routes\/\" title=\"Urban routes\">back to index&#8212;&gt;&gt;&gt;<\/a><\/p>\n<\/p><\/div>\n<p><\/p>\n","protected":false},"excerpt":{"rendered":"<p>Piazza Marina and the departure of the viceroy After the octagon, the path continues along the CassaroThe road is the result of decades of hard work. It began on the opposite side of the city, where there are the Royal Palace and the Cathedral, in&hellip;<\/p>\n","protected":false},"author":1,"featured_media":0,"parent":7151,"menu_order":0,"comment_status":"closed","ping_status":"closed","template":"","meta":{"footnotes":""},"class_list":["post-6338","page","type-page","status-publish","hentry"],"_links":{"self":[{"href":"https:\/\/digitalhistory.unite.it\/en\/wp-json\/wp\/v2\/pages\/6338","targetHints":{"allow":["GET"]}}],"collection":[{"href":"https:\/\/digitalhistory.unite.it\/en\/wp-json\/wp\/v2\/pages"}],"about":[{"href":"https:\/\/digitalhistory.unite.it\/en\/wp-json\/wp\/v2\/types\/page"}],"author":[{"embeddable":true,"href":"https:\/\/digitalhistory.unite.it\/en\/wp-json\/wp\/v2\/users\/1"}],"replies":[{"embeddable":true,"href":"https:\/\/digitalhistory.unite.it\/en\/wp-json\/wp\/v2\/comments?post=6338"}],"version-history":[{"count":2,"href":"https:\/\/digitalhistory.unite.it\/en\/wp-json\/wp\/v2\/pages\/6338\/revisions"}],"predecessor-version":[{"id":11489,"href":"https:\/\/digitalhistory.unite.it\/en\/wp-json\/wp\/v2\/pages\/6338\/revisions\/11489"}],"up":[{"embeddable":true,"href":"https:\/\/digitalhistory.unite.it\/en\/wp-json\/wp\/v2\/pages\/7151"}],"wp:attachment":[{"href":"https:\/\/digitalhistory.unite.it\/en\/wp-json\/wp\/v2\/media?parent=6338"}],"curies":[{"name":"wp","href":"https:\/\/api.w.org\/{rel}","templated":true}]}}