{"id":6340,"date":"2021-08-20T00:03:20","date_gmt":"2021-08-19T22:03:20","guid":{"rendered":"https:\/\/digitalhistory.unite.it\/ignatius-of-loyola-and-his-legacy-in-the-hospital-de-antezana\/"},"modified":"2021-11-23T15:28:06","modified_gmt":"2021-11-23T14:28:06","slug":"ignatius-of-loyola-and-his-legacy-in-the-hospital-de-antezana","status":"publish","type":"page","link":"https:\/\/digitalhistory.unite.it\/en\/territories\/urban-routes\/alcala-de-henares\/ignatius-of-loyola-and-his-legacy-in-the-hospital-de-antezana\/","title":{"rendered":"Ignatius of Loyola and his legacy in the Hospital de Antezana"},"content":{"rendered":"<h1>Ignatius of Loyola and his legacy in the Hospital de Antezana <\/h1>\n<div class=\"testo\">\n<p style=\"text-align: justify\"><img loading=\"lazy\" decoding=\"async\" src=\"https:\/\/digitalhistory.unite.it\/wp-content\/uploads\/2021\/08\/antezana2_280x153.jpg\" width=\"280\" height=\"153\" alt=\"Antezana2\" align=\"left\">Attracted by the new idea of education offered by the University founded by <a href=\"\/en\/territories\/urban-routes\/alcala-de-henares\/alcala-de-henares-the-town-of-cisneros-cervantes-and-the-jesuits\/francisco-jimenez-de-cisneros\/\" title=\"Francisco Jim\u00e9nez de Cisneros\">Cisneros<\/a>, <a href=\"\/en\/territories\/urban-routes\/alcala-de-henares\/alcala-de-henares-the-town-of-cisneros-cervantes-and-the-jesuits\/ignatius-of-loyola\/\" title=\"Ignatius of Loyola\">Ignatius of Loyola<\/a> (picture) moved to <a href=\"\/en\/territories\/urban-routes\/alcala-de-henares\/alcala-de-henares-the-town-of-cisneros-cervantes-and-the-jesuits\/alcala-de-henares\/\" title=\"Alcal\u00e1 de Henares\">Alcal\u00e1 de Henares<\/a>, where he studied to become a priest between 1526 and 1527. The few years he spent in the Castillian city left an imprint in the spirituality that, years later, Ignatius wanted to convey to the <a href=\"\/en\/territories\/urban-routes\/lecce\/seminary\/society-of-jesus\/\" title=\"Society of Jesus\">Society of Jesus<\/a>. In Alcal\u00e1 he met some of the co-founders of the Company, namely <a href=\"#\" class=\"tooltip yellow-tooltip\">Alfonso Salmer\u00f3n<span>Alfonso Salmer\u00f3n (1515-1585) was born in Toledo to a family of humble origins. After attending the University of Alcal\u00e1 de Henares, he moved to Paris to finish his studies. Among the earliest members of the Society of Jesus, Salmer\u00f3n also later moved to Rome and took part in the Council of Trent (1545-1563). A teacher of theology in Ingolstadt, he never took up positions in the government of the Order.<\/span><\/a>, <a href=\"#\" class=\"tooltip yellow-tooltip\">Nicol\u00e1s de Bobadilla<span>A native of Valencia, Nicol\u00e1s de Bobadilla (1509-1590) was formed in Alcal\u00e1 de Henares, then moved to Paris to complete his education. Together with Ignatius of Loyola (1491-1556) and his first companions he was among the first members of the Society of Jesus. He carried out diplomatic assignments in Germany on behalf of Pope Paul III (1468-1549), however, entering into conflict with Emperor Charles V (1500-1558) for his opposition to the Peace of Augsburg (1555).<\/span><\/a> and <a href=\"#\" class=\"tooltip yellow-tooltip\">Jer\u00f3nimo Nadal<span>A Jesuit born in Palma de Mallorca (1507-1580) who worked closely with Ignatius of Loyola in the early years of the Society of Jesus. After studying in Alcal\u00e1 de Henares and Paris, he entered the new Order in 1545, becoming a confidant of the founder. He was the first rector of the Jesuit college in Messina and played a key role in the definition of the Constitutions of the Society and of the <em>Ratio Studiorum<\/em>. He also attended the Council of Trent.<\/span><\/a>. Together they began to stand out by begging in the streets, walking barefoot and wearing a simple habit (<em>sayal<\/em>), from which the term <em>ensayalados<\/em> was derived, by which they were known to Alcal\u00e1. The life of poverty brought the first Jesuits to provide assistance to the most needy in hospitals. Ignatius, in particular, stayed in the <em>Hospital de Antezana<\/em>, where they were guaranteed food, drink and candles in exchange for the service provided to patients admitted to the hospital. The building, which was founded in 1483 following the will of Don Luis de Antezana, <em>regidor<\/em>&nbsp;of the villa of <a href=\"\/en\/territories\/urban-routes\/alcala-de-henares\/ignatius-of-loyola-and-his-legacy-in-the-hospital-de-antezana\/guadalajara\/\" title=\"Guadalajara\">Guadalajara<\/a>, and his wife Isabel de Guzm\u00e1n, from the prestigious noble family of <a href=\"\/en\/territories\/urban-routes\/alcala-de-henares\/ignatius-of-loyola-and-his-legacy-in-the-hospital-de-antezana\/the-house-of-medina-sidonia\/\" title=\"The House of Medina Sidonia\">Medina Sidonia<\/a>, can still be visited today. At the time of its foundation, the intention was to transfer the old <em>Hospital de San Juli\u00e1n<\/em>, the original building of which by then ruined by the passage of time, to some houses owned by Antezana in the <em>Calle Mayor<\/em> of Alcal\u00e1 de Henares, where there still is a free hospital, one of the oldest in Europe to provide its services on a non-profit basis.<\/p>\n<p style=\"text-align: justify\"><img loading=\"lazy\" decoding=\"async\" src=\"https:\/\/digitalhistory.unite.it\/wp-content\/uploads\/2021\/08\/antezana1_219x433.jpg\" width=\"219\" height=\"433\" alt=\"Antezana1\" align=\"left\">The fa\u00e7ade is simple and the hospital maintains a structure similar to that of the time of Ignatius. The courtyard (photo) is pre-Renaissance, formed by two rows of shelves and supports keep the tunnel in the wood. Here Ignatius dedicated himself to preaching and started to give his <em><a href=\"\/en\/territories\/urban-routes\/alcala-de-henares\/ignatius-of-loyola-and-his-legacy-in-the-hospital-de-antezana\/the-spiritual-exercises\/\" title=\"The Spiritual Exercises\">Spiritual Exercises<\/a><\/em> to the poor, which later would go on to influence the history of Spanish spirituality. Precisely because of his activity in the courtyard of the Hospital, Ignatius was interrogated by the <a href=\"\/en\/territories\/urban-routes\/alcala-de-henares\/alcala-de-henares-the-town-of-cisneros-cervantes-and-the-jesuits\/the-spanish-inquisition\/\" title=\"The Spanish Inquisition\">Inquisition<\/a> on charges of receiving too many visits by aristocratic women, and that event convinced him that it was convenient to get away from the city. The upper gallery of the <em>Hospital de Antezana<\/em> still retains the kitchen used by Ignatius, while the room in which he slept was transformed into a Baroque chapel at the request of the Society of Jesus in 1658. Today the chapel is located at the foot of the church of the hospital, in front of the entrance door, and inside, beyond the railing of the seventeenth century, you can admire an altarpiece with a depiction of Saint Ignatius wielding, with the right hand, the emblem of the Society (IHS), while his left hand holds a large book, supported by two angels, bearing the inscription <em>Ad majorem gloriam Regulae Societatis Jesu<\/em>. The Holy Spirit, in the upper part of the image, cloaks Saint Ignatius. In addition to this canvas, painted by <a href=\"#\" class=\"tooltip yellow-tooltip\">Diego Gonz\u00e1lez de la Vega<span>The <em>licenciado<\/em> Diego Gonz\u00e1lez (1622\/1628 &#8211; 1697) was born in Madrid. He was one of the most remarkable painters of the Spanish Baroque, a disciple of Francisco Rizi, who is also the author of some of the best paintings made for the Company. His painting technique skill stands out in its use of colour in religious themes. In 1655 he painted for the Jesuit <em>Colegio Imperial<\/em> in Madrid with a picture of the <em>Martyrs of Japan<\/em>, located in the chapel of Saint Francis Xavier.<\/span><\/a> in 1669, it is equally important to emphasize the collection of Baroque paintings, related to the Company, preserved in the interior of the church of the hospital. The most impressive among them is a huge canvas painted by <a href=\"#\" class=\"tooltip yellow-tooltip\">Pedro de Valpuesta<span>Was a painter born in Burgo de Osma (1614-1668), who ended his life as a priest. He was a very popular artist in the court of Philip IV. Like his teacher Eugenio Caj\u00e9s, Valpuesta lengthens the ends of his figures, drawing unusual and artificial postures. Among the few works of his that have come down to us, stands the canvas of Saint Ignatius of Loyola, one of the most representative of his work.<\/span><\/a> in 1658, depicting the life of Saint Ignatius through various scenes. In the image, which occupies the entire back wall of the church, the saint appears, life-size, who again holds a case with the emblem of the Society (IHS) in his right hand and in the left a book bearing the inscription &#8220;<em>\u00bfCu\u00e1ntas partes tiene la doctrina cristiana?<\/em>&#8220;. In the upper part of the picture, on the left, there is a little scene which depicts Ignatius while dealing with the sick, while below the saint is praying before the Virgin. At the top right of the picture you can see Ignatius casting out demons and monsters, while lower down the founder of the Order, together with his brothers, teaches children.<\/p>\n<p style=\"text-align: justify\">However, the link between the <em>Hospital de Antezana<\/em> and the Jesuits have deeper roots. In addition to being a witness to important events in the life of Ignatius and preserving a great artistic legacy of the Society in the Baroque period, the <em>Hospital<\/em> was home, throughout the seventeenth century, to many of the Jesuits who decided to leave the lodgings at the <em>Colegio M\u00e1ximo<\/em> of the Company (founded years later in Alcal\u00e1 de Henares) where they studied, to follow the example of the poverty of their founder in the hospital. This was the case, among others, of <a href=\"#\" class=\"tooltip yellow-tooltip\">Diego Luis de San V\u00edtores<span>He was born in Burgos in 1627. He followed his missionary vocation in the Society of Jesus, taking charge of preparing the Jesuit evangelization of the Mariana Islands. Philip IV was persuaded by him to patronize such a mission, but it mostly involved Queen Mariana of Austria, in honour of whom he gave the name to the distant islands. He is also attributed with the founding of the first Catholic church in the island of Guam, where he was martyred, together with his brothers, by the natives in 1672.<\/span><\/a>, a famous Jesuit missionary.<\/p>\n<p><a href=\"\/en\/territories\/urban-routes\/alcala-de-henares\/alcala-de-henares-the-town-of-cisneros-cervantes-and-the-jesuits\/\" title=\"Alcal\u00e1 de Henares: the town of Cisneros, Cervantes and the Jesuits\"> &lt;&lt;&lt;&#8212;previous page<\/a> &nbsp; <a href=\"\/en\/territories\/urban-routes\/alcala-de-henares\/the-ermita-del-cristo-de-los-doctrinos\/\" title=\"The Ermita del Cristo de los Doctrinos\">next page&#8212;&gt;&gt;&gt;<\/a><\/p>\n<\/p><\/div>\n<p><\/p>\n","protected":false},"excerpt":{"rendered":"<p>Ignatius of Loyola and his legacy in the Hospital de Antezana Attracted by the new idea of education offered by the University founded by Cisneros, Ignatius of Loyola (picture) moved to Alcal\u00e1 de Henares, where he studied to become a priest between 1526 and 1527.&hellip;<\/p>\n","protected":false},"author":1,"featured_media":0,"parent":7154,"menu_order":0,"comment_status":"closed","ping_status":"closed","template":"","meta":{"footnotes":""},"class_list":["post-6340","page","type-page","status-publish","hentry"],"_links":{"self":[{"href":"https:\/\/digitalhistory.unite.it\/en\/wp-json\/wp\/v2\/pages\/6340","targetHints":{"allow":["GET"]}}],"collection":[{"href":"https:\/\/digitalhistory.unite.it\/en\/wp-json\/wp\/v2\/pages"}],"about":[{"href":"https:\/\/digitalhistory.unite.it\/en\/wp-json\/wp\/v2\/types\/page"}],"author":[{"embeddable":true,"href":"https:\/\/digitalhistory.unite.it\/en\/wp-json\/wp\/v2\/users\/1"}],"replies":[{"embeddable":true,"href":"https:\/\/digitalhistory.unite.it\/en\/wp-json\/wp\/v2\/comments?post=6340"}],"version-history":[{"count":2,"href":"https:\/\/digitalhistory.unite.it\/en\/wp-json\/wp\/v2\/pages\/6340\/revisions"}],"predecessor-version":[{"id":11422,"href":"https:\/\/digitalhistory.unite.it\/en\/wp-json\/wp\/v2\/pages\/6340\/revisions\/11422"}],"up":[{"embeddable":true,"href":"https:\/\/digitalhistory.unite.it\/en\/wp-json\/wp\/v2\/pages\/7154"}],"wp:attachment":[{"href":"https:\/\/digitalhistory.unite.it\/en\/wp-json\/wp\/v2\/media?parent=6340"}],"curies":[{"name":"wp","href":"https:\/\/api.w.org\/{rel}","templated":true}]}}