{"id":6341,"date":"2021-08-20T00:03:20","date_gmt":"2021-08-19T22:03:20","guid":{"rendered":"https:\/\/digitalhistory.unite.it\/the-ermita-del-cristo-de-los-doctrinos\/"},"modified":"2021-11-23T15:28:07","modified_gmt":"2021-11-23T14:28:07","slug":"the-ermita-del-cristo-de-los-doctrinos","status":"publish","type":"page","link":"https:\/\/digitalhistory.unite.it\/en\/territories\/urban-routes\/alcala-de-henares\/the-ermita-del-cristo-de-los-doctrinos\/","title":{"rendered":"The Ermita del Cristo de los Doctrinos"},"content":{"rendered":"<h1>The Ermita del Cristo de los Doctrinos <\/h1>\n<div class=\"testo\">\n<p style=\"text-align: justify\">In 1543 a disciple of <a href=\"\/en\/territories\/urban-routes\/alcala-de-henares\/alcala-de-henares-the-town-of-cisneros-cervantes-and-the-jesuits\/ignatius-of-loyola\/\" title=\"Ignatius of Loyola\">Ignatius of Loyola<\/a>, <a href=\"\/en\/territories\/urban-routes\/alcala-de-henares\/the-ermita-del-cristo-de-los-doctrinos\/francisco-villanueva\/\" title=\"Francisco Villanueva\">Francisco Villanueva<\/a>, came to study at the University of <a href=\"\/en\/territories\/urban-routes\/alcala-de-henares\/alcala-de-henares-the-town-of-cisneros-cervantes-and-the-jesuits\/alcala-de-henares\/\" title=\"Alcal\u00e1 de Henares\">Alcal\u00e1<\/a>. During his tenure, Villanueva wanted to design what would be the first college of the <a href=\"\/en\/territories\/urban-routes\/lecce\/seminary\/society-of-jesus\/\" title=\"Society of Jesus\">Society of Jesus<\/a>, founded in Spain, and for such an endeavour he could count on the help of major benefactors who had met Ignatius of Loyola in the years he spent in Alcal\u00e1, such as <em>Do\u00f1a<\/em> Beatriz Ram\u00edrez, <em>Do\u00f1a<\/em> Mencia de Benavente and, above all, <a href=\"#\" class=\"tooltip yellow-tooltip\"><em>Do\u00f1a<\/em> Leonor de Mascare\u00f1as<span><em>Do\u00f1a<\/em> Leonor de Mascare\u00f1as (1503-1584) was a lady of the court of Madrid, who came to be legal guardian (<em>aya<\/em>) of Prince Philip, the future Philip II and Prince Don Carlos, as well as being <em>camarera mayor<\/em> of Queen Mar\u00eda de Austria. She met Santa Teresa de Jes\u00fas, sharing with her the mystical spirituality of her Carmelite reform: which drove her to found numerous monasteries close to the court. She was also a benefactress of several Jesuit colleges.<\/span><\/a>, guardian (<em>aya<\/em>) of the future King <a href=\"\/en\/territories\/urban-routes\/alcala-de-henares\/the-ermita-del-cristo-de-los-doctrinos\/philip-ii-of-habsburg\/\" title=\"Philip II of Habsburg\">Philip II<\/a>. In 1546 they rented a courtyard which is the current courtyard of the <em>ermita&nbsp;<\/em> (church, chapel) of the <em>Cristo de los Doctrinos<\/em>&nbsp;(Christ of the instructed), known then and now as the <em>Corral de Mataperros<\/em> (courtyard of the urchins). That <em>corral<\/em>&nbsp;(courtyard) served to provide accommodations to poor students of the University, even though it had already been abandoned as Villanueva and his brethren came to live there. Thus the Jesuit college was born, even though the fathers only lived there for two years due to the insalubriousness of the area. The same place, which, for a short time, was the seat of the Company, is today the <em>Ermita del Cristo de los Doctrinos<\/em>, which presents significant vestiges of Jesuit Baroque. From 1575 was there the <em>Seminario de Ni\u00f1os de la Doctrina<\/em>, where orphaned children were educated and where, 1661, the <em>Cofrad\u00eda<\/em> (brotherhood) of <em>Cristo de los Doctrinos<\/em>&nbsp;was created, one of the oldest of Alcal\u00e1.<\/p>\n<p style=\"text-align: justify\"><img loading=\"lazy\" decoding=\"async\" src=\"https:\/\/digitalhistory.unite.it\/wp-content\/uploads\/2021\/08\/ermita2_251x187.jpg\" width=\"251\" height=\"187\" alt=\"Ermita2\" align=\"left\">In the <em>Plaza de los Doctrinos<\/em>, in addition to the <em>Ermita de los Doctrinos<\/em>, the fa\u00e7ade of the temple and monastery of the <a href=\"\/en\/territories\/urban-routes\/lecce\/cino\/carmelites\/\" title=\"Carmelites\">Carmelites<\/a> of <em>Corpus Christi<\/em> (seventeenth century), there is a modern statue of Ignatius of Loyola, which recalls the location in the square of the Jesuit college. The exterior of the <em>Ermita<\/em> is in the typical style of the&nbsp;Barocco <em><a href=\"\/en\/territories\/urban-routes\/alcala-de-henares\/the-ermita-del-cristo-de-los-doctrinos\/madrid\/\" title=\"Madrid\">madrile\u00f1o<\/a><\/em> (photo). After crossing a small lobby, there are three places: the <em>corral de Mataperros<\/em>, the origin of the ancient Jesuit <em>col\u00e9gio of Alcal\u00e1<\/em>; the sanctuary, which we will focus on shortly and the sacristy, which has been turned into a museum which houses sacred Baroque works from various churches of the city.<\/p>\n<p style=\"text-align: justify\"><img loading=\"lazy\" decoding=\"async\" src=\"https:\/\/digitalhistory.unite.it\/wp-content\/uploads\/2021\/08\/ermita1_219x331.jpg\" width=\"219\" height=\"331\" alt=\"Ermita1\" align=\"left\">The interior of the <em>Ermita de los Doctrinos<\/em>, in Baroque style and consisting of a nave, was restored in 1702. The altar houses the famous <em>Cristo de los Doctrinos<\/em> (picture), created by the jesuit sculptor <a href=\"\/en\/territories\/urban-routes\/alcala-de-henares\/the-ermita-del-cristo-de-los-doctrinos\/domingo-beltran-de-otazu\/\" title=\"Domingo Beltr\u00e1n de Otazu\">Domingo Beltr\u00e1n<\/a> between 1587 and 1590, the year of his death in Alcal\u00e1. The example of Christ crucified was made by Beltr\u00e1n for the high altar of the church of the <em>Colegio M\u00e1ximo<\/em> of the Society of Jesus (the current parish church of <em>Santa Mar\u00eda<\/em>&nbsp;in the <em>calle de libreros<\/em>), but after the closure of numerous churches and monasteries in the late eighteenth century, it was transferred to the <em>Ermita de los Doctrinos<\/em>. It is, without doubt, the best wood carving which is preserved in Alcal\u00e1. To accomplish it, Beltr\u00e1n used American satin-like wood, and the very absence of polychrome highlights the elegance and colour of carved wood, which became darker with the passage of time. Ebony was used for the crown of thorns and the hair of Christ. This sculpture mixes the Classicism that the artist learned from Italian craftsmanship with a glimmer of Mannerism from the end of the sixteenth century.<\/p>\n<p><a href=\"\/en\/territories\/urban-routes\/alcala-de-henares\/ignatius-of-loyola-and-his-legacy-in-the-hospital-de-antezana\/\" title=\"Ignatius of Loyola and his legacy in the Hospital de Antezana\"> &lt;&lt;&lt;&#8212;previous page<\/a> &nbsp; <a href=\"\/en\/territories\/urban-routes\/alcala-de-henares\/the-colegio-maximo-of-the-company-in-alcala-a-reference-point-and-centre-for-studies-in-the-seventeenth-century\/\" title=\"The Colegio M\u00e1ximo of the Company in Alcal\u00e1: a reference point and centre for studies in the seventeenth century\"> next page&#8212;&gt;&gt;&gt;<\/a><\/p>\n<\/p><\/div>\n<p><\/p>\n","protected":false},"excerpt":{"rendered":"<p>The Ermita del Cristo de los Doctrinos In 1543 a disciple of Ignatius of Loyola, Francisco Villanueva, came to study at the University of Alcal\u00e1. During his tenure, Villanueva wanted to design what would be the first college of the Society of Jesus, founded in&hellip;<\/p>\n","protected":false},"author":1,"featured_media":0,"parent":7154,"menu_order":0,"comment_status":"closed","ping_status":"closed","template":"","meta":{"footnotes":""},"class_list":["post-6341","page","type-page","status-publish","hentry"],"_links":{"self":[{"href":"https:\/\/digitalhistory.unite.it\/en\/wp-json\/wp\/v2\/pages\/6341","targetHints":{"allow":["GET"]}}],"collection":[{"href":"https:\/\/digitalhistory.unite.it\/en\/wp-json\/wp\/v2\/pages"}],"about":[{"href":"https:\/\/digitalhistory.unite.it\/en\/wp-json\/wp\/v2\/types\/page"}],"author":[{"embeddable":true,"href":"https:\/\/digitalhistory.unite.it\/en\/wp-json\/wp\/v2\/users\/1"}],"replies":[{"embeddable":true,"href":"https:\/\/digitalhistory.unite.it\/en\/wp-json\/wp\/v2\/comments?post=6341"}],"version-history":[{"count":2,"href":"https:\/\/digitalhistory.unite.it\/en\/wp-json\/wp\/v2\/pages\/6341\/revisions"}],"predecessor-version":[{"id":11433,"href":"https:\/\/digitalhistory.unite.it\/en\/wp-json\/wp\/v2\/pages\/6341\/revisions\/11433"}],"up":[{"embeddable":true,"href":"https:\/\/digitalhistory.unite.it\/en\/wp-json\/wp\/v2\/pages\/7154"}],"wp:attachment":[{"href":"https:\/\/digitalhistory.unite.it\/en\/wp-json\/wp\/v2\/media?parent=6341"}],"curies":[{"name":"wp","href":"https:\/\/api.w.org\/{rel}","templated":true}]}}