{"id":6343,"date":"2021-08-20T00:03:20","date_gmt":"2021-08-19T22:03:20","guid":{"rendered":"https:\/\/digitalhistory.unite.it\/the-church-of-the-jesuits-in-the-image-and-likeness-of-the-gesu-in-rome\/"},"modified":"2021-11-23T15:28:06","modified_gmt":"2021-11-23T14:28:06","slug":"the-church-of-the-jesuits-in-the-image-and-likeness-of-the-gesu-in-rome","status":"publish","type":"page","link":"https:\/\/digitalhistory.unite.it\/en\/territories\/urban-routes\/alcala-de-henares\/the-church-of-the-jesuits-in-the-image-and-likeness-of-the-gesu-in-rome\/","title":{"rendered":"The Church of the Jesuits in the image and likeness of the Ges\u00f9 in Rome"},"content":{"rendered":"<h1>The Church of the Jesuits in the image and likeness of the Ges\u00f9 in Rome <\/h1>\n<div class=\"testo\">\n<p style=\"text-align: justify\"><img loading=\"lazy\" decoding=\"async\" src=\"https:\/\/digitalhistory.unite.it\/wp-content\/uploads\/2021\/08\/iglesia1_220x343.jpg\" width=\"220\" height=\"343\" alt=\"Iglesia1\" align=\"left\">In the <em>calle de Libreros<\/em> is the old <em>Colegio M\u00e1ximo<\/em> of the <a href=\"\/en\/territories\/urban-routes\/lecce\/seminary\/society-of-jesus\/\" title=\"Society of Jesus\">Society of Jesus<\/a>, with the adjacent church. The majestic fa\u00e7ade of the church of gray granite (picture) was built in a style halfway between <a href=\"\/en\/territories\/urban-routes\/alcala-de-henares\/the-church-of-the-jesuits-in-the-image-and-likeness-of-the-gesu-in-rome\/herrera-style\/\" title=\"Herrera style\">that of Herrera<\/a> and the Baroque. <em>Do\u00f1a<\/em> Mar\u00eda de Mendoza, the daughter of the fourth <a href=\"#\" class=\"tooltip yellow-tooltip\">Marquis of Mond\u00e9jar<span>A&nbsp;Spanish noble title which belonged to the Crown of Castile. It was created by Ferdinand the Catholic in 1512 to honour the family of Mendoza, in the person of Don I\u00f1igo L\u00f3pez de Mendoza y Qui\u00f1ones. The Marquisate of Mond\u00e9jar was situated in the area of Guadalajara, the centre of the Iberian territory of the monarchy, and was one of the most important centres of power due to its proximity to the court of Madrid.<\/span><\/a>, wanted to found this Jesuit church providing substantial economic aid for its construction. Through this assistance, she gained the right to be buried in the temple and to place the coats of arms of family members which may still be seen on the fa\u00e7ade. Work began in 1567, but the death of the benefactor stopped it in 1580. Only in 1602 was work able to restart in accordance with the original design of the architect, the Jesuit <a href=\"#\" class=\"tooltip yellow-tooltip\">Bartolom\u00e9 de Bustamante<span>He was born in Alcal\u00e1 de Henares in 1501. Having entered the Society earned the trust of the superior Francisco de Borja, later the General of the Order, of which he was the secretary. He worked out a number of projects for Jesuit churches and colleges: Medina del Campo (1553), Plasencia (1554), Marchena and Granada (1556), Madrid and Villarejo de Fuentes (1561), Trigueros, C\u00f3rdoba and Seville (c. 1562), Alcal\u00e1 and Oca\u00f1a (1567) and Caravaca (1569). He died in 1570.<\/span><\/a>. The church had to adapt, as all the temples of the Jesuits did, to the rules imposed by the Company: a single nave with a flat roof, made of wood, to enhance sound during preaching, the absence of the choir, the <em>capilla mayor del pueblo&nbsp;<\/em> (the main chapel of the people) to facilitate the participation of people in the liturgy, and the side chapels where mass could be celebrated without disturbing the central nave. These general criteria were elements which were inspired by the <a href=\"#\" class=\"tooltip yellow-tooltip\">Church of the <em>Ges\u00f9<\/em><span>The Church of Jesus is the most important church of the Society of Jesus. Its construction began in 1568, designed by Vignola. It is located in Rome, in the square that bears its name. Its fa\u00e7ade and its plan (a nave surrounded by small side chapels) was a model for all Jesuit churches built later.<\/span><\/a> in Rome. The construction work lasted until April 25, 1620, the day the new temple was inaugurated.<\/p>\n<p style=\"text-align: justify\"><img loading=\"lazy\" decoding=\"async\" src=\"https:\/\/digitalhistory.unite.it\/wp-content\/uploads\/2021\/08\/iglesia2_219x273.jpg\" width=\"219\" height=\"273\" alt=\"Iglesia2\" align=\"left\">The fa\u00e7ade is in smooth stone. It consists of two buildings with Corinthian columns, between which four sculptures are placed: the lower ones are the statues of Saints Peter and Paul, the statues at the top are of the Jesuits Saints <a href=\"\/en\/territories\/urban-routes\/alcala-de-henares\/alcala-de-henares-the-town-of-cisneros-cervantes-and-the-jesuits\/ignatius-of-loyola\/\" title=\"Ignatius of Loyola\">Ignatius<\/a> and <a href=\"\/en\/territories\/urban-routes\/alcala-de-henares\/the-church-of-the-jesuits-in-the-image-and-likeness-of-the-gesu-in-rome\/francis-xavier\/\" title=\"Francis Xavier\">Francis Xavier<\/a>, all carved in full Baroque style, by the Portuguese <a href=\"#\" class=\"tooltip yellow-tooltip\">Manuel Pereira<span>A Portuguese sculptor who worked for the Spanish Court (1588-1683). He studied in Portugal, but developed his art in Madrid, where he established himself as one of the greatest representatives of Baroque sculpture. Realism predominates in his works. Although early in his career he distinguished himself for his Classicism, in later years he created many sculptures which were more curved, with gentler lines.<\/span><\/a> in 1624. On top of the fa\u00e7ade, there is a triangular pediment and the cross. Today it is not the church of the Society of Jesus, but the new church of <em>Santa Mar\u00eda la Mayor<\/em> (Saint Mary Major), chosen to replace the previous one, which was destroyed by fire in 1936. Inside, it has a plan in the shape of a cross, with a single and wide nave and four side chapels on each side which interconnect (as in the <em>Ges\u00f9<\/em> in Rome). In similarity to the Italian church, the chapels of the presbytery also communicate with the presbytery through doors without a vault. The unity of the church, therefore, is achieved through the addition of small adjacent spaces. The altarpiece of the presbytery (photo) is Baroque, as are the shelves, by the Jesuit <a href=\"#\" class=\"tooltip yellow-tooltip\">Francisco Bautista<span>A Jesuit sculptor and architect. He was born in Murcia in 1594, but by 1619 he moved to the College of Alcal\u00e1, where he worked as an architect, as well as creating a retable. On completing the works, he went to the Imperial College of the Society in Madrid, then the Novitiate of Madrid and the professed house of Toledo. He was one of the first to promote the Baroque style in Spain. He died in Madrid in 1679.<\/span><\/a>. It was built between 1618 and 1629, although the Baroque paintings by <a href=\"#\" class=\"tooltip yellow-tooltip\">Angelo Nardi<span>A painter of Florentine origin, who worked most of his life (1584-1664) in Spain during the Baroque period. He became <em>pintor de c\u00e1mara<\/em> to Philip IV, along with Vel\u00e1zquez in 1631. Initially, his works reflected the spirit of the Counter-Reformation, but in his maturity he went on to a purely Baroque style. He painted an important series of paintings for different Religious Orders, such as the Company.<\/span><\/a> were lost during the Spanish Civil War (1936-1939), and were subsequently replaced by the current ones.<\/p>\n<p style=\"text-align: justify\">On the left side of the chancel is the <em>Capilla de las Sagradas Formas<\/em> (Chapel of the Sacred Forms), inaugurated in 1687, which contains twenty-four <em><a href=\"\/en\/territories\/urban-routes\/alcala-de-henares\/the-church-of-the-jesuits-in-the-image-and-likeness-of-the-gesu-in-rome\/santas-formas-incorruptas\/\" title=\"Santas Formas Incorruptas\">Santas Formas incorruptas<\/a><\/em>, protected by the Company since 1597, according to the tradition of <a href=\"\/en\/territories\/urban-routes\/alcala-de-henares\/alcala-de-henares-the-town-of-cisneros-cervantes-and-the-jesuits\/alcala-de-henares\/\" title=\"Alcal\u00e1 de Henares\">Alcal\u00e1<\/a>. The bright dome of the chapel is decorated by frescoes painted by <a href=\"#\" class=\"tooltip yellow-tooltip\">Juan Vicente Ribera<span>A Spanish painter who was born in Madrid (c. 1668-1736). He worked with Francisco Rizi to decorate the palace of the Buen Retiro and made several series for churches and convents in Madrid. In 1699 he moved to Alcal\u00e1 to create the paintings in the dome of the <em>Capilla de las Santas Formas<\/em> of the church of the Jesuit <em>Colegio M\u00e1ximo<\/em>. He continued to work for the Company, creating the decorations of the theater of the Imperial College of Madrid on the occasion of the accession of Philip V.<\/span><\/a> in 1699.<\/p>\n<p><a href=\"\/en\/territories\/urban-routes\/alcala-de-henares\/the-colegio-maximo-of-the-company-in-alcala-a-reference-point-and-centre-for-studies-in-the-seventeenth-century\/\" title=\"The Colegio M\u00e1ximo of the Company in Alcal\u00e1: a reference point and centre for studies in the seventeenth century\"> &lt;&lt;&lt;&#8212;previous page<\/a> &nbsp; <a href=\"\/en\/territories\/urban-routes\/alcala-de-henares\/the-jesuits-at-the-complutense-university-of-alcala\/\" title=\"The Jesuits at the Complutense University of Alcal\u00e1\">next page&#8212;&gt;&gt;&gt;<\/a><\/p>\n<\/p><\/div>\n<p><\/p>\n","protected":false},"excerpt":{"rendered":"<p>The Church of the Jesuits in the image and likeness of the Ges\u00f9 in Rome In the calle de Libreros is the old Colegio M\u00e1ximo of the Society of Jesus, with the adjacent church. The majestic fa\u00e7ade of the church of gray granite (picture) was&hellip;<\/p>\n","protected":false},"author":1,"featured_media":0,"parent":7154,"menu_order":0,"comment_status":"closed","ping_status":"closed","template":"","meta":{"footnotes":""},"class_list":["post-6343","page","type-page","status-publish","hentry"],"_links":{"self":[{"href":"https:\/\/digitalhistory.unite.it\/en\/wp-json\/wp\/v2\/pages\/6343","targetHints":{"allow":["GET"]}}],"collection":[{"href":"https:\/\/digitalhistory.unite.it\/en\/wp-json\/wp\/v2\/pages"}],"about":[{"href":"https:\/\/digitalhistory.unite.it\/en\/wp-json\/wp\/v2\/types\/page"}],"author":[{"embeddable":true,"href":"https:\/\/digitalhistory.unite.it\/en\/wp-json\/wp\/v2\/users\/1"}],"replies":[{"embeddable":true,"href":"https:\/\/digitalhistory.unite.it\/en\/wp-json\/wp\/v2\/comments?post=6343"}],"version-history":[{"count":2,"href":"https:\/\/digitalhistory.unite.it\/en\/wp-json\/wp\/v2\/pages\/6343\/revisions"}],"predecessor-version":[{"id":11426,"href":"https:\/\/digitalhistory.unite.it\/en\/wp-json\/wp\/v2\/pages\/6343\/revisions\/11426"}],"up":[{"embeddable":true,"href":"https:\/\/digitalhistory.unite.it\/en\/wp-json\/wp\/v2\/pages\/7154"}],"wp:attachment":[{"href":"https:\/\/digitalhistory.unite.it\/en\/wp-json\/wp\/v2\/media?parent=6343"}],"curies":[{"name":"wp","href":"https:\/\/api.w.org\/{rel}","templated":true}]}}