{"id":6370,"date":"2021-08-20T00:03:22","date_gmt":"2021-08-19T22:03:22","guid":{"rendered":"https:\/\/digitalhistory.unite.it\/lakes-and-fountains-in-the-bosque-of-bejar-the-use-of-water-in-a-courtly-villa\/"},"modified":"2021-11-23T15:28:05","modified_gmt":"2021-11-23T14:28:05","slug":"lakes-and-fountains-in-the-bosque-of-bejar-the-use-of-water-in-a-courtly-villa","status":"publish","type":"page","link":"https:\/\/digitalhistory.unite.it\/en\/territories\/urban-routes\/dukes-of-bejar\/lakes-and-fountains-in-the-bosque-of-bejar-the-use-of-water-in-a-courtly-villa\/","title":{"rendered":"Lakes and fountains in the &#8220;Bosque&#8221; of B\u00e9jar: the use of water in a courtly villa"},"content":{"rendered":"<h1>Lakes and fountains in the &#8220;Bosque&#8221; of B\u00e9jar: the use of water in a courtly villa <\/h1>\n<div class=\"testo\">\n<p style=\"text-align: justify\"><img loading=\"lazy\" decoding=\"async\" src=\"https:\/\/digitalhistory.unite.it\/wp-content\/uploads\/2021\/08\/imagen_6_219x328.jpg\" width=\"219\" height=\"328\" alt=\"Imagen 6\" align=\"left\">One of the distractions in the <a href=\"\/en\/territories\/urban-routes\/valladolid\/the-church-of-san-pablo\/court\/\" title=\"Court\">courtly<\/a> life of the <a href=\"\/en\/territories\/urban-routes\/dukes-of-bejar\/the-spanish-nobility-and-gardens-in-the-likeness-of-italian-villas\/dukes-of-bejar\/\" title=\"Dukes of B\u00e9jar\">Dukes of B\u00e9jar<\/a> in the <em>Bosque<\/em> was linked to the particular use of water. The result was a set of roads, canals, fountains and a lake that provided refreshment on Summer days, guaranteed the life of animals and plants and represented the power of the patron family through the coats of arms carved on the walls of the lake and fountains. The artificial lake of <a href=\"\/en\/territories\/urban-routes\/dukes-of-bejar\/el-bosque-of-bejar-importing-an-italian-model\/bejar\/\" title=\"B\u00e9jar\">B\u00e9jar<\/a>&#8216;s <em>Bosque<\/em> was converted into a fundamental element of the garden. It dominated the main terrace of the villa, occupied an area of 4,322 square metresand, was, without doubt, a great feat of engineering, with channels and dams to govern the river. In addition, the still waters of the lake gave tranquility and served to give breadth of perspective, as they served as a large mirror of the palace, which was reflected in them (image 1). On the surface, around a Neo-Moorish temple of the nineteenth century, there were, as you can still see, several species of birds and aquatic animals. <a href=\"#\" class=\"tooltip yellow-tooltip\">Pedro Juan de Lastanosa<span>A famous mathematician and engineer of the second half of the sixteenth century, who was in the service of Philip II. He was responsible for major engineering projects like the <em>Canal Imperial<\/em> of Arag\u00f3n or the <em>Alc\u00e1zar<\/em> of Madrid, the palace of the Habsburg monarchs. He also wrote several treatises on mathematics and engineering.<\/span><\/a>, <a href=\"\/en\/territories\/urban-routes\/alcala-de-henares\/the-ermita-del-cristo-de-los-doctrinos\/philip-ii-of-habsburg\/\" title=\"Philip II of Habsburg\">Philip II<\/a>&#8216;s engineer of hydraulic machines, explained the interest of the nobility in the construction of lakes as if they were authentic fish ponds in his work <em>Los veinti\u00fan libros de los ingenios y de las m\u00e1quinas<\/em> in which they delighted in feeding them and seeing the competition between animals for their rations of food. Other recreational activities in the <em>Bosque<\/em>&#8216;s lake were sailing, angling or representations of naval battles through <a href=\"#\" class=\"tooltip yellow-tooltip\"><em>naumachie<\/em><span>Dramatization of naval battles in lakes and pools, which dates back to Roman times.<\/span><\/a> (although the real existence of latter activity has created a heated debate among scholars of B\u00e9jar as to the unreliability of the information contained in the sources).<\/p>\n<p style=\"text-align: justify\"><img loading=\"lazy\" decoding=\"async\" src=\"https:\/\/digitalhistory.unite.it\/wp-content\/uploads\/2021\/08\/imagen_7_220x331.jpg\" width=\"220\" height=\"331\" alt=\"Imagen 7\" align=\"left\">In the <em>Bosque<\/em> there are two major fountains, the first is the <em>Fuente de los Ocho Ca\u00f1os<\/em> (the Fountain of the Eight Jets), dating from the late sixteenth century, situated next the lake and opposite the Palace of the Dukes. It consists of an octagonal column and a bowl that collects the water with eight figures of mythological animals such as newts, fauns, etc.. At the bottom of this fountain you can see the Z\u00fa\u00f1iga y Sotomayor coats of arms (picture 2). Further north, next to the palace, is the <em>Fuente de la S\u00e1bana<\/em> (the Fountain of the Sheet), built at the beginning of the eighteenth century in Baroque style. Its name refers to the lightness of the water, which resembles the motion of a draping sheet. The Z\u00fa\u00f1iga y Sotomayor coat of arms dominate the highest part of the fountain, in a kind of Baroque coronation.<\/p>\n<p style=\"text-align: justify\">Finally, beside the <em>Fuente de la S\u00e1bana<\/em>, you must admire a legendary tree, the <em>tejo del Bosque<\/em>, the oldest tree on the property, which may have been planted when the garden was created. There are also other trees, a group of redwoods, which although they are not as old as the <em>tejo<\/em>, are impressive for their great height and grandeur.<\/p>\n<p style=\"text-align: justify\"><a href=\"\/en\/territories\/urban-routes\/dukes-of-bejar\/el-bosque-of-bejar-importing-an-italian-model\/\" title=\"&quot;El Bosque&quot; of Bejar: importing an Italian model\">&lt;&lt;&lt;&#8212;previous page<\/a> &nbsp; <a href=\"\/en\/territories\/urban-routes\/dukes-of-bejar\/the-power-of-the-dukes-of-bejar-in-their-properties-the-fortress-and-holiday-residence\/\" title=\"The power of the Dukes of B\u00e9jar in their properties: the fortress and holiday residence\"> next page&#8212;&gt;&gt;&gt;<\/a><\/p>\n<\/p><\/div>\n<p><\/p>\n","protected":false},"excerpt":{"rendered":"<p>Lakes and fountains in the &#8220;Bosque&#8221; of B\u00e9jar: the use of water in a courtly villa One of the distractions in the courtly life of the Dukes of B\u00e9jar in the Bosque was linked to the particular use of water. The result was a set&hellip;<\/p>\n","protected":false},"author":1,"featured_media":0,"parent":7209,"menu_order":0,"comment_status":"closed","ping_status":"closed","template":"","meta":{"footnotes":""},"class_list":["post-6370","page","type-page","status-publish","hentry"],"_links":{"self":[{"href":"https:\/\/digitalhistory.unite.it\/en\/wp-json\/wp\/v2\/pages\/6370","targetHints":{"allow":["GET"]}}],"collection":[{"href":"https:\/\/digitalhistory.unite.it\/en\/wp-json\/wp\/v2\/pages"}],"about":[{"href":"https:\/\/digitalhistory.unite.it\/en\/wp-json\/wp\/v2\/types\/page"}],"author":[{"embeddable":true,"href":"https:\/\/digitalhistory.unite.it\/en\/wp-json\/wp\/v2\/users\/1"}],"replies":[{"embeddable":true,"href":"https:\/\/digitalhistory.unite.it\/en\/wp-json\/wp\/v2\/comments?post=6370"}],"version-history":[{"count":2,"href":"https:\/\/digitalhistory.unite.it\/en\/wp-json\/wp\/v2\/pages\/6370\/revisions"}],"predecessor-version":[{"id":11409,"href":"https:\/\/digitalhistory.unite.it\/en\/wp-json\/wp\/v2\/pages\/6370\/revisions\/11409"}],"up":[{"embeddable":true,"href":"https:\/\/digitalhistory.unite.it\/en\/wp-json\/wp\/v2\/pages\/7209"}],"wp:attachment":[{"href":"https:\/\/digitalhistory.unite.it\/en\/wp-json\/wp\/v2\/media?parent=6370"}],"curies":[{"name":"wp","href":"https:\/\/api.w.org\/{rel}","templated":true}]}}