{"id":6371,"date":"2021-08-20T00:03:22","date_gmt":"2021-08-19T22:03:22","guid":{"rendered":"https:\/\/digitalhistory.unite.it\/the-power-of-the-dukes-of-bejar-in-their-properties-the-fortress-and-holiday-residence\/"},"modified":"2021-11-23T15:28:05","modified_gmt":"2021-11-23T14:28:05","slug":"the-power-of-the-dukes-of-bejar-in-their-properties-the-fortress-and-holiday-residence","status":"publish","type":"page","link":"https:\/\/digitalhistory.unite.it\/en\/territories\/urban-routes\/dukes-of-bejar\/the-power-of-the-dukes-of-bejar-in-their-properties-the-fortress-and-holiday-residence\/","title":{"rendered":"The power of the Dukes of B\u00e9jar in their properties: the fortress and holiday residence"},"content":{"rendered":"<h1>The power of the Dukes of B\u00e9jar in their properties: the fortress and holiday residence <\/h1>\n<div class=\"testo\">\n<p style=\"text-align: justify\"><img loading=\"lazy\" decoding=\"async\" src=\"https:\/\/digitalhistory.unite.it\/wp-content\/uploads\/2021\/08\/imagen_9_252x168.jpg\" width=\"252\" height=\"168\" alt=\"Imagen 9\" align=\"left\">The habitual residence of the <a href=\"\/en\/territories\/urban-routes\/dukes-of-bejar\/the-spanish-nobility-and-gardens-in-the-likeness-of-italian-villas\/dukes-of-bejar\/\" title=\"Dukes of B\u00e9jar\">Dukes of B\u00e9jar<\/a> was the castle or fortress of <a href=\"\/en\/territories\/urban-routes\/dukes-of-bejar\/el-bosque-of-bejar-importing-an-italian-model\/bejar\/\" title=\"B\u00e9jar\">B\u00e9jar<\/a>, which was part of the defensive system of the villa between the twelfth and thirteenth centuries (image 1). The fortress was situated on one side of the centre of B\u00e9jar, in the upper part, in a strategic place from which&nbsp;&nbsp; the whole territory could be controlled. Typically medieval in shape, it underwent significant additions during the Renaissance and Baroque periods, although the current use of the building &#8211; which is now home to a school &#8211; has altered the original appearance. After having belonged to several noble families, connected, in various ways, to the royal family, in 1396 it became part of the possessions of the Navarrese nobleman <a href=\"#\" class=\"tooltip yellow-tooltip\">Diego L\u00f3pez de Est\u00fa\u00f1iga<span>Diego L\u00f3pez de Est\u00fa\u00f1iga (1350-1417) was a Navarrese nobleman and one of the most famous members of the House of Z\u00fa\u00f1iga. Due to his proximity to the King of Castile he was able to become <em>justicia mayor<\/em> and <em>alguacil mayor<\/em> of the kingdom, as well as regent during the minority of monarchs Enrique III and Juan II. He became Lord of B\u00e9jar in the year 1396, when he managed to receive it in exchange for the town of Fr\u00edas with the favour of Enrique III.<\/span><\/a> (1396-1417), the founder of the House of B\u00e9jar.<\/p>\n<p style=\"text-align: justify\"><img loading=\"lazy\" decoding=\"async\" src=\"https:\/\/digitalhistory.unite.it\/wp-content\/uploads\/2021\/08\/imagen_10_252x168.jpg\" width=\"252\" height=\"168\" alt=\"Imagen 10\" align=\"left\">Little by little, the fortress was adapted to the structure of a new building, on the order of the various Dukes of B\u00e9jar, losing part of its defense system and being enriched both by walls in the style of an Italian palace (image 2), and with outdoor spaces with gardens and orchards. The Renaissance and Baroque additions and changes were due to Duke <a href=\"\/en\/territories\/urban-routes\/dukes-of-bejar\/el-bosque-of-bejar-importing-an-italian-model\/francisco-de-zuniga-y-sotomayor\/\" title=\"Francisco de Z\u00fa\u00f1iga y Sotomayor\">Francisco de Z\u00fa\u00f1iga y Sotomayor<\/a> (1523-1591), who is credited with the creation of <em>El Bosque<\/em>. It was he who built the arcaded courtyard of the interior, reminiscent of Italian gardens, and with opening a loggia of three arches on the north fa\u00e7ade. The fa\u00e7ade followed in a straight line and was connected visually with the villa residence of the dukes, <em>El Bosque<\/em>, located several kilometres away. During the Baroque period, the dukes, followed by the whole retinue, passed through this long road on their wagons, escorted by their personal guards until arriving at <em>El Bosque<\/em>.<\/p>\n<p style=\"text-align: justify\"><img loading=\"lazy\" decoding=\"async\" src=\"https:\/\/digitalhistory.unite.it\/wp-content\/uploads\/2021\/08\/imagen_11_250x166.jpg\" width=\"250\" height=\"166\" alt=\"Imagen 11\" align=\"left\">Upon arriving at <em>El Bosque<\/em>, one is faced with a series of buildings that showed the power of the dukes. This is the case of the building in the main terrace in front of the lake, a two-storey building that is reminiscent of Italian palaces and whose windows show the arms of each family. Next to the palace are the stables (picture 3). Behind the building, there was the ducal chapel, where the seventeenth century Baroque image of the <em>Cristo de la Expiraci\u00f3n<\/em> stood out. Finally, separate from the palace, there was the home of the <em>bosquero<\/em>, the member of staff in charge of taking care of <em>El Bosque<\/em>&#8216;s residence and garden.<\/p>\n<p style=\"text-align: justify\"><a href=\"\/en\/territories\/urban-routes\/dukes-of-bejar\/lakes-and-fountains-in-the-bosque-of-bejar-the-use-of-water-in-a-courtly-villa\/\" title=\"Lakes and fountains in the &quot;Bosque&quot; of B\u00e9jar: the use of water in a courtly villa\"> &lt;&lt;&lt;&#8212;previous page<\/a> &nbsp; <a href=\"\/en\/territories\/urban-routes\/dukes-of-bejar\/the-bosque-of-bejar-holiday-residence-or-place-of-economic-exploitation\/\" title=\"The &quot;Bosque&quot; of B\u00e9jar: holiday residence or place of economic exploitation?\"> next page&#8212;&gt;&gt;&gt;<\/a><\/p>\n<\/p><\/div>\n<p><\/p>\n","protected":false},"excerpt":{"rendered":"<p>The power of the Dukes of B\u00e9jar in their properties: the fortress and holiday residence The habitual residence of the Dukes of B\u00e9jar was the castle or fortress of B\u00e9jar, which was part of the defensive system of the villa between the twelfth and thirteenth&hellip;<\/p>\n","protected":false},"author":1,"featured_media":0,"parent":7209,"menu_order":0,"comment_status":"closed","ping_status":"closed","template":"","meta":{"footnotes":""},"class_list":["post-6371","page","type-page","status-publish","hentry"],"_links":{"self":[{"href":"https:\/\/digitalhistory.unite.it\/en\/wp-json\/wp\/v2\/pages\/6371","targetHints":{"allow":["GET"]}}],"collection":[{"href":"https:\/\/digitalhistory.unite.it\/en\/wp-json\/wp\/v2\/pages"}],"about":[{"href":"https:\/\/digitalhistory.unite.it\/en\/wp-json\/wp\/v2\/types\/page"}],"author":[{"embeddable":true,"href":"https:\/\/digitalhistory.unite.it\/en\/wp-json\/wp\/v2\/users\/1"}],"replies":[{"embeddable":true,"href":"https:\/\/digitalhistory.unite.it\/en\/wp-json\/wp\/v2\/comments?post=6371"}],"version-history":[{"count":2,"href":"https:\/\/digitalhistory.unite.it\/en\/wp-json\/wp\/v2\/pages\/6371\/revisions"}],"predecessor-version":[{"id":11411,"href":"https:\/\/digitalhistory.unite.it\/en\/wp-json\/wp\/v2\/pages\/6371\/revisions\/11411"}],"up":[{"embeddable":true,"href":"https:\/\/digitalhistory.unite.it\/en\/wp-json\/wp\/v2\/pages\/7209"}],"wp:attachment":[{"href":"https:\/\/digitalhistory.unite.it\/en\/wp-json\/wp\/v2\/media?parent=6371"}],"curies":[{"name":"wp","href":"https:\/\/api.w.org\/{rel}","templated":true}]}}