{"id":6380,"date":"2021-08-20T00:03:23","date_gmt":"2021-08-19T22:03:23","guid":{"rendered":"https:\/\/digitalhistory.unite.it\/the-university\/"},"modified":"2021-11-23T15:28:15","modified_gmt":"2021-11-23T14:28:15","slug":"the-university","status":"publish","type":"page","link":"https:\/\/digitalhistory.unite.it\/en\/territories\/urban-routes\/valladolid\/the-university\/","title":{"rendered":"The University"},"content":{"rendered":"<h1>The University <\/h1>\n<div class=\"testo\">\n<p style=\"text-align: justify\" class=\"Standard\"><img loading=\"lazy\" decoding=\"async\" src=\"https:\/\/digitalhistory.unite.it\/wp-content\/uploads\/2021\/08\/img_0908_251x167.jpg\" width=\"251\" height=\"167\" alt=\"Universit\u00e0\" align=\"left\">The University of <a href=\"\/en\/territories\/urban-routes\/valladolid\/the-church-of-san-pablo\/valladolid\/\" title=\"Valladolid\">Valladolid<\/a> is one of the oldest in the Iberian Peninsula. Some hypotheses can be ventured as to its origin. It possibly arose from the transfer to the city of the <em>Estudio General<\/em> from <a href=\"#\" class=\"tooltip yellow-tooltip\">Palencia<span>Now belonging to the current <em>Comunidad Aut\u00f3noma de Castilla y Le\u00f3n<\/em>, Palencia had its heyday in the Middle Ages. Already a bishopric under the Visigoths, the city was home to the oldest Spanish university, approved by Pope Honorius III in 1221 but disappeared after a few decades. In the Early modern Age it shared the fate of Castile: as the centre of the empire of Charles V and the monarchy of Philip II, it also underwent a severe crisis during the seventeenth century.<\/span><\/a>, considered the first university in the history of Spain, or it was instead created directly in Valladolid by the Castilian kings and by the Council of the City. Certainly, the University was already active in the last quarter of the thirteenth century, enjoying royal protection and, later, even that of the pope. With the passing of centuries, the university grew in importance and wealth, thanks to the economic yields guaranteed by the Kings of Castile. In the sixteenth century the University of Valladolid was declared, together with those of <a href=\"\/en\/territories\/urban-routes\/valladolid\/the-university\/salamanca\/\" title=\"Salamanca\">Salamanca<\/a> and <a href=\"\/en\/territories\/urban-routes\/alcala-de-henares\/alcala-de-henares-the-town-of-cisneros-cervantes-and-the-jesuits\/alcala-de-henares\/\" title=\"Alcal\u00e1 de Henares\">Alcal\u00e1<\/a>, one of the three <em>Universidades Mayores<\/em> of the kingdom, that forged the bureaucratic, administrative and judicial staff of the system that would sustain the Habsburg monarchy. In this regard the importance of the faculty of Law grew, but so did that of the faculty of Medicine. During the seventeenth and eighteenth centuries, the general crisis that struck Castile also affected the world of culture and higher education, with a reduction in the number of students, the intellectual level and also the economic resources of the university.<\/p>\n<p style=\"text-align: justify\" class=\"Standard\"><img loading=\"lazy\" decoding=\"async\" src=\"https:\/\/digitalhistory.unite.it\/wp-content\/uploads\/2021\/08\/img_0909_220x331.jpg\" width=\"220\" height=\"331\" alt=\"Universit\u00e02\" align=\"left\">During this long period of crisis one of the finest examples of the Baroque in Valladolid was built. The fa\u00e7ade of the historic building of the University, the current Law school, was in fact built between 1716 and 1718 under the direction of the <a href=\"\/en\/territories\/urban-routes\/lecce\/cino\/carmelites\/\" title=\"Carmelites\">Discalced Carmelite Fathers<\/a> of the local convent and the second project was presented by <em>fray<\/em> Pedro de la Visitaci\u00f3n. It is the only surviving part of the ancient building, which was demolished in the early twentieth century. It had been built both to meet the increased demands of space by the University and to turn it into one of the most important and significant places of the city (<em>Plaza de Santa Mar\u00eda<\/em>, today <em>Plaza de la Universidad<\/em>). The numerous statues and ornamental sculptures are the work of the <a href=\"#\" class=\"tooltip yellow-tooltip\">Tom\u00e9<span>Antonio, Narciso and Diego Tom\u00e9 were members of a family of Castilians sculptors, best known for their work on the fa\u00e7ade of the University of Valladolid. The most important of the three was definitely Narciso (1690-1742), who worked alongside Churriguera and was the <em>maestro mayor<\/em>&nbsp;of the cathedral of Toledo, at which he worked with his sons in the latter part of his life.<\/span><\/a>, Antonio and his sons Narciso and Diego. The main fa\u00e7ade, divided by four giant columns, presents the disciplines that were taught there: Theology in the centre, surrounded by Rhetoric, Geometry, Civil and Canon Law; higher up, on top of the four columns, one can observe Astrology, Medicine, Philosophy and History, while above them dominates the personification of Wisdom, intent on crushing ignorance. On the balustrade, four statues remind rulers of the efforts they had to make for the University of Valladolid: <a href=\"#\" class=\"tooltip yellow-tooltip\">Alfonso VIII<span>Alfonso VIII of Castile (1155-1214) was King of Castile from the age of three until his death. He is best remembered for the great victory at the Battle of Las Navas de Tolosa (July 16, 1212) against the Muslim troops, decisive for the gradual <em>Reconquista<\/em> of the Iberian Peninsula.<\/span><\/a>, <a href=\"#\" class=\"tooltip yellow-tooltip\">John I<span>John I of Castile (1358-1390) was King of Castile from 1379 until his death. The son of Henry II of Castile, he was born in Aragon during the exile of his father, who at the time was not yet king.<\/span><\/a>, <a href=\"#\" class=\"tooltip yellow-tooltip\">Henry III<span>Henry III of Castile (1379-1406), known as <em>el Doliente<\/em> (the suffering), was King of Castile after the death of his father John I, in 1390, until 1406 and was succeeded by his son, John II of Castile.<\/span><\/a> and <a href=\"\/en\/territories\/urban-routes\/alcala-de-henares\/the-ermita-del-cristo-de-los-doctrinos\/philip-ii-of-habsburg\/\" title=\"Philip II of Habsburg\">Philip II<\/a>. The symbol of the <em>Estudio<\/em> is placed at the centre, above the statue of Theology, while the spacious foyer, defined by eighteen columns decorated with as many lions which support the royal coat of arms, further strengthens the grand appearance of the entire fa\u00e7ade.<\/p>\n<p><a href=\"\/en\/territories\/urban-routes\/valladolid\/the-museo-nacional-de-escultura\/\" title=\"The Museo Nacional de Escultura\">&lt;&lt;&lt;&#8212;previous page<\/a>&nbsp;&nbsp; <a href=\"\/en\/territories\/urban-routes\/valladolid\/the-cathedral\/\" title=\"The Cathedral\">next page&#8212;&gt;&gt;&gt;<\/a><\/p>\n<\/p><\/div>\n<p><\/p>\n","protected":false},"excerpt":{"rendered":"<p>The University The University of Valladolid is one of the oldest in the Iberian Peninsula. Some hypotheses can be ventured as to its origin. It possibly arose from the transfer to the city of the Estudio General from PalenciaNow belonging to the current Comunidad Aut\u00f3noma&hellip;<\/p>\n","protected":false},"author":1,"featured_media":0,"parent":7222,"menu_order":0,"comment_status":"closed","ping_status":"closed","template":"","meta":{"footnotes":""},"class_list":["post-6380","page","type-page","status-publish","hentry"],"_links":{"self":[{"href":"https:\/\/digitalhistory.unite.it\/en\/wp-json\/wp\/v2\/pages\/6380","targetHints":{"allow":["GET"]}}],"collection":[{"href":"https:\/\/digitalhistory.unite.it\/en\/wp-json\/wp\/v2\/pages"}],"about":[{"href":"https:\/\/digitalhistory.unite.it\/en\/wp-json\/wp\/v2\/types\/page"}],"author":[{"embeddable":true,"href":"https:\/\/digitalhistory.unite.it\/en\/wp-json\/wp\/v2\/users\/1"}],"replies":[{"embeddable":true,"href":"https:\/\/digitalhistory.unite.it\/en\/wp-json\/wp\/v2\/comments?post=6380"}],"version-history":[{"count":2,"href":"https:\/\/digitalhistory.unite.it\/en\/wp-json\/wp\/v2\/pages\/6380\/revisions"}],"predecessor-version":[{"id":11531,"href":"https:\/\/digitalhistory.unite.it\/en\/wp-json\/wp\/v2\/pages\/6380\/revisions\/11531"}],"up":[{"embeddable":true,"href":"https:\/\/digitalhistory.unite.it\/en\/wp-json\/wp\/v2\/pages\/7222"}],"wp:attachment":[{"href":"https:\/\/digitalhistory.unite.it\/en\/wp-json\/wp\/v2\/media?parent=6380"}],"curies":[{"name":"wp","href":"https:\/\/api.w.org\/{rel}","templated":true}]}}