{"id":6392,"date":"2021-08-20T00:03:24","date_gmt":"2021-08-19T22:03:24","guid":{"rendered":"https:\/\/digitalhistory.unite.it\/cervantes-in-alcazar-de-san-juan-a-baroque-controversy\/"},"modified":"2021-11-23T15:27:59","modified_gmt":"2021-11-23T14:27:59","slug":"cervantes-in-alcazar-de-san-juan-a-baroque-controversy","status":"publish","type":"page","link":"https:\/\/digitalhistory.unite.it\/en\/territories\/regional-routes\/don-quijote\/cervantes-in-alcazar-de-san-juan-a-baroque-controversy\/","title":{"rendered":"Cervantes in Alc\u00e1zar de San Juan: a Baroque controversy"},"content":{"rendered":"<h1>Cervantes in Alc\u00e1zar de San Juan: a Baroque controversy <\/h1>\n<div class=\"testo\">\n<p style=\"text-align: justify\"><img loading=\"lazy\" decoding=\"async\" src=\"https:\/\/digitalhistory.unite.it\/wp-content\/uploads\/2021\/08\/imagen_6_251x172.jpg\" width=\"251\" height=\"172\" alt=\"Imagen 6\" align=\"left\">The town of <a href=\"\/en\/territories\/regional-routes\/don-quijote\/the-giants-of-la-mancha-don-quixote-and-the-windmills\/alcazar-de-san-juan\/\" title=\"Alc\u00e1zar de San Juan\">Alc\u00e1zar de San Juan<\/a> (Ciudad Real) is at the center of a controversy that has its origins in the Early Modern period. There was no doubt that the famous author of the <em><a href=\"\/en\/territories\/regional-routes\/don-quijote\/a-baroque-work-that-has-marked-the-history-of-spain\/don-quijote-de-la-mancha\/\" title=\"Don Quijote de la Mancha\">Quijote<\/a><\/em>, <a href=\"\/en\/territories\/urban-routes\/alcala-de-henares\/alcala-de-henares-the-town-of-cisneros-cervantes-and-the-jesuits\/miguel-de-cervantes-saavedra\/\" title=\"Miguel de Cervantes Saavedra\">Cervantes<\/a> was born in <a href=\"\/en\/territories\/urban-routes\/alcala-de-henares\/alcala-de-henares-the-town-of-cisneros-cervantes-and-the-jesuits\/alcala-de-henares\/\" title=\"Alcal\u00e1 de Henares\">Alcal\u00e1 de Henares<\/a>, until, in 1748, the act of the baptism of a certain Miguel de Cervantes Saavedra was found in the <a href=\"\/en\/territories\/regional-routes\/don-quijote\/cervantes-in-alcazar-de-san-juan-a-baroque-controversy\/the-church-of-santa-maria-la-mayor-in-alcazar-de-san-juan-ciudad-real\/\" title=\"The church of Santa Mar\u00eda la Mayor in Alc\u00e1zar de San Juan (Ciudad Real)\"> church of <em>Santa Mar\u00eda la Mayor<\/em> in Alc\u00e1zar de San Juan<\/a>. The defenders of the origin of Cervantes in Alc\u00e1zar de San Juan is based on the fact that the writer had personally known Alc\u00e1zar de San Juan. However, after years of controversy it was confirmed that the Miguel de Cervantes from Alc\u00e1zar could not be the author of the <em>Quijote<\/em> because of the date of birth, November 9, 1558: he was in fact 11 years younger (the Cervantes in Alcal\u00e1, the authentic one, was born in 1547) and the events of the author&#8217;s life would not have been able to coincide with the dates (this is the case, for example, with the <a href=\"#\" class=\"tooltip yellow-tooltip\">Battle of Lepanto<span>Was a naval battle that took place on 7 October, 1571 and that pitted the Holy League (Spanish Monarchy, the Duchy of Savoy, the Papacy and the Republics of Venice and Genoa) against the Ottoman Empire. The victory put a stop to Ottoman expansion in the Christian West.<\/span><\/a>, in which the <em>alcazare\u00f1o<\/em> Cervantes could not have participated because he would have been too young). Even today, however, there are staunch defenders of the thesis that holds that Alcazar de San Juan was the birthplace of Cervantes, and squares, museums and monuments recall the imprint of the <em>Quijote<\/em> as the basis of culture, tourism (image 1 of the Plaza de Espa\u00f1a with don Quijote and Sancho Panza), gastronomy and landscape of this center of Castilla-La Mancha.<\/p>\n<p style=\"text-align: justify\"><img loading=\"lazy\" decoding=\"async\" src=\"https:\/\/digitalhistory.unite.it\/wp-content\/uploads\/2021\/08\/imagen_7_252x168.jpg\" width=\"252\" height=\"168\" alt=\"Imagen 7\" align=\"left\">In this regard it should be recalled the <em>Museo del Hidalgo<\/em>, opened in 2011 in a restored two-storey mansion of the sixteenth century, with a central courtyard (image 2), which recreates the environment and exposes the objects which were typical of the area during the Baroque period, from the mills to the products of the earth, from the cuisine to the furniture typical of the era.<\/p>\n<p style=\"text-align: justify\">Finally, we also bring attention, in the vicinity of this town, to <em>el Cerro<\/em> (hill) of San Ant\u00f3n, where there are windmills, now restored, which are reminiscent of the famous episode in which the protagonist Don Quixote fought windmills believing he was fighting against fearsome giants. In the Baroque period there were to be up to 20 mills near Alcazar de San Juan, but there are only 4 which remain today. This hill is also known as the <em>Mirador de La Mancha<\/em>, because it is possible to admire the typical landscape of <a href=\"\/en\/territories\/regional-routes\/don-quijote\/a-baroque-work-that-has-marked-the-history-of-spain\/la-mancha\/\" title=\"La Mancha\">La Mancha<\/a> made of yellow and green colors, drawn from the fields of wheat and barley and that have changed very little if at all from the Baroque age to today.<\/p>\n<p><a href=\"\/en\/territories\/regional-routes\/don-quijote\/the-giants-of-la-mancha-don-quixote-and-the-windmills\/\" title=\"The giants of La Mancha: Don Quixote and the windmills\">&lt;&lt;&lt;&#8212;previous page<\/a> &nbsp; <a href=\"\/en\/territories\/regional-routes\/don-quijote\/the-return-of-the-baroque-era-of-don-quijote-the-feasts-of-madridejos-castilla-la-mancha\/\" title=\"The return of the Baroque era of Don Quijote: the feasts of Madridejos (Castilla La Mancha)\"> next page&#8212;&gt;&gt;&gt;<\/a><\/p>\n<\/p><\/div>\n<p><\/p>\n","protected":false},"excerpt":{"rendered":"<p>Cervantes in Alc\u00e1zar de San Juan: a Baroque controversy The town of Alc\u00e1zar de San Juan (Ciudad Real) is at the center of a controversy that has its origins in the Early Modern period. There was no doubt that the famous author of the Quijote,&hellip;<\/p>\n","protected":false},"author":1,"featured_media":0,"parent":7114,"menu_order":0,"comment_status":"closed","ping_status":"closed","template":"","meta":{"footnotes":""},"class_list":["post-6392","page","type-page","status-publish","hentry"],"_links":{"self":[{"href":"https:\/\/digitalhistory.unite.it\/en\/wp-json\/wp\/v2\/pages\/6392","targetHints":{"allow":["GET"]}}],"collection":[{"href":"https:\/\/digitalhistory.unite.it\/en\/wp-json\/wp\/v2\/pages"}],"about":[{"href":"https:\/\/digitalhistory.unite.it\/en\/wp-json\/wp\/v2\/types\/page"}],"author":[{"embeddable":true,"href":"https:\/\/digitalhistory.unite.it\/en\/wp-json\/wp\/v2\/users\/1"}],"replies":[{"embeddable":true,"href":"https:\/\/digitalhistory.unite.it\/en\/wp-json\/wp\/v2\/comments?post=6392"}],"version-history":[{"count":2,"href":"https:\/\/digitalhistory.unite.it\/en\/wp-json\/wp\/v2\/pages\/6392\/revisions"}],"predecessor-version":[{"id":11343,"href":"https:\/\/digitalhistory.unite.it\/en\/wp-json\/wp\/v2\/pages\/6392\/revisions\/11343"}],"up":[{"embeddable":true,"href":"https:\/\/digitalhistory.unite.it\/en\/wp-json\/wp\/v2\/pages\/7114"}],"wp:attachment":[{"href":"https:\/\/digitalhistory.unite.it\/en\/wp-json\/wp\/v2\/media?parent=6392"}],"curies":[{"name":"wp","href":"https:\/\/api.w.org\/{rel}","templated":true}]}}