{"id":6398,"date":"2021-08-20T00:03:25","date_gmt":"2021-08-19T22:03:25","guid":{"rendered":"https:\/\/digitalhistory.unite.it\/the-plaza-mayor-of-madrid-and-the-end-of-the-government-of-the-duke\/"},"modified":"2021-11-23T15:28:00","modified_gmt":"2021-11-23T14:28:00","slug":"the-plaza-mayor-of-madrid-and-the-end-of-the-government-of-the-duke","status":"publish","type":"page","link":"https:\/\/digitalhistory.unite.it\/en\/territories\/regional-routes\/duke-of-lerma\/the-plaza-mayor-of-madrid-and-the-end-of-the-government-of-the-duke\/","title":{"rendered":"The Plaza Mayor of Madrid and the end of the government of the Duke"},"content":{"rendered":"<h1>The Plaza Mayor of Madrid and the end of the government of the Duke <\/h1>\n<div class=\"testo\">\n<p style=\"text-align: justify\"><img loading=\"lazy\" decoding=\"async\" src=\"https:\/\/digitalhistory.unite.it\/wp-content\/uploads\/2021\/08\/img_0957_252x168.jpg\" width=\"252\" height=\"168\" alt=\"Plaza Mayor di Madrid 2\" align=\"left\">The decline of the power of Lerma was slow and gradual, occasionally accelerated by contingent episodes or unexpected situations. A fundamental element of this decline was the progressive disintegration of the faction upon which the Duke had built his system of power. In addition to death, due to old age, of some valuable allies such as the <a href=\"#\" class=\"tooltip yellow-tooltip\">Count of Miranda<span>Juan de Z\u00fa\u00f1iga Avellaneda y Baz\u00e1n (1541-1608), the Duke of Pe\u00f1aranda and Count of Miranda, was a man of arms and political leader under Philip II and Philip III. During the reign of Philip II he was viceroy of Catalonia and Naples, president of the <em>Consejo de Italia<\/em> (Council of Italy) and a member of the <em>Consejo de Estado<\/em> (Council of State). With Philip III assumed the presidency of the <em>Consejo de Castilla<\/em> (Council of Castile), continuing to sit in the <em>Consejo de Estado<\/em>. He was also a knight of the Order of Santiago and his heir married one of the three daughters of Philip III&#8217;s <em>valido<\/em>.<\/span><\/a> or <a href=\"#\" class=\"tooltip yellow-tooltip\">Don Juan de Idi\u00e1quez<span>Juan de Idi\u00e1quez (1540-1614) was a respected man of the Spanish state in the sixteenth and seventeenth centuries. A former ambassador to Genoa and Venice, he was one of Philip II&#8217;s most respected counselors in the last years of his government. When Philip III ascended to the throne (1598), Idi\u00e1quez was one of the few trusted men of the late king to maintain a position of power. Confirmed in the <em>Consejo de Estado<\/em>, he was also elected president of the <em>Consejo de \u00d3rdenes<\/em> (Council of Orders).<\/span><\/a>, the inglorious end of some of the historic <em>hechuras<\/em> (creatures) of the <em>valido<\/em> strongly contributed to the weakening of his power. The trials for corruption and illicit enrichment and subsequent convictions against the secretaries <a href=\"\/en\/territories\/regional-routes\/duke-of-lerma\/the-plaza-mayor-of-madrid-and-the-end-of-the-government-of-the-duke\/alonso-ramirez-de-prado\/\" title=\"Alonso Ram\u00edrez de Prado\">Alonso Ram\u00edrez de Prado<\/a> and <a href=\"\/en\/territories\/regional-routes\/duke-of-lerma\/the-plaza-mayor-of-madrid-and-the-end-of-the-government-of-the-duke\/pedro-franqueza\/\" title=\"Pedro Franqueza\">Pedro Franqueza<\/a> constituted a first indictment of the Government of Lerma. The gradual exclusion from the government of principal prot\u00e9g\u00e9 of the <em>valido<\/em>, <a href=\"\/en\/territories\/regional-routes\/duke-of-lerma\/valladolid-and-the-displacement-of-the-court\/rodrigo-calderon\/\" title=\"Rodrigo Calder\u00f3n\">Rodrigo Calder\u00f3n<\/a>, literally plagued by accusations against his conduct and his arrogance on the part of many aristocrats and courtiers, created further difficulties for Lerma. The lack of substitutes also sharpened the crisis generated by the emergence of internal opposition to the ministerial faction, led by the eldest son of Lerma, the <a href=\"\/en\/territories\/regional-routes\/duke-of-lerma\/the-plaza-mayor-of-madrid-and-the-end-of-the-government-of-the-duke\/cristobal-gomez-de-sandoval-y-rojas-the-duke-of-uceda\/\" title=\"Crist\u00f3bal G\u00f3mez de Sandoval y Rojas, the Duke of Uceda\">Duke of Uceda<\/a>, and the confessor of the king, <a href=\"\/en\/territories\/regional-routes\/duke-of-lerma\/the-plaza-mayor-of-madrid-and-the-end-of-the-government-of-the-duke\/luis-de-aliaga\/\" title=\"Luis de Aliaga\">Luis de Aliaga<\/a>. In the second part of the reign of <a href=\"\/en\/territories\/urban-routes\/ascanio-filomarino\/the-royal-palace\/philip-iii-of-habsburg\/\" title=\"Philip III of Habsburg\">Philip III<\/a>, Lerma saw his monopoly in the distribution of offices at <a href=\"\/en\/territories\/urban-routes\/valladolid\/the-church-of-san-pablo\/court\/\" title=\"Court\">court<\/a> and <em>mercedes<\/em> (privileges) fade while some fundamental policies of his government was called into question. The continuing economic crisis questioned the management of the <em>hacienda<\/em> (finances) and the behaviour of the <em>valido<\/em> and his men, while the outbreak of the <a href=\"\/en\/territories\/regional-routes\/duke-of-lerma\/the-plaza-mayor-of-madrid-and-the-end-of-the-government-of-the-duke\/thirty-years-war\/\" title=\"Thirty Years' War\">Thirty Years&#8217; War<\/a> favoured the revenge of the councilors who had always opposed the pacifist foreign policy and negotiating desired by Lerma. When he finally left the court, on 4 October, 1618, the Duke was, however, able to obtain the coveted cardinal&#8217;s hat which he had been pursuing, not surprisingly , for some years. Though subject, after the death of Philip III (1621), to a a trial centered on the extent and the motives for the <em>mercedes<\/em> he had accumulated, the <em>cardenal-duque<\/em> could die in freedom, on 17 May, 1625. A very different fate was reserved to his closest family members and <em>criados<\/em> especially Rodrigo Calder\u00f3n, who was executed 21 October, 1621 in the <em><a href=\"\/en\/territories\/regional-routes\/plazas-mayores\/the-plaza-mayor-of-madrid\/\" title=\"The Plaza Mayor of Madrid\">Plaza mayor<\/a><\/em> of <a href=\"\/en\/territories\/urban-routes\/alcala-de-henares\/the-ermita-del-cristo-de-los-doctrinos\/madrid\/\" title=\"Madrid\">Madrid<\/a> (photo) that the same Philip III had built. Death and spectacle, two themes which were typical of Baroque culture, thus distinguished the symbolic act which ended the system of power created by the Duke of Lerma.<\/p>\n<p style=\"text-align: justify\"><a href=\"\/en\/territories\/regional-routes\/duke-of-lerma\/patron-and-collector-toledo-valladolid-and-madrid\/\" title=\"Patron and Collector: Toledo, Valladolid and Madrid\">&lt;&lt;&lt;&#8212;previous page<\/a> &nbsp; <a href=\"\/en\/territories\/regional-routes\/duke-of-lerma\/the-baroque-feasts-in-honor-of-the-duke-of-lerma\/\" title=\"The Baroque feasts in honor of the Duke of Lerma\">next page&#8212;&gt;&gt;&gt;<\/a><\/p>\n<\/p><\/div>\n<p><\/p>\n","protected":false},"excerpt":{"rendered":"<p>The Plaza Mayor of Madrid and the end of the government of the Duke The decline of the power of Lerma was slow and gradual, occasionally accelerated by contingent episodes or unexpected situations. A fundamental element of this decline was the progressive disintegration of the&hellip;<\/p>\n","protected":false},"author":1,"featured_media":0,"parent":7137,"menu_order":0,"comment_status":"closed","ping_status":"closed","template":"","meta":{"footnotes":""},"class_list":["post-6398","page","type-page","status-publish","hentry"],"_links":{"self":[{"href":"https:\/\/digitalhistory.unite.it\/en\/wp-json\/wp\/v2\/pages\/6398","targetHints":{"allow":["GET"]}}],"collection":[{"href":"https:\/\/digitalhistory.unite.it\/en\/wp-json\/wp\/v2\/pages"}],"about":[{"href":"https:\/\/digitalhistory.unite.it\/en\/wp-json\/wp\/v2\/types\/page"}],"author":[{"embeddable":true,"href":"https:\/\/digitalhistory.unite.it\/en\/wp-json\/wp\/v2\/users\/1"}],"replies":[{"embeddable":true,"href":"https:\/\/digitalhistory.unite.it\/en\/wp-json\/wp\/v2\/comments?post=6398"}],"version-history":[{"count":2,"href":"https:\/\/digitalhistory.unite.it\/en\/wp-json\/wp\/v2\/pages\/6398\/revisions"}],"predecessor-version":[{"id":11362,"href":"https:\/\/digitalhistory.unite.it\/en\/wp-json\/wp\/v2\/pages\/6398\/revisions\/11362"}],"up":[{"embeddable":true,"href":"https:\/\/digitalhistory.unite.it\/en\/wp-json\/wp\/v2\/pages\/7137"}],"wp:attachment":[{"href":"https:\/\/digitalhistory.unite.it\/en\/wp-json\/wp\/v2\/media?parent=6398"}],"curies":[{"name":"wp","href":"https:\/\/api.w.org\/{rel}","templated":true}]}}