{"id":6407,"date":"2021-08-20T00:03:27","date_gmt":"2021-08-19T22:03:27","guid":{"rendered":"https:\/\/digitalhistory.unite.it\/the-court-in-valladolid-and-the-convent-of-the-descalzas-reales\/"},"modified":"2021-11-23T15:27:56","modified_gmt":"2021-11-23T14:27:56","slug":"the-court-in-valladolid-and-the-convent-of-the-descalzas-reales","status":"publish","type":"page","link":"https:\/\/digitalhistory.unite.it\/en\/territories\/regional-routes\/spanish-monasteries\/the-court-in-valladolid-and-the-convent-of-the-descalzas-reales\/","title":{"rendered":"The court in Valladolid and the convent of the Descalzas Reales"},"content":{"rendered":"<h1>The court in Valladolid and the convent of the Descalzas Reales <\/h1>\n<div class=\"testo\">\n<p style=\"text-align: justify\"><img loading=\"lazy\" decoding=\"async\" src=\"https:\/\/digitalhistory.unite.it\/wp-content\/uploads\/2021\/08\/imagen_3__fileminimizer__226x339.jpg\" width=\"226\" height=\"339\" alt=\"Monastero 2\" align=\"left\">When the <a href=\"\/en\/territories\/urban-routes\/valladolid\/the-church-of-san-pablo\/court\/\" title=\"Court\">court<\/a> of <a href=\"\/en\/territories\/urban-routes\/ascanio-filomarino\/the-royal-palace\/philip-iii-of-habsburg\/\" title=\"Philip III of Habsburg\">Philip III<\/a> moved to <a href=\"\/en\/territories\/urban-routes\/valladolid\/the-church-of-san-pablo\/valladolid\/\" title=\"Valladolid\">Valladolid<\/a> (1600-1606) under the express wish of the <a href=\"\/en\/territories\/urban-routes\/valladolid\/the-church-of-san-pablo\/duke-of-lerma\/\" title=\"Duke of Lerma\">Duke of Lerma<\/a>, Queen <a href=\"#\" class=\"tooltip yellow-tooltip\">Margaret<span>Margaret of Habsburg (1584-1611) was the daughter of Charles II of Styria, the third son of Emperor Ferdinand I. She was married by proxy in Ferrara with Philip III of Spain, in 1599. She died soon after giving birth to her eighth child. Among his heirs were the future Philip IV of Spain, the <em>infantes<\/em> Carlos and Fernando, the future queen of France Anne of Austria and the future empress Maria Anna von Habsburg.<\/span><\/a> did not hesitate to found a convent similar to that of <em>Descalzas Reales<\/em> she had left in <a href=\"\/en\/territories\/urban-routes\/alcala-de-henares\/the-ermita-del-cristo-de-los-doctrinos\/madrid\/\" title=\"Madrid\">Madrid<\/a>. The construction of the convent of Valladolid of the <em>Descalzas Reales<\/em> did not end until 1615, and for that the queen could not see the building completed before her death in 1611. In its constitutions, it is noted that the number of religious belonging to the Order of the <a href=\"#\" class=\"tooltip yellow-tooltip\">Discalsed Franciscan nuns<span>They are a community of female religious who follow the rules of the reform of Saint Colette, of French origin. The first convent in Spain was that of Gand\u00eda, under the patronage of the Borja family, the dukes of Gand\u00eda. Most of the women of this noble family professed in the convent. From there, the Franciscan nuns moved to Madrid for the foundation of the convent of the <em>Descalzas Reales<\/em>.<\/span><\/a> was set at 33, as for the monastery in Madrid, and novices who wanted to take their vows in the convent could not enter into the congregation without the approval of the sovereign. In this way, the monarchs appeared to be the protectors of these convents and their coats of arms were not lacking either within the structure nor on the fa\u00e7ade.<\/p>\n<p style=\"text-align: justify\">The monument was made up of the church, two cloisters, chapels and a large orchard. Outside, the walls of the convent are made of stone and masonry, as they were in most of the monasteries of the time. In this case, it was an old noble&#8217;s residence adapted to monastic life, with the elimination of the balconies and their replacement windows with fitted blinds to ensure enclosure. The church of the <em>Descalzas<\/em> of Valladolid was designed by <a href=\"#\" class=\"tooltip yellow-tooltip\">Francisco de la Mora<span>Francisco de la Mora (1553-1610) was one of the most distinguished architects of sixteenth century Spain. He worked with Juan de Herrera in the Monastery of El Escorial. In Madrid made the first part of the <em>Plaza Mayor<\/em>, and was responsible for the changes on the outer part of the <em>Alc\u00e1zar<\/em> and was appointed <em>Maestro Mayor de las obras reales de la Villa de Madrid<\/em> (Chief overseer of the royal construction work for Madrid). His main work was the Ducal Palace of Lerma. Shortly before his death, he was in charge of the design of the <em>Descalzas Reales<\/em> convent of Valladolid.<\/span><\/a>, architect to Philip III, even if the execution of the work was directed by Diego de Praves. The church is on the corner and therefore has a side entrance. The fa\u00e7ade is all brick and has a flat and rectangular shape. In the upper part, which terminates in a pediment with a rounded convex moulding, royal coats of arms stand on each side, reminiscent of the patronage of the rulers. The main body is dominated by a niche, in which the painting by <a href=\"\/en\/territories\/urban-routes\/valladolid\/the-church-of-san-pablo\/gregorio-fernandez\/\" title=\"Gregorio Fern\u00e1ndez\">Gregorio Fern\u00e1ndez<\/a> <em>Virgen con \u00c1ngeles en honor a la Asunci\u00f3n<\/em> (Virgin with angels in honour of the Assumption), was placed. A small pediment with three spheres on pedestals was placed above the niche. On the roof there is a small bell tower which has three bells. The interior has a single nave, dominated by the dome without a roof lantern. The main altarpiece contains sculptures of religious paintings by Gregorio Fern\u00e1ndez and <a href=\"#\" class=\"tooltip yellow-tooltip\">Santiago Mor\u00e1n<span>Santiago Mor\u00e1n (1571-1626) was a <em>pintor de c\u00e1mara<\/em> (Court painter) of Philip III, belonging to the school of Juan Pantoja de la Cruz. He made several portraits of the royal family, of which the best known is that of the <em>Infanta<\/em> Margarita Francisca. At the same time, he completed major assignments for the monarchs, such as the main altarpiece of the <em>Descalzas Reales<\/em> convent of Valladolid.<\/span><\/a>. The Baroque pulpit, in iron with a wooden canopy, is also well-preserved. The cloister, also dating from the time of Philip III, is composed of two areas of a square shape, with round arches on both sides and a geometric floor at the center of which there is a well.&nbsp;<\/p>\n<p style=\"text-align: justify\">When the court returned to Madrid, the <em>Descalzas<\/em> of Valladolid remained under the care and protection of the <a href=\"#\" class=\"tooltip yellow-tooltip\"><em>Chanciller\u00eda Real<\/em><span>The <em>Chanciller\u00eda Real<\/em> (Royal Chancellery) was the main judicial body that had jurisdiction over Castile. Created in the fourteenth century in a general reform of justice in the kingdom, it lasted until its suppression in the nineteenth century. Its main function was to receive and resolve all the open court cases in the kingdom of Castile, and to validate official documents with the royal seal, without making them pass through the hands of the king. It lost prominence in the sixteenth century, when the <em>Chanciller\u00eda de Granada<\/em> was created.<\/span><\/a> in Valladolid, which was located in front of the convent. Many of the ministers of justice wanted their daughters to enter the convent making it, again a center of spirituality, but also of power.<\/p>\n<p><a href=\"\/en\/territories\/regional-routes\/spanish-monasteries\/a-foundation-of-princess-juana-the-monastery-of-the-descalzas-reales\/\" title=\"A foundation of Princess Juana: the Monastery of the Descalzas Reales\"> &lt;&lt;&lt;&#8212;previous page<\/a> &nbsp; <a href=\"\/en\/territories\/regional-routes\/spanish-monasteries\/the-project-of-queen-margaret-the-monastery-of-the-encarnacion\/\" title=\"The project of Queen Margaret: the Monastery of the Encarnaci\u00f3n\"> next page&#8212;&gt;&gt;&gt;<\/a><\/p>\n<\/p><\/div>\n<p><\/p>\n","protected":false},"excerpt":{"rendered":"<p>The court in Valladolid and the convent of the Descalzas Reales When the court of Philip III moved to Valladolid (1600-1606) under the express wish of the Duke of Lerma, Queen MargaretMargaret of Habsburg (1584-1611) was the daughter of Charles II of Styria, the third&hellip;<\/p>\n","protected":false},"author":1,"featured_media":0,"parent":7253,"menu_order":0,"comment_status":"closed","ping_status":"closed","template":"","meta":{"footnotes":""},"class_list":["post-6407","page","type-page","status-publish","hentry"],"_links":{"self":[{"href":"https:\/\/digitalhistory.unite.it\/en\/wp-json\/wp\/v2\/pages\/6407","targetHints":{"allow":["GET"]}}],"collection":[{"href":"https:\/\/digitalhistory.unite.it\/en\/wp-json\/wp\/v2\/pages"}],"about":[{"href":"https:\/\/digitalhistory.unite.it\/en\/wp-json\/wp\/v2\/types\/page"}],"author":[{"embeddable":true,"href":"https:\/\/digitalhistory.unite.it\/en\/wp-json\/wp\/v2\/users\/1"}],"replies":[{"embeddable":true,"href":"https:\/\/digitalhistory.unite.it\/en\/wp-json\/wp\/v2\/comments?post=6407"}],"version-history":[{"count":2,"href":"https:\/\/digitalhistory.unite.it\/en\/wp-json\/wp\/v2\/pages\/6407\/revisions"}],"predecessor-version":[{"id":11316,"href":"https:\/\/digitalhistory.unite.it\/en\/wp-json\/wp\/v2\/pages\/6407\/revisions\/11316"}],"up":[{"embeddable":true,"href":"https:\/\/digitalhistory.unite.it\/en\/wp-json\/wp\/v2\/pages\/7253"}],"wp:attachment":[{"href":"https:\/\/digitalhistory.unite.it\/en\/wp-json\/wp\/v2\/media?parent=6407"}],"curies":[{"name":"wp","href":"https:\/\/api.w.org\/{rel}","templated":true}]}}