{"id":6409,"date":"2021-08-20T00:03:27","date_gmt":"2021-08-19T22:03:27","guid":{"rendered":"https:\/\/digitalhistory.unite.it\/imitating-the-royal-family-the-foundation-of-the-dukes-of-olivares-in-loeches\/"},"modified":"2021-11-23T15:27:56","modified_gmt":"2021-11-23T14:27:56","slug":"imitating-the-royal-family-the-foundation-of-the-dukes-of-olivares-in-loeches","status":"publish","type":"page","link":"https:\/\/digitalhistory.unite.it\/en\/territories\/regional-routes\/spanish-monasteries\/imitating-the-royal-family-the-foundation-of-the-dukes-of-olivares-in-loeches\/","title":{"rendered":"Imitating the royal family: the foundation of the Dukes of Olivares in Loeches"},"content":{"rendered":"<h1>Imitating the royal family: the foundation of the Dukes of Olivares in Loeches <\/h1>\n<div class=\"testo\">\n<p style=\"text-align: justify\"><img loading=\"lazy\" decoding=\"async\" src=\"https:\/\/digitalhistory.unite.it\/wp-content\/uploads\/2021\/08\/imagen_5__fileminimizer__250x167.jpg\" width=\"250\" height=\"167\" alt=\"Monastero 4\" align=\"left\">To the north-east of <a href=\"\/en\/territories\/urban-routes\/alcala-de-henares\/the-ermita-del-cristo-de-los-doctrinos\/madrid\/\" title=\"Madrid\">Madrid<\/a>, in <a href=\"#\" class=\"tooltip yellow-tooltip\">Loeches<span>Loeches is a small town located in the eastern part of the Comunity of Madrid, near the city of Alcal\u00e1 de Henares, on which it depended throughout its history. Its origins dates back to the <em>Reconquista<\/em>, when some Basques repopulated the area and founded Loeches. In 1633, the Count-Duke of Olivares purchased the town and built his palace and a convent there. Dismissed by the court in 1643, Olivares moved to Loeches for his remaining years.<\/span><\/a>, one finds the Monastery of the <em>Inmaculada Concepci\u00f3n<\/em>. It was founded by the favourite of <a href=\"\/en\/territories\/urban-routes\/ascanio-filomarino\/filomarino-and-the-masaniello-revolt\/philip-iv-of-habsburg\/\" title=\"Philip IV of Habsburg\">Philip IV<\/a>, <a href=\"\/en\/territories\/regional-routes\/spanish-monasteries\/imitating-the-royal-family-the-foundation-of-the-dukes-of-olivares-in-loeches\/gaspar-de-guzman-the-count-duke-of-olivares\/\" title=\"Gaspar de Guzm\u00e1n, the Count-Duke of Olivares\">Gaspar de Guzm\u00e1n y Pimentel, the Count-Duke of Olivares<\/a>, and his wife <a href=\"#\" class=\"tooltip yellow-tooltip\">In\u00e9s de Z\u00fa\u00f1iga y Velasco<span>In\u00e9s de Z\u00fa\u00f1iga y Velasco (1584-1647), belonging to the noble family of Z\u00fa\u00f1iga, married her cousin, the Count-Duke of Olivares, the favourite of Philip IV, in 1607. In\u00e9s became one of the most important ladies of the Spanish court, <em>camarera mayor<\/em> (The chief female member of the household staff) of Queen Isabella of Bourbon, the first wife of the monarch, and guardian (<em>aya<\/em>) of Prince Baltasar Carlos.<\/span><\/a> in 1640. In Loeches Olivares wanted to enrich his patrimony by building a palace and a convent of <a href=\"#\" class=\"tooltip yellow-tooltip\">female Dominican Recollects<span>The Dominican Recollects did not spread much through the Habsburg Monarchy. Present in the seventeenth century, they left very few foundations, among which the convent of <em>Corpus Christi<\/em> in Cordoba and the convent of Loeches near Madrid.<\/span><\/a>, visited daily by the countess. Olivares and his wife moved to Loeches in 1643, when the Count-Duke lost power and was removed from the <a href=\"\/en\/territories\/urban-routes\/valladolid\/the-church-of-san-pablo\/court\/\" title=\"Court\">court<\/a> on charges of having mismanaged the resources of a monarchy in decline, which could not cope with the high costs of battles and continuing economic difficulties. The building, in Baroque style, was designed by <a href=\"\/en\/territories\/regional-routes\/spanish-monasteries\/imitating-the-royal-family-the-foundation-of-the-dukes-of-olivares-in-loeches\/alonso-carbonel\/\" title=\"Alonso Carbonel\">Alonso Carbonel<\/a>. The main fa\u00e7ade is made of granite and is virtually identical to the facade of the Monastery of the <em>Encarnaci\u00f3n<\/em>, with the declared intention of imitating the most important monastery of the reigns of <a href=\"\/en\/territories\/urban-routes\/ascanio-filomarino\/the-royal-palace\/philip-iii-of-habsburg\/\" title=\"Philip III of Habsburg\">Philip III<\/a> and Philip IV. The lateral fa\u00e7ades are composed of limestone and ashlar, with a portico with three arches on the lower floor, a niche in the center and two coats of arms at the top of the fa\u00e7ade. The roof is in slate with a spire, a very characteristic element of the buildings constructed during the period of the <em>Austrias<\/em>. A large dome is also of the same material. The complex was made up of the convent, the church, a family pantheon and some orchards. The church is Baroque, a replica of that of the <em>Encarnaci\u00f3n<\/em>, with a single nave covered with a barrel vault and the dome on the crossing. The exterior of the monastery is in brick, with ceramic covering.<\/p>\n<p style=\"text-align: justify\">Today the monastery is under the patronage of the <a href=\"\/en\/territories\/urban-routes\/dukes-of-bejar\/el-bosque-of-bejar-importing-an-italian-model\/dukes-of-alba\/\" title=\"Dukes of Alba\">Casa de Alba<\/a>, the current Count-Dukes of Olivares. One of the most characteristic of the building is the pantheon of the Dukes of Alba, although that was built in the early twentieth century, which contains the bodies of the Count-Dukes of Olivares&nbsp; after their corpses were transported there and distinguished members of the Alba family.<\/p>\n<p style=\"text-align: justify\">Both the convent as the church guarded important artistic jewels of the Baroque, but looting, since the time of Napoleon, meant that most of the paintings, the furniture and items of jewelry of great value were stolen. Today they are scattered in various museums in Spain and Europe.<\/p>\n<p><a href=\"\/en\/territories\/regional-routes\/spanish-monasteries\/the-project-of-queen-margaret-the-monastery-of-the-encarnacion\/\" title=\"The project of Queen Margaret: the Monastery of the Encarnaci\u00f3n\"> &lt;&lt;&lt;&#8212;previous page<\/a> &nbsp; <a href=\"\/en\/territories\/regional-routes\/\" title=\"Regional routes\">back to index&#8212;&gt;&gt;&gt;<\/a><\/p>\n<\/p><\/div>\n<p><\/p>\n","protected":false},"excerpt":{"rendered":"<p>Imitating the royal family: the foundation of the Dukes of Olivares in Loeches To the north-east of Madrid, in LoechesLoeches is a small town located in the eastern part of the Comunity of Madrid, near the city of Alcal\u00e1 de Henares, on which it depended&hellip;<\/p>\n","protected":false},"author":1,"featured_media":0,"parent":7253,"menu_order":0,"comment_status":"closed","ping_status":"closed","template":"","meta":{"footnotes":""},"class_list":["post-6409","page","type-page","status-publish","hentry"],"_links":{"self":[{"href":"https:\/\/digitalhistory.unite.it\/en\/wp-json\/wp\/v2\/pages\/6409","targetHints":{"allow":["GET"]}}],"collection":[{"href":"https:\/\/digitalhistory.unite.it\/en\/wp-json\/wp\/v2\/pages"}],"about":[{"href":"https:\/\/digitalhistory.unite.it\/en\/wp-json\/wp\/v2\/types\/page"}],"author":[{"embeddable":true,"href":"https:\/\/digitalhistory.unite.it\/en\/wp-json\/wp\/v2\/users\/1"}],"replies":[{"embeddable":true,"href":"https:\/\/digitalhistory.unite.it\/en\/wp-json\/wp\/v2\/comments?post=6409"}],"version-history":[{"count":2,"href":"https:\/\/digitalhistory.unite.it\/en\/wp-json\/wp\/v2\/pages\/6409\/revisions"}],"predecessor-version":[{"id":11315,"href":"https:\/\/digitalhistory.unite.it\/en\/wp-json\/wp\/v2\/pages\/6409\/revisions\/11315"}],"up":[{"embeddable":true,"href":"https:\/\/digitalhistory.unite.it\/en\/wp-json\/wp\/v2\/pages\/7253"}],"wp:attachment":[{"href":"https:\/\/digitalhistory.unite.it\/en\/wp-json\/wp\/v2\/media?parent=6409"}],"curies":[{"name":"wp","href":"https:\/\/api.w.org\/{rel}","templated":true}]}}