{"id":6419,"date":"2021-08-20T00:03:28","date_gmt":"2021-08-19T22:03:28","guid":{"rendered":"https:\/\/digitalhistory.unite.it\/the-plaza-mayor-of-madrid\/"},"modified":"2021-11-23T15:28:02","modified_gmt":"2021-11-23T14:28:02","slug":"the-plaza-mayor-of-madrid","status":"publish","type":"page","link":"https:\/\/digitalhistory.unite.it\/en\/territories\/regional-routes\/plazas-mayores\/the-plaza-mayor-of-madrid\/","title":{"rendered":"The Plaza Mayor of Madrid"},"content":{"rendered":"<h1>The Plaza Mayor of Madrid <\/h1>\n<div class=\"testo\">\n<p style=\"text-align: justify\"><img loading=\"lazy\" decoding=\"async\" src=\"https:\/\/digitalhistory.unite.it\/wp-content\/uploads\/2021\/08\/img_0954_251x167.jpg\" width=\"251\" height=\"167\" alt=\"Plaza Mayor di Madrid\" align=\"left\">As in the case of <a href=\"\/en\/territories\/urban-routes\/valladolid\/the-church-of-san-pablo\/valladolid\/\" title=\"Valladolid\">Valladolid<\/a>, in the Middle Ages, in <a href=\"\/en\/territories\/urban-routes\/alcala-de-henares\/the-ermita-del-cristo-de-los-doctrinos\/madrid\/\" title=\"Madrid\">Madrid<\/a> the place where the <em>Plaza Mayor<\/em> now stands was located outside the first section of city walls. From the thirteenth century, when Madrid only had a few thousand inhabitants, there were reports of a space generated by the drying process of a pre-existing lagoon. The <em>Plaza del Arrabal<\/em>, as it was called at that time, was small and irregularly shaped, and was the seat of the city market. Already in the sixteenth century, territorial expansion and population growth of the city as a consequence of the arrival of the <a href=\"\/en\/territories\/urban-routes\/valladolid\/the-church-of-san-pablo\/court\/\" title=\"Court\">court<\/a>, forced the municipal authorities to rethink and reshape the square. This project, however, was implemented only in the final phase of the reign of <a href=\"\/en\/territories\/urban-routes\/ascanio-filomarino\/the-royal-palace\/philip-iii-of-habsburg\/\" title=\"Philip III of Habsburg\">Philip III<\/a>. <a href=\"\/en\/territories\/urban-routes\/alcala-de-henares\/the-jesuits-at-the-complutense-university-of-alcala\/juan-gomez-de-mora\/\" title=\"Juan G\u00f3mez de Mora\">Juan G\u00f3mez de Mora<\/a> was the architect in charge of giving to Madrid the monumental image of a faithful mirror of the power of the sovereign, which it sought. He worked then on the construction of some of the most representative works of the Spanish capital in the Baroque period. Between 1617 and 1619 thus the <em>Plaza Mayor<\/em> was built, clearly inspired by that of Valladolid. The version promoted and carried out by the great architect included a rectangular plan with nine entries, three sub arches and other six for uncovered streets, four pinnacles and 477 balconies. The square in the Baroque period was designed to accommodate ceremonies or events of a public nature, on account of which that of Madrid was further enriched with the houses of the <em>Panader\u00eda<\/em> on the north side, and the <em>Carnicer\u00eda<\/em> on the south side. The first, in particular, had actual rooms on the upper floor and porches with arches at ground height. Both houses are decorated with small towers with slate roofs, a legacy of the Flemish model and a characteristic element of civil architecture in the Monarchy of the <em>Austrias<\/em>. The original construction of the square, in brick and wood, was repeatedly damaged by fire. In 1672, <a href=\"#\" class=\"tooltip yellow-tooltip\">Tom\u00e1s Rom\u00e1n<span>A Spanish architect active in the seventeenth century, Tom\u00e1s Rom\u00e1n is best known for having restored the <em>Casa de la Panader\u00eda<\/em> in the <em>Plaza Mayor<\/em> in Madrid after the fire of 1672.<\/span><\/a> repaired the house of the <em>Panader\u00eda<\/em>, by providing it with the most current decorative style. In 1790, <a href=\"#\" class=\"tooltip yellow-tooltip\">Juan de Villanueva<span>Juan de Villanueva (1739-1811) is considered the greatest exponent of neoclassical architecture in Spain. He worked a long time for the royal house of Bourbon, especially in the royal palace of El Escorial. He undertook the restoration and partial reconstruction of the <em>Plaza Mayor<\/em> in Madrid after the fire of 1790. Very active in his hometown of Madrid, he also made the <em>Oratorio del Caballero de Gracia<\/em> (The Oratory of the Gentleman of Grace) and the Astronomical Observatory, both located in the gardens of the Retiro.<\/span><\/a> gave the <em>Plaza Mayor<\/em> the appearance it has today, while respecting the original design of G\u00f3mez de Mora: a closed square, covering the streets which were uncovered, that gave access, and reduced the height of the buildings.<\/p>\n<p style=\"text-align: justify\"><a href=\"\/en\/territories\/regional-routes\/plazas-mayores\/the-reconstruction-of-the-plaza-mayor-of-valladolid\/\" title=\"The reconstruction of the Plaza Mayor of Valladolid\">&lt;&lt;&lt;&#8212;previous page<\/a> &nbsp; <a href=\"\/en\/territories\/regional-routes\/plazas-mayores\/the-plaza-de-la-corredera-of-cordoba\/\" title=\"The Plaza de la Corredera of Cordoba\">next page&#8212;&gt;&gt;&gt;<\/a><\/p>\n<\/p><\/div>\n<p><\/p>\n","protected":false},"excerpt":{"rendered":"<p>The Plaza Mayor of Madrid As in the case of Valladolid, in the Middle Ages, in Madrid the place where the Plaza Mayor now stands was located outside the first section of city walls. From the thirteenth century, when Madrid only had a few thousand&hellip;<\/p>\n","protected":false},"author":1,"featured_media":0,"parent":7264,"menu_order":0,"comment_status":"closed","ping_status":"closed","template":"","meta":{"footnotes":""},"class_list":["post-6419","page","type-page","status-publish","hentry"],"_links":{"self":[{"href":"https:\/\/digitalhistory.unite.it\/en\/wp-json\/wp\/v2\/pages\/6419","targetHints":{"allow":["GET"]}}],"collection":[{"href":"https:\/\/digitalhistory.unite.it\/en\/wp-json\/wp\/v2\/pages"}],"about":[{"href":"https:\/\/digitalhistory.unite.it\/en\/wp-json\/wp\/v2\/types\/page"}],"author":[{"embeddable":true,"href":"https:\/\/digitalhistory.unite.it\/en\/wp-json\/wp\/v2\/users\/1"}],"replies":[{"embeddable":true,"href":"https:\/\/digitalhistory.unite.it\/en\/wp-json\/wp\/v2\/comments?post=6419"}],"version-history":[{"count":2,"href":"https:\/\/digitalhistory.unite.it\/en\/wp-json\/wp\/v2\/pages\/6419\/revisions"}],"predecessor-version":[{"id":11383,"href":"https:\/\/digitalhistory.unite.it\/en\/wp-json\/wp\/v2\/pages\/6419\/revisions\/11383"}],"up":[{"embeddable":true,"href":"https:\/\/digitalhistory.unite.it\/en\/wp-json\/wp\/v2\/pages\/7264"}],"wp:attachment":[{"href":"https:\/\/digitalhistory.unite.it\/en\/wp-json\/wp\/v2\/media?parent=6419"}],"curies":[{"name":"wp","href":"https:\/\/api.w.org\/{rel}","templated":true}]}}