{"id":6420,"date":"2021-08-20T00:03:28","date_gmt":"2021-08-19T22:03:28","guid":{"rendered":"https:\/\/digitalhistory.unite.it\/the-plaza-de-la-corredera-of-cordoba\/"},"modified":"2021-11-23T15:28:02","modified_gmt":"2021-11-23T14:28:02","slug":"the-plaza-de-la-corredera-of-cordoba","status":"publish","type":"page","link":"https:\/\/digitalhistory.unite.it\/en\/territories\/regional-routes\/plazas-mayores\/the-plaza-de-la-corredera-of-cordoba\/","title":{"rendered":"The Plaza de la Corredera of Cordoba"},"content":{"rendered":"<h1>The Plaza de la Corredera of Cordoba <\/h1>\n<div class=\"testo\">\n<p style=\"text-align: justify\"><img loading=\"lazy\" decoding=\"async\" src=\"https:\/\/digitalhistory.unite.it\/wp-content\/uploads\/2021\/08\/plaza_cordoba_343x152.jpg\" width=\"343\" height=\"152\" alt=\"Plaza Cordoba\" align=\"left\">Another famous example of <em>plaza mayor<\/em> in the seventeenth century is the <em>Plaza de la Corredera<\/em> of <a href=\"\/en\/territories\/regional-routes\/plazas-mayores\/the-plaza-de-la-corredera-of-cordoba\/cordoba\/\" title=\"Cordoba\">Cordoba<\/a>. The sole quadrangular <em>plaza mayor<\/em> in all of Andalusia, its construction was completed in 1683 under the direction of Antonio Ramos Vald\u00e9s. It is currently located in the city centre and uses so-called <em>Arco Alto<\/em> (High arch) and <em>Arco Bajo<\/em> (Low arch) as ways of entry and exit. In the Middle Ages, however, the space where it was located was outside the walls, surrounding the upper part of the city. The plans to build a square in the area that had long been the scene of major commercial activities in Cordoba dated back to the sixteenth century. After the decree of King Charles (Emperor <a href=\"\/en\/territories\/urban-routes\/lecce\/other-works\/charles-v-of-habsburg\/\" title=\"Charles V of Habsburg\">Charles V<\/a>), which authorized the holding of a weekly market (1526), the square was used as the headquarters of that market. It was also used for special celebrations, as in the case of the celebrations for the victory of the Spanish fleet at Lepanto (October 7, 1571) or as the occasion of the <em><a href=\"\/en\/territories\/regional-routes\/plazas-mayores\/the-origin-and-functions-of-the-plazas-mayores\/autos-de-fe\/\" title=\"Autos de fe\">autos de fe<\/a><\/em> of December 2, 1625, of December 21, 1627 and 3 May 1655. On behalf of the <em>corregidor<\/em> Francisco Ronquillo Brice\u00f1o, in 1683, the square was remodeled according to the dimensions of a 113 metre long and 55 metre wide rectangle. Despite the high cost of operations, it was not yet completed and only the fa\u00e7ades were built of the buildings on the perimeter. Undergoing several changes over the following centuries, the <em>Plaza de la Corredera<\/em> remained until the twentieth century, the centre of the business districts and has been occasionally as a place of public executions. However, it was the celebration of bullfights (the first of which we know of was in 1513) which characterized this urban space, as evinced by its name. The <em>Mercado de S\u00e1nchez Pe\u00f1a<\/em> (S\u00e1nchez Pe\u00f1a market), used in the past as the municipal palace and as a prison and the <em>Casas de Do\u00f1a Ana Jacinta<\/em> (the Houses of Do\u00f1a Ana Jacinta), from the&nbsp; sixteenth to the seventeenth centuries face it. Both the <em>P\u00f3sito<\/em>, an old barn where the public stocks for the supply of the city were kept, and the building that had subsequently taken up that function, built in the late nineteenth century and destroyed in 1959, have been torn down.<\/p>\n<p style=\"text-align: justify\"><a href=\"\/en\/territories\/regional-routes\/plazas-mayores\/the-plaza-mayor-of-madrid\/\" title=\"The Plaza Mayor of Madrid\">&lt;&lt;&lt;&#8212;previous page<\/a> &nbsp; <a href=\"\/en\/territories\/regional-routes\/plazas-mayores\/the-plaza-mayor-of-salamanca\/\" title=\"The Plaza Mayor of Salamanca\">next page&#8212;&gt;&gt;&gt;<\/a><\/p>\n<\/p><\/div>\n<p><\/p>\n","protected":false},"excerpt":{"rendered":"<p>The Plaza de la Corredera of Cordoba Another famous example of plaza mayor in the seventeenth century is the Plaza de la Corredera of Cordoba. The sole quadrangular plaza mayor in all of Andalusia, its construction was completed in 1683 under the direction of Antonio&hellip;<\/p>\n","protected":false},"author":1,"featured_media":0,"parent":7264,"menu_order":0,"comment_status":"closed","ping_status":"closed","template":"","meta":{"footnotes":""},"class_list":["post-6420","page","type-page","status-publish","hentry"],"_links":{"self":[{"href":"https:\/\/digitalhistory.unite.it\/en\/wp-json\/wp\/v2\/pages\/6420","targetHints":{"allow":["GET"]}}],"collection":[{"href":"https:\/\/digitalhistory.unite.it\/en\/wp-json\/wp\/v2\/pages"}],"about":[{"href":"https:\/\/digitalhistory.unite.it\/en\/wp-json\/wp\/v2\/types\/page"}],"author":[{"embeddable":true,"href":"https:\/\/digitalhistory.unite.it\/en\/wp-json\/wp\/v2\/users\/1"}],"replies":[{"embeddable":true,"href":"https:\/\/digitalhistory.unite.it\/en\/wp-json\/wp\/v2\/comments?post=6420"}],"version-history":[{"count":2,"href":"https:\/\/digitalhistory.unite.it\/en\/wp-json\/wp\/v2\/pages\/6420\/revisions"}],"predecessor-version":[{"id":11382,"href":"https:\/\/digitalhistory.unite.it\/en\/wp-json\/wp\/v2\/pages\/6420\/revisions\/11382"}],"up":[{"embeddable":true,"href":"https:\/\/digitalhistory.unite.it\/en\/wp-json\/wp\/v2\/pages\/7264"}],"wp:attachment":[{"href":"https:\/\/digitalhistory.unite.it\/en\/wp-json\/wp\/v2\/media?parent=6420"}],"curies":[{"name":"wp","href":"https:\/\/api.w.org\/{rel}","templated":true}]}}