{"id":6421,"date":"2021-08-20T00:03:28","date_gmt":"2021-08-19T22:03:28","guid":{"rendered":"https:\/\/digitalhistory.unite.it\/the-plaza-mayor-of-salamanca\/"},"modified":"2021-11-23T15:28:02","modified_gmt":"2021-11-23T14:28:02","slug":"the-plaza-mayor-of-salamanca","status":"publish","type":"page","link":"https:\/\/digitalhistory.unite.it\/en\/territories\/regional-routes\/plazas-mayores\/the-plaza-mayor-of-salamanca\/","title":{"rendered":"The Plaza Mayor of Salamanca"},"content":{"rendered":"<h1>The Plaza Mayor of Salamanca <\/h1>\n<div class=\"testo\">\n<p style=\"text-align: justify\"><img loading=\"lazy\" decoding=\"async\" src=\"https:\/\/digitalhistory.unite.it\/wp-content\/uploads\/2021\/08\/salamanca_plaza_mayor_por_la_tarde_252x158.jpg\" width=\"252\" height=\"158\" alt=\"Plaza Mayor Salamanca\" align=\"left\">The <em>Plaza Mayor<\/em> of <a href=\"\/en\/territories\/urban-routes\/valladolid\/the-university\/salamanca\/\" title=\"Salamanca\">Salamanca<\/a> is one of the greatest expressions of Baroque art in Spain. In this case, the square is located in a space used, since the Middle Ages, for urban commerce and located close to the city walls. This area, known since the fifteenth century as the <em>plaza de San Mart\u00edn<\/em> (because it overlooked the church of <em>San Mart\u00edn<\/em>), however, was much larger than the current <em>Plaza Mayor<\/em> (almost four times larger) and even served as a place for feasts and religious ceremonies, in addition to the market. On the initiative of the <em>corregidor<\/em> <a href=\"#\" class=\"tooltip yellow-tooltip\">Rodrigo Caballero<span>Rodrigo Caballero y Llanes (1663-?) was <em>corregidor<\/em> (chief magistrate) of the city of Salamanca, but also the governor, mayor and judge of other cities in Spain (Valencia, Barcelona and A Coru\u00f1a) during the reign of Philip V (1683-1746). A supporter of the Bourbons during the War of Succession (1701-1713), he took office in Salamanca in 1726. Three years after, on his initiative, the work that transformed the <em>Plaza Mayor<\/em> of Salamanca began. His picture is reproduced in one of the medallions that adorn the square.<\/span><\/a>, it was completely remodeled since 1729, in line with the urban theories of the time and the model of the <em>plazas mayores<\/em> which had already been built in Spain in previous decades. The first phase of work (1729-1735) was directed by the architect <a href=\"#\" class=\"tooltip yellow-tooltip\">Alberto de Churriguera<span>Alberto de Churriguera (1676-1750) was a member of the family who, more than any other, represented Baroque architecture in Spain. <em>Maestro Mayor<\/em> of the <em>Catedral Nueva<\/em> of Salamanca, in the same city he conducted the first phase of the construction of the <em>Plaza Mayor<\/em>. Often together with his brothers and nephews, he worked on the Cathedral of Palencia, the fa\u00e7ade of the Cathedral of Valladolid and many other projects, also in Madrid.<\/span><\/a>, who was responsible for two of the four sides of the square, the <em>Pabell\u00f3n Real<\/em> (the royal pavilion) and the <em>Pabell\u00f3n Real de San Mart\u00edn<\/em> (Royal pavilion of Saint Martin). &nbsp;After a period of interruption of work due to disputes between the municipality and the owners of the houses (1735-1750), the work was completed with the remaining two sides, the <em>Pabell\u00f3n de Petrineros<\/em> (the pavilion of the Petrineros) and the <em>Pabell\u00f3n Consistorial<\/em> (Consistorial pavilion), by <a href=\"#\" class=\"tooltip yellow-tooltip\">Andr\u00e9s Garc\u00eda de Qui\u00f1ones<span>A native of Santiago de Compostela, Andr\u00e9s Garc\u00eda de Qui\u00f1ones was an architect and sculptor who worked mainly in Salamanca. The direction of the last phase of the construction of the <em>Plaza Mayor<\/em> constitutes his most important contribution to the history of the city.<\/span><\/a> (1750-1755). The architect, however, never carried out the project of the municipal palace, which included the construction of two side towers since there was a concern that the structure could not support the weight. They remained only in the model (<em>maqueta<\/em>) of 1745. In the following centuries the square has undergone several changes, which, however, have not altered the original structure. In the twentieth century, for example, the garden and kiosk which occupied the centre have been taken out. In its present form, the <em>Plaza Mayor<\/em> of Salamanca has the shape of an irregular quadrilateral, with 88 well-rounded arches. Among them there are a series of medallions depicting some famous people in Spanish history. In the initial project was only partially fulfilled, the king of Spain had to be represented on the <em>Pabell\u00f3n Real<\/em>, the military leaders were to be on that of <em>San Mart\u00edn<\/em>, while the most important sages and saints of Iberian history had to be, respectively, on the <em>Pabell\u00f3n de Petrineros<\/em> and the <em>Pabell\u00f3n Consistorial<\/em>. The first medallions were designed in the eighteenth century by Rodrigo Caballero and sculpted by <a href=\"#\" class=\"tooltip yellow-tooltip\">Alejandro Carnicero<span>Alejandro Carnicero (1693-1756) was one of the main Spanish sculptors of the first half of the eighteenth century, between the Baroque and Neoclassicism. Some of his works are preserved in the <em>Catedral Nueva<\/em> and the <em>Plaza Mayor<\/em> of Salamanca, in the cathedrals of Oviedo and Le\u00f3n, in the <em>Real Monasterio de Nuestra Se\u00f1ora<\/em> (The Royal Monastery of Our Lady) of Guadalupe and in the royal palace in Madrid.<\/span><\/a>, many others have been added over the centuries, including those depicting the personalities who desired and carried out the construction of the square.<\/p>\n<p><a href=\"\/en\/territories\/regional-routes\/plazas-mayores\/the-plaza-de-la-corredera-of-cordoba\/\" title=\"The Plaza de la Corredera of Cordoba\">&lt;&lt;&lt;&#8212;previous page<\/a> &nbsp; <a href=\"\/en\/territories\/regional-routes\/plazas-mayores\/other-examples-burgos-and-plasencia\/\" title=\"Other examples: Burgos and Plasencia\">next page&#8212;&gt;&gt;&gt;<\/a><\/p>\n<\/p><\/div>\n<p><\/p>\n","protected":false},"excerpt":{"rendered":"<p>The Plaza Mayor of Salamanca The Plaza Mayor of Salamanca is one of the greatest expressions of Baroque art in Spain. In this case, the square is located in a space used, since the Middle Ages, for urban commerce and located close to the city&hellip;<\/p>\n","protected":false},"author":1,"featured_media":0,"parent":7264,"menu_order":0,"comment_status":"closed","ping_status":"closed","template":"","meta":{"footnotes":""},"class_list":["post-6421","page","type-page","status-publish","hentry"],"_links":{"self":[{"href":"https:\/\/digitalhistory.unite.it\/en\/wp-json\/wp\/v2\/pages\/6421","targetHints":{"allow":["GET"]}}],"collection":[{"href":"https:\/\/digitalhistory.unite.it\/en\/wp-json\/wp\/v2\/pages"}],"about":[{"href":"https:\/\/digitalhistory.unite.it\/en\/wp-json\/wp\/v2\/types\/page"}],"author":[{"embeddable":true,"href":"https:\/\/digitalhistory.unite.it\/en\/wp-json\/wp\/v2\/users\/1"}],"replies":[{"embeddable":true,"href":"https:\/\/digitalhistory.unite.it\/en\/wp-json\/wp\/v2\/comments?post=6421"}],"version-history":[{"count":2,"href":"https:\/\/digitalhistory.unite.it\/en\/wp-json\/wp\/v2\/pages\/6421\/revisions"}],"predecessor-version":[{"id":11384,"href":"https:\/\/digitalhistory.unite.it\/en\/wp-json\/wp\/v2\/pages\/6421\/revisions\/11384"}],"up":[{"embeddable":true,"href":"https:\/\/digitalhistory.unite.it\/en\/wp-json\/wp\/v2\/pages\/7264"}],"wp:attachment":[{"href":"https:\/\/digitalhistory.unite.it\/en\/wp-json\/wp\/v2\/media?parent=6421"}],"curies":[{"name":"wp","href":"https:\/\/api.w.org\/{rel}","templated":true}]}}