{"id":6424,"date":"2021-08-20T00:03:28","date_gmt":"2021-08-19T22:03:28","guid":{"rendered":"https:\/\/digitalhistory.unite.it\/bejar-and-campofrio\/"},"modified":"2021-11-23T15:28:01","modified_gmt":"2021-11-23T14:28:01","slug":"bejar-and-campofrio","status":"publish","type":"page","link":"https:\/\/digitalhistory.unite.it\/en\/territories\/regional-routes\/plazas-de-toros\/bejar-and-campofrio\/","title":{"rendered":"B\u00e9jar and Campofr\u00edo"},"content":{"rendered":"<h1>B\u00e9jar and Campofr\u00edo <\/h1>\n<div class=\"testo\">\n<p style=\"text-align: justify\"><img loading=\"lazy\" decoding=\"async\" src=\"https:\/\/digitalhistory.unite.it\/wp-content\/uploads\/2021\/08\/clip_image002_251x189-5.jpg\" width=\"251\" height=\"189\" alt=\"Bejar\" align=\"left\">That of <a href=\"\/en\/territories\/urban-routes\/dukes-of-bejar\/el-bosque-of-bejar-importing-an-italian-model\/bejar\/\" title=\"B\u00e9jar\">B\u00e9jar<\/a> has been considered for a long time the oldest <em>plaza<\/em> of Spain, and although others have been found to be older, it remains one of the best examples of the first buildings erected permanently to host bullfights. The history of this structure began in 1667 when members of the Brotherhood of the <em>Virgen del Casta\u00f1ar<\/em> asked for permission to bring some bulls to the hill which had the same name as a convent to celebrate the feast of the patron saint of B\u00e9jar. This permission was denied by the Duchess Teresa Sarmiento de la Cerda, the mother of the <a href=\"\/en\/territories\/urban-routes\/dukes-of-bejar\/the-spanish-nobility-and-gardens-in-the-likeness-of-italian-villas\/dukes-of-bejar\/\" title=\"Dukes of B\u00e9jar\">Duke of B\u00e9jar<\/a>, Manuel de Z\u00fa\u00f1iga and at the time regent. The permission denied by the grandmother was given forty years later, in 1707, by Duke Juan Manuel de Z\u00fa\u00f1iga to celebrate the birth of the <em>Infante<\/em>, the Prince of Asturias and future king, <a href=\"#\" class=\"tooltip yellow-tooltip\">Louis I<span>The eldest son of Philip V and his first wife Maria Luisa of Savoy, Louis of Bourbon (1707-1724) was king of Spain for just seven months: from his father&#8217;s abdication in his favour (15 January 1724) until his untimely death from smallpox. Philip V had to return to the throne.<\/span><\/a>. The success of the spectacle persuaded the Duke to grant the approval in 1711 so that the wooden square used on that occasion be replaced with a permanent one in stone. The first structure was square but in the middle of the nineteenth century, it was remodeled to make it circular, although traces remain of the ancient structure in the stands, and has a capacity of about 4,200 spectators.<\/p>\n<p style=\"text-align: justify\"><img loading=\"lazy\" decoding=\"async\" src=\"https:\/\/digitalhistory.unite.it\/wp-content\/uploads\/2021\/08\/clip_image002_342x143.jpg\" width=\"342\" height=\"143\" alt=\"Campofrio\" align=\"left\">The square of Campofr\u00edo (Huelva) was built by the Brotherhood of Saint James.&nbsp; Among the few documents in the local archive that escaped the looting of the civil war, there is one, dated 1716, in which the majordomo of the association demanded the authorities for permission to have it built. In the same year construction began and the square was inaugurated on 25 July 1718. It was restored on three occasions in 1936, 1977 and 2002. In 2004, archaeological studies were conducted to determine the construction techniques and materials used. Research was conducted at the municipal archives of Campofr\u00edo, Aracena, Aroche and Almonaster la Real. The plaza has rather simple architecture, it is circular in shape with a double wall of protection, three sets of steps to accommodate about 1,500 spectators. It has two entrances, the main one is also home to the small stage. The reduced capacity contrasts with an ample ruedo, which is due to the original use of the&nbsp; square for bullfights on horseback (<em>rejoneo<\/em>). It belongs to the association of <em>Plazas de Toros Hist\u00f3ricas de Espa\u00f1a<\/em> and the <em>Junta de Andaluc\u00eda<\/em> has started the paperwork so that it be declared of cultural interest.<\/p>\n<p><a href=\"\/en\/territories\/regional-routes\/plazas-de-toros\/features-and-functions-of-the-bullring\/\" title=\"Features and functions of the bullring\">&lt;&lt;&lt;&#8212;previous page<\/a> &nbsp; <a href=\"\/en\/territories\/regional-routes\/plazas-de-toros\/plazas-and-ermitas-la-parra-and-almagro\/\" title=\"Plazas and Ermitas: La Parra and Almagro\">next page&#8212;&gt;&gt;&gt;<\/a><\/p>\n<\/p><\/div>\n<p><\/p>\n","protected":false},"excerpt":{"rendered":"<p>B\u00e9jar and Campofr\u00edo That of B\u00e9jar has been considered for a long time the oldest plaza of Spain, and although others have been found to be older, it remains one of the best examples of the first buildings erected permanently to host bullfights. The history&hellip;<\/p>\n","protected":false},"author":1,"featured_media":0,"parent":7269,"menu_order":0,"comment_status":"closed","ping_status":"closed","template":"","meta":{"footnotes":""},"class_list":["post-6424","page","type-page","status-publish","hentry"],"_links":{"self":[{"href":"https:\/\/digitalhistory.unite.it\/en\/wp-json\/wp\/v2\/pages\/6424","targetHints":{"allow":["GET"]}}],"collection":[{"href":"https:\/\/digitalhistory.unite.it\/en\/wp-json\/wp\/v2\/pages"}],"about":[{"href":"https:\/\/digitalhistory.unite.it\/en\/wp-json\/wp\/v2\/types\/page"}],"author":[{"embeddable":true,"href":"https:\/\/digitalhistory.unite.it\/en\/wp-json\/wp\/v2\/users\/1"}],"replies":[{"embeddable":true,"href":"https:\/\/digitalhistory.unite.it\/en\/wp-json\/wp\/v2\/comments?post=6424"}],"version-history":[{"count":2,"href":"https:\/\/digitalhistory.unite.it\/en\/wp-json\/wp\/v2\/pages\/6424\/revisions"}],"predecessor-version":[{"id":11372,"href":"https:\/\/digitalhistory.unite.it\/en\/wp-json\/wp\/v2\/pages\/6424\/revisions\/11372"}],"up":[{"embeddable":true,"href":"https:\/\/digitalhistory.unite.it\/en\/wp-json\/wp\/v2\/pages\/7269"}],"wp:attachment":[{"href":"https:\/\/digitalhistory.unite.it\/en\/wp-json\/wp\/v2\/media?parent=6424"}],"curies":[{"name":"wp","href":"https:\/\/api.w.org\/{rel}","templated":true}]}}