{"id":6425,"date":"2021-08-20T00:03:28","date_gmt":"2021-08-19T22:03:28","guid":{"rendered":"https:\/\/digitalhistory.unite.it\/plazas-and-ermitas-la-parra-and-almagro\/"},"modified":"2021-11-23T15:28:01","modified_gmt":"2021-11-23T14:28:01","slug":"plazas-and-ermitas-la-parra-and-almagro","status":"publish","type":"page","link":"https:\/\/digitalhistory.unite.it\/en\/territories\/regional-routes\/plazas-de-toros\/plazas-and-ermitas-la-parra-and-almagro\/","title":{"rendered":"Plazas and Ermitas: La Parra and Almagro"},"content":{"rendered":"<h1>Plazas and Ermitas: La Parra and Almagro <\/h1>\n<div class=\"testo\">\n<p style=\"text-align: justify\"><img loading=\"lazy\" decoding=\"async\" src=\"https:\/\/digitalhistory.unite.it\/wp-content\/uploads\/2021\/08\/clip_image002_251x171.jpg\" width=\"251\" height=\"171\" alt=\"La Parra\" align=\"left\">Even the square of La Parra (Badajoz) is considered one of the oldest in Spain. It is united to the <em>ermita<\/em> (shrine) of <em>San Juan<\/em> (Saint John), the protector of the town, and the two buildings were built at the same time. The complex is located on the outskirts of La Parra, in the countryside and has, in addition to the <em>plaza<\/em>, a chapel, a refectory, an old <em>hospeder\u00eda<\/em> (hostel) and other installations. In principle, the fence probably also served as a shelter for cattle that moved down into the valley, along the way of the <a href=\"#\" class=\"tooltip yellow-tooltip\"><em>ca\u00f1ada real<\/em><span>The <em>Ca\u00f1adas Reales<\/em>, were the ways of transit of flocks, which existed throughout Spain during the Early Modern period.<\/span><\/a>. The structure was built in the sixteenth century under the orders of Don Lorenzo Su\u00e1rez de Figueroa, Master of the <a href=\"\/en\/territories\/regional-routes\/don-quijote\/on-the-trail-of-a-damsel-dulcinea-of-el-toboso\/the-order-of-santiago\/\" title=\"The Order of Santiago\">Order of Santiago<\/a> and father of the first <a href=\"\/en\/themes\/mansions-of-the-nobility\/dukes-of-feria\/\" title=\"Dukes of Feria\">Duke of Feria<\/a>. The emblem of the powerful Dukes of Feria still exists on the fa\u00e7ade of the <em>ermita<\/em>.<\/p>\n<p style=\"text-align: justify\"><img loading=\"lazy\" decoding=\"async\" src=\"https:\/\/digitalhistory.unite.it\/wp-content\/uploads\/2021\/08\/clip_image002_252x137.jpg\" width=\"252\" height=\"137\" alt=\"Almagro\" align=\"left\">Almagro&#8217;s <em>plaza<\/em> is irregular and is in fact one of the oldest in Spain. It is joined to the shrine of the <em>Virgen de las Nives<\/em>, a monastery dating back to the twelfth century that was completely rebuilt&nbsp; between 1637 and 1641 at the behest of the Marquis of Santa Cruz \u00c1lvaro de Baz\u00e1n y Guzm\u00e1n as a votive offering for having returned unharmed from the <a href=\"#\" class=\"tooltip yellow-tooltip\">Battle of Lepanto<span>Was a naval battle that took place on 7 October 1571 and that pitted the Holy League (Spanish Monarchy, the Duchy of Savoy, the Papacy and the Republics of Venice and Genoa) against the Ottoman Empire. The victory put a stop to the Ottoman expansion towards the Christian West.<\/span><\/a>. Probably the position of the monastery, along an important way that once united Portugal and Extremadura with the regions of the Levant, meant that the site was well known and in the seventeenth century and it had a tavern which is still in operation. The first nucleus of the <em>plaza<\/em> dates back to the works carried out by Baz\u00e1n family in 1641, and just over a century later, between 1761 and 1771, the Brotherhood <em>de las Nives<\/em> and private individuals financed its modernization and the fence. The brotherhood was responsible for the organization of the bullfightings which were celebrated in honour of the Virgin on 5 August. The monastery was severely damaged during the Civil War and was rebuilt in 1948. The window that allows the statue of the Virgin to face the ring and to preside over the bullfighting and protect the contenders stands out. It can hold about 2,000 people, and is currently used for minor spectacles. In addition to the monastery and the <em>plaza<\/em>, the complex has the aforementioned restaurant, a space once used for theatrical performances and which was the country residence of the Baz\u00e1n family.<\/p>\n<p><a href=\"\/en\/territories\/regional-routes\/plazas-de-toros\/bejar-and-campofrio\/\" title=\"B\u00e9jar and Campofr\u00edo\">&lt;&lt;&lt;&#8212;previous page<\/a> &nbsp; <a href=\"\/en\/territories\/regional-routes\/plazas-de-toros\/plazas-and-ermitas-trucios-puebla-de-sancho-perez-and-medinilla\/\" title=\"Plazas and Ermitas: Trucios, Puebla de Sancho P\u00e9rez and Medinilla\"> next page&#8212;&gt;&gt;&gt;<\/a><\/p>\n<\/p><\/div>\n<p><\/p>\n","protected":false},"excerpt":{"rendered":"<p>Plazas and Ermitas: La Parra and Almagro Even the square of La Parra (Badajoz) is considered one of the oldest in Spain. It is united to the ermita (shrine) of San Juan (Saint John), the protector of the town, and the two buildings were built&hellip;<\/p>\n","protected":false},"author":1,"featured_media":0,"parent":7269,"menu_order":0,"comment_status":"closed","ping_status":"closed","template":"","meta":{"footnotes":""},"class_list":["post-6425","page","type-page","status-publish","hentry"],"_links":{"self":[{"href":"https:\/\/digitalhistory.unite.it\/en\/wp-json\/wp\/v2\/pages\/6425","targetHints":{"allow":["GET"]}}],"collection":[{"href":"https:\/\/digitalhistory.unite.it\/en\/wp-json\/wp\/v2\/pages"}],"about":[{"href":"https:\/\/digitalhistory.unite.it\/en\/wp-json\/wp\/v2\/types\/page"}],"author":[{"embeddable":true,"href":"https:\/\/digitalhistory.unite.it\/en\/wp-json\/wp\/v2\/users\/1"}],"replies":[{"embeddable":true,"href":"https:\/\/digitalhistory.unite.it\/en\/wp-json\/wp\/v2\/comments?post=6425"}],"version-history":[{"count":2,"href":"https:\/\/digitalhistory.unite.it\/en\/wp-json\/wp\/v2\/pages\/6425\/revisions"}],"predecessor-version":[{"id":11374,"href":"https:\/\/digitalhistory.unite.it\/en\/wp-json\/wp\/v2\/pages\/6425\/revisions\/11374"}],"up":[{"embeddable":true,"href":"https:\/\/digitalhistory.unite.it\/en\/wp-json\/wp\/v2\/pages\/7269"}],"wp:attachment":[{"href":"https:\/\/digitalhistory.unite.it\/en\/wp-json\/wp\/v2\/media?parent=6425"}],"curies":[{"name":"wp","href":"https:\/\/api.w.org\/{rel}","templated":true}]}}