{"id":6426,"date":"2021-08-20T00:03:28","date_gmt":"2021-08-19T22:03:28","guid":{"rendered":"https:\/\/digitalhistory.unite.it\/plazas-and-ermitas-trucios-puebla-de-sancho-perez-and-medinilla\/"},"modified":"2021-11-23T15:28:01","modified_gmt":"2021-11-23T14:28:01","slug":"plazas-and-ermitas-trucios-puebla-de-sancho-perez-and-medinilla","status":"publish","type":"page","link":"https:\/\/digitalhistory.unite.it\/en\/territories\/regional-routes\/plazas-de-toros\/plazas-and-ermitas-trucios-puebla-de-sancho-perez-and-medinilla\/","title":{"rendered":"Plazas and Ermitas: Trucios, Puebla de Sancho P\u00e9rez and Medinilla"},"content":{"rendered":"<h1>Plazas and Ermitas: Trucios, Puebla de Sancho P\u00e9rez and Medinilla <\/h1>\n<div class=\"testo\">\n<p style=\"text-align: justify\"><img loading=\"lazy\" decoding=\"async\" src=\"https:\/\/digitalhistory.unite.it\/wp-content\/uploads\/2021\/08\/clip_image002_344x182.jpg\" width=\"344\" height=\"182\" alt=\"Trucios\" align=\"left\">Trucios (Turtzioz in Euskera) is a town in the Biscay region (Bilbao) of just over 500 souls which is a source of wonder on account of the amount of bullrings in it: each quarter has its own structure which faces a church. Both the <em>plazas<\/em> and the shrines date back to the mid-eighteenth century. The bullfights, as in other areas of Spain, were linked to religious festivals in honour of&nbsp; patron saints. The facilities are simple, circular or square, are equipped with side walls and wooden&nbsp; protection barriers. The <em>Ermita de la Trinidad<\/em> (in the Gord\u00f3n quarter, eighteenth century) and the <em>Ermita de San Roque<\/em> (eighteenth century) much be mentioned. The latter is equipped with a ring that dates to 1692, which was originally irregular in shape, after a restoration in 1983 it was equipped with it current circular shape. Of note is the <em>Ermita de la Caridad<\/em>, also known as that of <em>Santa Isabel<\/em>. This shrine, which was built in the second half of the seventeenth century, is in a severe Baroque or Classical style. The bullring is circular with side walls as well as barriers made of stone. It has a podium with steps and was built around 1755. Near Trucios, in Artzentales, is the church of <em>San Antol\u00edn<\/em> (Saint Antonius of Pamiers), also dating from the early eighteenth century (probably 1705), in front of which there is an irregular space used for bullfighting.<\/p>\n<p style=\"text-align: justify\"><img loading=\"lazy\" decoding=\"async\" src=\"https:\/\/digitalhistory.unite.it\/wp-content\/uploads\/2021\/08\/clip_image002_252x183.jpg\" width=\"252\" height=\"183\" alt=\"Puebla de Sancho P\u00e9rez\" align=\"left\">A similar&nbsp; case is that of Puebla de Sancho P\u00e9rez (picture). The bullring is placed against a religious structure, the <em>Ermita de Nuestra Se\u00f1ora de Bel\u00e9n<\/em>.&nbsp;It is a religious building dating back to the fourteenth or fifteenth century and rebuilt in the eighteenth. According to some sources, the <em>plaza<\/em> dates back to the original architectural plan, which would make it the oldest of the peninsula. It has a mainly square shape.<\/p>\n<p style=\"text-align: justify\">Even in Medinilla, the ancient fief of the <a href=\"\/en\/territories\/urban-routes\/dukes-of-bejar\/the-spanish-nobility-and-gardens-in-the-likeness-of-italian-villas\/dukes-of-bejar\/\" title=\"Dukes of B\u00e9jar\">Dukes of B\u00e9jar<\/a>, the bullring leans on a shrine, that of <em>Fuente Santa<\/em>. Quadrangular in form, according to some documents it dates from the late seventeenth century. Already in use in 1685, as a permanent enclosure, it was used at least until 1784. The link between the Church and bullfighting culture can be traced in the popular legend related to the building of the shrine at the time of the <em><a href=\"\/en\/territories\/regional-routes\/don-quijote\/on-the-trail-of-a-damsel-dulcinea-of-el-toboso\/reconquista\/\" title=\"Reconquista\">Reconquista<\/a><\/em> according to which when a knight rode behind a bull, and came to this place both the bull and the horse stopped, the man dismounted and found an image hidden in the grass. The church was to be supposed to have been built near the place where there was once a fountain.<\/p>\n<p><a href=\"\/en\/territories\/regional-routes\/plazas-de-toros\/plazas-and-ermitas-la-parra-and-almagro\/\" title=\"Plazas and Ermitas: La Parra and Almagro\">&lt;&lt;&lt;&#8212;previous page<\/a> &nbsp; <a href=\"\/en\/territories\/regional-routes\/plazas-de-toros\/almaden-and-ronda\/\" title=\"Almad\u00e9n and Ronda\">next page&#8212;&gt;&gt;&gt;<\/a><\/p>\n<\/p><\/div>\n<p><\/p>\n","protected":false},"excerpt":{"rendered":"<p>Plazas and Ermitas: Trucios, Puebla de Sancho P\u00e9rez and Medinilla Trucios (Turtzioz in Euskera) is a town in the Biscay region (Bilbao) of just over 500 souls which is a source of wonder on account of the amount of bullrings in it: each quarter has&hellip;<\/p>\n","protected":false},"author":1,"featured_media":0,"parent":7269,"menu_order":0,"comment_status":"closed","ping_status":"closed","template":"","meta":{"footnotes":""},"class_list":["post-6426","page","type-page","status-publish","hentry"],"_links":{"self":[{"href":"https:\/\/digitalhistory.unite.it\/en\/wp-json\/wp\/v2\/pages\/6426","targetHints":{"allow":["GET"]}}],"collection":[{"href":"https:\/\/digitalhistory.unite.it\/en\/wp-json\/wp\/v2\/pages"}],"about":[{"href":"https:\/\/digitalhistory.unite.it\/en\/wp-json\/wp\/v2\/types\/page"}],"author":[{"embeddable":true,"href":"https:\/\/digitalhistory.unite.it\/en\/wp-json\/wp\/v2\/users\/1"}],"replies":[{"embeddable":true,"href":"https:\/\/digitalhistory.unite.it\/en\/wp-json\/wp\/v2\/comments?post=6426"}],"version-history":[{"count":2,"href":"https:\/\/digitalhistory.unite.it\/en\/wp-json\/wp\/v2\/pages\/6426\/revisions"}],"predecessor-version":[{"id":11375,"href":"https:\/\/digitalhistory.unite.it\/en\/wp-json\/wp\/v2\/pages\/6426\/revisions\/11375"}],"up":[{"embeddable":true,"href":"https:\/\/digitalhistory.unite.it\/en\/wp-json\/wp\/v2\/pages\/7269"}],"wp:attachment":[{"href":"https:\/\/digitalhistory.unite.it\/en\/wp-json\/wp\/v2\/media?parent=6426"}],"curies":[{"name":"wp","href":"https:\/\/api.w.org\/{rel}","templated":true}]}}