{"id":6428,"date":"2021-08-20T00:03:28","date_gmt":"2021-08-19T22:03:28","guid":{"rendered":"https:\/\/digitalhistory.unite.it\/the-guadalete-river-and-arcos-de-la-frontera\/"},"modified":"2021-11-23T15:27:53","modified_gmt":"2021-11-23T14:27:53","slug":"the-guadalete-river-and-arcos-de-la-frontera","status":"publish","type":"page","link":"https:\/\/digitalhistory.unite.it\/en\/territories\/regional-routes\/arabic-history-and-baroque-taste\/the-guadalete-river-and-arcos-de-la-frontera\/","title":{"rendered":"The Guadalete river and Arcos de la Frontera"},"content":{"rendered":"<h1>The Guadalete river and Arcos de la Frontera <\/h1>\n<div class=\"testo\">\n<p style=\"text-align: justify\"><img loading=\"lazy\" decoding=\"async\" src=\"https:\/\/digitalhistory.unite.it\/wp-content\/uploads\/2021\/08\/arcos_de_la_frontera_252x189.jpg\" width=\"252\" height=\"189\" alt=\"Arcos de la Frontera\" align=\"left\">The centuries of Arab rule on the Iberian Peninsula have left clear traces in the cultural and artistic heritage of Spain. Art and the Baroque taste were often built on the foundations left by the flourishing culture of the invading Muslims, or even in the symbolic places of their history and civilization. Among the many possible examples is the city of Arcos de la Frontera, which is located near the Guadalete River, on the banks of which the famous battle (July 19, 711) that began the Muslim rule on the Iberian peninsula was fought. Arcos, whose current name is derived from the Arabic name <em>Medina Ar-kosch<\/em>, is characterized, as most of the Andalusian cities, by the presence of various artistic styles, which mirror the different stages of its history. After the Castilian conquest in the thirteenth century, the city soon tied its fate to the <a href=\"#\" class=\"tooltip yellow-tooltip\">Ponce de Le\u00f3n family, the Dukes of Arcos<span>The first Duke of Arcos in history was Rodrigo Ponce de Le\u00f3n, who was awarded the title in 1493 by Queen Isabella the Catholic. The Ponce de Le\u00f3n held the title for the whole of the Early Modern period, until the death of the childless Antonio Ponce de Le\u00f3n y Sp\u00ednola in 1780 and since then the title has joined the duchy of Osuna. Among the Dukes of Arcos, there was the famous Rodrigo Ponce de Le\u00f3n y \u00c1lvarez de Toledo (1602-1658), the Viceroy of Naples at the time of the explosion of so-called Masaniello revolt.<\/span><\/a> from the fifteenth century. In the sixteenth and seventeenth centuries it saw a period of prosperity and urban expansion. The church of <em>Santa Mar\u00eda de la Asunci\u00f3n<\/em> (Saint Mary of the Assumption) is a perfect example: the original <a href=\"#\" class=\"tooltip yellow-tooltip\"><em>Mud\u00e9jar<\/em> style<span><em>Mud\u00e9jar<\/em> art became widespread in the Iberian peninsula after the end of Muslim rule in al-Andalus. It consists in the incorporation of elements of Arabian-inspired style in the new Christian style. The most famous example of <em>Mud\u00e9jar<\/em> art is the <em>Alc\u00e1zar<\/em> of Seville.<\/span><\/a>, dating from the fourteenth and fifteenth centuries, in fact, gave way to a beautiful Gothic church, in the first half of the sixteenth century, in the exterior of which, however, Renaissance and Baroque elements coexist, especially with regard to the side of the church that overlooks the square of the Chapter house and the huge tower above it. Something similar is seen in the church of <em>San Pedro<\/em> (Saint Peter), while the church of <em>San Francisco<\/em> (Saint Francis) retains traces of Baroque art although it was built in the early sixteenth century on an earlier chapel dedicated to Saint Anthony of Padua. The <em>Palacio Mayorazgo<\/em>, on the contrary, dates back to the seventeenth century in which you can admire the <em>Jard\u00edn Andalus\u00ed<\/em>, modeled on the ancient Arab gardens.<\/p>\n<p style=\"text-align: justify\"><a href=\"\/en\/territories\/regional-routes\/\" title=\"Regional routes\">&lt;&lt;&lt;&#8212;back to index<\/a> &nbsp; <a href=\"\/en\/territories\/regional-routes\/arabic-history-and-baroque-taste\/santiago-de-compostela\/\" title=\"Santiago de Compostela\">next page&#8212;&gt;&gt;&gt;<\/a><\/p>\n<\/p><\/div>\n<p><\/p>\n","protected":false},"excerpt":{"rendered":"<p>The Guadalete river and Arcos de la Frontera The centuries of Arab rule on the Iberian Peninsula have left clear traces in the cultural and artistic heritage of Spain. Art and the Baroque taste were often built on the foundations left by the flourishing culture&hellip;<\/p>\n","protected":false},"author":1,"featured_media":0,"parent":7272,"menu_order":0,"comment_status":"closed","ping_status":"closed","template":"","meta":{"footnotes":""},"class_list":["post-6428","page","type-page","status-publish","hentry"],"_links":{"self":[{"href":"https:\/\/digitalhistory.unite.it\/en\/wp-json\/wp\/v2\/pages\/6428","targetHints":{"allow":["GET"]}}],"collection":[{"href":"https:\/\/digitalhistory.unite.it\/en\/wp-json\/wp\/v2\/pages"}],"about":[{"href":"https:\/\/digitalhistory.unite.it\/en\/wp-json\/wp\/v2\/types\/page"}],"author":[{"embeddable":true,"href":"https:\/\/digitalhistory.unite.it\/en\/wp-json\/wp\/v2\/users\/1"}],"replies":[{"embeddable":true,"href":"https:\/\/digitalhistory.unite.it\/en\/wp-json\/wp\/v2\/comments?post=6428"}],"version-history":[{"count":2,"href":"https:\/\/digitalhistory.unite.it\/en\/wp-json\/wp\/v2\/pages\/6428\/revisions"}],"predecessor-version":[{"id":11272,"href":"https:\/\/digitalhistory.unite.it\/en\/wp-json\/wp\/v2\/pages\/6428\/revisions\/11272"}],"up":[{"embeddable":true,"href":"https:\/\/digitalhistory.unite.it\/en\/wp-json\/wp\/v2\/pages\/7272"}],"wp:attachment":[{"href":"https:\/\/digitalhistory.unite.it\/en\/wp-json\/wp\/v2\/media?parent=6428"}],"curies":[{"name":"wp","href":"https:\/\/api.w.org\/{rel}","templated":true}]}}