{"id":6444,"date":"2021-08-20T00:03:30","date_gmt":"2021-08-19T22:03:30","guid":{"rendered":"https:\/\/digitalhistory.unite.it\/the-echevarria-organ-in-the-cathedral-of-santa-maria-magdalena-getafe-madrid\/"},"modified":"2021-11-23T15:27:54","modified_gmt":"2021-11-23T14:27:54","slug":"the-echevarria-organ-in-the-cathedral-of-santa-maria-magdalena-getafe-madrid","status":"publish","type":"page","link":"https:\/\/digitalhistory.unite.it\/en\/territories\/regional-routes\/baroque-organs\/the-echevarria-organ-in-the-cathedral-of-santa-maria-magdalena-getafe-madrid\/","title":{"rendered":"The &#8220;Echevarr\u00eda&#8221; organ in the cathedral of Santa Mar\u00eda Magdalena (Getafe, Madrid)"},"content":{"rendered":"<h1>The &#8220;Echevarr\u00eda&#8221; organ in the cathedral of Santa Mar\u00eda Magdalena (Getafe, Madrid) <\/h1>\n<div class=\"testo\">\n<p style=\"text-align: justify\"><img loading=\"lazy\" decoding=\"async\" src=\"https:\/\/digitalhistory.unite.it\/wp-content\/uploads\/2021\/08\/echevarria1_203x306.jpg\" width=\"203\" height=\"306\" alt=\"Echevarria1\" align=\"left\">The church of <em>Santa Mar\u00eda Magdalena<\/em> (Saint Mary Magdalene), nowadays the <a href=\"\/en\/themes\/churches\/the-cathedral-of-getafe\/\" title=\"The Cathedral of Getafe\">Cathedral of Getafe<\/a>, has always had high quality organs, as it is a very busy temple because of the location of <a href=\"#\" class=\"tooltip yellow-tooltip\">Getafe<span>A city located in the southern part of the <em>Comunidad de Madrid<\/em>, Getafe is part of the metropolitan area of the capital. Although the evidence of human presence in the area dates back to prehistoric times, the origin of today&#8217;s Getafe dates back to the fourteenth century. In the Early Modern period the church of <em>Nuestra Se\u00f1ora de la Magdalena<\/em> (Our Lady of Mary Magdalene), the current cathedral, was erected.<\/span><\/a>, a mercantile centre exactly at the crossroads between <a href=\"\/en\/territories\/urban-routes\/alcala-de-henares\/alcala-de-henares-the-town-of-cisneros-cervantes-and-the-jesuits\/toledo\/\" title=\"Toledo\">Toledo<\/a> and <a href=\"\/en\/territories\/urban-routes\/alcala-de-henares\/the-ermita-del-cristo-de-los-doctrinos\/madrid\/\" title=\"Madrid\">Madrid<\/a>. In 1639, the master Mateo de \u00c1vila Salazar made a organ, but the instrument was replaced by another Baroque organ in the eighteenth century, which you can see and listen to today during ceremonies (photo 1).<\/p>\n<p style=\"text-align: justify\">The new organ was built between 1726 and 1728, leaving a case of natural pine wood, without gold covering or polychrome. The identity of the person who assembled the organ is unknown, but recent studies suggest that, in all probability it was a builder tied to a family with a long tradition in this area: <a href=\"#\" class=\"tooltip yellow-tooltip\">the Echevarr\u00eda<span>Was one of the most important families of organ builders of Spain in the Baroque age, becoming builders for the king and his royal chapel. Among the family above all, Pedro Echevarr\u00eda (1689-1724) stood out, for the large number of instruments he built, and his son Pedro Echevarr\u00eda Liborna (1724-1771) for the prestige achieved as a builder for the king.<\/span><\/a>.<\/p>\n<p style=\"text-align: justify\">&nbsp;<\/p>\n<p style=\"text-align: justify\">&nbsp;<\/p>\n<p style=\"text-align: justify\"><img loading=\"lazy\" decoding=\"async\" src=\"https:\/\/digitalhistory.unite.it\/wp-content\/uploads\/2021\/08\/echevarria2_251x167.jpg\" width=\"251\" height=\"167\" alt=\"Echevarria2\" align=\"left\">Subsequent events, especially the Spanish Civil War (1936-1939), ended with the deterioration of the tubes and technical components of the instrument, which largely disappeared in the looting of the war with the exception of the Baroque case which remained intact and was then covered with a protective layer of varnish. The <a href=\"#\" class=\"tooltip yellow-tooltip\">console<span>The organist&#8217;s place, where the keyboard is<\/span><\/a> and the keyboard, the <em>tiradores<\/em> of the registers and all the <em>tuber\u00eda<\/em> (the set of pipes) are based on a Baroque model. In fact, already in the twentieth century, upon removing the instrument&nbsp; to restore it, they found small pieces of metal that have allowed us to go back to the type of material used for the pipes that have disappeared and so to reconstruct the whole <em>tuber\u00eda<\/em> with the alloy of tin and lead of the original organ (photo 2).<\/p>\n<p style=\"text-align: justify\"><img loading=\"lazy\" decoding=\"async\" src=\"https:\/\/digitalhistory.unite.it\/wp-content\/uploads\/2021\/08\/echevarria3_203x305.jpg\" width=\"203\" height=\"305\" alt=\"Echevarria3\" align=\"left\">The case presents the typical ornaments of the first three decades of the eighteenth century and consists of three bodies. The first, where the console is situated, is decorated with side shelves (photo 3); above it, the second body, the main one, has three fa\u00e7ades decorated with rods or columns, with five windows in the frontal fa\u00e7ade and one for each of the lateral fa\u00e7ades. The upper part is dominated by a curved pediment with three windows for the <a href=\"#\" class=\"tooltip yellow-tooltip\"><em>tuber\u00edas can\u00f3nigas<\/em><span>Tubes that do not produce sound and which are placed on the fa\u00e7ade of an organ as an ornament and to maintain symmetry.<\/span><\/a>.<\/p>\n<p>Technical data:<\/p>\n<ul>\n<li>Manual keyboard of 45 notes, C-c'&#8221;<\/li>\n<li>Short eighth<\/li>\n<li>12 <em>peanas de Pedal<\/em><\/li>\n<li>26 <em>medios registros<\/em><\/li>\n<li>Mechanical Transmission<\/li>\n<li><em>Secretos de corredera<\/em><\/li>\n<\/ul>\n<p>&nbsp;<\/p>\n<p><a href=\"\/en\/territories\/regional-routes\/baroque-organs\/neapolitan-baroque-in-the-court-of-the-bourbons-the-organ-of-saint-barbara\/\" title=\"&quot;Neapolitan&quot; Baroque in the court of the Bourbons: the organ of Saint Barbara\"> &lt;&lt;&lt;&#8212;previous page<\/a> &nbsp; <a href=\"\/en\/territories\/regional-routes\/baroque-organs\/the-churrigueresco-organ-in-the-church-of-san-salvador-leganes-madrid\/\" title=\"The &quot;Churrigueresco&quot; organ in the church of San Salvador (Legan\u00e9s, Madrid)\"> next page&#8212;&gt;&gt;&gt;<\/a><\/p>\n<\/p><\/div>\n<p><\/p>\n","protected":false},"excerpt":{"rendered":"<p>The &#8220;Echevarr\u00eda&#8221; organ in the cathedral of Santa Mar\u00eda Magdalena (Getafe, Madrid) The church of Santa Mar\u00eda Magdalena (Saint Mary Magdalene), nowadays the Cathedral of Getafe, has always had high quality organs, as it is a very busy temple because of the location of GetafeA&hellip;<\/p>\n","protected":false},"author":1,"featured_media":0,"parent":7282,"menu_order":0,"comment_status":"closed","ping_status":"closed","template":"","meta":{"footnotes":""},"class_list":["post-6444","page","type-page","status-publish","hentry"],"_links":{"self":[{"href":"https:\/\/digitalhistory.unite.it\/en\/wp-json\/wp\/v2\/pages\/6444","targetHints":{"allow":["GET"]}}],"collection":[{"href":"https:\/\/digitalhistory.unite.it\/en\/wp-json\/wp\/v2\/pages"}],"about":[{"href":"https:\/\/digitalhistory.unite.it\/en\/wp-json\/wp\/v2\/types\/page"}],"author":[{"embeddable":true,"href":"https:\/\/digitalhistory.unite.it\/en\/wp-json\/wp\/v2\/users\/1"}],"replies":[{"embeddable":true,"href":"https:\/\/digitalhistory.unite.it\/en\/wp-json\/wp\/v2\/comments?post=6444"}],"version-history":[{"count":2,"href":"https:\/\/digitalhistory.unite.it\/en\/wp-json\/wp\/v2\/pages\/6444\/revisions"}],"predecessor-version":[{"id":11285,"href":"https:\/\/digitalhistory.unite.it\/en\/wp-json\/wp\/v2\/pages\/6444\/revisions\/11285"}],"up":[{"embeddable":true,"href":"https:\/\/digitalhistory.unite.it\/en\/wp-json\/wp\/v2\/pages\/7282"}],"wp:attachment":[{"href":"https:\/\/digitalhistory.unite.it\/en\/wp-json\/wp\/v2\/media?parent=6444"}],"curies":[{"name":"wp","href":"https:\/\/api.w.org\/{rel}","templated":true}]}}