{"id":6445,"date":"2021-08-20T00:03:30","date_gmt":"2021-08-19T22:03:30","guid":{"rendered":"https:\/\/digitalhistory.unite.it\/the-churrigueresco-organ-in-the-church-of-san-salvador-leganes-madrid\/"},"modified":"2021-11-23T15:27:54","modified_gmt":"2021-11-23T14:27:54","slug":"the-churrigueresco-organ-in-the-church-of-san-salvador-leganes-madrid","status":"publish","type":"page","link":"https:\/\/digitalhistory.unite.it\/en\/territories\/regional-routes\/baroque-organs\/the-churrigueresco-organ-in-the-church-of-san-salvador-leganes-madrid\/","title":{"rendered":"The &#8220;Churrigueresco&#8221; organ in the church of San Salvador (Legan\u00e9s, Madrid)"},"content":{"rendered":"<h1>The &#8220;Churrigueresco&#8221; organ in the church of San Salvador (Legan\u00e9s, Madrid) <\/h1>\n<div class=\"testo\">\n<p style=\"text-align: justify\"><img loading=\"lazy\" decoding=\"async\" src=\"https:\/\/digitalhistory.unite.it\/wp-content\/uploads\/2021\/08\/churriguero1_203x306.jpg\" width=\"203\" height=\"306\" alt=\"Churrigueresco1\" align=\"left\">The Church of <em>San Salvador<\/em> (the Holy Saviour) of <a href=\"#\" class=\"tooltip yellow-tooltip\">Legan\u00e9s<span>Located a few kilometers from Madrid and now part of the metropolitan area of the capital, Legan\u00e9s was founded in the thirteenth century, during the reign of Alfonso X <em>el Sabio<\/em>. Don Juan de Austria, the illegitimate son of Charles V, stayed there for a short period (1550-1554) while still a child. In 1627 it became a <em>Villa de se\u00f1or\u00edo<\/em> and Diego Messia Felipe de Guzm\u00e1n was appointed the first Marquis of Legan\u00e9s by Philip IV. Currently, the city has a branch of the University Carlos III of Madrid.<\/span><\/a> had a seventeenth century organ, the case of which was rebuilt by <a href=\"\/en\/territories\/regional-routes\/baroque-organs\/the-churrigueresco-organ-in-the-church-of-san-salvador-leganes-madrid\/jose-benito-de-churriguera\/\" title=\"Jos\u00e9 Benito de Churriguera\">Jos\u00e9 Benito de Churriguera<\/a>, the famous author of altarpieces. In 1735 the organ was finished, with twelve registers to the right and eleven registers to the left. In 1790 the instrumental part was changed, leaving Churriguera&#8217;s case.&nbsp; The whole operation was entrusted to the organ builder <a href=\"#\" class=\"tooltip yellow-tooltip\">Jos\u00e9 de Verdalonga<span>Jos\u00e9 de Verdalonga was the most famous organ builder of the late nineteenth century. He enjoyed the title of organ builder of the Monastery of San Lorenzo de El Escorial for having restored the instrument which is still there.<\/span><\/a>, who has only left this expression of his work in <a href=\"\/en\/territories\/urban-routes\/alcala-de-henares\/the-ermita-del-cristo-de-los-doctrinos\/madrid\/\" title=\"Madrid\">Madrid<\/a>.<\/p>\n<p style=\"text-align: justify\">The case consists, like that of any Spanish Baroque organ, of three bodies. At the bottom is the <a href=\"#\" class=\"tooltip yellow-tooltip\">console<span>The organist&#8217;s place, where the keyboard is<\/span><\/a> with the <a href=\"#\" class=\"tooltip yellow-tooltip\"><em>tiradores<\/em><span>The <em>tiradores<\/em> are knobs that control the different registers, positioned to the side of the keyboard.<\/span><\/a> on the sides and the original keyboard, made with inlays of bone and ebony. The central body, with the frieze of trumpets, in turn, contains the <a href=\"#\" class=\"tooltip yellow-tooltip\"><em>secreto<\/em><span>The box that contains the mechanisms for the distribution of the wind to the pipes<\/span><\/a> and <em>tuber\u00edas<\/em> and has five windows with rounded <a href=\"#\" class=\"tooltip yellow-tooltip\"><em>castillos de tubos<\/em><span>The term refers to the way to place the pipes in the windows of the cabinet, always in a geometric way and in symmetry. They are reminiscent of the towers of castles.<\/span><\/a>. In this body, the ornaments are striking for their originality which end in a wavy cornice. At the top, there is a medallion of <a href=\"#\" class=\"tooltip yellow-tooltip\"><em>tubos can\u00f3nigos<\/em><span>Tubes that do not produce sound and which are placed on the fa\u00e7ade of an organ as an ornament and to maintain symmetry.<\/span><\/a> ending in a curved pedimment, adorned with the head of a golden cherub. The entire cabinet is in red and green marble, inlaid with gold.<\/p>\n<p style=\"text-align: justify\"><img loading=\"lazy\" decoding=\"async\" src=\"https:\/\/digitalhistory.unite.it\/wp-content\/uploads\/2021\/08\/churriguero2_203x135.jpg\" width=\"203\" height=\"135\" alt=\"Churrigueresco2\" align=\"left\">At the end of the twentieth century, the instrument found itself in a very poor state of preservation. With the restoration a way was sought to maintain the structure as projected by Verdalonga, but it was still necessary to replace a large part of the pipes and restore the organ case.<\/p>\n<p>&nbsp;<\/p>\n<p>&nbsp;<\/p>\n<p>Technical data:<\/p>\n<ul>\n<li>Keyboard with 28 notes, C-c &#8216;&#8221;<\/li>\n<li>Short eighth<\/li>\n<li>9 <em>peanas de Contras<\/em><\/li>\n<li>Mechanical transmission in range and <em>secreto de corredera<\/em><\/li>\n<\/ul>\n<p><a href=\"\/en\/territories\/regional-routes\/baroque-organs\/the-echevarria-organ-in-the-cathedral-of-santa-maria-magdalena-getafe-madrid\/\" title=\"The &quot;Echevarria&quot; organ in the cathedral of Santa Mar\u00eda Magdalena (Getafe, Madrid)\"> &lt;&lt;&lt;&#8212;previous page<\/a> &nbsp; <a href=\"\/en\/territories\/regional-routes\/baroque-organs\/the-andalusian-baroque-organ-of-the-church-of-nuestra-senora-de-los-angeles\/\" title=\"The &quot;Andalusian&quot; Baroque organ of the church of Nuestra Se\u00f1ora de los \u00c1ngeles\"> next page&#8212;&gt;&gt;&gt;<\/a><\/p>\n<\/p><\/div>\n<p><\/p>\n","protected":false},"excerpt":{"rendered":"<p>The &#8220;Churrigueresco&#8221; organ in the church of San Salvador (Legan\u00e9s, Madrid) The Church of San Salvador (the Holy Saviour) of Legan\u00e9sLocated a few kilometers from Madrid and now part of the metropolitan area of the capital, Legan\u00e9s was founded in the thirteenth century, during the&hellip;<\/p>\n","protected":false},"author":1,"featured_media":0,"parent":7282,"menu_order":0,"comment_status":"closed","ping_status":"closed","template":"","meta":{"footnotes":""},"class_list":["post-6445","page","type-page","status-publish","hentry"],"_links":{"self":[{"href":"https:\/\/digitalhistory.unite.it\/en\/wp-json\/wp\/v2\/pages\/6445","targetHints":{"allow":["GET"]}}],"collection":[{"href":"https:\/\/digitalhistory.unite.it\/en\/wp-json\/wp\/v2\/pages"}],"about":[{"href":"https:\/\/digitalhistory.unite.it\/en\/wp-json\/wp\/v2\/types\/page"}],"author":[{"embeddable":true,"href":"https:\/\/digitalhistory.unite.it\/en\/wp-json\/wp\/v2\/users\/1"}],"replies":[{"embeddable":true,"href":"https:\/\/digitalhistory.unite.it\/en\/wp-json\/wp\/v2\/comments?post=6445"}],"version-history":[{"count":2,"href":"https:\/\/digitalhistory.unite.it\/en\/wp-json\/wp\/v2\/pages\/6445\/revisions"}],"predecessor-version":[{"id":11283,"href":"https:\/\/digitalhistory.unite.it\/en\/wp-json\/wp\/v2\/pages\/6445\/revisions\/11283"}],"up":[{"embeddable":true,"href":"https:\/\/digitalhistory.unite.it\/en\/wp-json\/wp\/v2\/pages\/7282"}],"wp:attachment":[{"href":"https:\/\/digitalhistory.unite.it\/en\/wp-json\/wp\/v2\/media?parent=6445"}],"curies":[{"name":"wp","href":"https:\/\/api.w.org\/{rel}","templated":true}]}}