{"id":6450,"date":"2021-08-20T00:03:30","date_gmt":"2021-08-19T22:03:30","guid":{"rendered":"https:\/\/digitalhistory.unite.it\/montalto-uffugo\/"},"modified":"2021-11-23T17:45:00","modified_gmt":"2021-11-23T16:45:00","slug":"montalto-uffugo","status":"publish","type":"page","link":"https:\/\/digitalhistory.unite.it\/en\/territories\/regional-routes\/calabria\/montalto-uffugo\/","title":{"rendered":"Montalto Uffugo"},"content":{"rendered":"<h1>Montalto Uffugo <\/h1>\n<div class=\"testo\">\n<p style=\"text-align: justify\"><img loading=\"lazy\" decoding=\"async\" src=\"https:\/\/digitalhistory.unite.it\/wp-content\/uploads\/2021\/08\/montalto_uffugo_344x90.jpg\" width=\"344\" height=\"90\" alt=\"Montalto Uffugo\" align=\"left\">The Calabrian Church barely adapted, or not at all, to the changes and the forms which came out of the <a href=\"\/en\/territories\/urban-routes\/lecce\/piazza-santoronzo\/council-of-trent\/\" title=\"Council of Trent\">Council of Trent<\/a>. The regional clergy was, in fact made up, in the most part, by men for whom the priestly state constituted the only path to avoid a future of hardships and misery. People of humble origins but also cadets of aristocratic families often gave rise to the controversial figure of the &#8220;savage clergyman&#8221;, the protector of <a href=\"\/en\/territories\/regional-routes\/calabria\/vibo-valentia\/bandits-in-baroque-calabria\/\" title=\"Bandits in Baroque Calabria\">bandits<\/a> if not himself a bandit, more prone to taking up arms and to money than to prayer. Aside from some pastoral visitations which proposed combatting the widespread ignorance among the clergy and to favour the application of the Tridentine decrees, the main novelties in the Calabrian Church were guaranteed by the entrance and proliferation of convents and schools of <a href=\"\/en\/territories\/urban-routes\/lecce\/piazza-santoronzo\/religious-orders\/\" title=\"Religious Orders\">Religious Orders<\/a>. In particular, the <a href=\"\/en\/territories\/urban-routes\/lecce\/seminary\/society-of-jesus\/\" title=\"Society of Jesus\">Jesuits<\/a> (important Jesuit houses sprang up in Catanzaro, Reggio, <a href=\"\/en\/territories\/regional-routes\/calabria\/montalto-uffugo\/cosenza\/\" title=\"Cosenza\">Cosenza<\/a>, Tropea, Monteleone and Paola) which penetrated throughout the territory from the last decades of the sixteenth century onwards, while female convents, especially those of the Clarisses, dominated the region. The firm reaction espressed by the Church of Rome to the spread of Protestant doctrine was, however, at the origin of the best known and ferocious religious persecution in Calabrian history: 1560-61, the abundant <a href=\"\/en\/territories\/regional-routes\/calabria\/montalto-uffugo\/the-waldensian-community-in-calabria\/\" title=\"The Waldensian community in Calabria\">Waldensian community<\/a>, which had taken refuge in the alpine regions in the thirteenth century, and established itself in Calabria, was completely exterminated after having adhered to the reform and having dedicated itself to proselytism.<\/p>\n<p style=\"text-align: justify\">In a region characterized by great religious complexity, borne out by the permanence of Greek-Orthodox communities in the diocese of Cassano and Bisignano, there are numerous testimonies of the Baroque period in Calabrian religious architecture. Montalto Uffugo, the old feud of the Moncada princes of&nbsp;<a href=\"#\" class=\"tooltip yellow-tooltip\">Patern\u00f2<span>A Sicilian city located in the current day province of Catania, Patern\u00f2 was crown land which was sold to Guglielmo Raimondo Moncada in 1456. In 1565 Patern\u00f2 was made a principality by Philip II of Spain (1527-1598). From Francesco I Moncada onwards, the first prince of Patern\u00f2, the family of Catalan origin governed the city until 1812.<\/span><\/a>&nbsp;and a current town of the province of&nbsp;Cosenza, was a place of vivacious intellectual debate (as evinced by the foundation, between the seventeenth and eighteenth centuries, of the <em>Accademia Montaltina<\/em>, The Academy of Montalto, and the <em>Accademia degli Inculti<\/em>, The Academy of the Ignorant) and of intense religious life. It is located, in fact, in the zone where the Waldensian communities lived until their extermination in 1560-1561 and afterwards where Religious Orders such as the Clarisses and the <a href=\"\/en\/territories\/urban-routes\/lecce\/cino\/carmelites\/\" title=\"Carmelites\">Carmelites<\/a> established themselves, founding churches and convents (aside from the ones which were already there). Among the numerous vestiges of the Baroque period are the <em>Carmine<\/em> Church, that of <em>San Francesco<\/em> and of <em>Santa Maria della Serra<\/em>.<\/p>\n<p style=\"text-align: justify\"><a href=\"\/en\/territories\/regional-routes\/calabria\/vibo-valentia\/\" title=\"Vibo Valentia\">&lt;&lt;&lt;&#8212;previous page<\/a> &nbsp; <a href=\"\/en\/territories\/regional-routes\/calabria\/serra-san-bruno-and-soriano-calabro\/\" title=\"Serra San Bruno and Soriano Calabro\">next page&#8212;&gt;&gt;&gt;<\/a><\/p>\n<\/p><\/div>\n<p><\/p>\n","protected":false},"excerpt":{"rendered":"<p>Montalto Uffugo The Calabrian Church barely adapted, or not at all, to the changes and the forms which came out of the Council of Trent. The regional clergy was, in fact made up, in the most part, by men for whom the priestly state constituted&hellip;<\/p>\n","protected":false},"author":1,"featured_media":0,"parent":7287,"menu_order":0,"comment_status":"closed","ping_status":"closed","template":"","meta":{"footnotes":""},"class_list":["post-6450","page","type-page","status-publish","hentry"],"_links":{"self":[{"href":"https:\/\/digitalhistory.unite.it\/en\/wp-json\/wp\/v2\/pages\/6450","targetHints":{"allow":["GET"]}}],"collection":[{"href":"https:\/\/digitalhistory.unite.it\/en\/wp-json\/wp\/v2\/pages"}],"about":[{"href":"https:\/\/digitalhistory.unite.it\/en\/wp-json\/wp\/v2\/types\/page"}],"author":[{"embeddable":true,"href":"https:\/\/digitalhistory.unite.it\/en\/wp-json\/wp\/v2\/users\/1"}],"replies":[{"embeddable":true,"href":"https:\/\/digitalhistory.unite.it\/en\/wp-json\/wp\/v2\/comments?post=6450"}],"version-history":[{"count":2,"href":"https:\/\/digitalhistory.unite.it\/en\/wp-json\/wp\/v2\/pages\/6450\/revisions"}],"predecessor-version":[{"id":11298,"href":"https:\/\/digitalhistory.unite.it\/en\/wp-json\/wp\/v2\/pages\/6450\/revisions\/11298"}],"up":[{"embeddable":true,"href":"https:\/\/digitalhistory.unite.it\/en\/wp-json\/wp\/v2\/pages\/7287"}],"wp:attachment":[{"href":"https:\/\/digitalhistory.unite.it\/en\/wp-json\/wp\/v2\/media?parent=6450"}],"curies":[{"name":"wp","href":"https:\/\/api.w.org\/{rel}","templated":true}]}}