{"id":6483,"date":"2021-08-20T00:03:33","date_gmt":"2021-08-19T22:03:33","guid":{"rendered":"https:\/\/digitalhistory.unite.it\/trips-to-italy-by-diego-velazquez\/"},"modified":"2021-11-23T15:27:49","modified_gmt":"2021-11-23T14:27:49","slug":"trips-to-italy-by-diego-velazquez","status":"publish","type":"page","link":"https:\/\/digitalhistory.unite.it\/en\/territories\/international-routes\/painters-and-works-of-art-between-italy-and-spain\/trips-to-italy-by-diego-velazquez\/","title":{"rendered":"Trips to Italy by Diego Vel\u00e1zquez"},"content":{"rendered":"<h1>Trips to Italy by Diego Vel\u00e1zquez <\/h1>\n<div class=\"testo\">\n<p style=\"text-align: justify\"><img loading=\"lazy\" decoding=\"async\" src=\"https:\/\/digitalhistory.unite.it\/wp-content\/uploads\/2021\/08\/vel_zquez_-_la_fragua_de_vulcano__museo_del_prado__1630__343x268.jpg\" width=\"343\" height=\"268\" alt=\"Fucina di Vulcano - Velazquez\" align=\"left\">In 1629 the main artist of the <em>Siglo de Oro<\/em>, <a href=\"\/en\/territories\/international-routes\/equestrian-statues\/philip-iv-and-the-plaza-de-oriente-in-madrid\/diego-rodriguez-de-silva-y-velazquez\/\" title=\"Diego Rodr\u00edguez de Silva y Vel\u00e1zquez\">Diego Rodr\u00edguez de Silva y Vel\u00e1zquez<\/a>, obtained the necessary funding to undertake his long-awaited first study trip to Italy from the Spanish king <a href=\"\/en\/territories\/urban-routes\/ascanio-filomarino\/filomarino-and-the-masaniello-revolt\/philip-iv-of-habsburg\/\" title=\"Philip IV of Habsburg\">Philip IV<\/a>, which represented a pivotal experience for the development of his style. The aim was to &#8220;improve in his profession&#8221; and &#8220;to participate in the grave harvest&#8221; of works of art. After stopping in Genoa, in the wake of the new governor of <a href=\"\/en\/territories\/international-routes\/painters-and-works-of-art-between-italy-and-spain\/juan-bautista-maino-a-spanish-caravaggista\/milan\/\" title=\"Milan\">Milan<\/a>, Ambrogio Spinola, the painter stopped in Milan, Parma and Venice, where he admired the works of <a href=\"\/en\/territories\/regional-routes\/duke-of-lerma\/patron-and-collector-toledo-valladolid-and-madrid\/titian\/\" title=\"Titian\">Titian<\/a> and Tintoretto. Then it was the turn of Ferrara, Cento, Loreto and Rome, where he arrived in October 1630 and stayed a year. Here he studied the Bamboccianti, Classicist painters such as Domenichino, Reni, Guercino and Poussin, and the Neo-Venetians such as Bernini and Pietro da Cortona. Thanks to his friendship with Monsignor Giovanni Battista Pamphili, former nuncio in <a href=\"\/en\/territories\/urban-routes\/alcala-de-henares\/the-ermita-del-cristo-de-los-doctrinos\/madrid\/\" title=\"Madrid\">Madrid<\/a>, and the <a href=\"\/en\/territories\/urban-routes\/cosimo-fanzago\/the-work-of-fanzago-outside-of-naples\/manuel-de-zuniga-y-fonseca-count-of-monterrey\/\" title=\"Manuel de Z\u00fa\u00f1iga y Fonseca, Count of Monterrey\">Count of Monterrey<\/a>, the ambassador of the Catholic King, he was able to visit the Sistine Chapel, the Vatican palaces and private collections of paintings and antique marbles. In 1630 he executed <em>Apollo in the Forge of Vulcan<\/em> (Madrid, Prado, image 1), which summarized the experiences assimilated in the those months, and the <em>Brawl at the Embassy of Spain<\/em> in the Pallavicini collection, a picture rediscovered by Roberto Longhi. In 1631 he moved to <a href=\"\/en\/territories\/urban-routes\/lecce\/piazza-santoronzo\/naples\/\" title=\"Naples\">Naples<\/a>, where he met fellow countryman <a href=\"\/en\/territories\/urban-routes\/ascanio-filomarino\/the-archbishops-palace-and-the-cathedral\/jusepe-de-ribera-called-lo-spagnoletto\/\" title=\"Jusepe de Ribera, called lo Spagnoletto\">Ribera, called &#8220;the little Spaniard&#8221;<\/a>. Back in Spain, he was given new duties at court, where he energetically resumed his activities as official court painter, showing that he had assimilated important models such as Titian and <a href=\"\/en\/territories\/regional-routes\/duke-of-lerma\/patron-and-collector-toledo-valladolid-and-madrid\/pieter-paul-rubens\/\" title=\"Pieter Paul Rubens\">Rubens<\/a>, treated with a more transparent and more dynamic luminosity.<\/p>\n<p style=\"text-align: justify\"><img loading=\"lazy\" decoding=\"async\" src=\"https:\/\/digitalhistory.unite.it\/wp-content\/uploads\/2021\/08\/innocent-x-velazquez_343x417.jpg\" width=\"343\" height=\"417\" alt=\"Innocenzo X - Velazquez\" align=\"left\">Over the years, the painter got more and more prestigious positions until being appointed superintendent of the royal works, hence inspector and administrator. Envy and jealousy drove him in October 1648 to undertake a second trip to Italy along with the Duke of N\u00e1jera y Maqueda who was going to go to Trent to receive <a href=\"\/en\/territories\/international-routes\/equestrian-statues\/one-exception-charles-ii-and-a-particular-representation\/mariana-of-austria\/\" title=\"Mariana of Austria\">Mariana of Austria<\/a>, the future wife of Philip IV. The official purpose of this second trip was to buy paintings and antique statues for the royal collections, as well as to copy famous works and obtain Italian fresco painters to be used for the <em>Alc\u00e1zar<\/em> (after the rejection of Pietro da Cortona, Vel\u00e1zquez was able to convince the painters from Bologna Angelo Michele Colonna and Agostino Mitelli to follow him to Madrid). In Venice, in 1649, he bought paintings by Veronese and Tintoretto. While in Rome, where he arrived in the Summer of 1649, he was received with great favor by the papal court by the new pro-Spanish Pope, <a href=\"\/en\/territories\/urban-routes\/ascanio-filomarino\/the-cardinal-in-naples-palazzo-filomarino\/innocent-x\/\" title=\"Innocent X\">Innocent X Pamphili<\/a>, whom he portrayed the following year (Rome, Galleria Doria Pamphili, image 2). The painting, which ushered in the third phase of the Sevillian artist&#8217;s career, captured the sullen and suspicious character of the pontiff, who was impressed by the brilliance of the color of the impasto and gave him a medal and a gold chain. Also in Rome, in 1650, the artist painted the portrait of his servant, Juan de Pareja (New York, Metropolitan Museum), one of his most popular works, which granted him admission to the prestigious <em>Accademia di San Luca<\/em>. After a visit to Ribera in Naples, Velazquez returned to Spain in 1651, bringing with him as many as three hundred paintings and statues.<\/p>\n<p style=\"text-align: justify\"><a href=\"\/en\/territories\/international-routes\/painters-and-works-of-art-between-italy-and-spain\/juan-bautista-maino-a-spanish-caravaggista\/\" title=\"Juan Bautista Ma\u00edno, a Spanish &quot;Caravaggista&quot;\">&lt;&lt;&lt;&#8212;previous page<\/a> &nbsp; <a href=\"\/en\/territories\/international-routes\/painters-and-works-of-art-between-italy-and-spain\/spanish-and-italian-design-patterns-the-experience-of-diego-velazquez\/\" title=\"Spanish and Italian design patterns: the experience of Diego Vel\u00e1zquez\"> next page&#8212;&gt;&gt;&gt;<\/a><\/p>\n<\/p><\/div>\n<p><\/p>\n","protected":false},"excerpt":{"rendered":"<p>Trips to Italy by Diego Vel\u00e1zquez In 1629 the main artist of the Siglo de Oro, Diego Rodr\u00edguez de Silva y Vel\u00e1zquez, obtained the necessary funding to undertake his long-awaited first study trip to Italy from the Spanish king Philip IV, which represented a pivotal&hellip;<\/p>\n","protected":false},"author":1,"featured_media":0,"parent":7326,"menu_order":0,"comment_status":"closed","ping_status":"closed","template":"","meta":{"footnotes":""},"class_list":["post-6483","page","type-page","status-publish","hentry"],"_links":{"self":[{"href":"https:\/\/digitalhistory.unite.it\/en\/wp-json\/wp\/v2\/pages\/6483","targetHints":{"allow":["GET"]}}],"collection":[{"href":"https:\/\/digitalhistory.unite.it\/en\/wp-json\/wp\/v2\/pages"}],"about":[{"href":"https:\/\/digitalhistory.unite.it\/en\/wp-json\/wp\/v2\/types\/page"}],"author":[{"embeddable":true,"href":"https:\/\/digitalhistory.unite.it\/en\/wp-json\/wp\/v2\/users\/1"}],"replies":[{"embeddable":true,"href":"https:\/\/digitalhistory.unite.it\/en\/wp-json\/wp\/v2\/comments?post=6483"}],"version-history":[{"count":2,"href":"https:\/\/digitalhistory.unite.it\/en\/wp-json\/wp\/v2\/pages\/6483\/revisions"}],"predecessor-version":[{"id":11226,"href":"https:\/\/digitalhistory.unite.it\/en\/wp-json\/wp\/v2\/pages\/6483\/revisions\/11226"}],"up":[{"embeddable":true,"href":"https:\/\/digitalhistory.unite.it\/en\/wp-json\/wp\/v2\/pages\/7326"}],"wp:attachment":[{"href":"https:\/\/digitalhistory.unite.it\/en\/wp-json\/wp\/v2\/media?parent=6483"}],"curies":[{"name":"wp","href":"https:\/\/api.w.org\/{rel}","templated":true}]}}