{"id":6484,"date":"2021-08-20T00:03:33","date_gmt":"2021-08-19T22:03:33","guid":{"rendered":"https:\/\/digitalhistory.unite.it\/spanish-and-italian-design-patterns-the-experience-of-diego-velazquez\/"},"modified":"2021-11-23T15:27:49","modified_gmt":"2021-11-23T14:27:49","slug":"spanish-and-italian-design-patterns-the-experience-of-diego-velazquez","status":"publish","type":"page","link":"https:\/\/digitalhistory.unite.it\/en\/territories\/international-routes\/painters-and-works-of-art-between-italy-and-spain\/spanish-and-italian-design-patterns-the-experience-of-diego-velazquez\/","title":{"rendered":"Spanish and Italian design patterns: the experience of Diego Vel\u00e1zquez"},"content":{"rendered":"<h1>Spanish and Italian design patterns: the experience of Diego Vel\u00e1zquez <\/h1>\n<div class=\"testo\">\n<p style=\"text-align: justify\"><img loading=\"lazy\" decoding=\"async\" src=\"https:\/\/digitalhistory.unite.it\/wp-content\/uploads\/2021\/08\/vel_zquez_-_the_fable_of_arachne__las_hilanderas__-_c._1657_342x261.jpg\" width=\"342\" height=\"261\" alt=\"Favola di Aracne - Velazquez\" align=\"left\">According to sources <a href=\"\/en\/territories\/international-routes\/equestrian-statues\/philip-iv-and-the-plaza-de-oriente-in-madrid\/diego-rodriguez-de-silva-y-velazquez\/\" title=\"Diego Rodr\u00edguez de Silva y Vel\u00e1zquez\">Diego Rodr\u00edguez de Silva y Vel\u00e1zquez<\/a> (1599-1660) was a tireless draftsman, although today only a dozen drawings of his own hand survive, some of them of controversial attribution. Graphic work, which he began in his youth in the stimulating milieu of <a href=\"\/en\/territories\/urban-routes\/museo-nacional-de-escultura-of-valladolid\/juan-de-roelass-alegoria-de-la-virgen-inmaculada\/seville\/\" title=\"Seville\">Seville<\/a> under the guidance of his father-in-law and first teacher, Francisco Pacheco, was particularly practiced by him during his travels in Italy (1629-1631 and 1648-1651), during which he was able to hone his technical studying and copying of Italian designs. It was Pacheco, in his <em>Arte de la Pintura<\/em> (1649), who described his son-in-law&#8217;s propensity for design. After convincing an apprentice to model for him, he portrayed him &#8220;in various attitudes and poses, crying, laughing, never trying to avoid any difficulty&#8221;. The result was the execution of many heads in charcoal and white lead on blue paper, which gave him a sure hand as a portrait artist. Later, the artist also experimented with different techniques, such as the use of watercolour pen, in an ongoing study that led him to master the ways of his predecessors. <em>Head of a young woman<\/em> (<a href=\"\/en\/territories\/urban-routes\/alcala-de-henares\/the-ermita-del-cristo-de-los-doctrinos\/madrid\/\" title=\"Madrid\">Madrid<\/a>, Biblioteca Nacional, 1622 ca., Charcoal on paper) is an extraordinary snapshot that presents the face of his wife Juana Pacheco, the daughter of his teacher Francisco, portrayed almost entirely while she turns spontaneously towards the beholder. A similar drawing, <em>Head of a girl<\/em> is also at the Biblioteca Nacional in Madrid (1622 ca., Charcoal on paper). The technique used is the same and even the facial features are similar: in fact the girl has been identified with Juana&#8217;s younger sister (but it could also be the couple&#8217;s daughter, the little Francisca de Silva Vel\u00e1zquez y Pacheco, born in 1619). The watercolour with the <em>Cathedral of <a href=\"\/en\/territories\/regional-routes\/arabic-history-and-baroque-taste\/granada-and-jaen\/granada\/\" title=\"Granada\">Granada<\/a><\/em> (Madrid, Biblioteca Nacional, pen and watercolour), made by the young artist in 1629 before embarking for Italy, offered a glimpse of the Andalusian town on paper, depicting its light and&nbsp; atmosphere. Vel\u00e1zquez is capable of grasping the essence of the place, with an extraordinary capacity for synthesis, dotted with a clear play of light and dark. The elegant <em>Portrait of Cardinal Gaspar de Borja y Velasco<\/em> (1580-1645) (Madrid, Real Academia de Bellas Artes de San Fernando, charcoal on paper) refers to the forties of the seventeenth century, in preparation for the painting which portrays half of his figure that is now in Puerto Rico, in which the archbishop of Seville and <a href=\"\/en\/territories\/urban-routes\/alcala-de-henares\/alcala-de-henares-the-town-of-cisneros-cervantes-and-the-jesuits\/toledo\/\" title=\"Toledo\">Toledo<\/a>, in an official pose, sternly observes the viewer. In the elegance of the charcoal stretch and the capacity to reproduce the inner life of the character Vel\u00e1zquez evinces having learnt from and appreciated the graphic work of the famous Roman portraitist Ottavio Leoni called the <em>Padovanino<\/em> (the Paduan). The designs that Vel\u00e1zquez derived from magisterial texts in Italy, such as the Sistine Chapel, represent a reservoir of models which he used back in Spain: this was the case of the <em>Fable of Arachne and Minerva<\/em> (1657 ca., Madrid Prado Museum, image), in which the nudes of the Sistine Chapel are evoked in the two young spinners in the foreground.<\/p>\n<p style=\"text-align: justify\"><a href=\"\/en\/territories\/international-routes\/painters-and-works-of-art-between-italy-and-spain\/trips-to-italy-by-diego-velazquez\/\" title=\"Trips to Italy by Diego Vel\u00e1zquez\">&lt;&lt;&lt;&#8212;previous page<\/a> &nbsp; <a href=\"\/en\/territories\/international-routes\/painters-and-works-of-art-between-italy-and-spain\/the-portrait-of-francesco-i-duke-of-modena\/\" title=\"The portrait of Francesco I, Duke of Modena\">next page&#8212;&gt;&gt;&gt;<\/a><\/p>\n<\/p><\/div>\n<p><\/p>\n","protected":false},"excerpt":{"rendered":"<p>Spanish and Italian design patterns: the experience of Diego Vel\u00e1zquez According to sources Diego Rodr\u00edguez de Silva y Vel\u00e1zquez (1599-1660) was a tireless draftsman, although today only a dozen drawings of his own hand survive, some of them of controversial attribution. Graphic work, which he&hellip;<\/p>\n","protected":false},"author":1,"featured_media":0,"parent":7326,"menu_order":0,"comment_status":"closed","ping_status":"closed","template":"","meta":{"footnotes":""},"class_list":["post-6484","page","type-page","status-publish","hentry"],"_links":{"self":[{"href":"https:\/\/digitalhistory.unite.it\/en\/wp-json\/wp\/v2\/pages\/6484","targetHints":{"allow":["GET"]}}],"collection":[{"href":"https:\/\/digitalhistory.unite.it\/en\/wp-json\/wp\/v2\/pages"}],"about":[{"href":"https:\/\/digitalhistory.unite.it\/en\/wp-json\/wp\/v2\/types\/page"}],"author":[{"embeddable":true,"href":"https:\/\/digitalhistory.unite.it\/en\/wp-json\/wp\/v2\/users\/1"}],"replies":[{"embeddable":true,"href":"https:\/\/digitalhistory.unite.it\/en\/wp-json\/wp\/v2\/comments?post=6484"}],"version-history":[{"count":2,"href":"https:\/\/digitalhistory.unite.it\/en\/wp-json\/wp\/v2\/pages\/6484\/revisions"}],"predecessor-version":[{"id":11224,"href":"https:\/\/digitalhistory.unite.it\/en\/wp-json\/wp\/v2\/pages\/6484\/revisions\/11224"}],"up":[{"embeddable":true,"href":"https:\/\/digitalhistory.unite.it\/en\/wp-json\/wp\/v2\/pages\/7326"}],"wp:attachment":[{"href":"https:\/\/digitalhistory.unite.it\/en\/wp-json\/wp\/v2\/media?parent=6484"}],"curies":[{"name":"wp","href":"https:\/\/api.w.org\/{rel}","templated":true}]}}