{"id":6494,"date":"2021-08-20T00:03:33","date_gmt":"2021-08-19T22:03:33","guid":{"rendered":"https:\/\/digitalhistory.unite.it\/different-versions-of-the-andean-baroque\/"},"modified":"2021-11-23T15:27:50","modified_gmt":"2021-11-23T14:27:50","slug":"different-versions-of-the-andean-baroque","status":"publish","type":"page","link":"https:\/\/digitalhistory.unite.it\/en\/territories\/international-routes\/andean-baroque\/different-versions-of-the-andean-baroque\/","title":{"rendered":"Different versions of the Andean Baroque"},"content":{"rendered":"<h1>Different versions of the Andean Baroque <\/h1>\n<div class=\"testo\">\n<p style=\"text-align: justify\"><img loading=\"lazy\" decoding=\"async\" src=\"https:\/\/digitalhistory.unite.it\/wp-content\/uploads\/2021\/08\/iglesia_de_santiago_apostol__pomata_341x256.jpg\" width=\"341\" height=\"256\" alt=\"Pomata, Iglesia Santiago Apostol\" align=\"left\">Baroque style, starting from 1630, gave birth to regionalization. The Baroque of Quito, for example, adopted local <em>mestizo<\/em> features of the people represented, with the frequent appearance of traditional indigenous costumes and Andean landscape, local flora and fauna, which replaced in this way, the European iconography present in the models imported from across the Atlantic. Even the use of techniques of carving and painting rooms accentuated this regionalization. A prime example of Baroque architecture is given by the Church of <em>San Francisco<\/em> (Saint Francis) of the <a href=\"\/en\/territories\/urban-routes\/lecce\/seminary\/society-of-jesus\/\" title=\"Society of Jesus\">Company of Jesus<\/a>.<\/p>\n<p style=\"text-align: justify\">In the south, the Baroque of Arequipa and Potos\u00ed was characterized by a revival of pre-Hispanic themes. The decoration of the Cathedral of Puno integrated iconographic elements such as sirens, pumas, monkeys, tropical fruit. In the region of Lake Titicaca there are several areas with clusters of baroque temples. Juli, known as the &#8220;Little Rome of America&#8221;, the great Jesuit missionary center of the plateau, had four churches: <em>San Juan de Letr\u00e1n<\/em> (Saint John Lateran), <em>Santa Cruz de Jerusal\u00e9n<\/em> (The Holy Cross of Jerusalem), <em>Nuestra Se\u00f1ora de la Asunci\u00f3n<\/em> (Our Lady of the Assumption) and <em>San Pedro M\u00e1rtir<\/em> (Saint Peter Martyr). The <a href=\"\/en\/territories\/urban-routes\/lecce\/zimbalo\/dominicans\/\" title=\"Dominicans\">Dominicans<\/a> had the sanctuary of Pomata where the cult of Our Lady of the Rosary is venerated in a shrine, the most famous in the region after that of <em>Nuestra Se\u00f1ora de Copacabana<\/em> (Our Lady of Copacabana), held by the Augustinians. The temple dedicated to <em>Santiago Ap\u00f3stol<\/em> (Saint James the Apostle), in Pomata, marks the culmination of the <em>mestizo<\/em> style (photo 1).<\/p>\n<p style=\"text-align: justify\">Particularly important is the production in the area of Potos\u00ed, where a real school was formed. In the seventeenth century the mining area of Cerro Potos\u00ed, with the concentration of a large number of mining entrepreneurs, workers, dealers, craftsmen, all linked to the exploitation of silver deposits and induced activities, gave birth to the largest urban center of the whole of the Americas, with a population that exceeded 160,000 inhabitants. The magnificence of the churches and palaces still recalls the wealth of that period. Melchor P\u00e9rez de Holgu\u00edn was formed in the school of Potos\u00ed. Born in Cochabamba, he was influenced by <a href=\"\/en\/territories\/international-routes\/painters-and-works-of-art-between-italy-and-spain\/francisco-de-zurbaran-and-the-italian-still-life\/\" title=\"Francisco de Zurbar\u00e1n and the Italian still life\">Zurbar\u00e1n<\/a>, especially in dealing with ascetical and mystical figures. Works such as the <em>Triumph of the Church<\/em>, the <em>Final Judgement<\/em> and the <em>Entry of Archbishop Morcillo in Potos\u00ed<\/em>&nbsp;testify to the splendor of the decorations and costumes.<\/p>\n<p style=\"text-align: justify\"><img loading=\"lazy\" decoding=\"async\" src=\"https:\/\/digitalhistory.unite.it\/wp-content\/uploads\/2021\/08\/basilio_santa_cruz_poma_callao__el_nacimiento_de_san_francisco_343x212.jpg\" width=\"343\" height=\"212\" alt=\"Basilio Santa Cruz\" align=\"left\">The so-called school of Cuzco which sprang up in the Incan city that continued to be an important political and cultural centre during Spanish rule, was characterized by the originality of the paintings that portray different characters, with special care in the representation of clothing and valuables. After the earthquake of 1650 that destroyed or damaged many buildings in the city, the decoration of churches and colleges was assigned to some local artists such as Diego Quispe Tito and Basilio Santa Cruz Poma Callao. The painting of these teachers and their students was characterized by a certain archaism, the use of gold ornaments, the elimination of realism which was replaced by a symbolic landscape, thus giving rise to an original sacred iconography that had its most authentic expression in the series of the archangels musketeers, angels wrapped in rich clothes, decorated in gold, wielding shotguns, as well as in the portraits of saints and madonnas adorned with gold and jewels. In this way, a part of the native mentality was able to fit into the&nbsp; western scheme, surviving in the contents expressed in artistic creation. (image: Basilio Santa Cruz Poma Callao, <em>El nacimiento de San Francisco<\/em>).<\/p>\n<div id=\"stcpDiv\">(immagine: Basilio Santa Cruz Poma Callao, <em>El nacimiento de San Francisco<\/em>). &#8211; See more at: \/territori\/percorsi-trans-nazionali\/il-barocco-andino\/le-diverse-versioni-del-barocco-andino\/#sthash.ft0V3iz7.dpuf<\/div>\n<div id=\"stcpDiv\">(immagine: Basilio Santa Cruz Poma Callao, <em>El nacimiento de San Francisco<\/em>). &#8211; See more at: \/territori\/percorsi-trans-nazionali\/il-barocco-andino\/le-diverse-versioni-del-barocco-andino\/#sthash.ft0V3iz7.dpuf<\/div>\n<p style=\"text-align: justify\">In summary, the <em>mestizo<\/em> style develops its own decoration, whose main themes incorporate mannerist and prehispanic motifs, local natural elements, pre-Renaissance Christian themes. The presence of local elements and classical motifs, through Mannerism, reflect the dominant view of nature and man in the Americas, initially considered idolatrous and, therefore, comparable to the pagans of the classical world, before the arrival of Christianity with its pervasive rationalization and conviction. The gaining of the upper hand of the indigenous artists in artistic production allows that elements of humanity, flora and fauna be a little present everywhere and express Andean reality. Moreover, these issues also spread through the minor arts: furniture, textiles, ceramics, jewellery, thus making the <em>mestizo<\/em> style widespread and enduring to the point that even today the consequences for local production are perceptible.<\/p>\n<p style=\"text-align: justify\"><a href=\"\/en\/territories\/international-routes\/andean-baroque\/the-mestizo-style-of-andean-baroque\/\" title=\"The mestizo style of Andean Baroque\">&lt;&lt;&lt;&#8212;previous page<\/a> &nbsp; <a href=\"\/en\/territories\/international-routes\/\" title=\"International routes\">back to index&#8212;&gt;&gt;&gt;<\/a><\/p>\n<\/p><\/div>\n<p><\/p>\n","protected":false},"excerpt":{"rendered":"<p>Different versions of the Andean Baroque Baroque style, starting from 1630, gave birth to regionalization. The Baroque of Quito, for example, adopted local mestizo features of the people represented, with the frequent appearance of traditional indigenous costumes and Andean landscape, local flora and fauna, which&hellip;<\/p>\n","protected":false},"author":1,"featured_media":0,"parent":7330,"menu_order":0,"comment_status":"closed","ping_status":"closed","template":"","meta":{"footnotes":""},"class_list":["post-6494","page","type-page","status-publish","hentry"],"_links":{"self":[{"href":"https:\/\/digitalhistory.unite.it\/en\/wp-json\/wp\/v2\/pages\/6494","targetHints":{"allow":["GET"]}}],"collection":[{"href":"https:\/\/digitalhistory.unite.it\/en\/wp-json\/wp\/v2\/pages"}],"about":[{"href":"https:\/\/digitalhistory.unite.it\/en\/wp-json\/wp\/v2\/types\/page"}],"author":[{"embeddable":true,"href":"https:\/\/digitalhistory.unite.it\/en\/wp-json\/wp\/v2\/users\/1"}],"replies":[{"embeddable":true,"href":"https:\/\/digitalhistory.unite.it\/en\/wp-json\/wp\/v2\/comments?post=6494"}],"version-history":[{"count":2,"href":"https:\/\/digitalhistory.unite.it\/en\/wp-json\/wp\/v2\/pages\/6494\/revisions"}],"predecessor-version":[{"id":11244,"href":"https:\/\/digitalhistory.unite.it\/en\/wp-json\/wp\/v2\/pages\/6494\/revisions\/11244"}],"up":[{"embeddable":true,"href":"https:\/\/digitalhistory.unite.it\/en\/wp-json\/wp\/v2\/pages\/7330"}],"wp:attachment":[{"href":"https:\/\/digitalhistory.unite.it\/en\/wp-json\/wp\/v2\/media?parent=6494"}],"curies":[{"name":"wp","href":"https:\/\/api.w.org\/{rel}","templated":true}]}}