{"id":6505,"date":"2021-08-20T00:03:35","date_gmt":"2021-08-19T22:03:35","guid":{"rendered":"https:\/\/digitalhistory.unite.it\/cattedrale-di-murcia\/"},"modified":"2021-11-23T17:45:05","modified_gmt":"2021-11-23T16:45:05","slug":"cattedrale-di-murcia","status":"publish","type":"page","link":"https:\/\/digitalhistory.unite.it\/en\/themes\/churches\/cattedrale-di-murcia\/","title":{"rendered":"The cathedral of Murcia"},"content":{"rendered":"<h1>The cathedral of Murcia <\/h1>\n<div class=\"testo\">\n<p style=\"text-align: justify\" class=\"Standard\"><img loading=\"lazy\" decoding=\"async\" src=\"https:\/\/digitalhistory.unite.it\/wp-content\/uploads\/2021\/08\/catedral_murcia_343x257.jpg\" width=\"343\" height=\"257\" alt=\"Catedral Murcia\" align=\"left\">Like many other Spanish cathedrals, the Cathedral of <em>Santa Mar\u00eda<\/em> (Saint Mary) of <a href=\"\/en\/territories\/regional-routes\/arabic-history-and-baroque-taste\/murcia\/the-history-of-the-city-of-murcia-between-the-middle-ages-and-the-early-modern-period\/\" title=\"The history of the city of Murcia between the Middle Ages and the Early Modern Period\"> Murcia<\/a> is the result of the stratification, which took place over several centuries, of different styles and tastes. Nevertheless, it may be included among the monuments of Baroque art in Spain. Moreover, the entire city of Murcia is one of the urban centres which is most heavily characterized by the culture and style of the Baroque.<\/p>\n<p style=\"text-align: justify\" class=\"Standard\">Though the Christian <em>Reconquista<\/em> of Murcia had been completed as early as the thirteenth century, the construction of the cathedral only began a century later. At first, as happened in many other cities taken from Arab rule, the mosque was simply adapted to Christian worship. The work of building the new Church began in 1394, under Bishop Fernando de Pedrosa. Consecrated in 1465 but actually completed in 1467, the church underwent a number of changes and additions in later centuries, sometimes as a result of fortuitous events such as the great fire in 1854 that destroyed the altar and the choir.<\/p>\n<p style=\"text-align: justify\" class=\"Standard\">The medieval origins of the building are clearly visible in the interior, a perfect example of Gothic style. The three naves, each of different height and with a final apse, hold the remains of many illustrious Murcians of the past, such as those of the seventeenth century writer, <a href=\"#\" class=\"tooltip yellow-tooltip\">Diego de Saavedra Fajardo<span>Diego de Saavedra Fajardo (1584-1648) was a Spanish writer and diplomat. His most famous work is the treatise <em>Empresas Pol\u00edticas o Idea de un pr\u00edncipe cristiano representada en cien empresas<\/em>, (Political Exploits or the Ideal of a Christian Prince represented in one hundred exploits), published in 1640. He was secretary to Cardinal Gaspar Borgia and held important diplomatic missions. He was one of the representatives of Spain in the peace congress of M\u00fcnster (1648).<\/span><\/a>, and the remains of the so-called <em>Cuatro Santos de Cartagena<\/em>, the patrons of the diocese of which Murcia is the head: Fulgentius, Isidore, Leander and Florentina. The urn containing the heart and bowels of King Alfonso X the Wise is also kept in the main chapel.<\/p>\n<p style=\"text-align: justify\" class=\"Standard\">Twenty-three chapels stand out within the interior of the cathedral which were built at various times in honour of the patron saints or bishops and nobles who helped finance the construction of the church. The most famous is the <em>Capilla de los V\u00e9lez<\/em>, whose construction began in 1490 under Bishop <a href=\"#\" class=\"tooltip yellow-tooltip\">Rodrigo de Borja, the future Pope Alexander VI<span>Roderic Llan\u00e7ol de Borja (1431-1503) was elected pope in 1492 with the name of Alexander VI. A nephew of Pope Callistus III, he had several children and several lovers, the most famous of which was Giulia Farnese.<\/span><\/a>. Its name is derived from the Marquises de los V\u00e9lez, who financed its construction and used it for centuries as a private chapel. The style is flamboyant gothic, with a polygonal plan. Also famous is the <em>Capilla de Junter\u00f3n<\/em>, a great work of Spanish Renaissance architecture built on the project of the Italian Jacopo Fiorentino and above an earlier Gothic chapel. The prothonotary apostolic Gil Rodr\u00edguez de Junter\u00f3n financed the construction work, giving his name to the chapel, and is still buried there.<\/p>\n<p style=\"text-align: justify\" class=\"Standard\"><img loading=\"lazy\" decoding=\"async\" src=\"https:\/\/digitalhistory.unite.it\/wp-content\/uploads\/2021\/08\/catedral_de_murcia_fachada_344x228.jpg\" width=\"344\" height=\"228\" alt=\"Catedral Murcia fachada\" align=\"left\">Baroque art is thus absent in the interior of the church, with the exception of the <em>Capilla de la Inmaculada<\/em>, erected in the first half of the seventeenth century and the first in the world to be consecrated according to the dogma of the Immaculate Conception. However, what makes the cathedral of Murcia one of the most impressive examples of Baroque architecture is the outside, and especially the monumental stone fa\u00e7ade. The previous fa\u00e7ade, dating from the sixteenth century, was demolished following the damage caused by earthquakes and floods. The architect <a href=\"#\" class=\"tooltip yellow-tooltip\">Jaime Bort<span>Jaime Bort y Meli\u00e1 (?-1754) was a Baroque sculptor and architect. His most famous work is undoubtedly the fa\u00e7ade of the Cathedral of Murcia, rebuilt in 1737 due to repeated damage from weather and natural and extraordinary events. He died in 1754.<\/span><\/a> designed a new fa\u00e7ade resembling a large altarpiece facing the square. The work, which lasted from 1737 to 1754, gave birth to a perfect example of Baroque aesthetics. The fa\u00e7ade is divided into three vertical sections by large columns, while large spirals join the sides to the centre section. At the base, three doors open, corresponding to the three naves: the door of <em>San Jos\u00e9<\/em> (Saint Joseph) or the <em>Cabildo<\/em> (Chapter house), the door of <em>San Juan<\/em> (Saint John) or the <em>Consejo<\/em> (Counsel) and the central door, called <em>del Perdon<\/em> (of Forgiveness), open only on the occasion of great solemnities. A series of Corinthian columns and sculptures, such as that of the Virgin with angels, together with the central window in the wall of the second floor, enrich the spectacular front concave. The large statue of the apostle <em>Santiago<\/em> (Saint James), who according to tradition entered the Iberian Peninsula through the port of Cartagena, was removed from the top of the fa\u00e7ade at the beginning of the nineteenth century. This statue was, however, only one of the many sculptures used to decorate and enrich the complex.<\/p>\n<p style=\"text-align: justify\" class=\"Standard\"><img loading=\"lazy\" decoding=\"async\" src=\"https:\/\/digitalhistory.unite.it\/wp-content\/uploads\/2021\/08\/campanile_murcia_228x304.jpg\" width=\"228\" height=\"304\" alt=\"Campanile Murcia\" align=\"left\">The big belltower is the true symbol, not only of the cathedral, but of the entire city of Murcia. At 98 metres high, its construction lasted almost three centuries. The first floor was built in 1521 in Renaissance style under the direction of Francesco&nbsp; and Jacopo Fiorentino. The second floor was completed in 1555, under the guidance of Jer\u00f3nimo Quijano. The construction works were stopped at this level for more than two centuries, due to the alarming inclination of the tower, until the architect Jos\u00e9 L\u00f3pez was able to overcome the problem by raising the third floor starting from 1765, in the Baroque style. In later years the fourth floor was raised, characterized by the four small temples dedicated to the Saints Fulgentius, Isidore, Leander and Florentina and the fifth floor, in Rococo style, where the 25 bells of the cathedral are found. The Neoclassical dome, designed by <a href=\"#\" class=\"tooltip yellow-tooltip\">Ventura Rodr\u00edguez<span>Tiz\u00f3n Buenaventura Rodr\u00edguez, better known as Ventura Rodr\u00edguez (1717-1785) is regarded as the last Spanish Baroque architect, although his production already had elements typical of Neoclassicism. Among his works are the inside of the Monastery of the <em>Encarnaci\u00f3n<\/em> (Incarnation), the exterior of the Palace of Liria and the design of the fountain of Cibeles in Madrid, the fa\u00e7ade of the convent of the <em>Agustinos Filipinos<\/em> in Valladolid and the <em>Santa Capilla<\/em> of the <em>Basilica of Nuestra Se\u00f1ora del Pilar<\/em> (Our Lady of Pilar) in Zaragoza.<\/span><\/a>, and the lantern on top of the tower marked the end of construction in 1793.<\/p>\n<p style=\"text-align: justify\">Finally, the Cathedral Museum, which houses many works of art of a religious character dating from Roman times to the contemporary age, must be mentioned. In the same area of the building there are the characteristic <em>soportales<\/em>, arcades in Baroque style that originally were integrated into the cloister of the cathedral.<\/p>\n<\/p><\/div>\n<p><\/p>\n","protected":false},"excerpt":{"rendered":"<p>The cathedral of Murcia Like many other Spanish cathedrals, the Cathedral of Santa Mar\u00eda (Saint Mary) of Murcia is the result of the stratification, which took place over several centuries, of different styles and tastes. Nevertheless, it may be included among the monuments of Baroque&hellip;<\/p>\n","protected":false},"author":1,"featured_media":0,"parent":5897,"menu_order":0,"comment_status":"closed","ping_status":"closed","template":"","meta":{"footnotes":""},"class_list":["post-6505","page","type-page","status-publish","hentry"],"_links":{"self":[{"href":"https:\/\/digitalhistory.unite.it\/en\/wp-json\/wp\/v2\/pages\/6505","targetHints":{"allow":["GET"]}}],"collection":[{"href":"https:\/\/digitalhistory.unite.it\/en\/wp-json\/wp\/v2\/pages"}],"about":[{"href":"https:\/\/digitalhistory.unite.it\/en\/wp-json\/wp\/v2\/types\/page"}],"author":[{"embeddable":true,"href":"https:\/\/digitalhistory.unite.it\/en\/wp-json\/wp\/v2\/users\/1"}],"replies":[{"embeddable":true,"href":"https:\/\/digitalhistory.unite.it\/en\/wp-json\/wp\/v2\/comments?post=6505"}],"version-history":[{"count":2,"href":"https:\/\/digitalhistory.unite.it\/en\/wp-json\/wp\/v2\/pages\/6505\/revisions"}],"predecessor-version":[{"id":11548,"href":"https:\/\/digitalhistory.unite.it\/en\/wp-json\/wp\/v2\/pages\/6505\/revisions\/11548"}],"up":[{"embeddable":true,"href":"https:\/\/digitalhistory.unite.it\/en\/wp-json\/wp\/v2\/pages\/5897"}],"wp:attachment":[{"href":"https:\/\/digitalhistory.unite.it\/en\/wp-json\/wp\/v2\/media?parent=6505"}],"curies":[{"name":"wp","href":"https:\/\/api.w.org\/{rel}","templated":true}]}}