{"id":6507,"date":"2021-08-20T00:03:35","date_gmt":"2021-08-19T22:03:35","guid":{"rendered":"https:\/\/digitalhistory.unite.it\/basica-de-nuestra-senora-del-pilar\/"},"modified":"2021-11-23T15:28:16","modified_gmt":"2021-11-23T14:28:16","slug":"basica-de-nuestra-senora-del-pilar","status":"publish","type":"page","link":"https:\/\/digitalhistory.unite.it\/en\/themes\/churches\/basica-de-nuestra-senora-del-pilar\/","title":{"rendered":"The basilica de Nuestra Se\u00f1ora del Pilar of Zaragoza"},"content":{"rendered":"<h1>The basilica de Nuestra Se\u00f1ora del Pilar of Zaragoza <\/h1>\n<div class=\"testo\">\n<p style=\"text-align: justify\" class=\"Standard\"><img loading=\"lazy\" decoding=\"async\" src=\"https:\/\/digitalhistory.unite.it\/wp-content\/uploads\/2021\/08\/vista_de_la_bas_lica_de_nuestra_se_ora_del_pilar__en_zaragoza_343x257.jpg\" width=\"343\" height=\"257\" alt=\"Catedral Zaragoza 1\" align=\"left\">The basilica of <em>Nuestra Se\u00f1ora del Pilar<\/em> (Our Lady of Pilar) is one of two cathedrals in <a href=\"\/en\/themes\/churches\/basica-de-nuestra-senora-del-pilar\/zaragoza\/\" title=\"Zaragoza\">Zaragoza<\/a>, and the largest Baroque church in Spain. In it preserves the column (<em>Pilar<\/em>) on which, according to tradition, the Virgin Mary, at the time still living in Jerusalem, appeared to the Apostle Santiago. To remember and celebrate the miraculous event, a small chapel was built on the site, later replaced by a Romanesque church, then a Gothic <em>Mud\u00e9jar<\/em> one and a direct antecedent of the Baroque cathedral. It was <a href=\"\/en\/territories\/urban-routes\/ascanio-filomarino\/filomarino-and-the-masaniello-revolt\/juan-jose-de-austria\/\" title=\"Juan Jos\u00e9 de Austria\">Don Juan Jos\u00e9 de Austria<\/a>, at that time <a href=\"\/en\/territories\/regional-routes\/duke-of-lerma\/denia-and-the-rise-of-its-marquis\/kingdom-of-aragon\/\" title=\"Kingdom of Aragon\">viceroy of Aragon<\/a>, who promoted the construction of a church in Baroque style, upon which work began in 1681. Royal architect <a href=\"#\" class=\"tooltip yellow-tooltip\">Francisco de Herrera <em>el Mozo<\/em><span>Francisco Herrera called <em>el Mozo<\/em> (1627-1685) was a Baroque painter and architect, the son of Herrera <em>el Viejo<\/em>. Born in Seville, after having worked with his father, he moved to Italy in his early twenties to complete his training. After returning to Spain, his reputation grew quickly until he came to the court as the court painter of King Charles II and <em>Maestro Mayor de las Obras Reales<\/em>. He died in 1685, while working at the <em>Basilica del Pilar<\/em> in Zaragoza.<\/span><\/a>, and with him other <em>maestros de obras<\/em> such as <a href=\"#\" class=\"tooltip yellow-tooltip\">Felipe S\u00e1nchez<span>Felipe S\u00e1nchez was an architect born in Zaragoza, famous for having contributed to the construction of the Basilica of <em>Nuestra Se\u00f1ora del Pilar<\/em>. He died in Madrid in 1709.<\/span><\/a>, directed the construction of the work. Some decades later, <a href=\"\/en\/themes\/churches\/basica-de-nuestra-senora-del-pilar\/ferdinand-vi-of-bourbon\/\" title=\"Ferdinand VI of Bourbon\">Ferdinand VI<\/a> entrusted the construction of the <em>Santa Capilla<\/em> to <a href=\"#\" class=\"tooltip yellow-tooltip\">Ventura Rodr\u00edguez<span>Tiz\u00f3n Buenaventura Rodr\u00edguez, better known as Ventura Rodr\u00edguez (1717-1785) is regarded as the last Spanish Baroque architect, although his production already had elements typical of Neoclassicism. Among his works are the inside of the Monastery of the <em>Encarnaci\u00f3n<\/em> (Incarnation), the exterior of the Palace of Liria and the design of the fountain of Cibeles in Madrid, the fa\u00e7ade of the convent of the <em>Agustinos Filipinos<\/em> in Valladolid and the <em>Santa Capilla<\/em> of the <em>Basilica of Nuestra Se\u00f1ora del Pilar<\/em> (Our Lady of Pilar) in Zaragoza.<\/span><\/a>. Rodr\u00edguez also introduced changes in the decoration of the interior, giving the cathedral a more sober style and closer to Neo-classical style. Already of considerable size (130 metres long, 67 wide), the Basilica was further enriched by numerous domes and towers, erected from the late nineteenth century to the twentieth century.<\/p>\n<p style=\"text-align: justify\" class=\"Standard\">The structure of the cathedral has three naves, covered with barrel vaults and defined by large pillars. On them rest the numerous domes, eleven in total, which characterize the profile of the entire cathedral. The interior of the domes and vaults were designed to be painted, but this happened only in part. Among the frescoed domes are those that surround the <em>Santa Capilla<\/em>, one of which was dedicated to the <em>Reina de los M\u00e1rtires<\/em> (Queen of Martyrs), which was painted by the famous Francisco Goya. In the nave, under the central dome, lies the altar. The <em>retablo mayor de la Asunci\u00f3n<\/em> (Main retable of the Assumption), from the early sixteenth century by the sculptor <a href=\"#\" class=\"tooltip yellow-tooltip\">Dami\u00e1n Forment<span>Dami\u00e1n Forment (1480-1540) was a sculptor from Valencia, considered one of the first introducers of the Renaissance in Spain.<\/span><\/a>, presides over the main altar and is one of the most significant artistic elements of the cathedral.<\/p>\n<p style=\"text-align: justify\" class=\"Standard\">The aforementioned <em>Santa Capilla<\/em> was built from a design by Ventura Rodr\u00edguez between 1750 and 1765 even though the work was largely led by <a href=\"#\" class=\"tooltip yellow-tooltip\">Jos\u00e9 Ram\u00edrez de Arellano<span>Jos\u00e9 Ram\u00edrez de Arellano (1705-1770) was a Spanish Baroque architect and sculptor. In 1740 he was appointed Sculptor of the king and in 1758 entered the <em>Real Academia de Bellas Artes de San Fernando<\/em>.<\/span><\/a>. The chapel presents a separate building within the structure, a synthesis of Baroque sculpture and architecture with evident Classical influences. Located in the second bay of the nave, it has a Greek cross plan with a central elliptical dome. The curvy design, the three altars, columns, medallions and sculptures, all made with high quality materials such as marble, bronze and jasper, act as a cornice for the column and the image of the Virgin, which has remained in the same position in which, according to tradition, she appeared to the Apostle Santiago. The wooden statue of the Virgin, 38 cm high, is in this way the center of attention of the faithful.<\/p>\n<p style=\"text-align: justify\" class=\"Standard\"><img loading=\"lazy\" decoding=\"async\" src=\"https:\/\/digitalhistory.unite.it\/wp-content\/uploads\/2021\/08\/panor_mica_de_la_catedral-bas_lica_de_nuestra_se_ora_del_pilar_343x158.jpg\" width=\"343\" height=\"158\" alt=\"Catedral Zaragoza 2\" align=\"left\">The same late-eighteenth-century late Baroque style which is of Italian inspiration and is inspired particularly by <a href=\"\/en\/territories\/urban-routes\/ascanio-filomarino\/the-church-of-the-santi-apostoli-and-the-filomarino-chapel\/francesco-borromini\/\" title=\"Francesco Borromini\">Borromini<\/a>, but with clear elements of Neoclassical art, is also visible in other large chapels arranged inside the cathedral: the <em>Capilla de San Juan Bautista<\/em> (Chapel of Saint John the Baptist), the <em>Capilla de Santa Ana<\/em> (Chapel of Saint Anne), the <em>Capilla de San Jos\u00e9<\/em> (Chapel of Saint Joseph), the <em>Capilla de San Antonio de Padua<\/em> (Chapel of Saint Anthony of Padua), the <em>Capilla de San Agust\u00edn<\/em> (Chapel of Saint Augustine) or the <em>Parroquia del Pilar<\/em> (Parish of the Pilar), the <em>Capilla de San Lorenzo<\/em>, (Chapel of Saint Lawrence) the <em>Capilla de Santiago<\/em> (Chapel of Saint Lawrence) or <em>de la Comuni\u00f3n<\/em> (the Communion). Baroque elements are also visible in the <em>Sacrist\u00eda Mayor<\/em> (Main Sacristy), which, however, is not open to the public, the <em>Capilla del Rosario<\/em> (Chapel of the Rosary) and the <em>Museo del Pilar<\/em>, located in the old hall of the Cathedral <em>de oraci\u00f3n<\/em> (Cathedral of Prayer).<\/p>\n<p style=\"text-align: justify\">The exterior of the basilica, in red brick, is characterized by its impressive shapes and sizes. Eleven domes stand out, culminating in lanterns and are covered with colored tiles. The central dome, located at the confluence between the central nave and the fourth of the seven bays that divide the cathedral, is the largest. Two smaller domes, placed at the sides of the central nave, in correspondence with the second and sixth bay are in turn are surrounded at the corners by four smaller domes, arranged on the first, third, fifth and seventh bay of both naves. The four towers, more than three hundred metres high, were mostly erected during the twentieth century.<\/p>\n<\/p><\/div>\n<p><\/p>\n","protected":false},"excerpt":{"rendered":"<p>The basilica de Nuestra Se\u00f1ora del Pilar of Zaragoza The basilica of Nuestra Se\u00f1ora del Pilar (Our Lady of Pilar) is one of two cathedrals in Zaragoza, and the largest Baroque church in Spain. In it preserves the column (Pilar) on which, according to tradition,&hellip;<\/p>\n","protected":false},"author":1,"featured_media":0,"parent":5897,"menu_order":0,"comment_status":"closed","ping_status":"closed","template":"","meta":{"footnotes":""},"class_list":["post-6507","page","type-page","status-publish","hentry"],"_links":{"self":[{"href":"https:\/\/digitalhistory.unite.it\/en\/wp-json\/wp\/v2\/pages\/6507","targetHints":{"allow":["GET"]}}],"collection":[{"href":"https:\/\/digitalhistory.unite.it\/en\/wp-json\/wp\/v2\/pages"}],"about":[{"href":"https:\/\/digitalhistory.unite.it\/en\/wp-json\/wp\/v2\/types\/page"}],"author":[{"embeddable":true,"href":"https:\/\/digitalhistory.unite.it\/en\/wp-json\/wp\/v2\/users\/1"}],"replies":[{"embeddable":true,"href":"https:\/\/digitalhistory.unite.it\/en\/wp-json\/wp\/v2\/comments?post=6507"}],"version-history":[{"count":2,"href":"https:\/\/digitalhistory.unite.it\/en\/wp-json\/wp\/v2\/pages\/6507\/revisions"}],"predecessor-version":[{"id":11542,"href":"https:\/\/digitalhistory.unite.it\/en\/wp-json\/wp\/v2\/pages\/6507\/revisions\/11542"}],"up":[{"embeddable":true,"href":"https:\/\/digitalhistory.unite.it\/en\/wp-json\/wp\/v2\/pages\/5897"}],"wp:attachment":[{"href":"https:\/\/digitalhistory.unite.it\/en\/wp-json\/wp\/v2\/media?parent=6507"}],"curies":[{"name":"wp","href":"https:\/\/api.w.org\/{rel}","templated":true}]}}