{"id":6556,"date":"2021-08-20T00:03:40","date_gmt":"2021-08-19T22:03:40","guid":{"rendered":"https:\/\/digitalhistory.unite.it\/cordoba-and-alcala-del-valle\/"},"modified":"2021-11-23T15:28:37","modified_gmt":"2021-11-23T14:28:37","slug":"cordoba-and-alcala-del-valle","status":"publish","type":"page","link":"https:\/\/digitalhistory.unite.it\/en\/themes\/mansions-of-the-nobility\/marquises-of-benameji\/cordoba-and-alcala-del-valle\/","title":{"rendered":"Cordoba and Alcal\u00e1 del Valle"},"content":{"rendered":"<h1>Cordoba and Alcal\u00e1 del Valle <\/h1>\n<div class=\"testo\">\n<p style=\"text-align: justify\" class=\"NormalWeb\"><img loading=\"lazy\" decoding=\"async\" src=\"https:\/\/digitalhistory.unite.it\/wp-content\/uploads\/2021\/08\/clip_image002_253x188.jpg\" width=\"253\" height=\"188\" alt=\"Cordoba\" align=\"left\">In Andalusia, but this time in the city of <a href=\"\/en\/territories\/regional-routes\/plazas-mayores\/the-plaza-de-la-corredera-of-cordoba\/cordoba\/\" title=\"Cordoba\">Cordoba<\/a>, another residence of the Marquises of Benamej\u00ed occupies a prominent place. The Benamej\u00ed palace was built in the eighteenth century and is situated in <em>calle Agust\u00edn Moreno<\/em>. In reality composed of a series of buildings of different periods and styles, it was renovated, above all its fa\u00e7ade, in 1874, by Rafael Luque. The main entrance is formed by an architrave in stone with the coat of arms of the marquises of Benamej\u00ed. Above the windows, on the ground floor, there are the coats of arms of the Aguayo and Bernuy families. The building now houses the &#8220;Dionisio Ortiz&#8221; school of arts and crafts. The palace was described by P\u00edo Baroja in his novel <em>La Feria<\/em> <em>de los Discretos<\/em>, which takes place in the city of Cordoba.<\/p>\n<p style=\"text-align: justify\"><img loading=\"lazy\" decoding=\"async\" src=\"https:\/\/digitalhistory.unite.it\/wp-content\/uploads\/2021\/08\/clip_image001_255x201.jpg\" width=\"255\" height=\"201\" alt=\"Alcala del Valle\" align=\"left\">In Alcal\u00e1 del Valle, in the province of <a href=\"\/en\/territories\/international-routes\/genoa\/the-genoese-in-the-port-of-cadiz-in-the-seventeenth-century\/cadiz\/\" title=\"Cadiz\">Cadiz<\/a>, one can visit a hunting estate which belonged to the marquises. It is located within the city limits, but far from the city centre. It is rather odd for a palace or a country estate and perhaps there was another dwelling of the Marquises of Benamej\u00ed on the grounds. Built in the sixteenth century, unfortunately it currently finds itself in deplorable conditions. The walls, most of which have no pargeting, display good bossage masonry and are perfectly cut. The outer part is very sober, with a main gate which is emphasized by two robust columns. The main courtyard with arches compound a colonnade on which there is a second set of arches and pillars in addition to a double ramp of stairs.<\/p>\n<p style=\"text-align: justify\"><a href=\"\/en\/themes\/mansions-of-the-nobility\/marquises-of-benameji\/ecija\/\" title=\"\u00c9cija\">&lt;&lt;&lt;&#8212;previous page<\/a> &nbsp; <a href=\"\/en\/themes\/mansions-of-the-nobility\/\" title=\"Mansions of the nobility\">back to index&#8212;&gt;&gt;&gt;<\/a><\/p>\n<\/p><\/div>\n<p><\/p>\n","protected":false},"excerpt":{"rendered":"<p>Cordoba and Alcal\u00e1 del Valle In Andalusia, but this time in the city of Cordoba, another residence of the Marquises of Benamej\u00ed occupies a prominent place. The Benamej\u00ed palace was built in the eighteenth century and is situated in calle Agust\u00edn Moreno. In reality composed&hellip;<\/p>\n","protected":false},"author":1,"featured_media":0,"parent":7357,"menu_order":0,"comment_status":"closed","ping_status":"closed","template":"","meta":{"footnotes":""},"class_list":["post-6556","page","type-page","status-publish","hentry"],"_links":{"self":[{"href":"https:\/\/digitalhistory.unite.it\/en\/wp-json\/wp\/v2\/pages\/6556","targetHints":{"allow":["GET"]}}],"collection":[{"href":"https:\/\/digitalhistory.unite.it\/en\/wp-json\/wp\/v2\/pages"}],"about":[{"href":"https:\/\/digitalhistory.unite.it\/en\/wp-json\/wp\/v2\/types\/page"}],"author":[{"embeddable":true,"href":"https:\/\/digitalhistory.unite.it\/en\/wp-json\/wp\/v2\/users\/1"}],"replies":[{"embeddable":true,"href":"https:\/\/digitalhistory.unite.it\/en\/wp-json\/wp\/v2\/comments?post=6556"}],"version-history":[{"count":2,"href":"https:\/\/digitalhistory.unite.it\/en\/wp-json\/wp\/v2\/pages\/6556\/revisions"}],"predecessor-version":[{"id":11782,"href":"https:\/\/digitalhistory.unite.it\/en\/wp-json\/wp\/v2\/pages\/6556\/revisions\/11782"}],"up":[{"embeddable":true,"href":"https:\/\/digitalhistory.unite.it\/en\/wp-json\/wp\/v2\/pages\/7357"}],"wp:attachment":[{"href":"https:\/\/digitalhistory.unite.it\/en\/wp-json\/wp\/v2\/media?parent=6556"}],"curies":[{"name":"wp","href":"https:\/\/api.w.org\/{rel}","templated":true}]}}