{"id":6576,"date":"2021-08-20T00:03:42","date_gmt":"2021-08-19T22:03:42","guid":{"rendered":"https:\/\/digitalhistory.unite.it\/the-holy-week-of-murcia\/"},"modified":"2021-11-23T15:28:31","modified_gmt":"2021-11-23T14:28:31","slug":"the-holy-week-of-murcia","status":"publish","type":"page","link":"https:\/\/digitalhistory.unite.it\/en\/themes\/festivals\/the-holy-week-of-murcia\/","title":{"rendered":"The Holy Week of Murcia"},"content":{"rendered":"<h1>The Holy Week of Murcia <\/h1>\n<div class=\"testo\">\n<p style=\"text-align: justify\"><img loading=\"lazy\" decoding=\"async\" src=\"https:\/\/digitalhistory.unite.it\/wp-content\/uploads\/2021\/08\/cristodelamisericordiademurcia_252x378.jpg\" width=\"252\" height=\"378\" alt=\"Murcia\" align=\"left\">Holy Week in <a href=\"\/en\/territories\/regional-routes\/arabic-history-and-baroque-taste\/murcia\/the-history-of-the-city-of-murcia-between-the-middle-ages-and-the-early-modern-period\/\" title=\"The history of the city of Murcia between the Middle Ages and the Early Modern Period\"> Murcia<\/a> is a true Baroque spectacle. Between Good Friday (<em>Viernes de Dolores<\/em>), the preceding Palm Sunday and Easter Sunday (<em>Domingo de Resurrecci\u00f3n<\/em>), the <a href=\"#\" class=\"tooltip yellow-tooltip\">fifteen town confraternities<span>Since the moment when almost all of the <em>Cofrad\u00edas<\/em> of Murcia transported more than a simulacrum in procession, the brothers have been divided into <em>Hermandades<\/em> (Brotherhoods), which carry their respective <em>pasos<\/em>. The <em>Real, Muy Ilustre, Venerable y Antiqu\u00edsima Archicofrad\u00eda Precios\u00edsima de la Sangre de Nuestro Se\u00f1or Jes\u00fas Cristo<\/em> (Royal, Most Illustrious, Venerable and Ancient Archconfraternity of the Precious Blood of Our Lord Jesus Christ), better known as the Brotherhood of <em>Los Coloaros<\/em>, established in 1411, owns 14 of them and is divided into the same number of <em>Hermandades<\/em> (comprised of 3,500 brothers).<\/span><\/a> (<em>Cofrad\u00edas<\/em>) organize sixteen processions. In those days, thousands of brothers file out in penance (the <em>Nazarenos<\/em>) and carry on their shoulders (the <em>Estantes<\/em>) the beautiful pageants of Holy Week. There are nearly a hundred wooden simulacra which are finely decorated, many of which are the work of the famous Baroque sculptor of Italian descent Francisco Salzillo (1707-1783). These effigies are called <em>pasos<\/em>, the name by which the Spaniards indicate the groups of statues depicting the most memorable scenes of the Passion of Jesus and the individual statues depicting the figures of Christ and the Virgin Mary. The Good Friday Procession is also called <a href=\"#\" class=\"tooltip yellow-tooltip\"><em>de los Salzillos<\/em><span>The Good Friday processions in Murcia were held quarterly. The most famous is the one organized by the <em>Real y Muy Ilustre Cofrad\u00eda de Nuestro Padre Jes\u00fas Nazareno<\/em> (Royal and Most Illustrious Confraternity of Our Father Jesus the Nazarene), better known as the <em>de los Salzillos<\/em> procession, named after the Italian-born sculptor of Murcia Francisco Salzillo (1707-1783). Francisco Salzillo was the author of eight of the nine <em>pasos<\/em> carried in procession by the brothers of Jesus the Nazarene, excluding the seventeenth-century image which bears the same name.<\/span><\/a>, since almost all of the pageants that parade in it were made by the sculptor of that name (masterpieces now kept in a special museum dedicated to him). On the website <a href=\"http:\/\/www.regmurcia.com\">http:\/\/www.regmurcia.com<\/a> there are photos and videos of the entire Holy Week of Murcia, a full list of the <a href=\"\/en\/themes\/festivals\/brotherhoods-of-the-holy-week\/\" title=\"Brotherhoods of the Holy Week\">confraternities<\/a>, the description of the <em>pasos<\/em> and processions. The duration of the parades, the huge number of the members involved and the antiquity of Murcia&#8217;s <em>pasos<\/em> make it one of the most beautiful and intense Holy Weeks in the world, like those that take place in other locations in Spain such as <a href=\"\/en\/themes\/festivals\/the-holy-week-of-malaga\/\" title=\"The Holy Week of Malaga\">Malaga<\/a> and <a href=\"\/en\/themes\/festivals\/the-holy-week-of-seville\/\" title=\"The Holy Week of Seville\">Seville<\/a>. In 2011, the Holy Week of Murcia was declared by the Spanish government to be of International Tourist Interest.<\/p>\n<p><a href=\"\/en\/themes\/festivals\/santo-entierro-of-tarragona\/\" title=\"Santo Entierro of Tarragona\">&lt;&lt;&lt;&#8212;previous page<\/a> &nbsp; <a href=\"\/en\/themes\/festivals\/the-holy-week-of-zaragoza\/\" title=\"The Holy Week of Zaragoza\">next page&#8212;&gt;&gt;&gt;<\/a><\/p>\n<\/p><\/div>\n<p><\/p>\n","protected":false},"excerpt":{"rendered":"<p>The Holy Week of Murcia Holy Week in Murcia is a true Baroque spectacle. Between Good Friday (Viernes de Dolores), the preceding Palm Sunday and Easter Sunday (Domingo de Resurrecci\u00f3n), the fifteen town confraternitiesSince the moment when almost all of the Cofrad\u00edas of Murcia transported&hellip;<\/p>\n","protected":false},"author":1,"featured_media":0,"parent":5900,"menu_order":0,"comment_status":"closed","ping_status":"closed","template":"","meta":{"footnotes":""},"class_list":["post-6576","page","type-page","status-publish","hentry"],"_links":{"self":[{"href":"https:\/\/digitalhistory.unite.it\/en\/wp-json\/wp\/v2\/pages\/6576","targetHints":{"allow":["GET"]}}],"collection":[{"href":"https:\/\/digitalhistory.unite.it\/en\/wp-json\/wp\/v2\/pages"}],"about":[{"href":"https:\/\/digitalhistory.unite.it\/en\/wp-json\/wp\/v2\/types\/page"}],"author":[{"embeddable":true,"href":"https:\/\/digitalhistory.unite.it\/en\/wp-json\/wp\/v2\/users\/1"}],"replies":[{"embeddable":true,"href":"https:\/\/digitalhistory.unite.it\/en\/wp-json\/wp\/v2\/comments?post=6576"}],"version-history":[{"count":2,"href":"https:\/\/digitalhistory.unite.it\/en\/wp-json\/wp\/v2\/pages\/6576\/revisions"}],"predecessor-version":[{"id":11714,"href":"https:\/\/digitalhistory.unite.it\/en\/wp-json\/wp\/v2\/pages\/6576\/revisions\/11714"}],"up":[{"embeddable":true,"href":"https:\/\/digitalhistory.unite.it\/en\/wp-json\/wp\/v2\/pages\/5900"}],"wp:attachment":[{"href":"https:\/\/digitalhistory.unite.it\/en\/wp-json\/wp\/v2\/media?parent=6576"}],"curies":[{"name":"wp","href":"https:\/\/api.w.org\/{rel}","templated":true}]}}