{"id":6577,"date":"2021-08-20T00:03:42","date_gmt":"2021-08-19T22:03:42","guid":{"rendered":"https:\/\/digitalhistory.unite.it\/the-holy-week-of-zaragoza\/"},"modified":"2021-11-23T15:28:32","modified_gmt":"2021-11-23T14:28:32","slug":"the-holy-week-of-zaragoza","status":"publish","type":"page","link":"https:\/\/digitalhistory.unite.it\/en\/themes\/festivals\/the-holy-week-of-zaragoza\/","title":{"rendered":"The Holy Week of Zaragoza"},"content":{"rendered":"<h1>The Holy Week of Zaragoza <\/h1>\n<div class=\"testo\">\n<p style=\"text-align: justify\"><a href=\"#\" class=\"tooltip yellow-tooltip\">Holy Week in Zaragoza<span>The processions, confraternities and <em>pasos<\/em> of <em>Semana Santa<\/em> in Zaragoza are described in detail on the site http:\/\/www.zaragoza.es\/ciudad\/turismo\/es\/semanasanta. Each association has its own web page with historical information and current news.<\/span><\/a> brings together 24 <a href=\"\/en\/themes\/festivals\/brotherhoods-of-the-holy-week\/\" title=\"Brotherhoods of the Holy Week\">confraternities<\/a>. The coordination of the shows is entrusted to the <em>Junta Coordinadora de Cofrad\u00edas de la Semana Santa de Zaragoza<\/em> (the Coordinating Body of the Confraternities of Holy Week of Zaragoza), founded in 1948. Each <em>Cofrad\u00eda<\/em> carries at least one <em>paso<\/em> in procession: a term which in Spanish stands for the wooded pageant which depicts a scene from the Passion of Jesus. Some associations have two groups of statues dedicated to Christ and a pageant dedicated to the Virgin of Sorrows. This is the case of the <em>Real Cofrad\u00eda del Prendimiento del Se\u00f1or y el Dolor de la Madre de Dios<\/em>, which has two <em>pasos<\/em> dedicated to the Arrest of Christ in the Garden of Olives, and one depicting the Virgin Mary.<\/p>\n<p style=\"text-align: justify\">The oldest confraternity of <a href=\"\/en\/themes\/churches\/basica-de-nuestra-senora-del-pilar\/zaragoza\/\" title=\"Zaragoza\">Zaragoza<\/a> is the <em>Muy Ilustre, Antiqu\u00edsima y Real Hermandad de la Precios\u00edsima Sangre de Nuestro Se\u00f1or Jesucristo y Madre de Dios de Misericordia<\/em> (Most Holy, Ancient and Royal Brotherhood of the Precious Blood of Our Lord Jesus Christ and the Mother of God of Mercy), which, during the Good Friday procession, brings out the <em>paso<\/em> of the Burial of Jesus. This is the last act of the <em>Via Crucis<\/em> on Good Friday (called precisely the <em>Santo Entierro<\/em>, the Holy Burial), in which, step by step, with the help of statuary groups, the <a href=\"\/en\/themes\/festivals\/misteri\/\" title=\"Misteri\">Mysteries<\/a> of the Passion, Death and Resurrection of Christ are recounted. The&nbsp;<em>Hermandad de la Sangre de Cristo<\/em> (the Brotherhood of the Blood of Christ) has staged this procession since the first centuries of the Early Modern age. The <em>pasos<\/em> of the confraternity date back to the late eighteenth century. The organization of the <em><a href=\"\/en\/themes\/festivals\/the-holy-week-of-zaragoza\/the-procession-of-the-santo-entierro-in-zaragoza\/\" title=\"The Procession of the Santo Entierro in Zaragoza\">Santo Entierro<\/a><\/em> was the cause of dispute between the confraternity and the <em>Venerable Orden Tercera de San Francisco de As\u00eds<\/em> (Venerable Third Order of Saint Francis of Assisi), which also boasted a tradition of Easter processional rituals. This dispute regarding Good Friday, was resolved in favor of the confraternity in 1827. During the nineteenth century, the association commissioned the construction of other statuary groups. In the early twentieth century, however, there was renewal of the old <em>pasos<\/em> and the construction of new ones. During the years of the Second Republic and the Civil War (1936-1939), the procession was interrupted for a few years and the <em>pasos<\/em> risked ending up destroyed in a fire. Since 1935, however, Holy Week in Zaragoza underwent two major changes: the <em>pasos<\/em> were fitted with wheels for easy transport; more than twenty confraternities were set up, who took care of one of the old <em>pasos<\/em> of the old <em>Hermandad<\/em> or adopted new ones. Zaragoza&#8217;s <em>Semana Santa<\/em> has been declared an event of National Touristic Interest.<\/p>\n<p><a href=\"\/en\/themes\/festivals\/the-holy-week-of-murcia\/\" title=\"The Holy Week of Murcia\">&lt;&lt;&lt;&#8212;previous page<\/a> &nbsp; <a href=\"\/en\/themes\/festivals\/\" title=\"Festivals\">back to index&#8212;&gt;&gt;&gt;<\/a><\/p>\n<\/p><\/div>\n<p><\/p>\n","protected":false},"excerpt":{"rendered":"<p>The Holy Week of Zaragoza Holy Week in ZaragozaThe processions, confraternities and pasos of Semana Santa in Zaragoza are described in detail on the site http:\/\/www.zaragoza.es\/ciudad\/turismo\/es\/semanasanta. Each association has its own web page with historical information and current news. brings together 24 confraternities. The coordination&hellip;<\/p>\n","protected":false},"author":1,"featured_media":0,"parent":5900,"menu_order":0,"comment_status":"closed","ping_status":"closed","template":"","meta":{"footnotes":""},"class_list":["post-6577","page","type-page","status-publish","hentry"],"_links":{"self":[{"href":"https:\/\/digitalhistory.unite.it\/en\/wp-json\/wp\/v2\/pages\/6577","targetHints":{"allow":["GET"]}}],"collection":[{"href":"https:\/\/digitalhistory.unite.it\/en\/wp-json\/wp\/v2\/pages"}],"about":[{"href":"https:\/\/digitalhistory.unite.it\/en\/wp-json\/wp\/v2\/types\/page"}],"author":[{"embeddable":true,"href":"https:\/\/digitalhistory.unite.it\/en\/wp-json\/wp\/v2\/users\/1"}],"replies":[{"embeddable":true,"href":"https:\/\/digitalhistory.unite.it\/en\/wp-json\/wp\/v2\/comments?post=6577"}],"version-history":[{"count":2,"href":"https:\/\/digitalhistory.unite.it\/en\/wp-json\/wp\/v2\/pages\/6577\/revisions"}],"predecessor-version":[{"id":11726,"href":"https:\/\/digitalhistory.unite.it\/en\/wp-json\/wp\/v2\/pages\/6577\/revisions\/11726"}],"up":[{"embeddable":true,"href":"https:\/\/digitalhistory.unite.it\/en\/wp-json\/wp\/v2\/pages\/5900"}],"wp:attachment":[{"href":"https:\/\/digitalhistory.unite.it\/en\/wp-json\/wp\/v2\/media?parent=6577"}],"curies":[{"name":"wp","href":"https:\/\/api.w.org\/{rel}","templated":true}]}}