{"id":6608,"date":"2021-08-20T00:03:43","date_gmt":"2021-08-19T22:03:43","guid":{"rendered":"https:\/\/digitalhistory.unite.it\/almansa\/"},"modified":"2021-11-23T15:28:23","modified_gmt":"2021-11-23T14:28:23","slug":"almansa","status":"publish","type":"page","link":"https:\/\/digitalhistory.unite.it\/en\/themes\/festivals\/almansa\/","title":{"rendered":"The Feast of Moors and Christians of Almansa (Castile-La Mancha)"},"content":{"rendered":"<h1>The Feast of Moors and Christians of Almansa (Castile-La Mancha) <\/h1>\n<div class=\"testo\">\n<p style=\"text-align: justify\"><span><img loading=\"lazy\" decoding=\"async\" src=\"https:\/\/digitalhistory.unite.it\/wp-content\/uploads\/2021\/08\/castilloalmansa4__fileminimizer__253x190.jpg\" width=\"253\" height=\"190\" alt=\"Castello Almansa\" align=\"left\">Almansa is a Spanish town in the autonomous community of Castile-La Mancha. The parade of Moors and Christians takes place during the festivities in honour of the patron, <em>Mar\u00eda Sant\u00edsima de Bel\u00e9n<\/em>, Blessed Mary of Bethlehem, for whom a fine Baroque sanctuary was erected. The festival, recently declared of national touristic Interest, recalls the period of the &#8220;Conquest&#8221; of the Arab peninsula and Christian <em>Reconquista<\/em> from a Catholic perspective. The <em>Fiesta Mayor of Almansa<\/em> is organized by the <em>Agrupaci<\/em>\u00f3<\/span>n de comparsas de Moros y Cristianos (the organization of troupes of Moors and Christians). Although its origins are quite recent, the parade in Almansa is one of the most striking examples of this tradition. It is a grand theatrical performance that takes place around an enchanting medieval castle, built in the fourteenth century on the site of an earlier Muslim building. The ceremony begins on 1 May with the triumphal entry of the Moors and ends five days later with the <em>Procesi\u00f3n Mayor de Nuestra Se\u00f1ora de Bel\u00e9n<\/em>. On the night of 2 May the first battle that culminated with the occupation of the city by the Arabs is staged. The next two days are dedicated to the rescue of the Christians, that on 4 May stormed the fortress. The crucial steps of the festival are reconstructed to the smallest details, through the use of characters, clothes and weapons commonly associated with the epic of the <em>Reconquista<\/em>.<\/p>\n<p style=\"text-align: justify\"><a href=\"\/en\/themes\/festivals\/festivals-of-moors-and-christians-in-spain\/\" title=\"Festivals of Moors and Christians in Spain\">&lt;&lt;&lt;&#8212;previous page<\/a> &nbsp; <a href=\"\/en\/themes\/festivals\/alcoy-orihuela-and-villajoyosa\/\" title=\"Alcoy, Orihuela and Villajoyosa\">next page&#8212;&gt;&gt;&gt;<\/a><\/p>\n<\/p><\/div>\n<p><\/p>\n","protected":false},"excerpt":{"rendered":"<p>The Feast of Moors and Christians of Almansa (Castile-La Mancha) Almansa is a Spanish town in the autonomous community of Castile-La Mancha. The parade of Moors and Christians takes place during the festivities in honour of the patron, Mar\u00eda Sant\u00edsima de Bel\u00e9n, Blessed Mary of&hellip;<\/p>\n","protected":false},"author":1,"featured_media":0,"parent":5900,"menu_order":0,"comment_status":"closed","ping_status":"closed","template":"","meta":{"footnotes":""},"class_list":["post-6608","page","type-page","status-publish","hentry"],"_links":{"self":[{"href":"https:\/\/digitalhistory.unite.it\/en\/wp-json\/wp\/v2\/pages\/6608","targetHints":{"allow":["GET"]}}],"collection":[{"href":"https:\/\/digitalhistory.unite.it\/en\/wp-json\/wp\/v2\/pages"}],"about":[{"href":"https:\/\/digitalhistory.unite.it\/en\/wp-json\/wp\/v2\/types\/page"}],"author":[{"embeddable":true,"href":"https:\/\/digitalhistory.unite.it\/en\/wp-json\/wp\/v2\/users\/1"}],"replies":[{"embeddable":true,"href":"https:\/\/digitalhistory.unite.it\/en\/wp-json\/wp\/v2\/comments?post=6608"}],"version-history":[{"count":2,"href":"https:\/\/digitalhistory.unite.it\/en\/wp-json\/wp\/v2\/pages\/6608\/revisions"}],"predecessor-version":[{"id":11618,"href":"https:\/\/digitalhistory.unite.it\/en\/wp-json\/wp\/v2\/pages\/6608\/revisions\/11618"}],"up":[{"embeddable":true,"href":"https:\/\/digitalhistory.unite.it\/en\/wp-json\/wp\/v2\/pages\/5900"}],"wp:attachment":[{"href":"https:\/\/digitalhistory.unite.it\/en\/wp-json\/wp\/v2\/media?parent=6608"}],"curies":[{"name":"wp","href":"https:\/\/api.w.org\/{rel}","templated":true}]}}