{"id":6802,"date":"2021-08-19T22:04:01","date_gmt":"2021-08-19T20:04:01","guid":{"rendered":"https:\/\/digitalhistory.unite.it\/palermo\/"},"modified":"2021-11-23T15:36:55","modified_gmt":"2021-11-23T14:36:55","slug":"palermo","status":"publish","type":"page","link":"https:\/\/digitalhistory.unite.it\/en\/temi\/feste-e-rituali\/i-misteri\/palermo\/","title":{"rendered":"Palermo"},"content":{"rendered":"<h1>Palermo <\/h1>\n<div class=\"testo\">\n<p style=\"text-align: justify\"><img loading=\"lazy\" decoding=\"async\" src=\"https:\/\/digitalhistory.unite.it\/wp-content\/uploads\/2021\/08\/palermo_253x190.jpg\" width=\"253\" height=\"190\" alt=\"Palermo generico\" align=\"left\">A partire dal Cinquecento, Palermo visse un progressivo infittimento della sua struttura urbana, dovuto a pi\u00f9 fattori: il robusto incremento demografico (nel 1625 sfior\u00f2 i 130.000 abitanti), l&#8217;inurbamento del baronaggio e l&#8217;edilizia sacra. La citt\u00e0, al contempo, continu\u00f2 ad essere afflitta dal degrado igienico-sanitario e dalle epidemie (tre ondate di peste tra fine Cinquecento e inizio Seicento), dalla criminalit\u00e0 e dal problema dell&#8217;approvvigionamento. Nel XVII secolo Palermo offriva allo sguardo del visitatore una sontuosa architettura e la possibilit\u00e0 di partecipare alle sue suggestive feste religiose improntate al gusto barocco (nel 1624 si afferm\u00f2 il culto di Santa Rosalia, a cui i fedeli associavano la liberazione della citt\u00e0 dalla peste). Tale dinamicit\u00e0 era motivo di attrazione per molti forestieri, soprattutto per i tanti mercanti genovesi e lombardi accolti in quegli anni tra le mura cittadine. Tra Cinque e Seicento Palermo rinunci\u00f2 ai suoi privilegi di autogoverno per ospitare la corte del Vicer\u00e9 spagnolo (da qui il suo motto: <em>Palermo, vaso d&#8217;oro, divora i suoi e nutre gli estranei<\/em>) e imporre sulla rivale Messina il proprio ruolo di capitale dell&#8217;Isola. Non fu, tuttavia, sempre cos\u00ec. Palermo, infatti, partecip\u00f2 all&#8217;ondata rivoluzionaria di met\u00e0 secolo: la rivolta, scoppiata nel 1647, aveva per tema il cambiamento della politica fiscale e il rispetto delle prerogative del regno di Sicilia.<\/p>\n<\/div>\n<p><\/p>\n","protected":false},"excerpt":{"rendered":"<p>Palermo A partire dal Cinquecento, Palermo visse un progressivo infittimento della sua struttura urbana, dovuto a pi\u00f9 fattori: il robusto incremento demografico (nel 1625 sfior\u00f2 i 130.000 abitanti), l&#8217;inurbamento del baronaggio e l&#8217;edilizia sacra. La citt\u00e0, al contempo, continu\u00f2 ad essere afflitta dal degrado igienico-sanitario&hellip;<\/p>\n","protected":false},"author":1,"featured_media":0,"parent":6195,"menu_order":0,"comment_status":"closed","ping_status":"closed","template":"","meta":{"footnotes":""},"class_list":["post-6802","page","type-page","status-publish","hentry"],"_links":{"self":[{"href":"https:\/\/digitalhistory.unite.it\/en\/wp-json\/wp\/v2\/pages\/6802","targetHints":{"allow":["GET"]}}],"collection":[{"href":"https:\/\/digitalhistory.unite.it\/en\/wp-json\/wp\/v2\/pages"}],"about":[{"href":"https:\/\/digitalhistory.unite.it\/en\/wp-json\/wp\/v2\/types\/page"}],"author":[{"embeddable":true,"href":"https:\/\/digitalhistory.unite.it\/en\/wp-json\/wp\/v2\/users\/1"}],"replies":[{"embeddable":true,"href":"https:\/\/digitalhistory.unite.it\/en\/wp-json\/wp\/v2\/comments?post=6802"}],"version-history":[{"count":3,"href":"https:\/\/digitalhistory.unite.it\/en\/wp-json\/wp\/v2\/pages\/6802\/revisions"}],"predecessor-version":[{"id":10520,"href":"https:\/\/digitalhistory.unite.it\/en\/wp-json\/wp\/v2\/pages\/6802\/revisions\/10520"}],"up":[{"embeddable":true,"href":"https:\/\/digitalhistory.unite.it\/en\/wp-json\/wp\/v2\/pages\/6195"}],"wp:attachment":[{"href":"https:\/\/digitalhistory.unite.it\/en\/wp-json\/wp\/v2\/media?parent=6802"}],"curies":[{"name":"wp","href":"https:\/\/api.w.org\/{rel}","templated":true}]}}