{"id":6868,"date":"2021-08-20T00:04:05","date_gmt":"2021-08-19T22:04:05","guid":{"rendered":"https:\/\/digitalhistory.unite.it\/siracusa\/"},"modified":"2021-11-23T17:44:55","modified_gmt":"2021-11-23T16:44:55","slug":"siracusa","status":"publish","type":"page","link":"https:\/\/digitalhistory.unite.it\/en\/territori\/percorsi-regionali\/guerra-di-santi\/prima-pagina\/siracusa\/","title":{"rendered":"Siracusa"},"content":{"rendered":"<h1>Siracusa <\/h1>\n<div class=\"testo\">\n<p style=\"text-align: justify\"><img loading=\"lazy\" decoding=\"async\" src=\"https:\/\/digitalhistory.unite.it\/wp-content\/uploads\/2021\/08\/duomo_siracusa_227x340.jpg\" width=\"227\" height=\"340\" alt=\"Siracusa\" align=\"left\">La regione dove sorge l&#8217;attuale Siracusa venne abitata da vari popoli sin dall&#8217;era preistorica. I primi Greci, provenienti da Corinto, arrivarono nell&#8217;VIII secolo a.C. e in breve diedero vita a un citt\u00e0 grande, fiorente e potente. Fino alla conquista romana, nel III secolo a.C., Siracusa pass\u00f2 per vari governi tirannici e momentanei regimi democratici, diventando un punto di riferimento per scrittori, poeti, tragici e filosofi. Fu alleata di Sparta nella Guerra del Peloponneso. Platone progett\u00f2 di fondare proprio a Siracusa la sua Repubblica ideale. Il matematico e inventore Archimede, nativo di Siracusa, mor\u00ec durante l&#8217;assedio dei Romani nel 212 a.C. La citt\u00e0 perse gran parte del suo potere e del suo prestigio durante il lungo dominio romano (III secolo a.C.- V secolo d.C), ma si impose come uno dei primissimi centri di diffusione della religione cristiana in Occidente. Dopo la caduta dell&#8217;Impero romano, Siracusa pass\u00f2, come tutta la Sicilia, sotto varie dominazioni in et\u00e0 medievale e moderna: Vandali, Ostrogoti, Bizantini, Arabi, Normanni, Svevi, Angioini, Aragonesi e Spagnoli. Nel 1693, in seguito al disastroso terremoto che colp\u00ec gravemente la Sicilia sud-orientale, la citt\u00e0 fu ricostruita secondo uno stile barocco che tuttora contraddistingue il suo centro storico. Dopo le brevi parentesi dei Savoia e degli Austriaci, Siracusa e la Sicilia passarono sotto il controllo dei Borbone a partire dal 1734. (foto: Duomo di Siracusa, ristrutturato in stile barocco dopo il terremoto del 1693)<\/p>\n<p style=\"text-align: justify\">Per saperne di pi\u00f9:<\/p>\n<ul>\n<li style=\"text-align: justify\">F.F. Gallo, <em>Siracusa barocca. Politica e cultura nell&#8217;et\u00e0 spagnola (secoli XVI-XVII)<\/em>, Roma 2008.<\/li>\n<\/ul>\n<\/div>\n<p><\/p>\n","protected":false},"excerpt":{"rendered":"<p>Siracusa La regione dove sorge l&#8217;attuale Siracusa venne abitata da vari popoli sin dall&#8217;era preistorica. I primi Greci, provenienti da Corinto, arrivarono nell&#8217;VIII secolo a.C. e in breve diedero vita a un citt\u00e0 grande, fiorente e potente. Fino alla conquista romana, nel III secolo a.C.,&hellip;<\/p>\n","protected":false},"author":1,"featured_media":0,"parent":6047,"menu_order":0,"comment_status":"closed","ping_status":"closed","template":"","meta":{"footnotes":""},"class_list":["post-6868","page","type-page","status-publish","hentry"],"_links":{"self":[{"href":"https:\/\/digitalhistory.unite.it\/en\/wp-json\/wp\/v2\/pages\/6868","targetHints":{"allow":["GET"]}}],"collection":[{"href":"https:\/\/digitalhistory.unite.it\/en\/wp-json\/wp\/v2\/pages"}],"about":[{"href":"https:\/\/digitalhistory.unite.it\/en\/wp-json\/wp\/v2\/types\/page"}],"author":[{"embeddable":true,"href":"https:\/\/digitalhistory.unite.it\/en\/wp-json\/wp\/v2\/users\/1"}],"replies":[{"embeddable":true,"href":"https:\/\/digitalhistory.unite.it\/en\/wp-json\/wp\/v2\/comments?post=6868"}],"version-history":[{"count":3,"href":"https:\/\/digitalhistory.unite.it\/en\/wp-json\/wp\/v2\/pages\/6868\/revisions"}],"predecessor-version":[{"id":10701,"href":"https:\/\/digitalhistory.unite.it\/en\/wp-json\/wp\/v2\/pages\/6868\/revisions\/10701"}],"up":[{"embeddable":true,"href":"https:\/\/digitalhistory.unite.it\/en\/wp-json\/wp\/v2\/pages\/6047"}],"wp:attachment":[{"href":"https:\/\/digitalhistory.unite.it\/en\/wp-json\/wp\/v2\/media?parent=6868"}],"curies":[{"name":"wp","href":"https:\/\/api.w.org\/{rel}","templated":true}]}}