{"id":6869,"date":"2021-08-20T00:04:05","date_gmt":"2021-08-19T22:04:05","guid":{"rendered":"https:\/\/digitalhistory.unite.it\/ragusa\/"},"modified":"2021-11-23T17:44:55","modified_gmt":"2021-11-23T16:44:55","slug":"ragusa","status":"publish","type":"page","link":"https:\/\/digitalhistory.unite.it\/en\/territori\/percorsi-regionali\/sicilia-sud-orientale\/modica\/ragusa\/","title":{"rendered":"Ragusa"},"content":{"rendered":"<h1>Ragusa <\/h1>\n<div class=\"testo\">\n<p style=\"text-align: justify\"><span><img loading=\"lazy\" decoding=\"async\" src=\"https:\/\/digitalhistory.unite.it\/wp-content\/uploads\/2021\/08\/ragusa_ibla__notte__250x167.jpg\" width=\"250\" height=\"167\" alt=\"Ragusa\" align=\"left\">Ragusa \u00e8 uno dei capoluoghi di provincia della Sicilia ed uno dei centri storicamente pi\u00f9 importanti dell&#8217;Isola. Se il nome &#8220;Ragusa&#8221; ha origini bizantine, la citt\u00e0 ha tuttavia radici antichissime e sorge su un territorio dove la presenza umana \u00e8 attestata sin dal Neolitico. Pass\u00f2, come tutta la Sicilia, sotto varie dominazioni. Nel 1296 la contea di Ragusa si fuse con la contea di Modica nella persona di Manfredi I Chiaramonte, dando cos\u00ec vita ad uno degli Stati feudali pi\u00f9 importanti dell&#8217;intero Meridione d&#8217;Italia. Come per molti altri centri della Sicilia sud-orientale, un evento spartiacque nella storia di Ragusa fu il disastroso terremoto del 1693, che distrusse quasi interamente la citt\u00e0 causando pi\u00f9 di 5.000 vittime. La ricostruzione successiva dot\u00f2 Ragusa del suo attuale, straordinario patrimonio artistico, dividendola inoltre in due grandi quartieri: Ragusa superiore, situata pi\u00f9 in alto, e Ragusa Ibla, ricostruita sui resti dell&#8217;antica citt\u00e0 di stampo medievale. \u00c8 unanimemente considerata una delle citt\u00e0 simbolo dell&#8217;arte barocca in Italia.<\/span><\/p>\n<\/div>\n<p><\/p>\n","protected":false},"excerpt":{"rendered":"<p>Ragusa Ragusa \u00e8 uno dei capoluoghi di provincia della Sicilia ed uno dei centri storicamente pi\u00f9 importanti dell&#8217;Isola. Se il nome &#8220;Ragusa&#8221; ha origini bizantine, la citt\u00e0 ha tuttavia radici antichissime e sorge su un territorio dove la presenza umana \u00e8 attestata sin dal Neolitico.&hellip;<\/p>\n","protected":false},"author":1,"featured_media":0,"parent":5978,"menu_order":0,"comment_status":"closed","ping_status":"closed","template":"","meta":{"footnotes":""},"class_list":["post-6869","page","type-page","status-publish","hentry"],"_links":{"self":[{"href":"https:\/\/digitalhistory.unite.it\/en\/wp-json\/wp\/v2\/pages\/6869","targetHints":{"allow":["GET"]}}],"collection":[{"href":"https:\/\/digitalhistory.unite.it\/en\/wp-json\/wp\/v2\/pages"}],"about":[{"href":"https:\/\/digitalhistory.unite.it\/en\/wp-json\/wp\/v2\/types\/page"}],"author":[{"embeddable":true,"href":"https:\/\/digitalhistory.unite.it\/en\/wp-json\/wp\/v2\/users\/1"}],"replies":[{"embeddable":true,"href":"https:\/\/digitalhistory.unite.it\/en\/wp-json\/wp\/v2\/comments?post=6869"}],"version-history":[{"count":3,"href":"https:\/\/digitalhistory.unite.it\/en\/wp-json\/wp\/v2\/pages\/6869\/revisions"}],"predecessor-version":[{"id":10711,"href":"https:\/\/digitalhistory.unite.it\/en\/wp-json\/wp\/v2\/pages\/6869\/revisions\/10711"}],"up":[{"embeddable":true,"href":"https:\/\/digitalhistory.unite.it\/en\/wp-json\/wp\/v2\/pages\/5978"}],"wp:attachment":[{"href":"https:\/\/digitalhistory.unite.it\/en\/wp-json\/wp\/v2\/media?parent=6869"}],"curies":[{"name":"wp","href":"https:\/\/api.w.org\/{rel}","templated":true}]}}